{"id":26909,"date":"2024-10-31T14:16:50","date_gmt":"2024-10-31T12:16:50","guid":{"rendered":"https:\/\/edyceramic-shop.ro\/?post_type=product&#038;p=26909"},"modified":"2025-08-01T13:37:32","modified_gmt":"2025-08-01T11:37:32","slug":"baterie-lavoar-cubefield-incastrata-in-perete-negru","status":"publish","type":"product","link":"https:\/\/edyceramic-shop.ro\/ro\/produs\/baterie-lavoar-cubefield-incastrata-in-perete-negru\/","title":{"rendered":"Baterie lavoar CUBEFIELD, incastrata in perete &#8211; negru"},"content":{"rendered":"<p>Bateria de lavoar CUBEFIELD negru mat reprezint\u0103 o combina\u021bie perfect\u0103 \u00eentre estetic\u0103 \u0219i func\u021bionalitate, aduc\u00e2nd o not\u0103 subtil\u0103 \u0219i modern\u0103 \u00een baia ta. Aceast\u0103 baterie, incastrat\u0103 \u00een perete, ofer\u0103 un aspect elegant \u0219i curat, perfect integr\u00e2ndu-se \u00een designul b\u0103ii tale.<\/p>\n<p>Cu o lungime a bra\u021bului de scurgere de 19.6 cm, bateria CUBEFIELD nu numai c\u0103 impresioneaz\u0103 prin aspectul s\u0103u, dar ofer\u0103 \u0219i o func\u021bionalitate superioar\u0103. Realizat\u0103 din cupru turnat, acest produs de calitate asigur\u0103 durabilitate \u0219i rezisten\u021b\u0103 sporit\u0103 \u00een timpul utiliz\u0103rii \u00eendelungate. Componentele mecanice sunt prelucrate prin procesul de sinterizare, garant\u00e2nd propriet\u0103\u021bi mecanice superioare \u0219i o construc\u021bie solid\u0103.<\/p>\n<p>Suprafa\u021ba bateriei este acoperit\u0103 cu un strat sub\u021bire de metal prin procesul de electroplacare, oferind nu doar un aspect estetic rafinat, ci \u0219i o protec\u021bie \u00eempotriva coroziunii, men\u021bin\u00e2nd astfel bateria \u00een condi\u021bii impecabile pentru o perioad\u0103 \u00eendelungat\u0103.<\/p>\n<p>Un alt aspect deosebit al acestei baterii este inser\u021bia ceramic\u0103 CITEC, care asigur\u0103 o manevrare u\u0219oar\u0103 \u0219i precis\u0103 a mecanismului de control al apei. Aceast\u0103 inser\u021bie ceramic\u0103 garanteaz\u0103 un flux uniform al apei \u0219i previne scurgerile nedorite, contribuind la o func\u021bionare f\u0103r\u0103 probleme \u0219i f\u0103r\u0103 pierderi de ap\u0103.<\/p>\n<p>Indiferent de stilul b\u0103ii tale, bateria de lavoar CUBEFIELD negru mat se integreaz\u0103 perfect, ad\u0103ug\u00e2nd un plus de elegan\u021b\u0103 \u0219i rafinament. Fiind o alegere atent\u0103, aceast\u0103 baterie nu numai c\u0103 \u00eembun\u0103t\u0103\u021be\u0219te aspectul estetic al b\u0103ii tale, dar \u0219i eficien\u021ba \u0219i confortul utiliz\u0103rii, oferindu-\u021bi o experien\u021b\u0103 pl\u0103cut\u0103 \u0219i de neuitat \u00een fiecare zi.<\/p>\n","protected":false},"excerpt":{"rendered":"<p>Bateria de lavoar CUBEFIELD negru mat reprezint\u0103 o combina\u021bie perfect\u0103 \u00eentre estetic\u0103 \u0219i func\u021bionalitate, aduc\u00e2nd o not\u0103 subtil\u0103 \u0219i modern\u0103<\/p>\n","protected":false},"featured_media":25453,"template":"","meta":[],"product_brand":[],"product_cat":[367,372],"product_tag":[],"class_list":{"0":"post-26909","1":"product","2":"type-product","3":"status-publish","4":"has-post-thumbnail","6":"product_cat-baterii-lavoar","7":"product_cat-accesorii-baie","8":"pa_fabrica-arezzo","9":"pa_material-cupru","10":"pa_montaj-incorporat-in-perete","12":"first","13":"instock","14":"shipping-taxable","15":"purchasable","16":"product-type-simple"},"yoast_head":"<!-- This site is optimized with the Yoast SEO Premium plugin v21.6 (Yoast SEO v22.1) - https:\/\/yoast.com\/wordpress\/plugins\/seo\/ -->\n<title>Baterie lavoar CUBEFIELD, incastrata in perete - negru - Edyceramic - magazin online<\/title>\n<meta name=\"robots\" content=\"index, follow, max-snippet:-1, max-image-preview:large, max-video-preview:-1\" \/>\n<link rel=\"canonical\" href=\"https:\/\/edyceramic-shop.ro\/ro\/produs\/baterie-lavoar-cubefield-incastrata-in-perete-negru\/\" \/>\n<meta property=\"og:locale\" content=\"ro_RO\" \/>\n<meta property=\"og:type\" content=\"article\" \/>\n<meta property=\"og:title\" content=\"Baterie lavoar CUBEFIELD, incastrata in perete - negru\" \/>\n<meta property=\"og:description\" content=\"Bateria de lavoar CUBEFIELD negru mat reprezint\u0103 o combina\u021bie perfect\u0103 \u00eentre estetic\u0103 \u0219i func\u021bionalitate, aduc\u00e2nd o not\u0103 subtil\u0103 \u0219i modern\u0103\" \/>\n<meta property=\"og:url\" content=\"https:\/\/edyceramic-shop.ro\/ro\/produs\/baterie-lavoar-cubefield-incastrata-in-perete-negru\/\" \/>\n<meta property=\"og:site_name\" content=\"Edyceramic - magazin online\" \/>\n<meta property=\"article:modified_time\" content=\"2025-08-01T11:37:32+00:00\" \/>\n<meta name=\"twitter:card\" content=\"summary_large_image\" \/>\n<meta name=\"twitter:label1\" content=\"Pre\u021b\" \/>\n\t<meta name=\"twitter:data1\" content=\"989,00&nbsp;lei\" \/>\n\t<meta name=\"twitter:label2\" content=\"Disponibilitate\" \/>\n\t<meta name=\"twitter:data2\" content=\"\u00cen stoc\" \/>\n<script type=\"application\/ld+json\" class=\"yoast-schema-graph\">{\"@context\":\"https:\/\/schema.org\",\"@graph\":[{\"@type\":\"WebPage\",\"@id\":\"https:\/\/edyceramic-shop.ro\/produs\/baterie-lavoar-cubefield-incastrata-in-perete-negru\/\",\"url\":\"https:\/\/edyceramic-shop.ro\/produs\/baterie-lavoar-cubefield-incastrata-in-perete-negru\/\",\"name\":\"Baterie lavoar CUBEFIELD, incastrata in perete - negru - Edyceramic - magazin online\",\"isPartOf\":{\"@id\":\"https:\/\/edyceramic-shop.ro\/ro\/#website\"},\"datePublished\":\"2024-10-31T12:16:50+00:00\",\"dateModified\":\"2025-08-01T11:37:32+00:00\",\"breadcrumb\":{\"@id\":\"https:\/\/edyceramic-shop.ro\/produs\/baterie-lavoar-cubefield-incastrata-in-perete-negru\/#breadcrumb\"},\"inLanguage\":\"ro-RO\",\"potentialAction\":[{\"@type\":\"ReadAction\",\"target\":[\"https:\/\/edyceramic-shop.ro\/produs\/baterie-lavoar-cubefield-incastrata-in-perete-negru\/\"]}]},{\"@type\":\"BreadcrumbList\",\"@id\":\"https:\/\/edyceramic-shop.ro\/produs\/baterie-lavoar-cubefield-incastrata-in-perete-negru\/#breadcrumb\",\"itemListElement\":[{\"@type\":\"ListItem\",\"position\":1,\"name\":\"Home\",\"item\":\"https:\/\/edyceramic-shop.ro\/\"},{\"@type\":\"ListItem\",\"position\":2,\"name\":\"Shop\",\"item\":\"https:\/\/edyceramic-shop.ro\/ro\/shop\/\"},{\"@type\":\"ListItem\",\"position\":3,\"name\":\"Baterie lavoar CUBEFIELD, incastrata in perete &#8211; negru\"}]},{\"@type\":\"WebSite\",\"@id\":\"https:\/\/edyceramic-shop.ro\/ro\/#website\",\"url\":\"https:\/\/edyceramic-shop.ro\/ro\/\",\"name\":\"edyceramic.ro\",\"description\":\"\",\"publisher\":{\"@id\":\"https:\/\/edyceramic-shop.ro\/ro\/#organization\"},\"potentialAction\":[{\"@type\":\"SearchAction\",\"target\":{\"@type\":\"EntryPoint\",\"urlTemplate\":\"https:\/\/edyceramic-shop.ro\/ro\/?s={search_term_string}\"},\"query-input\":\"required name=search_term_string\"}],\"inLanguage\":\"ro-RO\"},{\"@type\":\"Organization\",\"@id\":\"https:\/\/edyceramic-shop.ro\/ro\/#organization\",\"name\":\"Edyceramic\",\"url\":\"https:\/\/edyceramic-shop.ro\/ro\/\",\"logo\":{\"@type\":\"ImageObject\",\"inLanguage\":\"ro-RO\",\"@id\":\"https:\/\/edyceramic-shop.ro\/ro\/#\/schema\/logo\/image\/\",\"url\":\"https:\/\/edyceramic-shop.ro\/wp-content\/uploads\/2024\/02\/Logo-EdyCeramic_2021-lung.png\",\"contentUrl\":\"https:\/\/edyceramic-shop.ro\/wp-content\/uploads\/2024\/02\/Logo-EdyCeramic_2021-lung.png\",\"width\":4491,\"height\":769,\"caption\":\"Edyceramic\"},\"image\":{\"@id\":\"https:\/\/edyceramic-shop.ro\/ro\/#\/schema\/logo\/image\/\"}}]}<\/script>\n<meta property=\"product:price:amount\" content=\"989.00\" \/>\n<meta property=\"product:price:currency\" content=\"RON\" \/>\n<meta property=\"og:availability\" content=\"instock\" \/>\n<meta property=\"product:availability\" content=\"instock\" \/>\n<meta property=\"product:retailer_item_id\" content=\"AR-4403B\" \/>\n<meta property=\"product:condition\" content=\"new\" \/>\n<!-- \/ Yoast SEO Premium plugin. -->","yoast_head_json":{"title":"Baterie lavoar CUBEFIELD, incastrata in perete - negru - Edyceramic - magazin online","robots":{"index":"index","follow":"follow","max-snippet":"max-snippet:-1","max-image-preview":"max-image-preview:large","max-video-preview":"max-video-preview:-1"},"canonical":"https:\/\/edyceramic-shop.ro\/ro\/produs\/baterie-lavoar-cubefield-incastrata-in-perete-negru\/","og_locale":"ro_RO","og_type":"article","og_title":"Baterie lavoar CUBEFIELD, incastrata in perete - negru","og_description":"Bateria de lavoar CUBEFIELD negru mat reprezint\u0103 o combina\u021bie perfect\u0103 \u00eentre estetic\u0103 \u0219i func\u021bionalitate, aduc\u00e2nd o not\u0103 subtil\u0103 \u0219i modern\u0103","og_url":"https:\/\/edyceramic-shop.ro\/ro\/produs\/baterie-lavoar-cubefield-incastrata-in-perete-negru\/","og_site_name":"Edyceramic - magazin online","article_modified_time":"2025-08-01T11:37:32+00:00","twitter_card":"summary_large_image","twitter_misc":{"Pre\u021b":"989,00&nbsp;lei","Disponibilitate":"\u00cen stoc"},"schema":{"@context":"https:\/\/schema.org","@graph":[{"@type":"WebPage","@id":"https:\/\/edyceramic-shop.ro\/produs\/baterie-lavoar-cubefield-incastrata-in-perete-negru\/","url":"https:\/\/edyceramic-shop.ro\/produs\/baterie-lavoar-cubefield-incastrata-in-perete-negru\/","name":"Baterie lavoar CUBEFIELD, incastrata in perete - negru - Edyceramic - magazin online","isPartOf":{"@id":"https:\/\/edyceramic-shop.ro\/ro\/#website"},"datePublished":"2024-10-31T12:16:50+00:00","dateModified":"2025-08-01T11:37:32+00:00","breadcrumb":{"@id":"https:\/\/edyceramic-shop.ro\/produs\/baterie-lavoar-cubefield-incastrata-in-perete-negru\/#breadcrumb"},"inLanguage":"ro-RO","potentialAction":[{"@type":"ReadAction","target":["https:\/\/edyceramic-shop.ro\/produs\/baterie-lavoar-cubefield-incastrata-in-perete-negru\/"]}]},{"@type":"BreadcrumbList","@id":"https:\/\/edyceramic-shop.ro\/produs\/baterie-lavoar-cubefield-incastrata-in-perete-negru\/#breadcrumb","itemListElement":[{"@type":"ListItem","position":1,"name":"Home","item":"https:\/\/edyceramic-shop.ro\/"},{"@type":"ListItem","position":2,"name":"Shop","item":"https:\/\/edyceramic-shop.ro\/ro\/shop\/"},{"@type":"ListItem","position":3,"name":"Baterie lavoar CUBEFIELD, incastrata in perete &#8211; negru"}]},{"@type":"WebSite","@id":"https:\/\/edyceramic-shop.ro\/ro\/#website","url":"https:\/\/edyceramic-shop.ro\/ro\/","name":"edyceramic.ro","description":"","publisher":{"@id":"https:\/\/edyceramic-shop.ro\/ro\/#organization"},"potentialAction":[{"@type":"SearchAction","target":{"@type":"EntryPoint","urlTemplate":"https:\/\/edyceramic-shop.ro\/ro\/?s={search_term_string}"},"query-input":"required name=search_term_string"}],"inLanguage":"ro-RO"},{"@type":"Organization","@id":"https:\/\/edyceramic-shop.ro\/ro\/#organization","name":"Edyceramic","url":"https:\/\/edyceramic-shop.ro\/ro\/","logo":{"@type":"ImageObject","inLanguage":"ro-RO","@id":"https:\/\/edyceramic-shop.ro\/ro\/#\/schema\/logo\/image\/","url":"https:\/\/edyceramic-shop.ro\/wp-content\/uploads\/2024\/02\/Logo-EdyCeramic_2021-lung.png","contentUrl":"https:\/\/edyceramic-shop.ro\/wp-content\/uploads\/2024\/02\/Logo-EdyCeramic_2021-lung.png","width":4491,"height":769,"caption":"Edyceramic"},"image":{"@id":"https:\/\/edyceramic-shop.ro\/ro\/#\/schema\/logo\/image\/"}}]},"product_price_amount":"989.00","product_price_currency":"RON","og_availability":"instock","product_availability":"instock","product_retailer_item_id":"AR-4403B","product_condition":"new"},"jetpack_sharing_enabled":true,"_links":{"self":[{"href":"https:\/\/edyceramic-shop.ro\/ro\/wp-json\/wp\/v2\/product\/26909","targetHints":{"allow":["GET"]}}],"collection":[{"href":"https:\/\/edyceramic-shop.ro\/ro\/wp-json\/wp\/v2\/product"}],"about":[{"href":"https:\/\/edyceramic-shop.ro\/ro\/wp-json\/wp\/v2\/types\/product"}],"version-history":[{"count":1,"href":"https:\/\/edyceramic-shop.ro\/ro\/wp-json\/wp\/v2\/product\/26909\/revisions"}],"predecessor-version":[{"id":26956,"href":"https:\/\/edyceramic-shop.ro\/ro\/wp-json\/wp\/v2\/product\/26909\/revisions\/26956"}],"wp:featuredmedia":[{"embeddable":true,"href":"https:\/\/edyceramic-shop.ro\/ro\/wp-json\/wp\/v2\/media\/25453"}],"wp:attachment":[{"href":"https:\/\/edyceramic-shop.ro\/ro\/wp-json\/wp\/v2\/media?parent=26909"}],"wp:term":[{"taxonomy":"product_brand","embeddable":true,"href":"https:\/\/edyceramic-shop.ro\/ro\/wp-json\/wp\/v2\/product_brand?post=26909"},{"taxonomy":"product_cat","embeddable":true,"href":"https:\/\/edyceramic-shop.ro\/ro\/wp-json\/wp\/v2\/product_cat?post=26909"},{"taxonomy":"product_tag","embeddable":true,"href":"https:\/\/edyceramic-shop.ro\/ro\/wp-json\/wp\/v2\/product_tag?post=26909"}],"curies":[{"name":"wp","href":"https:\/\/api.w.org\/{rel}","templated":true}]}}