{"id":26901,"date":"2024-10-31T14:16:48","date_gmt":"2024-10-31T12:16:48","guid":{"rendered":"https:\/\/edyceramic-shop.ro\/?post_type=product&#038;p=26901"},"modified":"2025-08-01T13:37:31","modified_gmt":"2025-08-01T11:37:31","slug":"baterie-inalta-lavoar-cubefield-cu-montaj-pe-blat-negru","status":"publish","type":"product","link":"https:\/\/edyceramic-shop.ro\/ro\/produs\/baterie-inalta-lavoar-cubefield-cu-montaj-pe-blat-negru\/","title":{"rendered":"Baterie inalta lavoar CUBEFIELD, cu montaj pe blat- negru"},"content":{"rendered":"<p>Bateria CUBEFIELD \u00een negru mat reprezint\u0103 o combina\u021bie elegant\u0103 \u00eentre designul modern \u0219i func\u021bionalitatea de \u00eencredere, urm\u00e2nd cele mai recente tendin\u021be \u00een materie de design. Cu un m\u00e2ner sub\u021biat \u0219i elegant, adaug\u0103 un element distinctiv \u0219i sofisticat \u00een orice baie sau buc\u0103t\u0103rie contemporan\u0103.<\/p>\n<p>Cu o \u00een\u0103l\u021bime impun\u0103toare de 31.5 cm, aceast\u0103 baterie se monteaz\u0103 cu u\u0219urin\u021b\u0103 pe blat, oferind un aspect rafinat \u0219i spa\u021bios. Realizat\u0103 din cupru turnat, un material cunoscut pentru durabilitatea \u0219i rezisten\u021ba sa sporit\u0103, aceast\u0103 baterie promite s\u0103 reziste testului timpului \u0219i utiliz\u0103rii \u00eendelungate.<\/p>\n<p>Procesul meticulos de sinterizare utilizat pentru realizarea suprafe\u021bei componentelor mecanice confer\u0103 bateriei propriet\u0103\u021bi mecanice superioare, asigur\u00e2nd o func\u021bionare lin\u0103 \u0219i fiabil\u0103 pe termen lung. Mai mult dec\u00e2t at\u00e2t, suprafa\u021ba bateriei este acoperit\u0103 cu un strat sub\u021bire de metal prin electroplacare, nu doar pentru a \u00eembun\u0103t\u0103\u021bi estetica, ci \u0219i pentru a cre\u0219te rezisten\u021ba la coroziune, asigur\u00e2nd c\u0103 bateria va r\u0103m\u00e2ne \u00een stare perfect\u0103 \u00een timp.<\/p>\n<p>O caracteristic\u0103 remarcabil\u0103 a acestei baterii este echiparea sa cu o inser\u021bie ceramic\u0103 CITEC, care garanteaz\u0103 o manevrare u\u0219oar\u0103 \u0219i precis\u0103 a mecanismului de control al apei. Aceast\u0103 inser\u021bie ceramic\u0103 nu numai c\u0103 asigur\u0103 un flux uniform al apei, ci previne \u0219i scurgerile nedorite, oferind o func\u021bionare f\u0103r\u0103 probleme \u0219i f\u0103r\u0103 griji.<\/p>\n<p>Bateria CUBEFIELD \u00een negru mat este nu doar un element practic esen\u021bial \u00een orice baie sau buc\u0103t\u0103rie modern\u0103, ci \u0219i o pies\u0103 de design deosebit de elegant\u0103 \u0219i sofisticat\u0103, care va ad\u0103uga un plus de stil \u0219i rafinament oric\u0103rui spa\u021biu. Cu durabilitatea sa excep\u021bional\u0103 \u0219i func\u021bionalitatea de \u00eencredere, aceast\u0103 baterie reprezint\u0103 alegerea ideal\u0103 pentru cei care apreciaz\u0103 at\u00e2t aspectul estetic, c\u00e2t \u0219i performan\u021ba de calitate superioar\u0103.<\/p>\n","protected":false},"excerpt":{"rendered":"<p>Bateria CUBEFIELD \u00een negru mat reprezint\u0103 o combina\u021bie elegant\u0103 \u00eentre designul modern \u0219i func\u021bionalitatea de \u00eencredere, urm\u00e2nd cele mai recente<\/p>\n","protected":false},"featured_media":25444,"template":"","meta":[],"product_brand":[],"product_cat":[367,372],"product_tag":[],"class_list":{"0":"post-26901","1":"product","2":"type-product","3":"status-publish","4":"has-post-thumbnail","6":"product_cat-baterii-lavoar","7":"product_cat-accesorii-baie","8":"pa_fabrica-arezzo","9":"pa_material-cupru","11":"first","12":"instock","13":"downloadable","14":"shipping-taxable","15":"purchasable","16":"product-type-simple"},"yoast_head":"<!-- This site is optimized with the Yoast SEO Premium plugin v21.6 (Yoast SEO v22.1) - https:\/\/yoast.com\/wordpress\/plugins\/seo\/ -->\n<title>Baterie inalta lavoar CUBEFIELD, cu montaj pe blat- negru - Edyceramic - magazin online<\/title>\n<meta name=\"robots\" content=\"index, follow, max-snippet:-1, max-image-preview:large, max-video-preview:-1\" \/>\n<link rel=\"canonical\" href=\"https:\/\/edyceramic-shop.ro\/ro\/produs\/baterie-inalta-lavoar-cubefield-cu-montaj-pe-blat-negru\/\" \/>\n<meta property=\"og:locale\" content=\"ro_RO\" \/>\n<meta property=\"og:type\" content=\"article\" \/>\n<meta property=\"og:title\" content=\"Baterie inalta lavoar CUBEFIELD, cu montaj pe blat- negru\" \/>\n<meta property=\"og:description\" content=\"Bateria CUBEFIELD \u00een negru mat reprezint\u0103 o combina\u021bie elegant\u0103 \u00eentre designul modern \u0219i func\u021bionalitatea de \u00eencredere, urm\u00e2nd cele mai recente\" \/>\n<meta property=\"og:url\" content=\"https:\/\/edyceramic-shop.ro\/ro\/produs\/baterie-inalta-lavoar-cubefield-cu-montaj-pe-blat-negru\/\" \/>\n<meta property=\"og:site_name\" content=\"Edyceramic - magazin online\" \/>\n<meta property=\"article:modified_time\" content=\"2025-08-01T11:37:31+00:00\" \/>\n<meta name=\"twitter:card\" content=\"summary_large_image\" \/>\n<meta name=\"twitter:label1\" content=\"Pre\u021b\" \/>\n\t<meta name=\"twitter:data1\" content=\"1.000,00&nbsp;lei\" \/>\n\t<meta name=\"twitter:label2\" content=\"Disponibilitate\" \/>\n\t<meta name=\"twitter:data2\" content=\"\u00cen stoc\" \/>\n<script type=\"application\/ld+json\" class=\"yoast-schema-graph\">{\"@context\":\"https:\/\/schema.org\",\"@graph\":[{\"@type\":\"WebPage\",\"@id\":\"https:\/\/edyceramic-shop.ro\/produs\/baterie-inalta-lavoar-cubefield-cu-montaj-pe-blat-negru\/\",\"url\":\"https:\/\/edyceramic-shop.ro\/produs\/baterie-inalta-lavoar-cubefield-cu-montaj-pe-blat-negru\/\",\"name\":\"Baterie inalta lavoar CUBEFIELD, cu montaj pe blat- negru - Edyceramic - magazin online\",\"isPartOf\":{\"@id\":\"https:\/\/edyceramic-shop.ro\/ro\/#website\"},\"datePublished\":\"2024-10-31T12:16:48+00:00\",\"dateModified\":\"2025-08-01T11:37:31+00:00\",\"breadcrumb\":{\"@id\":\"https:\/\/edyceramic-shop.ro\/produs\/baterie-inalta-lavoar-cubefield-cu-montaj-pe-blat-negru\/#breadcrumb\"},\"inLanguage\":\"ro-RO\",\"potentialAction\":[{\"@type\":\"ReadAction\",\"target\":[\"https:\/\/edyceramic-shop.ro\/produs\/baterie-inalta-lavoar-cubefield-cu-montaj-pe-blat-negru\/\"]}]},{\"@type\":\"BreadcrumbList\",\"@id\":\"https:\/\/edyceramic-shop.ro\/produs\/baterie-inalta-lavoar-cubefield-cu-montaj-pe-blat-negru\/#breadcrumb\",\"itemListElement\":[{\"@type\":\"ListItem\",\"position\":1,\"name\":\"Home\",\"item\":\"https:\/\/edyceramic-shop.ro\/\"},{\"@type\":\"ListItem\",\"position\":2,\"name\":\"Shop\",\"item\":\"https:\/\/edyceramic-shop.ro\/ro\/shop\/\"},{\"@type\":\"ListItem\",\"position\":3,\"name\":\"Baterie inalta lavoar CUBEFIELD, cu montaj pe blat- negru\"}]},{\"@type\":\"WebSite\",\"@id\":\"https:\/\/edyceramic-shop.ro\/ro\/#website\",\"url\":\"https:\/\/edyceramic-shop.ro\/ro\/\",\"name\":\"edyceramic.ro\",\"description\":\"\",\"publisher\":{\"@id\":\"https:\/\/edyceramic-shop.ro\/ro\/#organization\"},\"potentialAction\":[{\"@type\":\"SearchAction\",\"target\":{\"@type\":\"EntryPoint\",\"urlTemplate\":\"https:\/\/edyceramic-shop.ro\/ro\/?s={search_term_string}\"},\"query-input\":\"required name=search_term_string\"}],\"inLanguage\":\"ro-RO\"},{\"@type\":\"Organization\",\"@id\":\"https:\/\/edyceramic-shop.ro\/ro\/#organization\",\"name\":\"Edyceramic\",\"url\":\"https:\/\/edyceramic-shop.ro\/ro\/\",\"logo\":{\"@type\":\"ImageObject\",\"inLanguage\":\"ro-RO\",\"@id\":\"https:\/\/edyceramic-shop.ro\/ro\/#\/schema\/logo\/image\/\",\"url\":\"https:\/\/edyceramic-shop.ro\/wp-content\/uploads\/2024\/02\/Logo-EdyCeramic_2021-lung.png\",\"contentUrl\":\"https:\/\/edyceramic-shop.ro\/wp-content\/uploads\/2024\/02\/Logo-EdyCeramic_2021-lung.png\",\"width\":4491,\"height\":769,\"caption\":\"Edyceramic\"},\"image\":{\"@id\":\"https:\/\/edyceramic-shop.ro\/ro\/#\/schema\/logo\/image\/\"}}]}<\/script>\n<meta property=\"product:price:amount\" content=\"1000.00\" \/>\n<meta property=\"product:price:currency\" content=\"RON\" \/>\n<meta property=\"og:availability\" content=\"instock\" \/>\n<meta property=\"product:availability\" content=\"instock\" \/>\n<meta property=\"product:retailer_item_id\" content=\"AR-4402B\" \/>\n<meta property=\"product:condition\" content=\"new\" \/>\n<!-- \/ Yoast SEO Premium plugin. -->","yoast_head_json":{"title":"Baterie inalta lavoar CUBEFIELD, cu montaj pe blat- negru - Edyceramic - magazin online","robots":{"index":"index","follow":"follow","max-snippet":"max-snippet:-1","max-image-preview":"max-image-preview:large","max-video-preview":"max-video-preview:-1"},"canonical":"https:\/\/edyceramic-shop.ro\/ro\/produs\/baterie-inalta-lavoar-cubefield-cu-montaj-pe-blat-negru\/","og_locale":"ro_RO","og_type":"article","og_title":"Baterie inalta lavoar CUBEFIELD, cu montaj pe blat- negru","og_description":"Bateria CUBEFIELD \u00een negru mat reprezint\u0103 o combina\u021bie elegant\u0103 \u00eentre designul modern \u0219i func\u021bionalitatea de \u00eencredere, urm\u00e2nd cele mai recente","og_url":"https:\/\/edyceramic-shop.ro\/ro\/produs\/baterie-inalta-lavoar-cubefield-cu-montaj-pe-blat-negru\/","og_site_name":"Edyceramic - magazin online","article_modified_time":"2025-08-01T11:37:31+00:00","twitter_card":"summary_large_image","twitter_misc":{"Pre\u021b":"1.000,00&nbsp;lei","Disponibilitate":"\u00cen stoc"},"schema":{"@context":"https:\/\/schema.org","@graph":[{"@type":"WebPage","@id":"https:\/\/edyceramic-shop.ro\/produs\/baterie-inalta-lavoar-cubefield-cu-montaj-pe-blat-negru\/","url":"https:\/\/edyceramic-shop.ro\/produs\/baterie-inalta-lavoar-cubefield-cu-montaj-pe-blat-negru\/","name":"Baterie inalta lavoar CUBEFIELD, cu montaj pe blat- negru - Edyceramic - magazin online","isPartOf":{"@id":"https:\/\/edyceramic-shop.ro\/ro\/#website"},"datePublished":"2024-10-31T12:16:48+00:00","dateModified":"2025-08-01T11:37:31+00:00","breadcrumb":{"@id":"https:\/\/edyceramic-shop.ro\/produs\/baterie-inalta-lavoar-cubefield-cu-montaj-pe-blat-negru\/#breadcrumb"},"inLanguage":"ro-RO","potentialAction":[{"@type":"ReadAction","target":["https:\/\/edyceramic-shop.ro\/produs\/baterie-inalta-lavoar-cubefield-cu-montaj-pe-blat-negru\/"]}]},{"@type":"BreadcrumbList","@id":"https:\/\/edyceramic-shop.ro\/produs\/baterie-inalta-lavoar-cubefield-cu-montaj-pe-blat-negru\/#breadcrumb","itemListElement":[{"@type":"ListItem","position":1,"name":"Home","item":"https:\/\/edyceramic-shop.ro\/"},{"@type":"ListItem","position":2,"name":"Shop","item":"https:\/\/edyceramic-shop.ro\/ro\/shop\/"},{"@type":"ListItem","position":3,"name":"Baterie inalta lavoar CUBEFIELD, cu montaj pe blat- negru"}]},{"@type":"WebSite","@id":"https:\/\/edyceramic-shop.ro\/ro\/#website","url":"https:\/\/edyceramic-shop.ro\/ro\/","name":"edyceramic.ro","description":"","publisher":{"@id":"https:\/\/edyceramic-shop.ro\/ro\/#organization"},"potentialAction":[{"@type":"SearchAction","target":{"@type":"EntryPoint","urlTemplate":"https:\/\/edyceramic-shop.ro\/ro\/?s={search_term_string}"},"query-input":"required name=search_term_string"}],"inLanguage":"ro-RO"},{"@type":"Organization","@id":"https:\/\/edyceramic-shop.ro\/ro\/#organization","name":"Edyceramic","url":"https:\/\/edyceramic-shop.ro\/ro\/","logo":{"@type":"ImageObject","inLanguage":"ro-RO","@id":"https:\/\/edyceramic-shop.ro\/ro\/#\/schema\/logo\/image\/","url":"https:\/\/edyceramic-shop.ro\/wp-content\/uploads\/2024\/02\/Logo-EdyCeramic_2021-lung.png","contentUrl":"https:\/\/edyceramic-shop.ro\/wp-content\/uploads\/2024\/02\/Logo-EdyCeramic_2021-lung.png","width":4491,"height":769,"caption":"Edyceramic"},"image":{"@id":"https:\/\/edyceramic-shop.ro\/ro\/#\/schema\/logo\/image\/"}}]},"product_price_amount":"1000.00","product_price_currency":"RON","og_availability":"instock","product_availability":"instock","product_retailer_item_id":"AR-4402B","product_condition":"new"},"jetpack_sharing_enabled":true,"_links":{"self":[{"href":"https:\/\/edyceramic-shop.ro\/ro\/wp-json\/wp\/v2\/product\/26901","targetHints":{"allow":["GET"]}}],"collection":[{"href":"https:\/\/edyceramic-shop.ro\/ro\/wp-json\/wp\/v2\/product"}],"about":[{"href":"https:\/\/edyceramic-shop.ro\/ro\/wp-json\/wp\/v2\/types\/product"}],"version-history":[{"count":1,"href":"https:\/\/edyceramic-shop.ro\/ro\/wp-json\/wp\/v2\/product\/26901\/revisions"}],"predecessor-version":[{"id":26954,"href":"https:\/\/edyceramic-shop.ro\/ro\/wp-json\/wp\/v2\/product\/26901\/revisions\/26954"}],"wp:featuredmedia":[{"embeddable":true,"href":"https:\/\/edyceramic-shop.ro\/ro\/wp-json\/wp\/v2\/media\/25444"}],"wp:attachment":[{"href":"https:\/\/edyceramic-shop.ro\/ro\/wp-json\/wp\/v2\/media?parent=26901"}],"wp:term":[{"taxonomy":"product_brand","embeddable":true,"href":"https:\/\/edyceramic-shop.ro\/ro\/wp-json\/wp\/v2\/product_brand?post=26901"},{"taxonomy":"product_cat","embeddable":true,"href":"https:\/\/edyceramic-shop.ro\/ro\/wp-json\/wp\/v2\/product_cat?post=26901"},{"taxonomy":"product_tag","embeddable":true,"href":"https:\/\/edyceramic-shop.ro\/ro\/wp-json\/wp\/v2\/product_tag?post=26901"}],"curies":[{"name":"wp","href":"https:\/\/api.w.org\/{rel}","templated":true}]}}