{"id":26776,"date":"2024-10-31T14:15:32","date_gmt":"2024-10-31T12:15:32","guid":{"rendered":"https:\/\/edyceramic-shop.ro\/?post_type=product&#038;p=26776"},"modified":"2025-08-01T13:37:27","modified_gmt":"2025-08-01T11:37:27","slug":"rezistenta-electrica-cu-termostat-pentru-calorifer-300w-alb","status":"publish","type":"product","link":"https:\/\/edyceramic-shop.ro\/ro\/produs\/rezistenta-electrica-cu-termostat-pentru-calorifer-300w-alb\/","title":{"rendered":"Rezisten\u021b\u0103 electric\u0103 cu termostat pentru calorifer &#8211; 300w alb"},"content":{"rendered":"<p>Rezisten\u021ba electric\u0103 de \u00eenc\u0103lzire, cu control al temperaturii, ofer\u0103 o solu\u021bie simpl\u0103 \u0219i convenabil\u0103 pentru \u00eenc\u0103lzirea b\u0103ii tale, chiar \u0219i atunci c\u00e2nd centrala termic\u0103 este inactiv\u0103 sau \u00een afara sezonului. Poate fi utilizat\u0103 \u00een paralel cu sistemul t\u0103u de \u00eenc\u0103lzire existent sau independent, prin instalarea doar a rezisten\u021bei electrice de \u00eenc\u0103lzire \u00een calorifer.<\/p>\n<p>IMPORTANT: Nu porni cartu\u0219ul de \u00eenc\u0103lzire f\u0103r\u0103 lichid de transfer termic \u00een interiorul caloriferului, deoarece termostatul se poate supra\u00eenc\u0103lzi imediat. Garan\u021bia nu acoper\u0103 defec\u021biunile cauzate de utilizarea cartu\u0219ului de \u00eenc\u0103lzire f\u0103r\u0103 lichid de transfer termic \u00een interiorul caloriferului.<\/p>\n","protected":false},"excerpt":{"rendered":"<p>Rezisten\u021ba electric\u0103 de \u00eenc\u0103lzire, cu control al temperaturii, ofer\u0103 o solu\u021bie simpl\u0103 \u0219i convenabil\u0103 pentru \u00eenc\u0103lzirea b\u0103ii tale, chiar \u0219i<\/p>\n","protected":false},"featured_media":25254,"template":"","meta":[],"product_brand":[],"product_cat":[3445,3443],"product_tag":[],"class_list":{"0":"post-26776","1":"product","2":"type-product","3":"status-publish","4":"has-post-thumbnail","6":"product_cat-cartus-incalzire","7":"product_cat-calorifere-radiatoare","8":"pa_fabrica-arezzo","9":"pa_material-otel-si-plastic","10":"pa_montaj-montat-in-calorifer","12":"first","13":"outofstock","14":"shipping-taxable","15":"purchasable","16":"product-type-simple"},"yoast_head":"<!-- This site is optimized with the Yoast SEO Premium plugin v21.6 (Yoast SEO v22.1) - https:\/\/yoast.com\/wordpress\/plugins\/seo\/ -->\n<title>Rezisten\u021b\u0103 electric\u0103 cu termostat pentru calorifer - 300w alb - Edyceramic - magazin online<\/title>\n<meta name=\"robots\" content=\"index, follow, max-snippet:-1, max-image-preview:large, max-video-preview:-1\" \/>\n<link rel=\"canonical\" href=\"https:\/\/edyceramic-shop.ro\/ro\/produs\/rezistenta-electrica-cu-termostat-pentru-calorifer-300w-alb\/\" \/>\n<meta property=\"og:locale\" content=\"ro_RO\" \/>\n<meta property=\"og:type\" content=\"article\" \/>\n<meta property=\"og:title\" content=\"Rezisten\u021b\u0103 electric\u0103 cu termostat pentru calorifer - 300w alb\" \/>\n<meta property=\"og:description\" content=\"Rezisten\u021ba electric\u0103 de \u00eenc\u0103lzire, cu control al temperaturii, ofer\u0103 o solu\u021bie simpl\u0103 \u0219i convenabil\u0103 pentru \u00eenc\u0103lzirea b\u0103ii tale, chiar \u0219i\" \/>\n<meta property=\"og:url\" content=\"https:\/\/edyceramic-shop.ro\/ro\/produs\/rezistenta-electrica-cu-termostat-pentru-calorifer-300w-alb\/\" \/>\n<meta property=\"og:site_name\" content=\"Edyceramic - magazin online\" \/>\n<meta property=\"article:modified_time\" content=\"2025-08-01T11:37:27+00:00\" \/>\n<meta name=\"twitter:card\" content=\"summary_large_image\" \/>\n<meta name=\"twitter:label1\" content=\"Pre\u021b\" \/>\n\t<meta name=\"twitter:data1\" content=\"454,00&nbsp;lei\" \/>\n\t<meta name=\"twitter:label2\" content=\"Disponibilitate\" \/>\n\t<meta name=\"twitter:data2\" content=\"Stoc epuizat\" \/>\n<script type=\"application\/ld+json\" class=\"yoast-schema-graph\">{\"@context\":\"https:\/\/schema.org\",\"@graph\":[{\"@type\":\"WebPage\",\"@id\":\"https:\/\/edyceramic-shop.ro\/produs\/rezistenta-electrica-cu-termostat-pentru-calorifer-300w-alb\/\",\"url\":\"https:\/\/edyceramic-shop.ro\/produs\/rezistenta-electrica-cu-termostat-pentru-calorifer-300w-alb\/\",\"name\":\"Rezisten\u021b\u0103 electric\u0103 cu termostat pentru calorifer - 300w alb - Edyceramic - magazin online\",\"isPartOf\":{\"@id\":\"https:\/\/edyceramic-shop.ro\/ro\/#website\"},\"datePublished\":\"2024-10-31T12:15:32+00:00\",\"dateModified\":\"2025-08-01T11:37:27+00:00\",\"breadcrumb\":{\"@id\":\"https:\/\/edyceramic-shop.ro\/produs\/rezistenta-electrica-cu-termostat-pentru-calorifer-300w-alb\/#breadcrumb\"},\"inLanguage\":\"ro-RO\",\"potentialAction\":[{\"@type\":\"ReadAction\",\"target\":[\"https:\/\/edyceramic-shop.ro\/produs\/rezistenta-electrica-cu-termostat-pentru-calorifer-300w-alb\/\"]}]},{\"@type\":\"BreadcrumbList\",\"@id\":\"https:\/\/edyceramic-shop.ro\/produs\/rezistenta-electrica-cu-termostat-pentru-calorifer-300w-alb\/#breadcrumb\",\"itemListElement\":[{\"@type\":\"ListItem\",\"position\":1,\"name\":\"Home\",\"item\":\"https:\/\/edyceramic-shop.ro\/\"},{\"@type\":\"ListItem\",\"position\":2,\"name\":\"Shop\",\"item\":\"https:\/\/edyceramic-shop.ro\/ro\/shop\/\"},{\"@type\":\"ListItem\",\"position\":3,\"name\":\"Rezisten\u021b\u0103 electric\u0103 cu termostat pentru calorifer &#8211; 300w alb\"}]},{\"@type\":\"WebSite\",\"@id\":\"https:\/\/edyceramic-shop.ro\/ro\/#website\",\"url\":\"https:\/\/edyceramic-shop.ro\/ro\/\",\"name\":\"edyceramic.ro\",\"description\":\"\",\"publisher\":{\"@id\":\"https:\/\/edyceramic-shop.ro\/ro\/#organization\"},\"potentialAction\":[{\"@type\":\"SearchAction\",\"target\":{\"@type\":\"EntryPoint\",\"urlTemplate\":\"https:\/\/edyceramic-shop.ro\/ro\/?s={search_term_string}\"},\"query-input\":\"required name=search_term_string\"}],\"inLanguage\":\"ro-RO\"},{\"@type\":\"Organization\",\"@id\":\"https:\/\/edyceramic-shop.ro\/ro\/#organization\",\"name\":\"Edyceramic\",\"url\":\"https:\/\/edyceramic-shop.ro\/ro\/\",\"logo\":{\"@type\":\"ImageObject\",\"inLanguage\":\"ro-RO\",\"@id\":\"https:\/\/edyceramic-shop.ro\/ro\/#\/schema\/logo\/image\/\",\"url\":\"https:\/\/edyceramic-shop.ro\/wp-content\/uploads\/2024\/02\/Logo-EdyCeramic_2021-lung.png\",\"contentUrl\":\"https:\/\/edyceramic-shop.ro\/wp-content\/uploads\/2024\/02\/Logo-EdyCeramic_2021-lung.png\",\"width\":4491,\"height\":769,\"caption\":\"Edyceramic\"},\"image\":{\"@id\":\"https:\/\/edyceramic-shop.ro\/ro\/#\/schema\/logo\/image\/\"}}]}<\/script>\n<meta property=\"product:price:amount\" content=\"454.00\" \/>\n<meta property=\"product:price:currency\" content=\"RON\" \/>\n<meta property=\"og:availability\" content=\"out of stock\" \/>\n<meta property=\"product:availability\" content=\"out of stock\" \/>\n<meta property=\"product:retailer_item_id\" content=\"AR-VT300W\" \/>\n<meta property=\"product:condition\" content=\"new\" \/>\n<!-- \/ Yoast SEO Premium plugin. -->","yoast_head_json":{"title":"Rezisten\u021b\u0103 electric\u0103 cu termostat pentru calorifer - 300w alb - Edyceramic - magazin online","robots":{"index":"index","follow":"follow","max-snippet":"max-snippet:-1","max-image-preview":"max-image-preview:large","max-video-preview":"max-video-preview:-1"},"canonical":"https:\/\/edyceramic-shop.ro\/ro\/produs\/rezistenta-electrica-cu-termostat-pentru-calorifer-300w-alb\/","og_locale":"ro_RO","og_type":"article","og_title":"Rezisten\u021b\u0103 electric\u0103 cu termostat pentru calorifer - 300w alb","og_description":"Rezisten\u021ba electric\u0103 de \u00eenc\u0103lzire, cu control al temperaturii, ofer\u0103 o solu\u021bie simpl\u0103 \u0219i convenabil\u0103 pentru \u00eenc\u0103lzirea b\u0103ii tale, chiar \u0219i","og_url":"https:\/\/edyceramic-shop.ro\/ro\/produs\/rezistenta-electrica-cu-termostat-pentru-calorifer-300w-alb\/","og_site_name":"Edyceramic - magazin online","article_modified_time":"2025-08-01T11:37:27+00:00","twitter_card":"summary_large_image","twitter_misc":{"Pre\u021b":"454,00&nbsp;lei","Disponibilitate":"Stoc epuizat"},"schema":{"@context":"https:\/\/schema.org","@graph":[{"@type":"WebPage","@id":"https:\/\/edyceramic-shop.ro\/produs\/rezistenta-electrica-cu-termostat-pentru-calorifer-300w-alb\/","url":"https:\/\/edyceramic-shop.ro\/produs\/rezistenta-electrica-cu-termostat-pentru-calorifer-300w-alb\/","name":"Rezisten\u021b\u0103 electric\u0103 cu termostat pentru calorifer - 300w alb - Edyceramic - magazin online","isPartOf":{"@id":"https:\/\/edyceramic-shop.ro\/ro\/#website"},"datePublished":"2024-10-31T12:15:32+00:00","dateModified":"2025-08-01T11:37:27+00:00","breadcrumb":{"@id":"https:\/\/edyceramic-shop.ro\/produs\/rezistenta-electrica-cu-termostat-pentru-calorifer-300w-alb\/#breadcrumb"},"inLanguage":"ro-RO","potentialAction":[{"@type":"ReadAction","target":["https:\/\/edyceramic-shop.ro\/produs\/rezistenta-electrica-cu-termostat-pentru-calorifer-300w-alb\/"]}]},{"@type":"BreadcrumbList","@id":"https:\/\/edyceramic-shop.ro\/produs\/rezistenta-electrica-cu-termostat-pentru-calorifer-300w-alb\/#breadcrumb","itemListElement":[{"@type":"ListItem","position":1,"name":"Home","item":"https:\/\/edyceramic-shop.ro\/"},{"@type":"ListItem","position":2,"name":"Shop","item":"https:\/\/edyceramic-shop.ro\/ro\/shop\/"},{"@type":"ListItem","position":3,"name":"Rezisten\u021b\u0103 electric\u0103 cu termostat pentru calorifer &#8211; 300w alb"}]},{"@type":"WebSite","@id":"https:\/\/edyceramic-shop.ro\/ro\/#website","url":"https:\/\/edyceramic-shop.ro\/ro\/","name":"edyceramic.ro","description":"","publisher":{"@id":"https:\/\/edyceramic-shop.ro\/ro\/#organization"},"potentialAction":[{"@type":"SearchAction","target":{"@type":"EntryPoint","urlTemplate":"https:\/\/edyceramic-shop.ro\/ro\/?s={search_term_string}"},"query-input":"required name=search_term_string"}],"inLanguage":"ro-RO"},{"@type":"Organization","@id":"https:\/\/edyceramic-shop.ro\/ro\/#organization","name":"Edyceramic","url":"https:\/\/edyceramic-shop.ro\/ro\/","logo":{"@type":"ImageObject","inLanguage":"ro-RO","@id":"https:\/\/edyceramic-shop.ro\/ro\/#\/schema\/logo\/image\/","url":"https:\/\/edyceramic-shop.ro\/wp-content\/uploads\/2024\/02\/Logo-EdyCeramic_2021-lung.png","contentUrl":"https:\/\/edyceramic-shop.ro\/wp-content\/uploads\/2024\/02\/Logo-EdyCeramic_2021-lung.png","width":4491,"height":769,"caption":"Edyceramic"},"image":{"@id":"https:\/\/edyceramic-shop.ro\/ro\/#\/schema\/logo\/image\/"}}]},"product_price_amount":"454.00","product_price_currency":"RON","og_availability":"out of stock","product_availability":"out of stock","product_retailer_item_id":"AR-VT300W","product_condition":"new"},"jetpack_sharing_enabled":true,"_links":{"self":[{"href":"https:\/\/edyceramic-shop.ro\/ro\/wp-json\/wp\/v2\/product\/26776","targetHints":{"allow":["GET"]}}],"collection":[{"href":"https:\/\/edyceramic-shop.ro\/ro\/wp-json\/wp\/v2\/product"}],"about":[{"href":"https:\/\/edyceramic-shop.ro\/ro\/wp-json\/wp\/v2\/types\/product"}],"version-history":[{"count":1,"href":"https:\/\/edyceramic-shop.ro\/ro\/wp-json\/wp\/v2\/product\/26776\/revisions"}],"predecessor-version":[{"id":26873,"href":"https:\/\/edyceramic-shop.ro\/ro\/wp-json\/wp\/v2\/product\/26776\/revisions\/26873"}],"wp:featuredmedia":[{"embeddable":true,"href":"https:\/\/edyceramic-shop.ro\/ro\/wp-json\/wp\/v2\/media\/25254"}],"wp:attachment":[{"href":"https:\/\/edyceramic-shop.ro\/ro\/wp-json\/wp\/v2\/media?parent=26776"}],"wp:term":[{"taxonomy":"product_brand","embeddable":true,"href":"https:\/\/edyceramic-shop.ro\/ro\/wp-json\/wp\/v2\/product_brand?post=26776"},{"taxonomy":"product_cat","embeddable":true,"href":"https:\/\/edyceramic-shop.ro\/ro\/wp-json\/wp\/v2\/product_cat?post=26776"},{"taxonomy":"product_tag","embeddable":true,"href":"https:\/\/edyceramic-shop.ro\/ro\/wp-json\/wp\/v2\/product_tag?post=26776"}],"curies":[{"name":"wp","href":"https:\/\/api.w.org\/{rel}","templated":true}]}}