{"id":26758,"date":"2024-10-31T14:15:28","date_gmt":"2024-10-31T12:15:28","guid":{"rendered":"https:\/\/edyceramic-shop.ro\/?post_type=product&#038;p=26758"},"modified":"2025-08-01T13:37:26","modified_gmt":"2025-08-01T11:37:26","slug":"robinet-termostatic-pe-partea-dreapta-cornerpex-vision-negru","status":"publish","type":"product","link":"https:\/\/edyceramic-shop.ro\/ro\/produs\/robinet-termostatic-pe-partea-dreapta-cornerpex-vision-negru\/","title":{"rendered":"Robinet termostatic pe partea dreapt\u0103 CORNERPEX \/ VISION &#8211; negru"},"content":{"rendered":"<p>Robinetul dreapta CORNERPEX reprezint\u0103 o solu\u021bie estetic\u0103 \u0219i func\u021bional\u0103 pentru conectarea radiatoarelor la un sistem de \u00eenc\u0103lzire central\u0103, ideal pentru situa\u021biile \u00een care se dore\u0219te utilizarea exclusiv\u0103 a \u00eenc\u0103lzirii centrale \u0219i c\u00e2nd distan\u021ba \u00eentre conectori este mai mare de 80 mm. Forma \u0219i dimensiunile acestui robinet permit montarea sub radiator, cu capul termostat orientat paralel cu peretele, \u00eencorpor\u00e2ndu-se armonios \u00een conturul radiatorului pentru a fi protejat \u00eempotriva deterior\u0103rii accidentale.<\/p>\n<p>Setul include un robinet termostatic st\u00e2nga sau dreapta \u0219i o supap\u0103 de \u00eenchidere. \u00cen timpul func\u021bion\u0103rii, termostatul controleaz\u0103 fluxul de ap\u0103 c\u0103tre radiator, permit\u00e2nd intrarea acesteia doar p\u00e2n\u0103 c\u00e2nd temperatura din \u00eenc\u0103pere atinge valoarea setat\u0103. Dup\u0103 aceasta, supapa se \u00eenchide automat. \u00cen cazul \u00een care temperatura din camer\u0103 scade sub valoarea setat\u0103, supapa se deschide din nou pentru a permite \u00eenc\u0103lzirea radiatorului.<\/p>\n<p>Supapa de \u00eenchidere se monteaz\u0103 pe conducta de retur a sistemului de \u00eenc\u0103lzire central\u0103, asigur\u00e2nd o func\u021bionare precis\u0103 a radiatorului pentru un confort termic \u00eembun\u0103t\u0103\u021bit \u0219i o eficien\u021b\u0103 crescut\u0103 a robinetelor.<\/p>\n","protected":false},"excerpt":{"rendered":"<p>Robinetul dreapta CORNERPEX reprezint\u0103 o solu\u021bie estetic\u0103 \u0219i func\u021bional\u0103 pentru conectarea radiatoarelor la un sistem de \u00eenc\u0103lzire central\u0103, ideal pentru<\/p>\n","protected":false},"featured_media":25315,"template":"","meta":[],"product_brand":[],"product_cat":[3446,3443],"product_tag":[],"class_list":{"0":"post-26758","1":"product","2":"type-product","3":"status-publish","4":"has-post-thumbnail","6":"product_cat-robinet-termostatic-dreapta","7":"product_cat-calorifere-radiatoare","8":"pa_fabrica-arezzo","9":"pa_material-cupru-si-plastic","10":"pa_montaj-montat-in-calorifer","12":"first","13":"instock","14":"shipping-taxable","15":"purchasable","16":"product-type-simple"},"yoast_head":"<!-- This site is optimized with the Yoast SEO Premium plugin v21.6 (Yoast SEO v22.1) - https:\/\/yoast.com\/wordpress\/plugins\/seo\/ -->\n<title>Robinet termostatic pe partea dreapt\u0103 CORNERPEX \/ VISION - negru - Edyceramic - magazin online<\/title>\n<meta name=\"robots\" content=\"index, follow, max-snippet:-1, max-image-preview:large, max-video-preview:-1\" \/>\n<link rel=\"canonical\" href=\"https:\/\/edyceramic-shop.ro\/ro\/produs\/robinet-termostatic-pe-partea-dreapta-cornerpex-vision-negru\/\" \/>\n<meta property=\"og:locale\" content=\"ro_RO\" \/>\n<meta property=\"og:type\" content=\"article\" \/>\n<meta property=\"og:title\" content=\"Robinet termostatic pe partea dreapt\u0103 CORNERPEX \/ VISION - negru\" \/>\n<meta property=\"og:description\" content=\"Robinetul dreapta CORNERPEX reprezint\u0103 o solu\u021bie estetic\u0103 \u0219i func\u021bional\u0103 pentru conectarea radiatoarelor la un sistem de \u00eenc\u0103lzire central\u0103, ideal pentru\" \/>\n<meta property=\"og:url\" content=\"https:\/\/edyceramic-shop.ro\/ro\/produs\/robinet-termostatic-pe-partea-dreapta-cornerpex-vision-negru\/\" \/>\n<meta property=\"og:site_name\" content=\"Edyceramic - magazin online\" \/>\n<meta property=\"article:modified_time\" content=\"2025-08-01T11:37:26+00:00\" \/>\n<meta name=\"twitter:card\" content=\"summary_large_image\" \/>\n<meta name=\"twitter:label1\" content=\"Pre\u021b\" \/>\n\t<meta name=\"twitter:data1\" content=\"670,00&nbsp;lei\" \/>\n\t<meta name=\"twitter:label2\" content=\"Disponibilitate\" \/>\n\t<meta name=\"twitter:data2\" content=\"\u00cen stoc\" \/>\n<script type=\"application\/ld+json\" class=\"yoast-schema-graph\">{\"@context\":\"https:\/\/schema.org\",\"@graph\":[{\"@type\":\"WebPage\",\"@id\":\"https:\/\/edyceramic-shop.ro\/produs\/robinet-termostatic-pe-partea-dreapta-cornerpex-vision-negru\/\",\"url\":\"https:\/\/edyceramic-shop.ro\/produs\/robinet-termostatic-pe-partea-dreapta-cornerpex-vision-negru\/\",\"name\":\"Robinet termostatic pe partea dreapt\u0103 CORNERPEX \/ VISION - negru - Edyceramic - magazin online\",\"isPartOf\":{\"@id\":\"https:\/\/edyceramic-shop.ro\/ro\/#website\"},\"datePublished\":\"2024-10-31T12:15:28+00:00\",\"dateModified\":\"2025-08-01T11:37:26+00:00\",\"breadcrumb\":{\"@id\":\"https:\/\/edyceramic-shop.ro\/produs\/robinet-termostatic-pe-partea-dreapta-cornerpex-vision-negru\/#breadcrumb\"},\"inLanguage\":\"ro-RO\",\"potentialAction\":[{\"@type\":\"ReadAction\",\"target\":[\"https:\/\/edyceramic-shop.ro\/produs\/robinet-termostatic-pe-partea-dreapta-cornerpex-vision-negru\/\"]}]},{\"@type\":\"BreadcrumbList\",\"@id\":\"https:\/\/edyceramic-shop.ro\/produs\/robinet-termostatic-pe-partea-dreapta-cornerpex-vision-negru\/#breadcrumb\",\"itemListElement\":[{\"@type\":\"ListItem\",\"position\":1,\"name\":\"Home\",\"item\":\"https:\/\/edyceramic-shop.ro\/\"},{\"@type\":\"ListItem\",\"position\":2,\"name\":\"Shop\",\"item\":\"https:\/\/edyceramic-shop.ro\/ro\/shop\/\"},{\"@type\":\"ListItem\",\"position\":3,\"name\":\"Robinet termostatic pe partea dreapt\u0103 CORNERPEX \/ VISION &#8211; negru\"}]},{\"@type\":\"WebSite\",\"@id\":\"https:\/\/edyceramic-shop.ro\/ro\/#website\",\"url\":\"https:\/\/edyceramic-shop.ro\/ro\/\",\"name\":\"edyceramic.ro\",\"description\":\"\",\"publisher\":{\"@id\":\"https:\/\/edyceramic-shop.ro\/ro\/#organization\"},\"potentialAction\":[{\"@type\":\"SearchAction\",\"target\":{\"@type\":\"EntryPoint\",\"urlTemplate\":\"https:\/\/edyceramic-shop.ro\/ro\/?s={search_term_string}\"},\"query-input\":\"required name=search_term_string\"}],\"inLanguage\":\"ro-RO\"},{\"@type\":\"Organization\",\"@id\":\"https:\/\/edyceramic-shop.ro\/ro\/#organization\",\"name\":\"Edyceramic\",\"url\":\"https:\/\/edyceramic-shop.ro\/ro\/\",\"logo\":{\"@type\":\"ImageObject\",\"inLanguage\":\"ro-RO\",\"@id\":\"https:\/\/edyceramic-shop.ro\/ro\/#\/schema\/logo\/image\/\",\"url\":\"https:\/\/edyceramic-shop.ro\/wp-content\/uploads\/2024\/02\/Logo-EdyCeramic_2021-lung.png\",\"contentUrl\":\"https:\/\/edyceramic-shop.ro\/wp-content\/uploads\/2024\/02\/Logo-EdyCeramic_2021-lung.png\",\"width\":4491,\"height\":769,\"caption\":\"Edyceramic\"},\"image\":{\"@id\":\"https:\/\/edyceramic-shop.ro\/ro\/#\/schema\/logo\/image\/\"}}]}<\/script>\n<meta property=\"product:price:amount\" content=\"670.00\" \/>\n<meta property=\"product:price:currency\" content=\"RON\" \/>\n<meta property=\"og:availability\" content=\"instock\" \/>\n<meta property=\"product:availability\" content=\"instock\" \/>\n<meta property=\"product:retailer_item_id\" content=\"AR-CORNERPEX-B-R\" \/>\n<meta property=\"product:condition\" content=\"new\" \/>\n<!-- \/ Yoast SEO Premium plugin. -->","yoast_head_json":{"title":"Robinet termostatic pe partea dreapt\u0103 CORNERPEX \/ VISION - negru - Edyceramic - magazin online","robots":{"index":"index","follow":"follow","max-snippet":"max-snippet:-1","max-image-preview":"max-image-preview:large","max-video-preview":"max-video-preview:-1"},"canonical":"https:\/\/edyceramic-shop.ro\/ro\/produs\/robinet-termostatic-pe-partea-dreapta-cornerpex-vision-negru\/","og_locale":"ro_RO","og_type":"article","og_title":"Robinet termostatic pe partea dreapt\u0103 CORNERPEX \/ VISION - negru","og_description":"Robinetul dreapta CORNERPEX reprezint\u0103 o solu\u021bie estetic\u0103 \u0219i func\u021bional\u0103 pentru conectarea radiatoarelor la un sistem de \u00eenc\u0103lzire central\u0103, ideal pentru","og_url":"https:\/\/edyceramic-shop.ro\/ro\/produs\/robinet-termostatic-pe-partea-dreapta-cornerpex-vision-negru\/","og_site_name":"Edyceramic - magazin online","article_modified_time":"2025-08-01T11:37:26+00:00","twitter_card":"summary_large_image","twitter_misc":{"Pre\u021b":"670,00&nbsp;lei","Disponibilitate":"\u00cen stoc"},"schema":{"@context":"https:\/\/schema.org","@graph":[{"@type":"WebPage","@id":"https:\/\/edyceramic-shop.ro\/produs\/robinet-termostatic-pe-partea-dreapta-cornerpex-vision-negru\/","url":"https:\/\/edyceramic-shop.ro\/produs\/robinet-termostatic-pe-partea-dreapta-cornerpex-vision-negru\/","name":"Robinet termostatic pe partea dreapt\u0103 CORNERPEX \/ VISION - negru - Edyceramic - magazin online","isPartOf":{"@id":"https:\/\/edyceramic-shop.ro\/ro\/#website"},"datePublished":"2024-10-31T12:15:28+00:00","dateModified":"2025-08-01T11:37:26+00:00","breadcrumb":{"@id":"https:\/\/edyceramic-shop.ro\/produs\/robinet-termostatic-pe-partea-dreapta-cornerpex-vision-negru\/#breadcrumb"},"inLanguage":"ro-RO","potentialAction":[{"@type":"ReadAction","target":["https:\/\/edyceramic-shop.ro\/produs\/robinet-termostatic-pe-partea-dreapta-cornerpex-vision-negru\/"]}]},{"@type":"BreadcrumbList","@id":"https:\/\/edyceramic-shop.ro\/produs\/robinet-termostatic-pe-partea-dreapta-cornerpex-vision-negru\/#breadcrumb","itemListElement":[{"@type":"ListItem","position":1,"name":"Home","item":"https:\/\/edyceramic-shop.ro\/"},{"@type":"ListItem","position":2,"name":"Shop","item":"https:\/\/edyceramic-shop.ro\/ro\/shop\/"},{"@type":"ListItem","position":3,"name":"Robinet termostatic pe partea dreapt\u0103 CORNERPEX \/ VISION &#8211; negru"}]},{"@type":"WebSite","@id":"https:\/\/edyceramic-shop.ro\/ro\/#website","url":"https:\/\/edyceramic-shop.ro\/ro\/","name":"edyceramic.ro","description":"","publisher":{"@id":"https:\/\/edyceramic-shop.ro\/ro\/#organization"},"potentialAction":[{"@type":"SearchAction","target":{"@type":"EntryPoint","urlTemplate":"https:\/\/edyceramic-shop.ro\/ro\/?s={search_term_string}"},"query-input":"required name=search_term_string"}],"inLanguage":"ro-RO"},{"@type":"Organization","@id":"https:\/\/edyceramic-shop.ro\/ro\/#organization","name":"Edyceramic","url":"https:\/\/edyceramic-shop.ro\/ro\/","logo":{"@type":"ImageObject","inLanguage":"ro-RO","@id":"https:\/\/edyceramic-shop.ro\/ro\/#\/schema\/logo\/image\/","url":"https:\/\/edyceramic-shop.ro\/wp-content\/uploads\/2024\/02\/Logo-EdyCeramic_2021-lung.png","contentUrl":"https:\/\/edyceramic-shop.ro\/wp-content\/uploads\/2024\/02\/Logo-EdyCeramic_2021-lung.png","width":4491,"height":769,"caption":"Edyceramic"},"image":{"@id":"https:\/\/edyceramic-shop.ro\/ro\/#\/schema\/logo\/image\/"}}]},"product_price_amount":"670.00","product_price_currency":"RON","og_availability":"instock","product_availability":"instock","product_retailer_item_id":"AR-CORNERPEX-B-R","product_condition":"new"},"jetpack_sharing_enabled":true,"_links":{"self":[{"href":"https:\/\/edyceramic-shop.ro\/ro\/wp-json\/wp\/v2\/product\/26758","targetHints":{"allow":["GET"]}}],"collection":[{"href":"https:\/\/edyceramic-shop.ro\/ro\/wp-json\/wp\/v2\/product"}],"about":[{"href":"https:\/\/edyceramic-shop.ro\/ro\/wp-json\/wp\/v2\/types\/product"}],"version-history":[{"count":1,"href":"https:\/\/edyceramic-shop.ro\/ro\/wp-json\/wp\/v2\/product\/26758\/revisions"}],"predecessor-version":[{"id":26886,"href":"https:\/\/edyceramic-shop.ro\/ro\/wp-json\/wp\/v2\/product\/26758\/revisions\/26886"}],"wp:featuredmedia":[{"embeddable":true,"href":"https:\/\/edyceramic-shop.ro\/ro\/wp-json\/wp\/v2\/media\/25315"}],"wp:attachment":[{"href":"https:\/\/edyceramic-shop.ro\/ro\/wp-json\/wp\/v2\/media?parent=26758"}],"wp:term":[{"taxonomy":"product_brand","embeddable":true,"href":"https:\/\/edyceramic-shop.ro\/ro\/wp-json\/wp\/v2\/product_brand?post=26758"},{"taxonomy":"product_cat","embeddable":true,"href":"https:\/\/edyceramic-shop.ro\/ro\/wp-json\/wp\/v2\/product_cat?post=26758"},{"taxonomy":"product_tag","embeddable":true,"href":"https:\/\/edyceramic-shop.ro\/ro\/wp-json\/wp\/v2\/product_tag?post=26758"}],"curies":[{"name":"wp","href":"https:\/\/api.w.org\/{rel}","templated":true}]}}