{"id":26755,"date":"2024-10-31T14:15:27","date_gmt":"2024-10-31T12:15:27","guid":{"rendered":"https:\/\/edyceramic-shop.ro\/?post_type=product&#038;p=26755"},"modified":"2025-08-01T13:37:26","modified_gmt":"2025-08-01T11:37:26","slug":"robinet-termostatic-pe-partea-dreapta-variopex-integra-negru","status":"publish","type":"product","link":"https:\/\/edyceramic-shop.ro\/ro\/produs\/robinet-termostatic-pe-partea-dreapta-variopex-integra-negru\/","title":{"rendered":"Robinet termostatic pe partea dreapt\u0103 VARIOPEX \/ INTEGRA &#8211; negru"},"content":{"rendered":"<p>Robinetul VARIOPEX este un dispozitiv special conceput pentru conectarea radiatoarelor la sistemul de \u00eenc\u0103lzire central\u0103 \u0219i electric\u0103 \u00een cazul \u00een care este necesar\u0103 o distan\u021b\u0103 minim\u0103 de 50 mm \u00eentre conectori. Acesta ofer\u0103 o solu\u021bie estetic\u0103 \u0219i func\u021bional\u0103 pentru instalarea radiatoarelor, \u00een special \u00een b\u0103i sau spa\u021bii unde este necesar\u0103 \u00eenc\u0103lzirea electric\u0103 suplimentar\u0103 pentru prosop sau pentru crearea unei atmosfere calde chiar \u0219i atunci c\u00e2nd centrala termic\u0103 nu este activ\u0103.<\/p>\n<p>Montarea robinetului VARIOPEX este simpl\u0103 \u0219i eficient\u0103. Forma \u0219i dimensiunea sa permit montarea sub radiator, cu capul termostat paralel cu peretele, \u00een conturul radiatorului, ceea ce \u00eel protejeaz\u0103 de deteriorarea accidental\u0103. Acest lucru \u00eel face ideal pentru a fi integrat \u00een designul general al \u00eenc\u0103perii.<\/p>\n<p>Setul include o supap\u0103 termostatic\u0103 st\u00e2nga sau dreapt\u0103, \u00een func\u021bie de preferin\u021bele utilizatorului, \u0219i o supap\u0103 de \u00eenchidere. \u00cen timpul func\u021bion\u0103rii, termostatul regleaz\u0103 fluxul de ap\u0103 c\u0103tre radiator \u00een func\u021bie de temperatura din \u00eenc\u0103pere, permit\u00e2nd trecerea apei \u00eenc\u0103lzite p\u00e2n\u0103 c\u00e2nd temperatura atinge valoarea setat\u0103. Dup\u0103 aceasta, supapa se \u00eenchide automat pentru a men\u021bine temperatura constant\u0103 \u00een \u00eenc\u0103pere. \u00cen cazul \u00een care temperatura scade sub valoarea setat\u0103, supapa se deschide din nou pentru a permite \u00eenc\u0103lzirea radiatorului.<\/p>\n<p>Supapa de \u00eenchidere se monteaz\u0103 pe conducta de retur a sistemului de \u00eenc\u0103lzire central\u0103, asigur\u00e2nd astfel func\u021bionarea precis\u0103 a radiatorului pentru un confort termic sporit \u0219i o eficien\u021b\u0103 mai bun\u0103 a \u00eentregului sistem de \u00eenc\u0103lzire. Utilizarea robinetului VARIOPEX este ideal\u0103 \u00een situa\u021biile \u00een care este necesar\u0103 o solu\u021bie flexibil\u0103 \u0219i estetic\u0103 pentru conectarea radiatoarelor la sistemul de \u00eenc\u0103lzire central\u0103 \u0219i electric\u0103.<\/p>\n","protected":false},"excerpt":{"rendered":"<p>Robinetul VARIOPEX este un dispozitiv special conceput pentru conectarea radiatoarelor la sistemul de \u00eenc\u0103lzire central\u0103 \u0219i electric\u0103 \u00een cazul \u00een<\/p>\n","protected":false},"featured_media":25339,"template":"","meta":[],"product_brand":[],"product_cat":[3446,3443],"product_tag":[],"class_list":{"0":"post-26755","1":"product","2":"type-product","3":"status-publish","4":"has-post-thumbnail","6":"product_cat-robinet-termostatic-dreapta","7":"product_cat-calorifere-radiatoare","8":"pa_fabrica-arezzo","9":"pa_material-cupru-si-plastic","10":"pa_montaj-montat-in-calorifer","12":"first","13":"instock","14":"shipping-taxable","15":"purchasable","16":"product-type-simple"},"yoast_head":"<!-- This site is optimized with the Yoast SEO Premium plugin v21.6 (Yoast SEO v22.1) - https:\/\/yoast.com\/wordpress\/plugins\/seo\/ -->\n<title>Robinet termostatic pe partea dreapt\u0103 VARIOPEX \/ INTEGRA - negru - Edyceramic - magazin online<\/title>\n<meta name=\"robots\" content=\"index, follow, max-snippet:-1, max-image-preview:large, max-video-preview:-1\" \/>\n<link rel=\"canonical\" href=\"https:\/\/edyceramic-shop.ro\/ro\/produs\/robinet-termostatic-pe-partea-dreapta-variopex-integra-negru\/\" \/>\n<meta property=\"og:locale\" content=\"ro_RO\" \/>\n<meta property=\"og:type\" content=\"article\" \/>\n<meta property=\"og:title\" content=\"Robinet termostatic pe partea dreapt\u0103 VARIOPEX \/ INTEGRA - negru\" \/>\n<meta property=\"og:description\" content=\"Robinetul VARIOPEX este un dispozitiv special conceput pentru conectarea radiatoarelor la sistemul de \u00eenc\u0103lzire central\u0103 \u0219i electric\u0103 \u00een cazul \u00een\" \/>\n<meta property=\"og:url\" content=\"https:\/\/edyceramic-shop.ro\/ro\/produs\/robinet-termostatic-pe-partea-dreapta-variopex-integra-negru\/\" \/>\n<meta property=\"og:site_name\" content=\"Edyceramic - magazin online\" \/>\n<meta property=\"article:modified_time\" content=\"2025-08-01T11:37:26+00:00\" \/>\n<meta name=\"twitter:card\" content=\"summary_large_image\" \/>\n<meta name=\"twitter:label1\" content=\"Pre\u021b\" \/>\n\t<meta name=\"twitter:data1\" content=\"855,00&nbsp;lei\" \/>\n\t<meta name=\"twitter:label2\" content=\"Disponibilitate\" \/>\n\t<meta name=\"twitter:data2\" content=\"\u00cen stoc\" \/>\n<script type=\"application\/ld+json\" class=\"yoast-schema-graph\">{\"@context\":\"https:\/\/schema.org\",\"@graph\":[{\"@type\":\"WebPage\",\"@id\":\"https:\/\/edyceramic-shop.ro\/produs\/robinet-termostatic-pe-partea-dreapta-variopex-integra-negru\/\",\"url\":\"https:\/\/edyceramic-shop.ro\/produs\/robinet-termostatic-pe-partea-dreapta-variopex-integra-negru\/\",\"name\":\"Robinet termostatic pe partea dreapt\u0103 VARIOPEX \/ INTEGRA - negru - Edyceramic - magazin online\",\"isPartOf\":{\"@id\":\"https:\/\/edyceramic-shop.ro\/ro\/#website\"},\"datePublished\":\"2024-10-31T12:15:27+00:00\",\"dateModified\":\"2025-08-01T11:37:26+00:00\",\"breadcrumb\":{\"@id\":\"https:\/\/edyceramic-shop.ro\/produs\/robinet-termostatic-pe-partea-dreapta-variopex-integra-negru\/#breadcrumb\"},\"inLanguage\":\"ro-RO\",\"potentialAction\":[{\"@type\":\"ReadAction\",\"target\":[\"https:\/\/edyceramic-shop.ro\/produs\/robinet-termostatic-pe-partea-dreapta-variopex-integra-negru\/\"]}]},{\"@type\":\"BreadcrumbList\",\"@id\":\"https:\/\/edyceramic-shop.ro\/produs\/robinet-termostatic-pe-partea-dreapta-variopex-integra-negru\/#breadcrumb\",\"itemListElement\":[{\"@type\":\"ListItem\",\"position\":1,\"name\":\"Home\",\"item\":\"https:\/\/edyceramic-shop.ro\/\"},{\"@type\":\"ListItem\",\"position\":2,\"name\":\"Shop\",\"item\":\"https:\/\/edyceramic-shop.ro\/ro\/shop\/\"},{\"@type\":\"ListItem\",\"position\":3,\"name\":\"Robinet termostatic pe partea dreapt\u0103 VARIOPEX \/ INTEGRA &#8211; negru\"}]},{\"@type\":\"WebSite\",\"@id\":\"https:\/\/edyceramic-shop.ro\/ro\/#website\",\"url\":\"https:\/\/edyceramic-shop.ro\/ro\/\",\"name\":\"edyceramic.ro\",\"description\":\"\",\"publisher\":{\"@id\":\"https:\/\/edyceramic-shop.ro\/ro\/#organization\"},\"potentialAction\":[{\"@type\":\"SearchAction\",\"target\":{\"@type\":\"EntryPoint\",\"urlTemplate\":\"https:\/\/edyceramic-shop.ro\/ro\/?s={search_term_string}\"},\"query-input\":\"required name=search_term_string\"}],\"inLanguage\":\"ro-RO\"},{\"@type\":\"Organization\",\"@id\":\"https:\/\/edyceramic-shop.ro\/ro\/#organization\",\"name\":\"Edyceramic\",\"url\":\"https:\/\/edyceramic-shop.ro\/ro\/\",\"logo\":{\"@type\":\"ImageObject\",\"inLanguage\":\"ro-RO\",\"@id\":\"https:\/\/edyceramic-shop.ro\/ro\/#\/schema\/logo\/image\/\",\"url\":\"https:\/\/edyceramic-shop.ro\/wp-content\/uploads\/2024\/02\/Logo-EdyCeramic_2021-lung.png\",\"contentUrl\":\"https:\/\/edyceramic-shop.ro\/wp-content\/uploads\/2024\/02\/Logo-EdyCeramic_2021-lung.png\",\"width\":4491,\"height\":769,\"caption\":\"Edyceramic\"},\"image\":{\"@id\":\"https:\/\/edyceramic-shop.ro\/ro\/#\/schema\/logo\/image\/\"}}]}<\/script>\n<meta property=\"product:price:amount\" content=\"855.00\" \/>\n<meta property=\"product:price:currency\" content=\"RON\" \/>\n<meta property=\"og:availability\" content=\"instock\" \/>\n<meta property=\"product:availability\" content=\"instock\" \/>\n<meta property=\"product:retailer_item_id\" content=\"AR-VARIOPEX-B-R\" \/>\n<meta property=\"product:condition\" content=\"new\" \/>\n<!-- \/ Yoast SEO Premium plugin. -->","yoast_head_json":{"title":"Robinet termostatic pe partea dreapt\u0103 VARIOPEX \/ INTEGRA - negru - Edyceramic - magazin online","robots":{"index":"index","follow":"follow","max-snippet":"max-snippet:-1","max-image-preview":"max-image-preview:large","max-video-preview":"max-video-preview:-1"},"canonical":"https:\/\/edyceramic-shop.ro\/ro\/produs\/robinet-termostatic-pe-partea-dreapta-variopex-integra-negru\/","og_locale":"ro_RO","og_type":"article","og_title":"Robinet termostatic pe partea dreapt\u0103 VARIOPEX \/ INTEGRA - negru","og_description":"Robinetul VARIOPEX este un dispozitiv special conceput pentru conectarea radiatoarelor la sistemul de \u00eenc\u0103lzire central\u0103 \u0219i electric\u0103 \u00een cazul \u00een","og_url":"https:\/\/edyceramic-shop.ro\/ro\/produs\/robinet-termostatic-pe-partea-dreapta-variopex-integra-negru\/","og_site_name":"Edyceramic - magazin online","article_modified_time":"2025-08-01T11:37:26+00:00","twitter_card":"summary_large_image","twitter_misc":{"Pre\u021b":"855,00&nbsp;lei","Disponibilitate":"\u00cen stoc"},"schema":{"@context":"https:\/\/schema.org","@graph":[{"@type":"WebPage","@id":"https:\/\/edyceramic-shop.ro\/produs\/robinet-termostatic-pe-partea-dreapta-variopex-integra-negru\/","url":"https:\/\/edyceramic-shop.ro\/produs\/robinet-termostatic-pe-partea-dreapta-variopex-integra-negru\/","name":"Robinet termostatic pe partea dreapt\u0103 VARIOPEX \/ INTEGRA - negru - Edyceramic - magazin online","isPartOf":{"@id":"https:\/\/edyceramic-shop.ro\/ro\/#website"},"datePublished":"2024-10-31T12:15:27+00:00","dateModified":"2025-08-01T11:37:26+00:00","breadcrumb":{"@id":"https:\/\/edyceramic-shop.ro\/produs\/robinet-termostatic-pe-partea-dreapta-variopex-integra-negru\/#breadcrumb"},"inLanguage":"ro-RO","potentialAction":[{"@type":"ReadAction","target":["https:\/\/edyceramic-shop.ro\/produs\/robinet-termostatic-pe-partea-dreapta-variopex-integra-negru\/"]}]},{"@type":"BreadcrumbList","@id":"https:\/\/edyceramic-shop.ro\/produs\/robinet-termostatic-pe-partea-dreapta-variopex-integra-negru\/#breadcrumb","itemListElement":[{"@type":"ListItem","position":1,"name":"Home","item":"https:\/\/edyceramic-shop.ro\/"},{"@type":"ListItem","position":2,"name":"Shop","item":"https:\/\/edyceramic-shop.ro\/ro\/shop\/"},{"@type":"ListItem","position":3,"name":"Robinet termostatic pe partea dreapt\u0103 VARIOPEX \/ INTEGRA &#8211; negru"}]},{"@type":"WebSite","@id":"https:\/\/edyceramic-shop.ro\/ro\/#website","url":"https:\/\/edyceramic-shop.ro\/ro\/","name":"edyceramic.ro","description":"","publisher":{"@id":"https:\/\/edyceramic-shop.ro\/ro\/#organization"},"potentialAction":[{"@type":"SearchAction","target":{"@type":"EntryPoint","urlTemplate":"https:\/\/edyceramic-shop.ro\/ro\/?s={search_term_string}"},"query-input":"required name=search_term_string"}],"inLanguage":"ro-RO"},{"@type":"Organization","@id":"https:\/\/edyceramic-shop.ro\/ro\/#organization","name":"Edyceramic","url":"https:\/\/edyceramic-shop.ro\/ro\/","logo":{"@type":"ImageObject","inLanguage":"ro-RO","@id":"https:\/\/edyceramic-shop.ro\/ro\/#\/schema\/logo\/image\/","url":"https:\/\/edyceramic-shop.ro\/wp-content\/uploads\/2024\/02\/Logo-EdyCeramic_2021-lung.png","contentUrl":"https:\/\/edyceramic-shop.ro\/wp-content\/uploads\/2024\/02\/Logo-EdyCeramic_2021-lung.png","width":4491,"height":769,"caption":"Edyceramic"},"image":{"@id":"https:\/\/edyceramic-shop.ro\/ro\/#\/schema\/logo\/image\/"}}]},"product_price_amount":"855.00","product_price_currency":"RON","og_availability":"instock","product_availability":"instock","product_retailer_item_id":"AR-VARIOPEX-B-R","product_condition":"new"},"jetpack_sharing_enabled":true,"_links":{"self":[{"href":"https:\/\/edyceramic-shop.ro\/ro\/wp-json\/wp\/v2\/product\/26755","targetHints":{"allow":["GET"]}}],"collection":[{"href":"https:\/\/edyceramic-shop.ro\/ro\/wp-json\/wp\/v2\/product"}],"about":[{"href":"https:\/\/edyceramic-shop.ro\/ro\/wp-json\/wp\/v2\/types\/product"}],"version-history":[{"count":1,"href":"https:\/\/edyceramic-shop.ro\/ro\/wp-json\/wp\/v2\/product\/26755\/revisions"}],"predecessor-version":[{"id":26916,"href":"https:\/\/edyceramic-shop.ro\/ro\/wp-json\/wp\/v2\/product\/26755\/revisions\/26916"}],"wp:featuredmedia":[{"embeddable":true,"href":"https:\/\/edyceramic-shop.ro\/ro\/wp-json\/wp\/v2\/media\/25339"}],"wp:attachment":[{"href":"https:\/\/edyceramic-shop.ro\/ro\/wp-json\/wp\/v2\/media?parent=26755"}],"wp:term":[{"taxonomy":"product_brand","embeddable":true,"href":"https:\/\/edyceramic-shop.ro\/ro\/wp-json\/wp\/v2\/product_brand?post=26755"},{"taxonomy":"product_cat","embeddable":true,"href":"https:\/\/edyceramic-shop.ro\/ro\/wp-json\/wp\/v2\/product_cat?post=26755"},{"taxonomy":"product_tag","embeddable":true,"href":"https:\/\/edyceramic-shop.ro\/ro\/wp-json\/wp\/v2\/product_tag?post=26755"}],"curies":[{"name":"wp","href":"https:\/\/api.w.org\/{rel}","templated":true}]}}