{"id":26613,"date":"2024-10-31T14:13:51","date_gmt":"2024-10-31T12:13:51","guid":{"rendered":"https:\/\/edyceramic-shop.ro\/?post_type=product&#038;p=26613"},"modified":"2025-08-01T13:37:18","modified_gmt":"2025-08-01T11:37:18","slug":"sistem-dus-complet-rockfield-cu-montaj-incastrat-in-perete-negru","status":"publish","type":"product","link":"https:\/\/edyceramic-shop.ro\/ro\/produs\/sistem-dus-complet-rockfield-cu-montaj-incastrat-in-perete-negru\/","title":{"rendered":"Sistem du\u0219 complet ROCKFIELD, cu montaj \u00eencastrat \u00een perete &#8211; negru"},"content":{"rendered":"<p>Descoper\u0103 luxul \u0219i rafinamentul cu sistemul complet de du\u0219 ROCKFIELD, ce te va \u00eent\u00e2mpina cu elegan\u021b\u0103 \u0219i func\u021bionalitate de excep\u021bie \u00een fiecare zi. Acest sistem, cu montaj \u00eencastrat \u00een perete \u0219i finisaj elegant \u00een negru, reprezint\u0103 o combina\u021bie perfect\u0103 \u00eentre design contemporan \u0219i performan\u021b\u0103 de v\u00e2rf.<\/p>\n<p>Construit din cupru, un material durabil \u0219i rezistent la coroziune, acest sistem de du\u0219 promite o durabilitate de lung\u0103 durat\u0103 \u0219i o func\u021bionare f\u0103r\u0103 probleme \u00een timp. Cu o estetic\u0103 minimalist\u0103 \u0219i o aten\u021bie deosebit\u0103 acordat\u0103 detaliilor, aduce un plus de elegan\u021b\u0103 \u0219i sofisticare oric\u0103rei b\u0103i moderne.<\/p>\n<p>Cu func\u021bii avansate \u0219i control intuitiv, ROCKFIELD \u00ee\u021bi ofer\u0103 posibilitatea de a ajusta temperatura \u0219i presiunea apei pentru o experien\u021b\u0103 de du\u0219 personalizat\u0103. Fie c\u0103 \u00ee\u021bi dore\u0219ti un du\u0219 revigorant sau un moment de relaxare profund\u0103, acest sistem \u00ee\u021bi va satisface toate preferin\u021bele, transform\u00e2nd fiecare du\u0219 \u00eentr-o experien\u021b\u0103 de neuitat.<\/p>\n","protected":false},"excerpt":{"rendered":"<p>Descoper\u0103 luxul \u0219i rafinamentul cu sistemul complet de du\u0219 ROCKFIELD, ce te va \u00eent\u00e2mpina cu elegan\u021b\u0103 \u0219i func\u021bionalitate de excep\u021bie<\/p>\n","protected":false},"featured_media":24728,"template":"","meta":[],"product_brand":[],"product_cat":[371,372],"product_tag":[],"class_list":{"0":"post-26613","1":"product","2":"type-product","3":"status-publish","4":"has-post-thumbnail","6":"product_cat-baterii-dus","7":"product_cat-accesorii-baie","8":"pa_fabrica-arezzo","9":"pa_material-cupru","10":"pa_montaj-montat-in-perete","12":"first","13":"instock","14":"shipping-taxable","15":"purchasable","16":"product-type-simple"},"yoast_head":"<!-- This site is optimized with the Yoast SEO Premium plugin v21.6 (Yoast SEO v22.1) - https:\/\/yoast.com\/wordpress\/plugins\/seo\/ -->\n<title>Sistem du\u0219 complet ROCKFIELD, cu montaj \u00eencastrat \u00een perete - negru - Edyceramic - magazin online<\/title>\n<meta name=\"robots\" content=\"index, follow, max-snippet:-1, max-image-preview:large, max-video-preview:-1\" \/>\n<link rel=\"canonical\" href=\"https:\/\/edyceramic-shop.ro\/ro\/produs\/sistem-dus-complet-rockfield-cu-montaj-incastrat-in-perete-negru\/\" \/>\n<meta property=\"og:locale\" content=\"ro_RO\" \/>\n<meta property=\"og:type\" content=\"article\" \/>\n<meta property=\"og:title\" content=\"Sistem du\u0219 complet ROCKFIELD, cu montaj \u00eencastrat \u00een perete - negru\" \/>\n<meta property=\"og:description\" content=\"Descoper\u0103 luxul \u0219i rafinamentul cu sistemul complet de du\u0219 ROCKFIELD, ce te va \u00eent\u00e2mpina cu elegan\u021b\u0103 \u0219i func\u021bionalitate de excep\u021bie\" \/>\n<meta property=\"og:url\" content=\"https:\/\/edyceramic-shop.ro\/ro\/produs\/sistem-dus-complet-rockfield-cu-montaj-incastrat-in-perete-negru\/\" \/>\n<meta property=\"og:site_name\" content=\"Edyceramic - magazin online\" \/>\n<meta property=\"article:modified_time\" content=\"2025-08-01T11:37:18+00:00\" \/>\n<meta name=\"twitter:card\" content=\"summary_large_image\" \/>\n<meta name=\"twitter:label1\" content=\"Pre\u021b\" \/>\n\t<meta name=\"twitter:data1\" content=\"2.102,00&nbsp;lei\" \/>\n\t<meta name=\"twitter:label2\" content=\"Disponibilitate\" \/>\n\t<meta name=\"twitter:data2\" content=\"\u00cen stoc\" \/>\n<script type=\"application\/ld+json\" class=\"yoast-schema-graph\">{\"@context\":\"https:\/\/schema.org\",\"@graph\":[{\"@type\":\"WebPage\",\"@id\":\"https:\/\/edyceramic-shop.ro\/produs\/sistem-dus-complet-rockfield-cu-montaj-incastrat-in-perete-negru\/\",\"url\":\"https:\/\/edyceramic-shop.ro\/produs\/sistem-dus-complet-rockfield-cu-montaj-incastrat-in-perete-negru\/\",\"name\":\"Sistem du\u0219 complet ROCKFIELD, cu montaj \u00eencastrat \u00een perete - negru - Edyceramic - magazin online\",\"isPartOf\":{\"@id\":\"https:\/\/edyceramic-shop.ro\/ro\/#website\"},\"datePublished\":\"2024-10-31T12:13:51+00:00\",\"dateModified\":\"2025-08-01T11:37:18+00:00\",\"breadcrumb\":{\"@id\":\"https:\/\/edyceramic-shop.ro\/produs\/sistem-dus-complet-rockfield-cu-montaj-incastrat-in-perete-negru\/#breadcrumb\"},\"inLanguage\":\"ro-RO\",\"potentialAction\":[{\"@type\":\"ReadAction\",\"target\":[\"https:\/\/edyceramic-shop.ro\/produs\/sistem-dus-complet-rockfield-cu-montaj-incastrat-in-perete-negru\/\"]}]},{\"@type\":\"BreadcrumbList\",\"@id\":\"https:\/\/edyceramic-shop.ro\/produs\/sistem-dus-complet-rockfield-cu-montaj-incastrat-in-perete-negru\/#breadcrumb\",\"itemListElement\":[{\"@type\":\"ListItem\",\"position\":1,\"name\":\"Home\",\"item\":\"https:\/\/edyceramic-shop.ro\/\"},{\"@type\":\"ListItem\",\"position\":2,\"name\":\"Shop\",\"item\":\"https:\/\/edyceramic-shop.ro\/ro\/shop\/\"},{\"@type\":\"ListItem\",\"position\":3,\"name\":\"Sistem du\u0219 complet ROCKFIELD, cu montaj \u00eencastrat \u00een perete &#8211; negru\"}]},{\"@type\":\"WebSite\",\"@id\":\"https:\/\/edyceramic-shop.ro\/ro\/#website\",\"url\":\"https:\/\/edyceramic-shop.ro\/ro\/\",\"name\":\"edyceramic.ro\",\"description\":\"\",\"publisher\":{\"@id\":\"https:\/\/edyceramic-shop.ro\/ro\/#organization\"},\"potentialAction\":[{\"@type\":\"SearchAction\",\"target\":{\"@type\":\"EntryPoint\",\"urlTemplate\":\"https:\/\/edyceramic-shop.ro\/ro\/?s={search_term_string}\"},\"query-input\":\"required name=search_term_string\"}],\"inLanguage\":\"ro-RO\"},{\"@type\":\"Organization\",\"@id\":\"https:\/\/edyceramic-shop.ro\/ro\/#organization\",\"name\":\"Edyceramic\",\"url\":\"https:\/\/edyceramic-shop.ro\/ro\/\",\"logo\":{\"@type\":\"ImageObject\",\"inLanguage\":\"ro-RO\",\"@id\":\"https:\/\/edyceramic-shop.ro\/ro\/#\/schema\/logo\/image\/\",\"url\":\"https:\/\/edyceramic-shop.ro\/wp-content\/uploads\/2024\/02\/Logo-EdyCeramic_2021-lung.png\",\"contentUrl\":\"https:\/\/edyceramic-shop.ro\/wp-content\/uploads\/2024\/02\/Logo-EdyCeramic_2021-lung.png\",\"width\":4491,\"height\":769,\"caption\":\"Edyceramic\"},\"image\":{\"@id\":\"https:\/\/edyceramic-shop.ro\/ro\/#\/schema\/logo\/image\/\"}}]}<\/script>\n<meta property=\"product:price:amount\" content=\"2102.00\" \/>\n<meta property=\"product:price:currency\" content=\"RON\" \/>\n<meta property=\"og:availability\" content=\"instock\" \/>\n<meta property=\"product:availability\" content=\"instock\" \/>\n<meta property=\"product:retailer_item_id\" content=\"AR-9960BL\" \/>\n<meta property=\"product:condition\" content=\"new\" \/>\n<!-- \/ Yoast SEO Premium plugin. -->","yoast_head_json":{"title":"Sistem du\u0219 complet ROCKFIELD, cu montaj \u00eencastrat \u00een perete - negru - Edyceramic - magazin online","robots":{"index":"index","follow":"follow","max-snippet":"max-snippet:-1","max-image-preview":"max-image-preview:large","max-video-preview":"max-video-preview:-1"},"canonical":"https:\/\/edyceramic-shop.ro\/ro\/produs\/sistem-dus-complet-rockfield-cu-montaj-incastrat-in-perete-negru\/","og_locale":"ro_RO","og_type":"article","og_title":"Sistem du\u0219 complet ROCKFIELD, cu montaj \u00eencastrat \u00een perete - negru","og_description":"Descoper\u0103 luxul \u0219i rafinamentul cu sistemul complet de du\u0219 ROCKFIELD, ce te va \u00eent\u00e2mpina cu elegan\u021b\u0103 \u0219i func\u021bionalitate de excep\u021bie","og_url":"https:\/\/edyceramic-shop.ro\/ro\/produs\/sistem-dus-complet-rockfield-cu-montaj-incastrat-in-perete-negru\/","og_site_name":"Edyceramic - magazin online","article_modified_time":"2025-08-01T11:37:18+00:00","twitter_card":"summary_large_image","twitter_misc":{"Pre\u021b":"2.102,00&nbsp;lei","Disponibilitate":"\u00cen stoc"},"schema":{"@context":"https:\/\/schema.org","@graph":[{"@type":"WebPage","@id":"https:\/\/edyceramic-shop.ro\/produs\/sistem-dus-complet-rockfield-cu-montaj-incastrat-in-perete-negru\/","url":"https:\/\/edyceramic-shop.ro\/produs\/sistem-dus-complet-rockfield-cu-montaj-incastrat-in-perete-negru\/","name":"Sistem du\u0219 complet ROCKFIELD, cu montaj \u00eencastrat \u00een perete - negru - Edyceramic - magazin online","isPartOf":{"@id":"https:\/\/edyceramic-shop.ro\/ro\/#website"},"datePublished":"2024-10-31T12:13:51+00:00","dateModified":"2025-08-01T11:37:18+00:00","breadcrumb":{"@id":"https:\/\/edyceramic-shop.ro\/produs\/sistem-dus-complet-rockfield-cu-montaj-incastrat-in-perete-negru\/#breadcrumb"},"inLanguage":"ro-RO","potentialAction":[{"@type":"ReadAction","target":["https:\/\/edyceramic-shop.ro\/produs\/sistem-dus-complet-rockfield-cu-montaj-incastrat-in-perete-negru\/"]}]},{"@type":"BreadcrumbList","@id":"https:\/\/edyceramic-shop.ro\/produs\/sistem-dus-complet-rockfield-cu-montaj-incastrat-in-perete-negru\/#breadcrumb","itemListElement":[{"@type":"ListItem","position":1,"name":"Home","item":"https:\/\/edyceramic-shop.ro\/"},{"@type":"ListItem","position":2,"name":"Shop","item":"https:\/\/edyceramic-shop.ro\/ro\/shop\/"},{"@type":"ListItem","position":3,"name":"Sistem du\u0219 complet ROCKFIELD, cu montaj \u00eencastrat \u00een perete &#8211; negru"}]},{"@type":"WebSite","@id":"https:\/\/edyceramic-shop.ro\/ro\/#website","url":"https:\/\/edyceramic-shop.ro\/ro\/","name":"edyceramic.ro","description":"","publisher":{"@id":"https:\/\/edyceramic-shop.ro\/ro\/#organization"},"potentialAction":[{"@type":"SearchAction","target":{"@type":"EntryPoint","urlTemplate":"https:\/\/edyceramic-shop.ro\/ro\/?s={search_term_string}"},"query-input":"required name=search_term_string"}],"inLanguage":"ro-RO"},{"@type":"Organization","@id":"https:\/\/edyceramic-shop.ro\/ro\/#organization","name":"Edyceramic","url":"https:\/\/edyceramic-shop.ro\/ro\/","logo":{"@type":"ImageObject","inLanguage":"ro-RO","@id":"https:\/\/edyceramic-shop.ro\/ro\/#\/schema\/logo\/image\/","url":"https:\/\/edyceramic-shop.ro\/wp-content\/uploads\/2024\/02\/Logo-EdyCeramic_2021-lung.png","contentUrl":"https:\/\/edyceramic-shop.ro\/wp-content\/uploads\/2024\/02\/Logo-EdyCeramic_2021-lung.png","width":4491,"height":769,"caption":"Edyceramic"},"image":{"@id":"https:\/\/edyceramic-shop.ro\/ro\/#\/schema\/logo\/image\/"}}]},"product_price_amount":"2102.00","product_price_currency":"RON","og_availability":"instock","product_availability":"instock","product_retailer_item_id":"AR-9960BL","product_condition":"new"},"jetpack_sharing_enabled":true,"_links":{"self":[{"href":"https:\/\/edyceramic-shop.ro\/ro\/wp-json\/wp\/v2\/product\/26613","targetHints":{"allow":["GET"]}}],"collection":[{"href":"https:\/\/edyceramic-shop.ro\/ro\/wp-json\/wp\/v2\/product"}],"about":[{"href":"https:\/\/edyceramic-shop.ro\/ro\/wp-json\/wp\/v2\/types\/product"}],"version-history":[{"count":1,"href":"https:\/\/edyceramic-shop.ro\/ro\/wp-json\/wp\/v2\/product\/26613\/revisions"}],"predecessor-version":[{"id":26677,"href":"https:\/\/edyceramic-shop.ro\/ro\/wp-json\/wp\/v2\/product\/26613\/revisions\/26677"}],"wp:featuredmedia":[{"embeddable":true,"href":"https:\/\/edyceramic-shop.ro\/ro\/wp-json\/wp\/v2\/media\/24728"}],"wp:attachment":[{"href":"https:\/\/edyceramic-shop.ro\/ro\/wp-json\/wp\/v2\/media?parent=26613"}],"wp:term":[{"taxonomy":"product_brand","embeddable":true,"href":"https:\/\/edyceramic-shop.ro\/ro\/wp-json\/wp\/v2\/product_brand?post=26613"},{"taxonomy":"product_cat","embeddable":true,"href":"https:\/\/edyceramic-shop.ro\/ro\/wp-json\/wp\/v2\/product_cat?post=26613"},{"taxonomy":"product_tag","embeddable":true,"href":"https:\/\/edyceramic-shop.ro\/ro\/wp-json\/wp\/v2\/product_tag?post=26613"}],"curies":[{"name":"wp","href":"https:\/\/api.w.org\/{rel}","templated":true}]}}