{"id":26449,"date":"2024-10-01T14:31:53","date_gmt":"2024-10-01T12:31:53","guid":{"rendered":"https:\/\/edyceramic-shop.ro\/produs\/baterie-lavoar-inalta-grohe-esence-xl-auriu\/"},"modified":"2025-08-01T13:37:07","modified_gmt":"2025-08-01T11:37:07","slug":"baterie-lavoar-inalta-grohe-esence-xl-auriu","status":"publish","type":"product","link":"https:\/\/edyceramic-shop.ro\/ro\/produs\/baterie-lavoar-inalta-grohe-esence-xl-auriu\/","title":{"rendered":"BATERIE LAVOAR INALTA GROHE ESSENCE XL AURIU"},"content":{"rendered":"<div class=\"flex-shrink-0 flex flex-col relative items-end\">\n<div>\n<div class=\"pt-0\">\n<div class=\"gizmo-bot-avatar flex h-8 w-8 items-center justify-center overflow-hidden rounded-full\">\n<div class=\"relative p-1 rounded-sm flex items-center justify-center bg-token-main-surface-primary text-token-text-primary h-8 w-8\">Bateria pentru lavoar <strong>Grohe Essence XL<\/strong> \u00een finisaj <strong>auriu<\/strong> se remarc\u0103 printr-un design elegant \u0219i modern, ideal pentru b\u0103ile sofisticate \u0219i contemporane. Aceasta are un g\u00e2t \u00eenalt, conferind un aspect rafinat \u0219i, totodat\u0103, practic, fiind potrivit\u0103 pentru lavoarele mai mari sau de tip bol.<\/div>\n<\/div>\n<\/div>\n<\/div>\n<\/div>\n<div class=\"group\/conversation-turn relative flex w-full min-w-0 flex-col agent-turn\">\n<div class=\"flex-col gap-1 md:gap-3\">\n<div class=\"flex max-w-full flex-col flex-grow\">\n<div class=\"min-h-8 text-message flex w-full flex-col items-end gap-2 whitespace-normal break-words [.text-message+&amp;]:mt-5\" dir=\"auto\" data-message-author-role=\"assistant\" data-message-id=\"c91d31e6-3f37-4f34-a323-8641eaea61ea\">\n<div class=\"flex w-full flex-col gap-1 empty:hidden first:pt-[3px]\">\n<div class=\"markdown prose w-full break-words dark:prose-invert light\">\n<p>Principalele caracteristici ale bateriei includ:<\/p>\n<ul>\n<li><strong>Finisaj auriu periat (Cool Sunrise)<\/strong>, oferind un aspect luxos, rezistent la zg\u00e2rieturi \u0219i uzur\u0103.<\/li>\n<li><strong>Tehnologie Grohe SilkMove<\/strong>, care asigur\u0103 o utilizare lin\u0103 \u0219i precis\u0103 a manetei pentru reglarea debitului \u0219i a temperaturii apei.<\/li>\n<li><strong>Grohe StarLight<\/strong>, un finisaj durabil \u0219i u\u0219or de cur\u0103\u021bat, p\u0103str\u00e2ndu-\u0219i str\u0103lucirea de-a lungul timpului.<\/li>\n<li><strong>Tehnologia EcoJoy<\/strong>, care reduce consumul de ap\u0103 f\u0103r\u0103 a compromite presiunea, promov\u00e2nd un stil de via\u021b\u0103 ecologic.<\/li>\n<\/ul>\n<p>Aceast\u0103 baterie de lavoar aduce un plus de stil \u0219i func\u021bionalitate, fiind o alegere excelent\u0103 pentru cei care doresc s\u0103 adauge un accent de lux b\u0103ii lor.<\/p>\n<\/div>\n<\/div>\n<\/div>\n<\/div>\n<\/div>\n<\/div>\n","protected":false},"excerpt":{"rendered":"<p>Bateria pentru lavoar Grohe Essence XL \u00een finisaj auriu se remarc\u0103 printr-un design elegant \u0219i modern, ideal pentru b\u0103ile sofisticate<\/p>\n","protected":false},"featured_media":21776,"template":"","meta":[],"product_brand":[],"product_cat":[367,366,334],"product_tag":[],"class_list":{"0":"post-26449","1":"product","2":"type-product","3":"status-publish","4":"has-post-thumbnail","6":"product_cat-baterii-lavoar","7":"product_cat-baterii-de-baie","8":"product_cat-sanitare","9":"pa_colectie-essence-new","10":"pa_culoare-auriu","11":"pa_fabrica-grohe","12":"pa_material-alama","13":"pa_montaj-pe-blat","15":"first","16":"instock","17":"purchasable","18":"product-type-simple"},"yoast_head":"<!-- This site is optimized with the Yoast SEO Premium plugin v21.6 (Yoast SEO v22.1) - https:\/\/yoast.com\/wordpress\/plugins\/seo\/ -->\n<title>BATERIE LAVOAR INALTA GROHE ESSENCE XL AURIU - Edyceramic - magazin online<\/title>\n<meta name=\"robots\" content=\"index, follow, max-snippet:-1, max-image-preview:large, max-video-preview:-1\" \/>\n<link rel=\"canonical\" href=\"https:\/\/edyceramic-shop.ro\/ro\/produs\/baterie-lavoar-inalta-grohe-esence-xl-auriu\/\" \/>\n<meta property=\"og:locale\" content=\"ro_RO\" \/>\n<meta property=\"og:type\" content=\"article\" \/>\n<meta property=\"og:title\" content=\"BATERIE LAVOAR INALTA GROHE ESSENCE XL AURIU\" \/>\n<meta property=\"og:description\" content=\"Bateria pentru lavoar Grohe Essence XL \u00een finisaj auriu se remarc\u0103 printr-un design elegant \u0219i modern, ideal pentru b\u0103ile sofisticate\" \/>\n<meta property=\"og:url\" content=\"https:\/\/edyceramic-shop.ro\/ro\/produs\/baterie-lavoar-inalta-grohe-esence-xl-auriu\/\" \/>\n<meta property=\"og:site_name\" content=\"Edyceramic - magazin online\" \/>\n<meta property=\"article:modified_time\" content=\"2025-08-01T11:37:07+00:00\" \/>\n<meta property=\"og:image\" content=\"https:\/\/edyceramic-shop.ro\/wp-content\/uploads\/2024\/10\/baterie-lavoar-inalta-grohe-essence-xl-auriu-periat-cool-sunrise-1.webp\" \/>\n\t<meta property=\"og:image:width\" content=\"1000\" \/>\n\t<meta property=\"og:image:height\" content=\"1000\" \/>\n\t<meta property=\"og:image:type\" content=\"image\/webp\" \/>\n<meta name=\"twitter:card\" content=\"summary_large_image\" \/>\n<meta name=\"twitter:label1\" content=\"Pre\u021b\" \/>\n\t<meta name=\"twitter:data1\" content=\"1.771,00&nbsp;lei\" \/>\n\t<meta name=\"twitter:label2\" content=\"Disponibilitate\" \/>\n\t<meta name=\"twitter:data2\" content=\"\u00cen stoc\" \/>\n<script type=\"application\/ld+json\" class=\"yoast-schema-graph\">{\"@context\":\"https:\/\/schema.org\",\"@graph\":[{\"@type\":\"WebPage\",\"@id\":\"https:\/\/edyceramic-shop.ro\/produs\/baterie-lavoar-inalta-grohe-esence-xl-auriu\/\",\"url\":\"https:\/\/edyceramic-shop.ro\/produs\/baterie-lavoar-inalta-grohe-esence-xl-auriu\/\",\"name\":\"BATERIE LAVOAR INALTA GROHE ESSENCE XL AURIU - Edyceramic - magazin online\",\"isPartOf\":{\"@id\":\"https:\/\/edyceramic-shop.ro\/ro\/#website\"},\"datePublished\":\"2024-10-01T12:31:53+00:00\",\"dateModified\":\"2025-08-01T11:37:07+00:00\",\"breadcrumb\":{\"@id\":\"https:\/\/edyceramic-shop.ro\/produs\/baterie-lavoar-inalta-grohe-esence-xl-auriu\/#breadcrumb\"},\"inLanguage\":\"ro-RO\",\"potentialAction\":[{\"@type\":\"ReadAction\",\"target\":[\"https:\/\/edyceramic-shop.ro\/produs\/baterie-lavoar-inalta-grohe-esence-xl-auriu\/\"]}]},{\"@type\":\"BreadcrumbList\",\"@id\":\"https:\/\/edyceramic-shop.ro\/produs\/baterie-lavoar-inalta-grohe-esence-xl-auriu\/#breadcrumb\",\"itemListElement\":[{\"@type\":\"ListItem\",\"position\":1,\"name\":\"Home\",\"item\":\"https:\/\/edyceramic-shop.ro\/\"},{\"@type\":\"ListItem\",\"position\":2,\"name\":\"Shop\",\"item\":\"https:\/\/edyceramic-shop.ro\/ro\/shop\/\"},{\"@type\":\"ListItem\",\"position\":3,\"name\":\"BATERIE LAVOAR INALTA GROHE ESSENCE XL AURIU\"}]},{\"@type\":\"WebSite\",\"@id\":\"https:\/\/edyceramic-shop.ro\/ro\/#website\",\"url\":\"https:\/\/edyceramic-shop.ro\/ro\/\",\"name\":\"edyceramic.ro\",\"description\":\"\",\"publisher\":{\"@id\":\"https:\/\/edyceramic-shop.ro\/ro\/#organization\"},\"potentialAction\":[{\"@type\":\"SearchAction\",\"target\":{\"@type\":\"EntryPoint\",\"urlTemplate\":\"https:\/\/edyceramic-shop.ro\/ro\/?s={search_term_string}\"},\"query-input\":\"required name=search_term_string\"}],\"inLanguage\":\"ro-RO\"},{\"@type\":\"Organization\",\"@id\":\"https:\/\/edyceramic-shop.ro\/ro\/#organization\",\"name\":\"Edyceramic\",\"url\":\"https:\/\/edyceramic-shop.ro\/ro\/\",\"logo\":{\"@type\":\"ImageObject\",\"inLanguage\":\"ro-RO\",\"@id\":\"https:\/\/edyceramic-shop.ro\/ro\/#\/schema\/logo\/image\/\",\"url\":\"https:\/\/edyceramic-shop.ro\/wp-content\/uploads\/2024\/02\/Logo-EdyCeramic_2021-lung.png\",\"contentUrl\":\"https:\/\/edyceramic-shop.ro\/wp-content\/uploads\/2024\/02\/Logo-EdyCeramic_2021-lung.png\",\"width\":4491,\"height\":769,\"caption\":\"Edyceramic\"},\"image\":{\"@id\":\"https:\/\/edyceramic-shop.ro\/ro\/#\/schema\/logo\/image\/\"}}]}<\/script>\n<meta property=\"product:price:amount\" content=\"1771.00\" \/>\n<meta property=\"product:price:currency\" content=\"RON\" \/>\n<meta property=\"og:availability\" content=\"instock\" \/>\n<meta property=\"product:availability\" content=\"instock\" \/>\n<meta property=\"product:retailer_item_id\" content=\"6636f062b5bd-1\" \/>\n<meta property=\"product:condition\" content=\"new\" \/>\n<!-- \/ Yoast SEO Premium plugin. -->","yoast_head_json":{"title":"BATERIE LAVOAR INALTA GROHE ESSENCE XL AURIU - Edyceramic - magazin online","robots":{"index":"index","follow":"follow","max-snippet":"max-snippet:-1","max-image-preview":"max-image-preview:large","max-video-preview":"max-video-preview:-1"},"canonical":"https:\/\/edyceramic-shop.ro\/ro\/produs\/baterie-lavoar-inalta-grohe-esence-xl-auriu\/","og_locale":"ro_RO","og_type":"article","og_title":"BATERIE LAVOAR INALTA GROHE ESSENCE XL AURIU","og_description":"Bateria pentru lavoar Grohe Essence XL \u00een finisaj auriu se remarc\u0103 printr-un design elegant \u0219i modern, ideal pentru b\u0103ile sofisticate","og_url":"https:\/\/edyceramic-shop.ro\/ro\/produs\/baterie-lavoar-inalta-grohe-esence-xl-auriu\/","og_site_name":"Edyceramic - magazin online","article_modified_time":"2025-08-01T11:37:07+00:00","og_image":[{"width":1000,"height":1000,"url":"https:\/\/edyceramic-shop.ro\/wp-content\/uploads\/2024\/10\/baterie-lavoar-inalta-grohe-essence-xl-auriu-periat-cool-sunrise-1.webp","type":"image\/webp"}],"twitter_card":"summary_large_image","twitter_misc":{"Pre\u021b":"1.771,00&nbsp;lei","Disponibilitate":"\u00cen stoc"},"schema":{"@context":"https:\/\/schema.org","@graph":[{"@type":"WebPage","@id":"https:\/\/edyceramic-shop.ro\/produs\/baterie-lavoar-inalta-grohe-esence-xl-auriu\/","url":"https:\/\/edyceramic-shop.ro\/produs\/baterie-lavoar-inalta-grohe-esence-xl-auriu\/","name":"BATERIE LAVOAR INALTA GROHE ESSENCE XL AURIU - Edyceramic - magazin online","isPartOf":{"@id":"https:\/\/edyceramic-shop.ro\/ro\/#website"},"datePublished":"2024-10-01T12:31:53+00:00","dateModified":"2025-08-01T11:37:07+00:00","breadcrumb":{"@id":"https:\/\/edyceramic-shop.ro\/produs\/baterie-lavoar-inalta-grohe-esence-xl-auriu\/#breadcrumb"},"inLanguage":"ro-RO","potentialAction":[{"@type":"ReadAction","target":["https:\/\/edyceramic-shop.ro\/produs\/baterie-lavoar-inalta-grohe-esence-xl-auriu\/"]}]},{"@type":"BreadcrumbList","@id":"https:\/\/edyceramic-shop.ro\/produs\/baterie-lavoar-inalta-grohe-esence-xl-auriu\/#breadcrumb","itemListElement":[{"@type":"ListItem","position":1,"name":"Home","item":"https:\/\/edyceramic-shop.ro\/"},{"@type":"ListItem","position":2,"name":"Shop","item":"https:\/\/edyceramic-shop.ro\/ro\/shop\/"},{"@type":"ListItem","position":3,"name":"BATERIE LAVOAR INALTA GROHE ESSENCE XL AURIU"}]},{"@type":"WebSite","@id":"https:\/\/edyceramic-shop.ro\/ro\/#website","url":"https:\/\/edyceramic-shop.ro\/ro\/","name":"edyceramic.ro","description":"","publisher":{"@id":"https:\/\/edyceramic-shop.ro\/ro\/#organization"},"potentialAction":[{"@type":"SearchAction","target":{"@type":"EntryPoint","urlTemplate":"https:\/\/edyceramic-shop.ro\/ro\/?s={search_term_string}"},"query-input":"required name=search_term_string"}],"inLanguage":"ro-RO"},{"@type":"Organization","@id":"https:\/\/edyceramic-shop.ro\/ro\/#organization","name":"Edyceramic","url":"https:\/\/edyceramic-shop.ro\/ro\/","logo":{"@type":"ImageObject","inLanguage":"ro-RO","@id":"https:\/\/edyceramic-shop.ro\/ro\/#\/schema\/logo\/image\/","url":"https:\/\/edyceramic-shop.ro\/wp-content\/uploads\/2024\/02\/Logo-EdyCeramic_2021-lung.png","contentUrl":"https:\/\/edyceramic-shop.ro\/wp-content\/uploads\/2024\/02\/Logo-EdyCeramic_2021-lung.png","width":4491,"height":769,"caption":"Edyceramic"},"image":{"@id":"https:\/\/edyceramic-shop.ro\/ro\/#\/schema\/logo\/image\/"}}]},"product_price_amount":"1771.00","product_price_currency":"RON","og_availability":"instock","product_availability":"instock","product_retailer_item_id":"6636f062b5bd-1","product_condition":"new"},"jetpack_sharing_enabled":true,"_links":{"self":[{"href":"https:\/\/edyceramic-shop.ro\/ro\/wp-json\/wp\/v2\/product\/26449","targetHints":{"allow":["GET"]}}],"collection":[{"href":"https:\/\/edyceramic-shop.ro\/ro\/wp-json\/wp\/v2\/product"}],"about":[{"href":"https:\/\/edyceramic-shop.ro\/ro\/wp-json\/wp\/v2\/types\/product"}],"version-history":[{"count":1,"href":"https:\/\/edyceramic-shop.ro\/ro\/wp-json\/wp\/v2\/product\/26449\/revisions"}],"predecessor-version":[{"id":28137,"href":"https:\/\/edyceramic-shop.ro\/ro\/wp-json\/wp\/v2\/product\/26449\/revisions\/28137"}],"wp:featuredmedia":[{"embeddable":true,"href":"https:\/\/edyceramic-shop.ro\/ro\/wp-json\/wp\/v2\/media\/21776"}],"wp:attachment":[{"href":"https:\/\/edyceramic-shop.ro\/ro\/wp-json\/wp\/v2\/media?parent=26449"}],"wp:term":[{"taxonomy":"product_brand","embeddable":true,"href":"https:\/\/edyceramic-shop.ro\/ro\/wp-json\/wp\/v2\/product_brand?post=26449"},{"taxonomy":"product_cat","embeddable":true,"href":"https:\/\/edyceramic-shop.ro\/ro\/wp-json\/wp\/v2\/product_cat?post=26449"},{"taxonomy":"product_tag","embeddable":true,"href":"https:\/\/edyceramic-shop.ro\/ro\/wp-json\/wp\/v2\/product_tag?post=26449"}],"curies":[{"name":"wp","href":"https:\/\/api.w.org\/{rel}","templated":true}]}}