{"id":2427,"date":"2024-06-26T08:23:40","date_gmt":"2024-06-26T08:23:40","guid":{"rendered":"https:\/\/edyceramic-shop.ro\/product\/oglinda-j13-led-rotunda-cu-functie-dezaburire-si-touch\/"},"modified":"2025-08-01T13:31:28","modified_gmt":"2025-08-01T11:31:28","slug":"oglinda-j13-led-rotunda-cu-functie-dezaburire-si-touch","status":"publish","type":"product","link":"https:\/\/edyceramic-shop.ro\/ro\/produs\/oglinda-j13-led-rotunda-cu-functie-dezaburire-si-touch\/","title":{"rendered":"OGLINDA J13 LED ROTUNDA CU FUNCTIE DEZABURIRE SI TOUCH"},"content":{"rendered":"<p>baie J13, parte a colec\u021biei noastre de oglinzi LED. Designul s\u0103u fresh \u0219i aten\u021bia meticuloas\u0103 la detalii fac din aceast\u0103 oglind\u0103 alegerea perfect\u0103 pentru orice dimensiune a b\u0103ii tale. Oferta Monolight \u00ee\u021bi pune la dispozi\u021bie produse variate pentru a transforma orice spa\u021biu \u00eentr-un loc confortabil \u0219i frumos amenajat.<\/p>\n<p>Cu linii simple dar puternice, Oglinda J13 aduce un aer contemporan, modern, caracterizat de margini rotunjite \u0219i func\u021bii inovatoare. Beneficiezi de aprindere prin atingere (touchscreen) \u0219i de func\u021bia practic\u0103 de dezaburire, astfel \u00eenc\u00e2t s\u0103 te bucuri mereu de o vizibilitate clar\u0103, chiar \u0219i dup\u0103 un du\u0219 fierbinte.<\/p>\n<p>Specifica\u021bii tehnice:<br \/>\nForma: Rotund\u0103<br \/>\nDimensiune: 70 x 70 x 3 cm<br \/>\nMontaj: Suspendat, pe perete<br \/>\nIluminare: LED, External Light<br \/>\nAprindere: Prin atingere (touchscreen)<br \/>\nSistem de dezaburire: Cu ac\u021bionare prin buton<br \/>\nTemperatura de culoare: Lumin\u0103 rece<br \/>\nOglinda J13 este mai mult dec\u00e2t un simplu accesoriu de baie; este un element de design esen\u021bial care adaug\u0103 func\u021bionalitate \u0219i stil oric\u0103rei b\u0103i. Alege Oglinda J13 pentru a aduce un plus de lumin\u0103 \u0219i elegan\u021b\u0103 \u00een spa\u021biul t\u0103u.<\/p>\n","protected":false},"excerpt":{"rendered":"<p>baie J13, parte a colec\u021biei noastre de oglinzi LED. Designul s\u0103u fresh \u0219i aten\u021bia meticuloas\u0103 la detalii fac din aceast\u0103<\/p>\n","protected":false},"featured_media":2429,"template":"","meta":[],"product_brand":[],"product_cat":[388,384],"product_tag":[],"class_list":{"0":"post-2427","1":"product","2":"type-product","3":"status-publish","4":"has-post-thumbnail","6":"product_cat-oglinzi-baie-si-corpuri-de-iluminat","7":"product_cat-mobilier-baie","8":"pa_dimensiune-70x70hcm","9":"pa_fabrica-741","10":"pa_forma-rotunda","11":"pa_montaj-pe-perete","13":"first","14":"instock","15":"purchasable","16":"product-type-simple"},"yoast_head":"<!-- This site is optimized with the Yoast SEO Premium plugin v21.6 (Yoast SEO v22.1) - https:\/\/yoast.com\/wordpress\/plugins\/seo\/ -->\n<title>OGLINDA J13 LED ROTUNDA CU FUNCTIE DEZABURIRE SI TOUCH - Edyceramic - magazin online<\/title>\n<meta name=\"robots\" content=\"index, follow, max-snippet:-1, max-image-preview:large, max-video-preview:-1\" \/>\n<link rel=\"canonical\" href=\"https:\/\/edyceramic-shop.ro\/ro\/produs\/oglinda-j13-led-rotunda-cu-functie-dezaburire-si-touch\/\" \/>\n<meta property=\"og:locale\" content=\"ro_RO\" \/>\n<meta property=\"og:type\" content=\"article\" \/>\n<meta property=\"og:title\" content=\"OGLINDA J13 LED ROTUNDA CU FUNCTIE DEZABURIRE SI TOUCH\" \/>\n<meta property=\"og:description\" content=\"baie J13, parte a colec\u021biei noastre de oglinzi LED. Designul s\u0103u fresh \u0219i aten\u021bia meticuloas\u0103 la detalii fac din aceast\u0103\" \/>\n<meta property=\"og:url\" content=\"https:\/\/edyceramic-shop.ro\/ro\/produs\/oglinda-j13-led-rotunda-cu-functie-dezaburire-si-touch\/\" \/>\n<meta property=\"og:site_name\" content=\"Edyceramic - magazin online\" \/>\n<meta property=\"article:modified_time\" content=\"2025-08-01T11:31:28+00:00\" \/>\n<meta property=\"og:image\" content=\"https:\/\/edyceramic-shop.ro\/wp-content\/uploads\/2024\/06\/OGLINDAJ131.webp\" \/>\n\t<meta property=\"og:image:width\" content=\"823\" \/>\n\t<meta property=\"og:image:height\" content=\"823\" \/>\n\t<meta property=\"og:image:type\" content=\"image\/webp\" \/>\n<meta name=\"twitter:card\" content=\"summary_large_image\" \/>\n<meta name=\"twitter:label1\" content=\"Pre\u021b\" \/>\n\t<meta name=\"twitter:data1\" content=\"637,00&nbsp;lei\" \/>\n\t<meta name=\"twitter:label2\" content=\"Disponibilitate\" \/>\n\t<meta name=\"twitter:data2\" content=\"\u00cen stoc\" \/>\n<script type=\"application\/ld+json\" class=\"yoast-schema-graph\">{\"@context\":\"https:\/\/schema.org\",\"@graph\":[{\"@type\":\"WebPage\",\"@id\":\"https:\/\/edyceramic-shop.ro\/produs\/oglinda-j13-led-rotunda-cu-functie-dezaburire-si-touch\/\",\"url\":\"https:\/\/edyceramic-shop.ro\/produs\/oglinda-j13-led-rotunda-cu-functie-dezaburire-si-touch\/\",\"name\":\"OGLINDA J13 LED ROTUNDA CU FUNCTIE DEZABURIRE SI TOUCH - Edyceramic - magazin online\",\"isPartOf\":{\"@id\":\"https:\/\/edyceramic-shop.ro\/ro\/#website\"},\"datePublished\":\"2024-06-26T08:23:40+00:00\",\"dateModified\":\"2025-08-01T11:31:28+00:00\",\"breadcrumb\":{\"@id\":\"https:\/\/edyceramic-shop.ro\/produs\/oglinda-j13-led-rotunda-cu-functie-dezaburire-si-touch\/#breadcrumb\"},\"inLanguage\":\"ro-RO\",\"potentialAction\":[{\"@type\":\"ReadAction\",\"target\":[\"https:\/\/edyceramic-shop.ro\/produs\/oglinda-j13-led-rotunda-cu-functie-dezaburire-si-touch\/\"]}]},{\"@type\":\"BreadcrumbList\",\"@id\":\"https:\/\/edyceramic-shop.ro\/produs\/oglinda-j13-led-rotunda-cu-functie-dezaburire-si-touch\/#breadcrumb\",\"itemListElement\":[{\"@type\":\"ListItem\",\"position\":1,\"name\":\"Home\",\"item\":\"https:\/\/edyceramic-shop.ro\/\"},{\"@type\":\"ListItem\",\"position\":2,\"name\":\"Shop\",\"item\":\"https:\/\/edyceramic-shop.ro\/ro\/shop\/\"},{\"@type\":\"ListItem\",\"position\":3,\"name\":\"OGLINDA J13 LED ROTUNDA CU FUNCTIE DEZABURIRE SI TOUCH\"}]},{\"@type\":\"WebSite\",\"@id\":\"https:\/\/edyceramic-shop.ro\/ro\/#website\",\"url\":\"https:\/\/edyceramic-shop.ro\/ro\/\",\"name\":\"edyceramic.ro\",\"description\":\"\",\"publisher\":{\"@id\":\"https:\/\/edyceramic-shop.ro\/ro\/#organization\"},\"potentialAction\":[{\"@type\":\"SearchAction\",\"target\":{\"@type\":\"EntryPoint\",\"urlTemplate\":\"https:\/\/edyceramic-shop.ro\/ro\/?s={search_term_string}\"},\"query-input\":\"required name=search_term_string\"}],\"inLanguage\":\"ro-RO\"},{\"@type\":\"Organization\",\"@id\":\"https:\/\/edyceramic-shop.ro\/ro\/#organization\",\"name\":\"Edyceramic\",\"url\":\"https:\/\/edyceramic-shop.ro\/ro\/\",\"logo\":{\"@type\":\"ImageObject\",\"inLanguage\":\"ro-RO\",\"@id\":\"https:\/\/edyceramic-shop.ro\/ro\/#\/schema\/logo\/image\/\",\"url\":\"https:\/\/edyceramic-shop.ro\/wp-content\/uploads\/2024\/02\/Logo-EdyCeramic_2021-lung.png\",\"contentUrl\":\"https:\/\/edyceramic-shop.ro\/wp-content\/uploads\/2024\/02\/Logo-EdyCeramic_2021-lung.png\",\"width\":4491,\"height\":769,\"caption\":\"Edyceramic\"},\"image\":{\"@id\":\"https:\/\/edyceramic-shop.ro\/ro\/#\/schema\/logo\/image\/\"}}]}<\/script>\n<meta property=\"product:price:amount\" content=\"637.00\" \/>\n<meta property=\"product:price:currency\" content=\"RON\" \/>\n<meta property=\"og:availability\" content=\"instock\" \/>\n<meta property=\"product:availability\" content=\"instock\" \/>\n<meta property=\"product:retailer_item_id\" content=\"6fc1dc2e6d2f\" \/>\n<meta property=\"product:condition\" content=\"new\" \/>\n<!-- \/ Yoast SEO Premium plugin. -->","yoast_head_json":{"title":"OGLINDA J13 LED ROTUNDA CU FUNCTIE DEZABURIRE SI TOUCH - Edyceramic - magazin online","robots":{"index":"index","follow":"follow","max-snippet":"max-snippet:-1","max-image-preview":"max-image-preview:large","max-video-preview":"max-video-preview:-1"},"canonical":"https:\/\/edyceramic-shop.ro\/ro\/produs\/oglinda-j13-led-rotunda-cu-functie-dezaburire-si-touch\/","og_locale":"ro_RO","og_type":"article","og_title":"OGLINDA J13 LED ROTUNDA CU FUNCTIE DEZABURIRE SI TOUCH","og_description":"baie J13, parte a colec\u021biei noastre de oglinzi LED. Designul s\u0103u fresh \u0219i aten\u021bia meticuloas\u0103 la detalii fac din aceast\u0103","og_url":"https:\/\/edyceramic-shop.ro\/ro\/produs\/oglinda-j13-led-rotunda-cu-functie-dezaburire-si-touch\/","og_site_name":"Edyceramic - magazin online","article_modified_time":"2025-08-01T11:31:28+00:00","og_image":[{"width":823,"height":823,"url":"https:\/\/edyceramic-shop.ro\/wp-content\/uploads\/2024\/06\/OGLINDAJ131.webp","type":"image\/webp"}],"twitter_card":"summary_large_image","twitter_misc":{"Pre\u021b":"637,00&nbsp;lei","Disponibilitate":"\u00cen stoc"},"schema":{"@context":"https:\/\/schema.org","@graph":[{"@type":"WebPage","@id":"https:\/\/edyceramic-shop.ro\/produs\/oglinda-j13-led-rotunda-cu-functie-dezaburire-si-touch\/","url":"https:\/\/edyceramic-shop.ro\/produs\/oglinda-j13-led-rotunda-cu-functie-dezaburire-si-touch\/","name":"OGLINDA J13 LED ROTUNDA CU FUNCTIE DEZABURIRE SI TOUCH - Edyceramic - magazin online","isPartOf":{"@id":"https:\/\/edyceramic-shop.ro\/ro\/#website"},"datePublished":"2024-06-26T08:23:40+00:00","dateModified":"2025-08-01T11:31:28+00:00","breadcrumb":{"@id":"https:\/\/edyceramic-shop.ro\/produs\/oglinda-j13-led-rotunda-cu-functie-dezaburire-si-touch\/#breadcrumb"},"inLanguage":"ro-RO","potentialAction":[{"@type":"ReadAction","target":["https:\/\/edyceramic-shop.ro\/produs\/oglinda-j13-led-rotunda-cu-functie-dezaburire-si-touch\/"]}]},{"@type":"BreadcrumbList","@id":"https:\/\/edyceramic-shop.ro\/produs\/oglinda-j13-led-rotunda-cu-functie-dezaburire-si-touch\/#breadcrumb","itemListElement":[{"@type":"ListItem","position":1,"name":"Home","item":"https:\/\/edyceramic-shop.ro\/"},{"@type":"ListItem","position":2,"name":"Shop","item":"https:\/\/edyceramic-shop.ro\/ro\/shop\/"},{"@type":"ListItem","position":3,"name":"OGLINDA J13 LED ROTUNDA CU FUNCTIE DEZABURIRE SI TOUCH"}]},{"@type":"WebSite","@id":"https:\/\/edyceramic-shop.ro\/ro\/#website","url":"https:\/\/edyceramic-shop.ro\/ro\/","name":"edyceramic.ro","description":"","publisher":{"@id":"https:\/\/edyceramic-shop.ro\/ro\/#organization"},"potentialAction":[{"@type":"SearchAction","target":{"@type":"EntryPoint","urlTemplate":"https:\/\/edyceramic-shop.ro\/ro\/?s={search_term_string}"},"query-input":"required name=search_term_string"}],"inLanguage":"ro-RO"},{"@type":"Organization","@id":"https:\/\/edyceramic-shop.ro\/ro\/#organization","name":"Edyceramic","url":"https:\/\/edyceramic-shop.ro\/ro\/","logo":{"@type":"ImageObject","inLanguage":"ro-RO","@id":"https:\/\/edyceramic-shop.ro\/ro\/#\/schema\/logo\/image\/","url":"https:\/\/edyceramic-shop.ro\/wp-content\/uploads\/2024\/02\/Logo-EdyCeramic_2021-lung.png","contentUrl":"https:\/\/edyceramic-shop.ro\/wp-content\/uploads\/2024\/02\/Logo-EdyCeramic_2021-lung.png","width":4491,"height":769,"caption":"Edyceramic"},"image":{"@id":"https:\/\/edyceramic-shop.ro\/ro\/#\/schema\/logo\/image\/"}}]},"product_price_amount":"637.00","product_price_currency":"RON","og_availability":"instock","product_availability":"instock","product_retailer_item_id":"6fc1dc2e6d2f","product_condition":"new"},"jetpack_sharing_enabled":true,"_links":{"self":[{"href":"https:\/\/edyceramic-shop.ro\/ro\/wp-json\/wp\/v2\/product\/2427","targetHints":{"allow":["GET"]}}],"collection":[{"href":"https:\/\/edyceramic-shop.ro\/ro\/wp-json\/wp\/v2\/product"}],"about":[{"href":"https:\/\/edyceramic-shop.ro\/ro\/wp-json\/wp\/v2\/types\/product"}],"version-history":[{"count":0,"href":"https:\/\/edyceramic-shop.ro\/ro\/wp-json\/wp\/v2\/product\/2427\/revisions"}],"wp:featuredmedia":[{"embeddable":true,"href":"https:\/\/edyceramic-shop.ro\/ro\/wp-json\/wp\/v2\/media\/2429"}],"wp:attachment":[{"href":"https:\/\/edyceramic-shop.ro\/ro\/wp-json\/wp\/v2\/media?parent=2427"}],"wp:term":[{"taxonomy":"product_brand","embeddable":true,"href":"https:\/\/edyceramic-shop.ro\/ro\/wp-json\/wp\/v2\/product_brand?post=2427"},{"taxonomy":"product_cat","embeddable":true,"href":"https:\/\/edyceramic-shop.ro\/ro\/wp-json\/wp\/v2\/product_cat?post=2427"},{"taxonomy":"product_tag","embeddable":true,"href":"https:\/\/edyceramic-shop.ro\/ro\/wp-json\/wp\/v2\/product_tag?post=2427"}],"curies":[{"name":"wp","href":"https:\/\/api.w.org\/{rel}","templated":true}]}}