{"id":24134,"date":"2024-10-29T13:40:12","date_gmt":"2024-10-29T11:40:12","guid":{"rendered":"https:\/\/edyceramic-shop.ro\/produs\/caramida-aparenta-modulo-florence\/"},"modified":"2025-08-01T13:36:42","modified_gmt":"2025-08-01T11:36:42","slug":"caramida-aparenta-modulo-florence","status":"publish","type":"product","link":"https:\/\/edyceramic-shop.ro\/ro\/produs\/caramida-aparenta-modulo-florence\/","title":{"rendered":"C\u0103r\u0103mid\u0103 Aparent\u0103 Modulo Florence"},"content":{"rendered":"<p>Aspectul \u00eemb\u0103tr\u00e2nit \u0219i patinat al c\u0103r\u0103mizii va reu\u0219i s\u0103 creeze o atmosfer\u0103 cald\u0103 \u0219i va servi drept un excelent punct de interes vizual \u00een interior. C\u0103r\u0103mizile Florence pot fi folosite drept fundal \u00een buc\u0103t\u0103rie \u0219i vor oferi o not\u0103 de elegan\u021b\u0103 unei amenaj\u0103ri \u00een stil rustic. T<\/p>\n<p>endin\u021bele din ultimii ani ne arat\u0103 c\u0103 \u00eencorporarea elementelor naturale \u00een interior precum c\u0103r\u0103mida aparent\u0103 este un pas necesar \u00een amenaj\u0103ri, deoarece ofer\u0103 oric\u0103rui spa\u021biu un aspect unic \u0219i atemporal.<\/p>\n<p>C\u0103r\u0103mida Florence poate fi amplasat\u0103 at\u00e2t \u00een exterior, c\u00e2t \u0219i \u00een interior. Este rezistent\u0103 la umiditate sau la c\u0103ldura \u0219emineului, dar evit\u0103 zonele \u00een care exist\u0103 contact direct cu apa precum du\u0219ul. Este o op\u021biune foarte bun\u0103 pentru exterior, deoarece lumina natural\u0103 scoate \u0219i mai mult \u00een eviden\u021b\u0103 modelul.<\/p>\n<p>Pentru c\u0103 Florence este un model de c\u0103r\u0103mid\u0103 cu aspect tradi\u021bional vintage, folosirea chitului potrivit va face toat\u0103 diferen\u021ba. Recomand\u0103m modelul de chit Old-Fashioned pentru a completa amenajarea, \u00eentruc\u00e2t vei ob\u021bine aspectul autentic al unor rosturi care au \u00eemb\u0103tr\u00e2nit frumos. Chitul este foarte u\u0219or de aplicat \u0219i se folose\u0219te pentru umplerea spa\u021biilor goale dintre c\u0103r\u0103mizi. Elimin\u0103 excesul de chit cu ajutorul unei spatule \u0219i astfel vei ob\u021bine rezultate profesionale.<\/p>\n<p>Nu ai nevoie de prea mult\u0103 experien\u021b\u0103 sau de ajutorul unui specialist. Doar urmeaz\u0103 pa\u0219ii din videoclipul cu instruc\u021biuni pas cu pas.<\/p>\n","protected":false},"excerpt":{"rendered":"<p>Aspectul \u00eemb\u0103tr\u00e2nit \u0219i patinat al c\u0103r\u0103mizii va reu\u0219i s\u0103 creeze o atmosfer\u0103 cald\u0103 \u0219i va servi drept un excelent punct<\/p>\n","protected":false},"featured_media":23696,"template":"","meta":[],"product_brand":[],"product_cat":[467,305],"product_tag":[],"class_list":{"0":"post-24134","1":"product","2":"type-product","3":"status-publish","4":"has-post-thumbnail","6":"product_cat-gresie-si-faianta","7":"product_cat-piatra-decorativa","8":"pa_ambalare-0-5m2-cutie","9":"pa_dimensiune-20-5-22-x-5-6-6-5cm","10":"pa_fabrica-modulo","11":"pa_finisaj-2841","12":"pa_numar-de-placi-in-pachet-2840","13":"pa_rezistent-la-inghet-da","14":"pa_utilizabil-pe-semineu-da","15":"pa_utilizare-interior-exterior","17":"first","18":"instock","19":"purchasable","20":"product-type-simple"},"yoast_head":"<!-- This site is optimized with the Yoast SEO Premium plugin v21.6 (Yoast SEO v22.1) - https:\/\/yoast.com\/wordpress\/plugins\/seo\/ -->\n<title>C\u0103r\u0103mid\u0103 Aparent\u0103 Modulo Florence - Edyceramic - magazin online<\/title>\n<meta name=\"robots\" content=\"index, follow, max-snippet:-1, max-image-preview:large, max-video-preview:-1\" \/>\n<link rel=\"canonical\" href=\"https:\/\/edyceramic-shop.ro\/ro\/produs\/caramida-aparenta-modulo-florence\/\" \/>\n<meta property=\"og:locale\" content=\"ro_RO\" \/>\n<meta property=\"og:type\" content=\"article\" \/>\n<meta property=\"og:title\" content=\"C\u0103r\u0103mid\u0103 Aparent\u0103 Modulo Florence\" \/>\n<meta property=\"og:description\" content=\"Aspectul \u00eemb\u0103tr\u00e2nit \u0219i patinat al c\u0103r\u0103mizii va reu\u0219i s\u0103 creeze o atmosfer\u0103 cald\u0103 \u0219i va servi drept un excelent punct\" \/>\n<meta property=\"og:url\" content=\"https:\/\/edyceramic-shop.ro\/ro\/produs\/caramida-aparenta-modulo-florence\/\" \/>\n<meta property=\"og:site_name\" content=\"Edyceramic - magazin online\" \/>\n<meta property=\"article:modified_time\" content=\"2025-08-01T11:36:42+00:00\" \/>\n<meta property=\"og:image\" content=\"https:\/\/edyceramic-shop.ro\/wp-content\/uploads\/2024\/10\/florence-brick-ambiance-int-1200x800-1.webp\" \/>\n\t<meta property=\"og:image:width\" content=\"1200\" \/>\n\t<meta property=\"og:image:height\" content=\"800\" \/>\n\t<meta property=\"og:image:type\" content=\"image\/webp\" \/>\n<meta name=\"twitter:card\" content=\"summary_large_image\" \/>\n<meta name=\"twitter:label1\" content=\"Pre\u021b\" \/>\n\t<meta name=\"twitter:data1\" content=\"112,00&nbsp;lei\" \/>\n\t<meta name=\"twitter:label2\" content=\"Disponibilitate\" \/>\n\t<meta name=\"twitter:data2\" content=\"\u00cen stoc\" \/>\n<script type=\"application\/ld+json\" class=\"yoast-schema-graph\">{\"@context\":\"https:\/\/schema.org\",\"@graph\":[{\"@type\":\"WebPage\",\"@id\":\"https:\/\/edyceramic-shop.ro\/produs\/caramida-aparenta-modulo-florence\/\",\"url\":\"https:\/\/edyceramic-shop.ro\/produs\/caramida-aparenta-modulo-florence\/\",\"name\":\"C\u0103r\u0103mid\u0103 Aparent\u0103 Modulo Florence - Edyceramic - magazin online\",\"isPartOf\":{\"@id\":\"https:\/\/edyceramic-shop.ro\/ro\/#website\"},\"datePublished\":\"2024-10-29T11:40:12+00:00\",\"dateModified\":\"2025-08-01T11:36:42+00:00\",\"breadcrumb\":{\"@id\":\"https:\/\/edyceramic-shop.ro\/produs\/caramida-aparenta-modulo-florence\/#breadcrumb\"},\"inLanguage\":\"ro-RO\",\"potentialAction\":[{\"@type\":\"ReadAction\",\"target\":[\"https:\/\/edyceramic-shop.ro\/produs\/caramida-aparenta-modulo-florence\/\"]}]},{\"@type\":\"BreadcrumbList\",\"@id\":\"https:\/\/edyceramic-shop.ro\/produs\/caramida-aparenta-modulo-florence\/#breadcrumb\",\"itemListElement\":[{\"@type\":\"ListItem\",\"position\":1,\"name\":\"Home\",\"item\":\"https:\/\/edyceramic-shop.ro\/\"},{\"@type\":\"ListItem\",\"position\":2,\"name\":\"Shop\",\"item\":\"https:\/\/edyceramic-shop.ro\/ro\/shop\/\"},{\"@type\":\"ListItem\",\"position\":3,\"name\":\"C\u0103r\u0103mid\u0103 Aparent\u0103 Modulo Florence\"}]},{\"@type\":\"WebSite\",\"@id\":\"https:\/\/edyceramic-shop.ro\/ro\/#website\",\"url\":\"https:\/\/edyceramic-shop.ro\/ro\/\",\"name\":\"edyceramic.ro\",\"description\":\"\",\"publisher\":{\"@id\":\"https:\/\/edyceramic-shop.ro\/ro\/#organization\"},\"potentialAction\":[{\"@type\":\"SearchAction\",\"target\":{\"@type\":\"EntryPoint\",\"urlTemplate\":\"https:\/\/edyceramic-shop.ro\/ro\/?s={search_term_string}\"},\"query-input\":\"required name=search_term_string\"}],\"inLanguage\":\"ro-RO\"},{\"@type\":\"Organization\",\"@id\":\"https:\/\/edyceramic-shop.ro\/ro\/#organization\",\"name\":\"Edyceramic\",\"url\":\"https:\/\/edyceramic-shop.ro\/ro\/\",\"logo\":{\"@type\":\"ImageObject\",\"inLanguage\":\"ro-RO\",\"@id\":\"https:\/\/edyceramic-shop.ro\/ro\/#\/schema\/logo\/image\/\",\"url\":\"https:\/\/edyceramic-shop.ro\/wp-content\/uploads\/2024\/02\/Logo-EdyCeramic_2021-lung.png\",\"contentUrl\":\"https:\/\/edyceramic-shop.ro\/wp-content\/uploads\/2024\/02\/Logo-EdyCeramic_2021-lung.png\",\"width\":4491,\"height\":769,\"caption\":\"Edyceramic\"},\"image\":{\"@id\":\"https:\/\/edyceramic-shop.ro\/ro\/#\/schema\/logo\/image\/\"}}]}<\/script>\n<meta property=\"product:price:amount\" content=\"112.00\" \/>\n<meta property=\"product:price:currency\" content=\"RON\" \/>\n<meta property=\"og:availability\" content=\"instock\" \/>\n<meta property=\"product:availability\" content=\"instock\" \/>\n<meta property=\"product:retailer_item_id\" content=\"d791baff2f4e\" \/>\n<meta property=\"product:condition\" content=\"new\" \/>\n<!-- \/ Yoast SEO Premium plugin. -->","yoast_head_json":{"title":"C\u0103r\u0103mid\u0103 Aparent\u0103 Modulo Florence - Edyceramic - magazin online","robots":{"index":"index","follow":"follow","max-snippet":"max-snippet:-1","max-image-preview":"max-image-preview:large","max-video-preview":"max-video-preview:-1"},"canonical":"https:\/\/edyceramic-shop.ro\/ro\/produs\/caramida-aparenta-modulo-florence\/","og_locale":"ro_RO","og_type":"article","og_title":"C\u0103r\u0103mid\u0103 Aparent\u0103 Modulo Florence","og_description":"Aspectul \u00eemb\u0103tr\u00e2nit \u0219i patinat al c\u0103r\u0103mizii va reu\u0219i s\u0103 creeze o atmosfer\u0103 cald\u0103 \u0219i va servi drept un excelent punct","og_url":"https:\/\/edyceramic-shop.ro\/ro\/produs\/caramida-aparenta-modulo-florence\/","og_site_name":"Edyceramic - magazin online","article_modified_time":"2025-08-01T11:36:42+00:00","og_image":[{"width":1200,"height":800,"url":"https:\/\/edyceramic-shop.ro\/wp-content\/uploads\/2024\/10\/florence-brick-ambiance-int-1200x800-1.webp","type":"image\/webp"}],"twitter_card":"summary_large_image","twitter_misc":{"Pre\u021b":"112,00&nbsp;lei","Disponibilitate":"\u00cen stoc"},"schema":{"@context":"https:\/\/schema.org","@graph":[{"@type":"WebPage","@id":"https:\/\/edyceramic-shop.ro\/produs\/caramida-aparenta-modulo-florence\/","url":"https:\/\/edyceramic-shop.ro\/produs\/caramida-aparenta-modulo-florence\/","name":"C\u0103r\u0103mid\u0103 Aparent\u0103 Modulo Florence - Edyceramic - magazin online","isPartOf":{"@id":"https:\/\/edyceramic-shop.ro\/ro\/#website"},"datePublished":"2024-10-29T11:40:12+00:00","dateModified":"2025-08-01T11:36:42+00:00","breadcrumb":{"@id":"https:\/\/edyceramic-shop.ro\/produs\/caramida-aparenta-modulo-florence\/#breadcrumb"},"inLanguage":"ro-RO","potentialAction":[{"@type":"ReadAction","target":["https:\/\/edyceramic-shop.ro\/produs\/caramida-aparenta-modulo-florence\/"]}]},{"@type":"BreadcrumbList","@id":"https:\/\/edyceramic-shop.ro\/produs\/caramida-aparenta-modulo-florence\/#breadcrumb","itemListElement":[{"@type":"ListItem","position":1,"name":"Home","item":"https:\/\/edyceramic-shop.ro\/"},{"@type":"ListItem","position":2,"name":"Shop","item":"https:\/\/edyceramic-shop.ro\/ro\/shop\/"},{"@type":"ListItem","position":3,"name":"C\u0103r\u0103mid\u0103 Aparent\u0103 Modulo Florence"}]},{"@type":"WebSite","@id":"https:\/\/edyceramic-shop.ro\/ro\/#website","url":"https:\/\/edyceramic-shop.ro\/ro\/","name":"edyceramic.ro","description":"","publisher":{"@id":"https:\/\/edyceramic-shop.ro\/ro\/#organization"},"potentialAction":[{"@type":"SearchAction","target":{"@type":"EntryPoint","urlTemplate":"https:\/\/edyceramic-shop.ro\/ro\/?s={search_term_string}"},"query-input":"required name=search_term_string"}],"inLanguage":"ro-RO"},{"@type":"Organization","@id":"https:\/\/edyceramic-shop.ro\/ro\/#organization","name":"Edyceramic","url":"https:\/\/edyceramic-shop.ro\/ro\/","logo":{"@type":"ImageObject","inLanguage":"ro-RO","@id":"https:\/\/edyceramic-shop.ro\/ro\/#\/schema\/logo\/image\/","url":"https:\/\/edyceramic-shop.ro\/wp-content\/uploads\/2024\/02\/Logo-EdyCeramic_2021-lung.png","contentUrl":"https:\/\/edyceramic-shop.ro\/wp-content\/uploads\/2024\/02\/Logo-EdyCeramic_2021-lung.png","width":4491,"height":769,"caption":"Edyceramic"},"image":{"@id":"https:\/\/edyceramic-shop.ro\/ro\/#\/schema\/logo\/image\/"}}]},"product_price_amount":"112.00","product_price_currency":"RON","og_availability":"instock","product_availability":"instock","product_retailer_item_id":"d791baff2f4e","product_condition":"new"},"jetpack_sharing_enabled":true,"_links":{"self":[{"href":"https:\/\/edyceramic-shop.ro\/ro\/wp-json\/wp\/v2\/product\/24134","targetHints":{"allow":["GET"]}}],"collection":[{"href":"https:\/\/edyceramic-shop.ro\/ro\/wp-json\/wp\/v2\/product"}],"about":[{"href":"https:\/\/edyceramic-shop.ro\/ro\/wp-json\/wp\/v2\/types\/product"}],"version-history":[{"count":1,"href":"https:\/\/edyceramic-shop.ro\/ro\/wp-json\/wp\/v2\/product\/24134\/revisions"}],"predecessor-version":[{"id":24135,"href":"https:\/\/edyceramic-shop.ro\/ro\/wp-json\/wp\/v2\/product\/24134\/revisions\/24135"}],"wp:featuredmedia":[{"embeddable":true,"href":"https:\/\/edyceramic-shop.ro\/ro\/wp-json\/wp\/v2\/media\/23696"}],"wp:attachment":[{"href":"https:\/\/edyceramic-shop.ro\/ro\/wp-json\/wp\/v2\/media?parent=24134"}],"wp:term":[{"taxonomy":"product_brand","embeddable":true,"href":"https:\/\/edyceramic-shop.ro\/ro\/wp-json\/wp\/v2\/product_brand?post=24134"},{"taxonomy":"product_cat","embeddable":true,"href":"https:\/\/edyceramic-shop.ro\/ro\/wp-json\/wp\/v2\/product_cat?post=24134"},{"taxonomy":"product_tag","embeddable":true,"href":"https:\/\/edyceramic-shop.ro\/ro\/wp-json\/wp\/v2\/product_tag?post=24134"}],"curies":[{"name":"wp","href":"https:\/\/api.w.org\/{rel}","templated":true}]}}