{"id":24132,"date":"2024-10-29T13:40:12","date_gmt":"2024-10-29T11:40:12","guid":{"rendered":"https:\/\/edyceramic-shop.ro\/produs\/caramida-aparenta-modulo-chester-sunset\/"},"modified":"2025-08-01T13:36:42","modified_gmt":"2025-08-01T11:36:42","slug":"caramida-aparenta-modulo-chester-sunset","status":"publish","type":"product","link":"https:\/\/edyceramic-shop.ro\/ro\/produs\/caramida-aparenta-modulo-chester-sunset\/","title":{"rendered":"C\u0103r\u0103mid\u0103 Aparent\u0103 Modulo Chester Sunset"},"content":{"rendered":"<p>Nuan\u021bele care imit\u0103 petele subtile de fum se combin\u0103 cu cele de ro\u0219u tradi\u021bional al c\u0103r\u0103mizilor, pentru un aspect complet autentic. Acest model va reu\u0219i f\u0103r\u0103 niciun efort s\u0103 \u00ee\u021bi schimbe complet locuin\u021ba \u00een exterior \u0219i \u00een interior.<\/p>\n<p>C\u0103r\u0103mizile Chester Sunset pot fi folosite pentru crearea unui perete de accent sau chiar pentru toat\u0103 fa\u021bada casei. Este un element decorativ de efect, care se poate combina cu diverse stiluri de design interior. At\u00e2t mobilierul clasic, c\u00e2t \u0219i cel modern vor reu\u0219i s\u0103 complimenteze perfect aspectul vintage al c\u0103r\u0103mizii.<\/p>\n<p>Montarea se face foarte u\u0219or. Pl\u0103cile de c\u0103r\u0103mid\u0103 se lipesc direct pe suprafa\u021b\u0103 cu ajutorul adezivului potrivit. Odat\u0103 amplasate, chituie\u0219te rosturile \u0219i bucur\u0103-te de noul t\u0103u perete!<\/p>\n","protected":false},"excerpt":{"rendered":"<p>Nuan\u021bele care imit\u0103 petele subtile de fum se combin\u0103 cu cele de ro\u0219u tradi\u021bional al c\u0103r\u0103mizilor, pentru un aspect complet<\/p>\n","protected":false},"featured_media":23675,"template":"","meta":[],"product_brand":[],"product_cat":[467,305],"product_tag":[],"class_list":{"0":"post-24132","1":"product","2":"type-product","3":"status-publish","4":"has-post-thumbnail","6":"product_cat-gresie-si-faianta","7":"product_cat-piatra-decorativa","8":"pa_ambalare-1m2-cutie","9":"pa_dimensiune-20-5-22-x-5-6-6-5cm","10":"pa_fabrica-modulo","11":"pa_finisaj-56-60","12":"pa_numar-de-placi-in-pachet-56-60","13":"pa_rezistent-la-inghet-da","14":"pa_utilizabil-pe-semineu-da","15":"pa_utilizare-interior-exterior","17":"first","18":"instock","19":"purchasable","20":"product-type-simple"},"yoast_head":"<!-- This site is optimized with the Yoast SEO Premium plugin v21.6 (Yoast SEO v22.1) - https:\/\/yoast.com\/wordpress\/plugins\/seo\/ -->\n<title>C\u0103r\u0103mid\u0103 Aparent\u0103 Modulo Chester Sunset - Edyceramic - magazin online<\/title>\n<meta name=\"robots\" content=\"index, follow, max-snippet:-1, max-image-preview:large, max-video-preview:-1\" \/>\n<link rel=\"canonical\" href=\"https:\/\/edyceramic-shop.ro\/ro\/produs\/caramida-aparenta-modulo-chester-sunset\/\" \/>\n<meta property=\"og:locale\" content=\"ro_RO\" \/>\n<meta property=\"og:type\" content=\"article\" \/>\n<meta property=\"og:title\" content=\"C\u0103r\u0103mid\u0103 Aparent\u0103 Modulo Chester Sunset\" \/>\n<meta property=\"og:description\" content=\"Nuan\u021bele care imit\u0103 petele subtile de fum se combin\u0103 cu cele de ro\u0219u tradi\u021bional al c\u0103r\u0103mizilor, pentru un aspect complet\" \/>\n<meta property=\"og:url\" content=\"https:\/\/edyceramic-shop.ro\/ro\/produs\/caramida-aparenta-modulo-chester-sunset\/\" \/>\n<meta property=\"og:site_name\" content=\"Edyceramic - magazin online\" \/>\n<meta property=\"article:modified_time\" content=\"2025-08-01T11:36:42+00:00\" \/>\n<meta property=\"og:image\" content=\"https:\/\/edyceramic-shop.ro\/wp-content\/uploads\/2024\/10\/chester-sunset-ambiance-1200x800-1.webp\" \/>\n\t<meta property=\"og:image:width\" content=\"1200\" \/>\n\t<meta property=\"og:image:height\" content=\"800\" \/>\n\t<meta property=\"og:image:type\" content=\"image\/webp\" \/>\n<meta name=\"twitter:card\" content=\"summary_large_image\" \/>\n<meta name=\"twitter:label1\" content=\"Pre\u021b\" \/>\n\t<meta name=\"twitter:data1\" content=\"184,00&nbsp;lei\" \/>\n\t<meta name=\"twitter:label2\" content=\"Disponibilitate\" \/>\n\t<meta name=\"twitter:data2\" content=\"\u00cen stoc\" \/>\n<script type=\"application\/ld+json\" class=\"yoast-schema-graph\">{\"@context\":\"https:\/\/schema.org\",\"@graph\":[{\"@type\":\"WebPage\",\"@id\":\"https:\/\/edyceramic-shop.ro\/produs\/caramida-aparenta-modulo-chester-sunset\/\",\"url\":\"https:\/\/edyceramic-shop.ro\/produs\/caramida-aparenta-modulo-chester-sunset\/\",\"name\":\"C\u0103r\u0103mid\u0103 Aparent\u0103 Modulo Chester Sunset - Edyceramic - magazin online\",\"isPartOf\":{\"@id\":\"https:\/\/edyceramic-shop.ro\/ro\/#website\"},\"datePublished\":\"2024-10-29T11:40:12+00:00\",\"dateModified\":\"2025-08-01T11:36:42+00:00\",\"breadcrumb\":{\"@id\":\"https:\/\/edyceramic-shop.ro\/produs\/caramida-aparenta-modulo-chester-sunset\/#breadcrumb\"},\"inLanguage\":\"ro-RO\",\"potentialAction\":[{\"@type\":\"ReadAction\",\"target\":[\"https:\/\/edyceramic-shop.ro\/produs\/caramida-aparenta-modulo-chester-sunset\/\"]}]},{\"@type\":\"BreadcrumbList\",\"@id\":\"https:\/\/edyceramic-shop.ro\/produs\/caramida-aparenta-modulo-chester-sunset\/#breadcrumb\",\"itemListElement\":[{\"@type\":\"ListItem\",\"position\":1,\"name\":\"Home\",\"item\":\"https:\/\/edyceramic-shop.ro\/\"},{\"@type\":\"ListItem\",\"position\":2,\"name\":\"Shop\",\"item\":\"https:\/\/edyceramic-shop.ro\/ro\/shop\/\"},{\"@type\":\"ListItem\",\"position\":3,\"name\":\"C\u0103r\u0103mid\u0103 Aparent\u0103 Modulo Chester Sunset\"}]},{\"@type\":\"WebSite\",\"@id\":\"https:\/\/edyceramic-shop.ro\/ro\/#website\",\"url\":\"https:\/\/edyceramic-shop.ro\/ro\/\",\"name\":\"edyceramic.ro\",\"description\":\"\",\"publisher\":{\"@id\":\"https:\/\/edyceramic-shop.ro\/ro\/#organization\"},\"potentialAction\":[{\"@type\":\"SearchAction\",\"target\":{\"@type\":\"EntryPoint\",\"urlTemplate\":\"https:\/\/edyceramic-shop.ro\/ro\/?s={search_term_string}\"},\"query-input\":\"required name=search_term_string\"}],\"inLanguage\":\"ro-RO\"},{\"@type\":\"Organization\",\"@id\":\"https:\/\/edyceramic-shop.ro\/ro\/#organization\",\"name\":\"Edyceramic\",\"url\":\"https:\/\/edyceramic-shop.ro\/ro\/\",\"logo\":{\"@type\":\"ImageObject\",\"inLanguage\":\"ro-RO\",\"@id\":\"https:\/\/edyceramic-shop.ro\/ro\/#\/schema\/logo\/image\/\",\"url\":\"https:\/\/edyceramic-shop.ro\/wp-content\/uploads\/2024\/02\/Logo-EdyCeramic_2021-lung.png\",\"contentUrl\":\"https:\/\/edyceramic-shop.ro\/wp-content\/uploads\/2024\/02\/Logo-EdyCeramic_2021-lung.png\",\"width\":4491,\"height\":769,\"caption\":\"Edyceramic\"},\"image\":{\"@id\":\"https:\/\/edyceramic-shop.ro\/ro\/#\/schema\/logo\/image\/\"}}]}<\/script>\n<meta property=\"product:price:amount\" content=\"184.00\" \/>\n<meta property=\"product:price:currency\" content=\"RON\" \/>\n<meta property=\"og:availability\" content=\"instock\" \/>\n<meta property=\"product:availability\" content=\"instock\" \/>\n<meta property=\"product:retailer_item_id\" content=\"38c2dfc0a1b0\" \/>\n<meta property=\"product:condition\" content=\"new\" \/>\n<!-- \/ Yoast SEO Premium plugin. -->","yoast_head_json":{"title":"C\u0103r\u0103mid\u0103 Aparent\u0103 Modulo Chester Sunset - Edyceramic - magazin online","robots":{"index":"index","follow":"follow","max-snippet":"max-snippet:-1","max-image-preview":"max-image-preview:large","max-video-preview":"max-video-preview:-1"},"canonical":"https:\/\/edyceramic-shop.ro\/ro\/produs\/caramida-aparenta-modulo-chester-sunset\/","og_locale":"ro_RO","og_type":"article","og_title":"C\u0103r\u0103mid\u0103 Aparent\u0103 Modulo Chester Sunset","og_description":"Nuan\u021bele care imit\u0103 petele subtile de fum se combin\u0103 cu cele de ro\u0219u tradi\u021bional al c\u0103r\u0103mizilor, pentru un aspect complet","og_url":"https:\/\/edyceramic-shop.ro\/ro\/produs\/caramida-aparenta-modulo-chester-sunset\/","og_site_name":"Edyceramic - magazin online","article_modified_time":"2025-08-01T11:36:42+00:00","og_image":[{"width":1200,"height":800,"url":"https:\/\/edyceramic-shop.ro\/wp-content\/uploads\/2024\/10\/chester-sunset-ambiance-1200x800-1.webp","type":"image\/webp"}],"twitter_card":"summary_large_image","twitter_misc":{"Pre\u021b":"184,00&nbsp;lei","Disponibilitate":"\u00cen stoc"},"schema":{"@context":"https:\/\/schema.org","@graph":[{"@type":"WebPage","@id":"https:\/\/edyceramic-shop.ro\/produs\/caramida-aparenta-modulo-chester-sunset\/","url":"https:\/\/edyceramic-shop.ro\/produs\/caramida-aparenta-modulo-chester-sunset\/","name":"C\u0103r\u0103mid\u0103 Aparent\u0103 Modulo Chester Sunset - Edyceramic - magazin online","isPartOf":{"@id":"https:\/\/edyceramic-shop.ro\/ro\/#website"},"datePublished":"2024-10-29T11:40:12+00:00","dateModified":"2025-08-01T11:36:42+00:00","breadcrumb":{"@id":"https:\/\/edyceramic-shop.ro\/produs\/caramida-aparenta-modulo-chester-sunset\/#breadcrumb"},"inLanguage":"ro-RO","potentialAction":[{"@type":"ReadAction","target":["https:\/\/edyceramic-shop.ro\/produs\/caramida-aparenta-modulo-chester-sunset\/"]}]},{"@type":"BreadcrumbList","@id":"https:\/\/edyceramic-shop.ro\/produs\/caramida-aparenta-modulo-chester-sunset\/#breadcrumb","itemListElement":[{"@type":"ListItem","position":1,"name":"Home","item":"https:\/\/edyceramic-shop.ro\/"},{"@type":"ListItem","position":2,"name":"Shop","item":"https:\/\/edyceramic-shop.ro\/ro\/shop\/"},{"@type":"ListItem","position":3,"name":"C\u0103r\u0103mid\u0103 Aparent\u0103 Modulo Chester Sunset"}]},{"@type":"WebSite","@id":"https:\/\/edyceramic-shop.ro\/ro\/#website","url":"https:\/\/edyceramic-shop.ro\/ro\/","name":"edyceramic.ro","description":"","publisher":{"@id":"https:\/\/edyceramic-shop.ro\/ro\/#organization"},"potentialAction":[{"@type":"SearchAction","target":{"@type":"EntryPoint","urlTemplate":"https:\/\/edyceramic-shop.ro\/ro\/?s={search_term_string}"},"query-input":"required name=search_term_string"}],"inLanguage":"ro-RO"},{"@type":"Organization","@id":"https:\/\/edyceramic-shop.ro\/ro\/#organization","name":"Edyceramic","url":"https:\/\/edyceramic-shop.ro\/ro\/","logo":{"@type":"ImageObject","inLanguage":"ro-RO","@id":"https:\/\/edyceramic-shop.ro\/ro\/#\/schema\/logo\/image\/","url":"https:\/\/edyceramic-shop.ro\/wp-content\/uploads\/2024\/02\/Logo-EdyCeramic_2021-lung.png","contentUrl":"https:\/\/edyceramic-shop.ro\/wp-content\/uploads\/2024\/02\/Logo-EdyCeramic_2021-lung.png","width":4491,"height":769,"caption":"Edyceramic"},"image":{"@id":"https:\/\/edyceramic-shop.ro\/ro\/#\/schema\/logo\/image\/"}}]},"product_price_amount":"184.00","product_price_currency":"RON","og_availability":"instock","product_availability":"instock","product_retailer_item_id":"38c2dfc0a1b0","product_condition":"new"},"jetpack_sharing_enabled":true,"_links":{"self":[{"href":"https:\/\/edyceramic-shop.ro\/ro\/wp-json\/wp\/v2\/product\/24132","targetHints":{"allow":["GET"]}}],"collection":[{"href":"https:\/\/edyceramic-shop.ro\/ro\/wp-json\/wp\/v2\/product"}],"about":[{"href":"https:\/\/edyceramic-shop.ro\/ro\/wp-json\/wp\/v2\/types\/product"}],"version-history":[{"count":1,"href":"https:\/\/edyceramic-shop.ro\/ro\/wp-json\/wp\/v2\/product\/24132\/revisions"}],"predecessor-version":[{"id":24133,"href":"https:\/\/edyceramic-shop.ro\/ro\/wp-json\/wp\/v2\/product\/24132\/revisions\/24133"}],"wp:featuredmedia":[{"embeddable":true,"href":"https:\/\/edyceramic-shop.ro\/ro\/wp-json\/wp\/v2\/media\/23675"}],"wp:attachment":[{"href":"https:\/\/edyceramic-shop.ro\/ro\/wp-json\/wp\/v2\/media?parent=24132"}],"wp:term":[{"taxonomy":"product_brand","embeddable":true,"href":"https:\/\/edyceramic-shop.ro\/ro\/wp-json\/wp\/v2\/product_brand?post=24132"},{"taxonomy":"product_cat","embeddable":true,"href":"https:\/\/edyceramic-shop.ro\/ro\/wp-json\/wp\/v2\/product_cat?post=24132"},{"taxonomy":"product_tag","embeddable":true,"href":"https:\/\/edyceramic-shop.ro\/ro\/wp-json\/wp\/v2\/product_tag?post=24132"}],"curies":[{"name":"wp","href":"https:\/\/api.w.org\/{rel}","templated":true}]}}