{"id":24128,"date":"2024-10-29T13:40:12","date_gmt":"2024-10-29T11:40:12","guid":{"rendered":"https:\/\/edyceramic-shop.ro\/produs\/caramida-aparenta-modulo-chester-burgundy\/"},"modified":"2025-08-01T13:36:42","modified_gmt":"2025-08-01T11:36:42","slug":"caramida-aparenta-modulo-chester-burgundy","status":"publish","type":"product","link":"https:\/\/edyceramic-shop.ro\/ro\/produs\/caramida-aparenta-modulo-chester-burgundy\/","title":{"rendered":"C\u0103r\u0103mid\u0103 Aparent\u0103 Modulo Chester Burgundy"},"content":{"rendered":"<p>Nuan\u021bele seduc\u0103toare de ro\u0219u, combinate cu cele lini\u0219titoare de maro, creeaz\u0103 un ansamblu vizual greu de ignorat.<\/p>\n<p>C\u0103r\u0103mida Chester Burgundy este elementul decorativ care aduce un plus de personalitate, indiferent de zona de amenajare. Transform\u0103-\u021bi livingul \u00eentr-o \u00eenc\u0103pere elegant\u0103 prin ad\u0103ugarea unor piese de mobilier din piele sau readu la via\u021b\u0103 stilul industrial specific cl\u0103dirilor recondi\u021bionate cu ajutorul elementelor din lemn \u0219i metal. Fie c\u0103 ai o abordare mai clasic\u0103 sau mai modern\u0103, acest model de c\u0103r\u0103mid\u0103 va reu\u0219i s\u0103 completeze f\u0103r\u0103 efort \u00eentreg conceptul de amenajare. Textura proeminent\u0103 \u00een nuan\u021be profunde fac din c\u0103r\u0103mida Chester Burgundy punctul de interes al oric\u0103rei \u00eenc\u0103peri.<\/p>\n<p>De\u0219i este un element definitoriu \u00een amenaj\u0103rile exterioare \u0219i interioare, c\u0103r\u0103mida aparent\u0103 Chester Burgundy este foarte u\u0219or de montat. Lipe\u0219te pl\u0103cile direct pe suprafa\u021ba blocurilor de ciment \u00een exterior sau pe cea a peretelui de ghips-carton \u00een interior. F\u0103r\u0103 prea mult efort sau mizerie, vei ob\u021bine acelea\u0219i rezultate profesionale precum cele ale unui specialist.<\/p>\n","protected":false},"excerpt":{"rendered":"<p>Nuan\u021bele seduc\u0103toare de ro\u0219u, combinate cu cele lini\u0219titoare de maro, creeaz\u0103 un ansamblu vizual greu de ignorat. C\u0103r\u0103mida Chester Burgundy<\/p>\n","protected":false},"featured_media":23663,"template":"","meta":[],"product_brand":[],"product_cat":[467,305],"product_tag":[],"class_list":{"0":"post-24128","1":"product","2":"type-product","3":"status-publish","4":"has-post-thumbnail","6":"product_cat-gresie-si-faianta","7":"product_cat-piatra-decorativa","8":"pa_ambalare-1m2-cutie","9":"pa_dimensiune-20-5-22-x-5-6-6-5cm","10":"pa_fabrica-modulo","11":"pa_finisaj-56-60","12":"pa_numar-de-placi-in-pachet-56-60","13":"pa_rezistent-la-inghet-da","14":"pa_utilizabil-pe-semineu-da","15":"pa_utilizare-interior-exterior","17":"first","18":"instock","19":"purchasable","20":"product-type-simple"},"yoast_head":"<!-- This site is optimized with the Yoast SEO Premium plugin v21.6 (Yoast SEO v22.1) - https:\/\/yoast.com\/wordpress\/plugins\/seo\/ -->\n<title>C\u0103r\u0103mid\u0103 Aparent\u0103 Modulo Chester Burgundy - Edyceramic - magazin online<\/title>\n<meta name=\"robots\" content=\"index, follow, max-snippet:-1, max-image-preview:large, max-video-preview:-1\" \/>\n<link rel=\"canonical\" href=\"https:\/\/edyceramic-shop.ro\/ro\/produs\/caramida-aparenta-modulo-chester-burgundy\/\" \/>\n<meta property=\"og:locale\" content=\"ro_RO\" \/>\n<meta property=\"og:type\" content=\"article\" \/>\n<meta property=\"og:title\" content=\"C\u0103r\u0103mid\u0103 Aparent\u0103 Modulo Chester Burgundy\" \/>\n<meta property=\"og:description\" content=\"Nuan\u021bele seduc\u0103toare de ro\u0219u, combinate cu cele lini\u0219titoare de maro, creeaz\u0103 un ansamblu vizual greu de ignorat. C\u0103r\u0103mida Chester Burgundy\" \/>\n<meta property=\"og:url\" content=\"https:\/\/edyceramic-shop.ro\/ro\/produs\/caramida-aparenta-modulo-chester-burgundy\/\" \/>\n<meta property=\"og:site_name\" content=\"Edyceramic - magazin online\" \/>\n<meta property=\"article:modified_time\" content=\"2025-08-01T11:36:42+00:00\" \/>\n<meta property=\"og:image\" content=\"https:\/\/edyceramic-shop.ro\/wp-content\/uploads\/2024\/10\/chester_burgundy_-_ambianta_int_2022.08.26_1200x800_low-1.webp\" \/>\n\t<meta property=\"og:image:width\" content=\"1200\" \/>\n\t<meta property=\"og:image:height\" content=\"800\" \/>\n\t<meta property=\"og:image:type\" content=\"image\/webp\" \/>\n<meta name=\"twitter:card\" content=\"summary_large_image\" \/>\n<meta name=\"twitter:label1\" content=\"Pre\u021b\" \/>\n\t<meta name=\"twitter:data1\" content=\"187,00&nbsp;lei\" \/>\n\t<meta name=\"twitter:label2\" content=\"Disponibilitate\" \/>\n\t<meta name=\"twitter:data2\" content=\"\u00cen stoc\" \/>\n<script type=\"application\/ld+json\" class=\"yoast-schema-graph\">{\"@context\":\"https:\/\/schema.org\",\"@graph\":[{\"@type\":\"WebPage\",\"@id\":\"https:\/\/edyceramic-shop.ro\/produs\/caramida-aparenta-modulo-chester-burgundy\/\",\"url\":\"https:\/\/edyceramic-shop.ro\/produs\/caramida-aparenta-modulo-chester-burgundy\/\",\"name\":\"C\u0103r\u0103mid\u0103 Aparent\u0103 Modulo Chester Burgundy - Edyceramic - magazin online\",\"isPartOf\":{\"@id\":\"https:\/\/edyceramic-shop.ro\/ro\/#website\"},\"datePublished\":\"2024-10-29T11:40:12+00:00\",\"dateModified\":\"2025-08-01T11:36:42+00:00\",\"breadcrumb\":{\"@id\":\"https:\/\/edyceramic-shop.ro\/produs\/caramida-aparenta-modulo-chester-burgundy\/#breadcrumb\"},\"inLanguage\":\"ro-RO\",\"potentialAction\":[{\"@type\":\"ReadAction\",\"target\":[\"https:\/\/edyceramic-shop.ro\/produs\/caramida-aparenta-modulo-chester-burgundy\/\"]}]},{\"@type\":\"BreadcrumbList\",\"@id\":\"https:\/\/edyceramic-shop.ro\/produs\/caramida-aparenta-modulo-chester-burgundy\/#breadcrumb\",\"itemListElement\":[{\"@type\":\"ListItem\",\"position\":1,\"name\":\"Home\",\"item\":\"https:\/\/edyceramic-shop.ro\/\"},{\"@type\":\"ListItem\",\"position\":2,\"name\":\"Shop\",\"item\":\"https:\/\/edyceramic-shop.ro\/ro\/shop\/\"},{\"@type\":\"ListItem\",\"position\":3,\"name\":\"C\u0103r\u0103mid\u0103 Aparent\u0103 Modulo Chester Burgundy\"}]},{\"@type\":\"WebSite\",\"@id\":\"https:\/\/edyceramic-shop.ro\/ro\/#website\",\"url\":\"https:\/\/edyceramic-shop.ro\/ro\/\",\"name\":\"edyceramic.ro\",\"description\":\"\",\"publisher\":{\"@id\":\"https:\/\/edyceramic-shop.ro\/ro\/#organization\"},\"potentialAction\":[{\"@type\":\"SearchAction\",\"target\":{\"@type\":\"EntryPoint\",\"urlTemplate\":\"https:\/\/edyceramic-shop.ro\/ro\/?s={search_term_string}\"},\"query-input\":\"required name=search_term_string\"}],\"inLanguage\":\"ro-RO\"},{\"@type\":\"Organization\",\"@id\":\"https:\/\/edyceramic-shop.ro\/ro\/#organization\",\"name\":\"Edyceramic\",\"url\":\"https:\/\/edyceramic-shop.ro\/ro\/\",\"logo\":{\"@type\":\"ImageObject\",\"inLanguage\":\"ro-RO\",\"@id\":\"https:\/\/edyceramic-shop.ro\/ro\/#\/schema\/logo\/image\/\",\"url\":\"https:\/\/edyceramic-shop.ro\/wp-content\/uploads\/2024\/02\/Logo-EdyCeramic_2021-lung.png\",\"contentUrl\":\"https:\/\/edyceramic-shop.ro\/wp-content\/uploads\/2024\/02\/Logo-EdyCeramic_2021-lung.png\",\"width\":4491,\"height\":769,\"caption\":\"Edyceramic\"},\"image\":{\"@id\":\"https:\/\/edyceramic-shop.ro\/ro\/#\/schema\/logo\/image\/\"}}]}<\/script>\n<meta property=\"product:price:amount\" content=\"187.00\" \/>\n<meta property=\"product:price:currency\" content=\"RON\" \/>\n<meta property=\"og:availability\" content=\"instock\" \/>\n<meta property=\"product:availability\" content=\"instock\" \/>\n<meta property=\"product:retailer_item_id\" content=\"fc8023f19868\" \/>\n<meta property=\"product:condition\" content=\"new\" \/>\n<!-- \/ Yoast SEO Premium plugin. -->","yoast_head_json":{"title":"C\u0103r\u0103mid\u0103 Aparent\u0103 Modulo Chester Burgundy - Edyceramic - magazin online","robots":{"index":"index","follow":"follow","max-snippet":"max-snippet:-1","max-image-preview":"max-image-preview:large","max-video-preview":"max-video-preview:-1"},"canonical":"https:\/\/edyceramic-shop.ro\/ro\/produs\/caramida-aparenta-modulo-chester-burgundy\/","og_locale":"ro_RO","og_type":"article","og_title":"C\u0103r\u0103mid\u0103 Aparent\u0103 Modulo Chester Burgundy","og_description":"Nuan\u021bele seduc\u0103toare de ro\u0219u, combinate cu cele lini\u0219titoare de maro, creeaz\u0103 un ansamblu vizual greu de ignorat. C\u0103r\u0103mida Chester Burgundy","og_url":"https:\/\/edyceramic-shop.ro\/ro\/produs\/caramida-aparenta-modulo-chester-burgundy\/","og_site_name":"Edyceramic - magazin online","article_modified_time":"2025-08-01T11:36:42+00:00","og_image":[{"width":1200,"height":800,"url":"https:\/\/edyceramic-shop.ro\/wp-content\/uploads\/2024\/10\/chester_burgundy_-_ambianta_int_2022.08.26_1200x800_low-1.webp","type":"image\/webp"}],"twitter_card":"summary_large_image","twitter_misc":{"Pre\u021b":"187,00&nbsp;lei","Disponibilitate":"\u00cen stoc"},"schema":{"@context":"https:\/\/schema.org","@graph":[{"@type":"WebPage","@id":"https:\/\/edyceramic-shop.ro\/produs\/caramida-aparenta-modulo-chester-burgundy\/","url":"https:\/\/edyceramic-shop.ro\/produs\/caramida-aparenta-modulo-chester-burgundy\/","name":"C\u0103r\u0103mid\u0103 Aparent\u0103 Modulo Chester Burgundy - Edyceramic - magazin online","isPartOf":{"@id":"https:\/\/edyceramic-shop.ro\/ro\/#website"},"datePublished":"2024-10-29T11:40:12+00:00","dateModified":"2025-08-01T11:36:42+00:00","breadcrumb":{"@id":"https:\/\/edyceramic-shop.ro\/produs\/caramida-aparenta-modulo-chester-burgundy\/#breadcrumb"},"inLanguage":"ro-RO","potentialAction":[{"@type":"ReadAction","target":["https:\/\/edyceramic-shop.ro\/produs\/caramida-aparenta-modulo-chester-burgundy\/"]}]},{"@type":"BreadcrumbList","@id":"https:\/\/edyceramic-shop.ro\/produs\/caramida-aparenta-modulo-chester-burgundy\/#breadcrumb","itemListElement":[{"@type":"ListItem","position":1,"name":"Home","item":"https:\/\/edyceramic-shop.ro\/"},{"@type":"ListItem","position":2,"name":"Shop","item":"https:\/\/edyceramic-shop.ro\/ro\/shop\/"},{"@type":"ListItem","position":3,"name":"C\u0103r\u0103mid\u0103 Aparent\u0103 Modulo Chester Burgundy"}]},{"@type":"WebSite","@id":"https:\/\/edyceramic-shop.ro\/ro\/#website","url":"https:\/\/edyceramic-shop.ro\/ro\/","name":"edyceramic.ro","description":"","publisher":{"@id":"https:\/\/edyceramic-shop.ro\/ro\/#organization"},"potentialAction":[{"@type":"SearchAction","target":{"@type":"EntryPoint","urlTemplate":"https:\/\/edyceramic-shop.ro\/ro\/?s={search_term_string}"},"query-input":"required name=search_term_string"}],"inLanguage":"ro-RO"},{"@type":"Organization","@id":"https:\/\/edyceramic-shop.ro\/ro\/#organization","name":"Edyceramic","url":"https:\/\/edyceramic-shop.ro\/ro\/","logo":{"@type":"ImageObject","inLanguage":"ro-RO","@id":"https:\/\/edyceramic-shop.ro\/ro\/#\/schema\/logo\/image\/","url":"https:\/\/edyceramic-shop.ro\/wp-content\/uploads\/2024\/02\/Logo-EdyCeramic_2021-lung.png","contentUrl":"https:\/\/edyceramic-shop.ro\/wp-content\/uploads\/2024\/02\/Logo-EdyCeramic_2021-lung.png","width":4491,"height":769,"caption":"Edyceramic"},"image":{"@id":"https:\/\/edyceramic-shop.ro\/ro\/#\/schema\/logo\/image\/"}}]},"product_price_amount":"187.00","product_price_currency":"RON","og_availability":"instock","product_availability":"instock","product_retailer_item_id":"fc8023f19868","product_condition":"new"},"jetpack_sharing_enabled":true,"_links":{"self":[{"href":"https:\/\/edyceramic-shop.ro\/ro\/wp-json\/wp\/v2\/product\/24128","targetHints":{"allow":["GET"]}}],"collection":[{"href":"https:\/\/edyceramic-shop.ro\/ro\/wp-json\/wp\/v2\/product"}],"about":[{"href":"https:\/\/edyceramic-shop.ro\/ro\/wp-json\/wp\/v2\/types\/product"}],"version-history":[{"count":1,"href":"https:\/\/edyceramic-shop.ro\/ro\/wp-json\/wp\/v2\/product\/24128\/revisions"}],"predecessor-version":[{"id":24129,"href":"https:\/\/edyceramic-shop.ro\/ro\/wp-json\/wp\/v2\/product\/24128\/revisions\/24129"}],"wp:featuredmedia":[{"embeddable":true,"href":"https:\/\/edyceramic-shop.ro\/ro\/wp-json\/wp\/v2\/media\/23663"}],"wp:attachment":[{"href":"https:\/\/edyceramic-shop.ro\/ro\/wp-json\/wp\/v2\/media?parent=24128"}],"wp:term":[{"taxonomy":"product_brand","embeddable":true,"href":"https:\/\/edyceramic-shop.ro\/ro\/wp-json\/wp\/v2\/product_brand?post=24128"},{"taxonomy":"product_cat","embeddable":true,"href":"https:\/\/edyceramic-shop.ro\/ro\/wp-json\/wp\/v2\/product_cat?post=24128"},{"taxonomy":"product_tag","embeddable":true,"href":"https:\/\/edyceramic-shop.ro\/ro\/wp-json\/wp\/v2\/product_tag?post=24128"}],"curies":[{"name":"wp","href":"https:\/\/api.w.org\/{rel}","templated":true}]}}