{"id":24108,"date":"2024-10-29T13:40:12","date_gmt":"2024-10-29T11:40:12","guid":{"rendered":"https:\/\/edyceramic-shop.ro\/produs\/piatra-decorativa-modulo-oslo-white\/"},"modified":"2025-08-01T13:36:41","modified_gmt":"2025-08-01T11:36:41","slug":"piatra-decorativa-modulo-oslo-white","status":"publish","type":"product","link":"https:\/\/edyceramic-shop.ro\/ro\/produs\/piatra-decorativa-modulo-oslo-white\/","title":{"rendered":"Piatr\u0103 decorativ\u0103 Modulo Oslo White"},"content":{"rendered":"<p>Culoarea deschis\u0103 a pietrei reu\u0219e\u0219te s\u0103 ofere caracter \u00eenc\u0103perii, dar \u0219i s\u0103 ofere iluzia optic\u0103 a unui spa\u021biu deschis \u0219i luminos. Piatra serve\u0219te drept un element contrastant pentru mobilierul \u0219i accesoriile \u00eenchise la culoare, oferind un echilibru vizual \u00een amenajare. Se potrive\u0219te perfect ca perete de accent \u00een zone amenajate \u00een stil modern precum buc\u0103t\u0103ria, livingul sau dormitorul pentru c\u0103 aduce un punct de interes natural.<\/p>\n<p>Olso White a fost conceput\u0103 pentru o montare u\u0219oar\u0103 \u0219i rapid\u0103. Spatele drept al pl\u0103cilor permit montarea lor doar cu ajutorul adezivului special pre-amestecat, direct pe suprafa\u021ba de ghips-carton a peretelui interior. Pentru c\u0103 buc\u0103\u021bile de piatr\u0103 sunt deja bine lipite \u00eentre ele, chituirea nu este necesar\u0103.<\/p>\n<p>Oslo White nu poate fi montat\u0103 \u00een jurul \u0219emineului sau \u00een zonele cu umiditate ridicat\u0103. Eliminarea depunerilor de praf acumulate \u00een timp se face cu ajutorul unui aspirator. Dac\u0103 vrei s\u0103 protejezi c\u00e2t mai mult timp culoarea pietrei, atunci recomand\u0103m dup\u0103 montare folosirea unui spray special de protec\u021bie. Asigur\u0103-te doar c\u0103 adezivul este complet uscat \u00eenainte s\u0103 folose\u0219ti spray-ul.<\/p>\n","protected":false},"excerpt":{"rendered":"<p>Culoarea deschis\u0103 a pietrei reu\u0219e\u0219te s\u0103 ofere caracter \u00eenc\u0103perii, dar \u0219i s\u0103 ofere iluzia optic\u0103 a unui spa\u021biu deschis \u0219i<\/p>\n","protected":false},"featured_media":23761,"template":"","meta":[],"product_brand":[],"product_cat":[467,305],"product_tag":[],"class_list":{"0":"post-24108","1":"product","2":"type-product","3":"status-publish","4":"has-post-thumbnail","6":"product_cat-gresie-si-faianta","7":"product_cat-piatra-decorativa","8":"pa_ambalare-0-78m2-cutie","9":"pa_dimensiune-32-5x7-5cm","10":"pa_fabrica-modulo","11":"pa_finisaj-2745","12":"pa_numar-de-placi-in-pachet-2744","13":"pa_rezistent-la-inghet-nu","14":"pa_utilizabil-pe-semineu-nu","15":"pa_utilizare-interior","17":"first","18":"instock","19":"purchasable","20":"product-type-simple"},"yoast_head":"<!-- This site is optimized with the Yoast SEO Premium plugin v21.6 (Yoast SEO v22.1) - https:\/\/yoast.com\/wordpress\/plugins\/seo\/ -->\n<title>Piatr\u0103 decorativ\u0103 Modulo Oslo White - Edyceramic - magazin online<\/title>\n<meta name=\"robots\" content=\"index, follow, max-snippet:-1, max-image-preview:large, max-video-preview:-1\" \/>\n<link rel=\"canonical\" href=\"https:\/\/edyceramic-shop.ro\/ro\/produs\/piatra-decorativa-modulo-oslo-white\/\" \/>\n<meta property=\"og:locale\" content=\"ro_RO\" \/>\n<meta property=\"og:type\" content=\"article\" \/>\n<meta property=\"og:title\" content=\"Piatr\u0103 decorativ\u0103 Modulo Oslo White\" \/>\n<meta property=\"og:description\" content=\"Culoarea deschis\u0103 a pietrei reu\u0219e\u0219te s\u0103 ofere caracter \u00eenc\u0103perii, dar \u0219i s\u0103 ofere iluzia optic\u0103 a unui spa\u021biu deschis \u0219i\" \/>\n<meta property=\"og:url\" content=\"https:\/\/edyceramic-shop.ro\/ro\/produs\/piatra-decorativa-modulo-oslo-white\/\" \/>\n<meta property=\"og:site_name\" content=\"Edyceramic - magazin online\" \/>\n<meta property=\"article:modified_time\" content=\"2025-08-01T11:36:41+00:00\" \/>\n<meta property=\"og:image\" content=\"https:\/\/edyceramic-shop.ro\/wp-content\/uploads\/2024\/10\/oslo-white-ambiance-1200x800-1.webp\" \/>\n\t<meta property=\"og:image:width\" content=\"1200\" \/>\n\t<meta property=\"og:image:height\" content=\"800\" \/>\n\t<meta property=\"og:image:type\" content=\"image\/webp\" \/>\n<meta name=\"twitter:card\" content=\"summary_large_image\" \/>\n<meta name=\"twitter:label1\" content=\"Pre\u021b\" \/>\n\t<meta name=\"twitter:data1\" content=\"109,00&nbsp;lei\" \/>\n\t<meta name=\"twitter:label2\" content=\"Disponibilitate\" \/>\n\t<meta name=\"twitter:data2\" content=\"\u00cen stoc\" \/>\n<script type=\"application\/ld+json\" class=\"yoast-schema-graph\">{\"@context\":\"https:\/\/schema.org\",\"@graph\":[{\"@type\":\"WebPage\",\"@id\":\"https:\/\/edyceramic-shop.ro\/produs\/piatra-decorativa-modulo-oslo-white\/\",\"url\":\"https:\/\/edyceramic-shop.ro\/produs\/piatra-decorativa-modulo-oslo-white\/\",\"name\":\"Piatr\u0103 decorativ\u0103 Modulo Oslo White - Edyceramic - magazin online\",\"isPartOf\":{\"@id\":\"https:\/\/edyceramic-shop.ro\/ro\/#website\"},\"datePublished\":\"2024-10-29T11:40:12+00:00\",\"dateModified\":\"2025-08-01T11:36:41+00:00\",\"breadcrumb\":{\"@id\":\"https:\/\/edyceramic-shop.ro\/produs\/piatra-decorativa-modulo-oslo-white\/#breadcrumb\"},\"inLanguage\":\"ro-RO\",\"potentialAction\":[{\"@type\":\"ReadAction\",\"target\":[\"https:\/\/edyceramic-shop.ro\/produs\/piatra-decorativa-modulo-oslo-white\/\"]}]},{\"@type\":\"BreadcrumbList\",\"@id\":\"https:\/\/edyceramic-shop.ro\/produs\/piatra-decorativa-modulo-oslo-white\/#breadcrumb\",\"itemListElement\":[{\"@type\":\"ListItem\",\"position\":1,\"name\":\"Home\",\"item\":\"https:\/\/edyceramic-shop.ro\/\"},{\"@type\":\"ListItem\",\"position\":2,\"name\":\"Shop\",\"item\":\"https:\/\/edyceramic-shop.ro\/ro\/shop\/\"},{\"@type\":\"ListItem\",\"position\":3,\"name\":\"Piatr\u0103 decorativ\u0103 Modulo Oslo White\"}]},{\"@type\":\"WebSite\",\"@id\":\"https:\/\/edyceramic-shop.ro\/ro\/#website\",\"url\":\"https:\/\/edyceramic-shop.ro\/ro\/\",\"name\":\"edyceramic.ro\",\"description\":\"\",\"publisher\":{\"@id\":\"https:\/\/edyceramic-shop.ro\/ro\/#organization\"},\"potentialAction\":[{\"@type\":\"SearchAction\",\"target\":{\"@type\":\"EntryPoint\",\"urlTemplate\":\"https:\/\/edyceramic-shop.ro\/ro\/?s={search_term_string}\"},\"query-input\":\"required name=search_term_string\"}],\"inLanguage\":\"ro-RO\"},{\"@type\":\"Organization\",\"@id\":\"https:\/\/edyceramic-shop.ro\/ro\/#organization\",\"name\":\"Edyceramic\",\"url\":\"https:\/\/edyceramic-shop.ro\/ro\/\",\"logo\":{\"@type\":\"ImageObject\",\"inLanguage\":\"ro-RO\",\"@id\":\"https:\/\/edyceramic-shop.ro\/ro\/#\/schema\/logo\/image\/\",\"url\":\"https:\/\/edyceramic-shop.ro\/wp-content\/uploads\/2024\/02\/Logo-EdyCeramic_2021-lung.png\",\"contentUrl\":\"https:\/\/edyceramic-shop.ro\/wp-content\/uploads\/2024\/02\/Logo-EdyCeramic_2021-lung.png\",\"width\":4491,\"height\":769,\"caption\":\"Edyceramic\"},\"image\":{\"@id\":\"https:\/\/edyceramic-shop.ro\/ro\/#\/schema\/logo\/image\/\"}}]}<\/script>\n<meta property=\"product:price:amount\" content=\"109.00\" \/>\n<meta property=\"product:price:currency\" content=\"RON\" \/>\n<meta property=\"og:availability\" content=\"instock\" \/>\n<meta property=\"product:availability\" content=\"instock\" \/>\n<meta property=\"product:retailer_item_id\" content=\"cffc73553502\" \/>\n<meta property=\"product:condition\" content=\"new\" \/>\n<!-- \/ Yoast SEO Premium plugin. -->","yoast_head_json":{"title":"Piatr\u0103 decorativ\u0103 Modulo Oslo White - Edyceramic - magazin online","robots":{"index":"index","follow":"follow","max-snippet":"max-snippet:-1","max-image-preview":"max-image-preview:large","max-video-preview":"max-video-preview:-1"},"canonical":"https:\/\/edyceramic-shop.ro\/ro\/produs\/piatra-decorativa-modulo-oslo-white\/","og_locale":"ro_RO","og_type":"article","og_title":"Piatr\u0103 decorativ\u0103 Modulo Oslo White","og_description":"Culoarea deschis\u0103 a pietrei reu\u0219e\u0219te s\u0103 ofere caracter \u00eenc\u0103perii, dar \u0219i s\u0103 ofere iluzia optic\u0103 a unui spa\u021biu deschis \u0219i","og_url":"https:\/\/edyceramic-shop.ro\/ro\/produs\/piatra-decorativa-modulo-oslo-white\/","og_site_name":"Edyceramic - magazin online","article_modified_time":"2025-08-01T11:36:41+00:00","og_image":[{"width":1200,"height":800,"url":"https:\/\/edyceramic-shop.ro\/wp-content\/uploads\/2024\/10\/oslo-white-ambiance-1200x800-1.webp","type":"image\/webp"}],"twitter_card":"summary_large_image","twitter_misc":{"Pre\u021b":"109,00&nbsp;lei","Disponibilitate":"\u00cen stoc"},"schema":{"@context":"https:\/\/schema.org","@graph":[{"@type":"WebPage","@id":"https:\/\/edyceramic-shop.ro\/produs\/piatra-decorativa-modulo-oslo-white\/","url":"https:\/\/edyceramic-shop.ro\/produs\/piatra-decorativa-modulo-oslo-white\/","name":"Piatr\u0103 decorativ\u0103 Modulo Oslo White - Edyceramic - magazin online","isPartOf":{"@id":"https:\/\/edyceramic-shop.ro\/ro\/#website"},"datePublished":"2024-10-29T11:40:12+00:00","dateModified":"2025-08-01T11:36:41+00:00","breadcrumb":{"@id":"https:\/\/edyceramic-shop.ro\/produs\/piatra-decorativa-modulo-oslo-white\/#breadcrumb"},"inLanguage":"ro-RO","potentialAction":[{"@type":"ReadAction","target":["https:\/\/edyceramic-shop.ro\/produs\/piatra-decorativa-modulo-oslo-white\/"]}]},{"@type":"BreadcrumbList","@id":"https:\/\/edyceramic-shop.ro\/produs\/piatra-decorativa-modulo-oslo-white\/#breadcrumb","itemListElement":[{"@type":"ListItem","position":1,"name":"Home","item":"https:\/\/edyceramic-shop.ro\/"},{"@type":"ListItem","position":2,"name":"Shop","item":"https:\/\/edyceramic-shop.ro\/ro\/shop\/"},{"@type":"ListItem","position":3,"name":"Piatr\u0103 decorativ\u0103 Modulo Oslo White"}]},{"@type":"WebSite","@id":"https:\/\/edyceramic-shop.ro\/ro\/#website","url":"https:\/\/edyceramic-shop.ro\/ro\/","name":"edyceramic.ro","description":"","publisher":{"@id":"https:\/\/edyceramic-shop.ro\/ro\/#organization"},"potentialAction":[{"@type":"SearchAction","target":{"@type":"EntryPoint","urlTemplate":"https:\/\/edyceramic-shop.ro\/ro\/?s={search_term_string}"},"query-input":"required name=search_term_string"}],"inLanguage":"ro-RO"},{"@type":"Organization","@id":"https:\/\/edyceramic-shop.ro\/ro\/#organization","name":"Edyceramic","url":"https:\/\/edyceramic-shop.ro\/ro\/","logo":{"@type":"ImageObject","inLanguage":"ro-RO","@id":"https:\/\/edyceramic-shop.ro\/ro\/#\/schema\/logo\/image\/","url":"https:\/\/edyceramic-shop.ro\/wp-content\/uploads\/2024\/02\/Logo-EdyCeramic_2021-lung.png","contentUrl":"https:\/\/edyceramic-shop.ro\/wp-content\/uploads\/2024\/02\/Logo-EdyCeramic_2021-lung.png","width":4491,"height":769,"caption":"Edyceramic"},"image":{"@id":"https:\/\/edyceramic-shop.ro\/ro\/#\/schema\/logo\/image\/"}}]},"product_price_amount":"109.00","product_price_currency":"RON","og_availability":"instock","product_availability":"instock","product_retailer_item_id":"cffc73553502","product_condition":"new"},"jetpack_sharing_enabled":true,"_links":{"self":[{"href":"https:\/\/edyceramic-shop.ro\/ro\/wp-json\/wp\/v2\/product\/24108","targetHints":{"allow":["GET"]}}],"collection":[{"href":"https:\/\/edyceramic-shop.ro\/ro\/wp-json\/wp\/v2\/product"}],"about":[{"href":"https:\/\/edyceramic-shop.ro\/ro\/wp-json\/wp\/v2\/types\/product"}],"version-history":[{"count":1,"href":"https:\/\/edyceramic-shop.ro\/ro\/wp-json\/wp\/v2\/product\/24108\/revisions"}],"predecessor-version":[{"id":24109,"href":"https:\/\/edyceramic-shop.ro\/ro\/wp-json\/wp\/v2\/product\/24108\/revisions\/24109"}],"wp:featuredmedia":[{"embeddable":true,"href":"https:\/\/edyceramic-shop.ro\/ro\/wp-json\/wp\/v2\/media\/23761"}],"wp:attachment":[{"href":"https:\/\/edyceramic-shop.ro\/ro\/wp-json\/wp\/v2\/media?parent=24108"}],"wp:term":[{"taxonomy":"product_brand","embeddable":true,"href":"https:\/\/edyceramic-shop.ro\/ro\/wp-json\/wp\/v2\/product_brand?post=24108"},{"taxonomy":"product_cat","embeddable":true,"href":"https:\/\/edyceramic-shop.ro\/ro\/wp-json\/wp\/v2\/product_cat?post=24108"},{"taxonomy":"product_tag","embeddable":true,"href":"https:\/\/edyceramic-shop.ro\/ro\/wp-json\/wp\/v2\/product_tag?post=24108"}],"curies":[{"name":"wp","href":"https:\/\/api.w.org\/{rel}","templated":true}]}}