{"id":24106,"date":"2024-10-29T13:40:12","date_gmt":"2024-10-29T11:40:12","guid":{"rendered":"https:\/\/edyceramic-shop.ro\/produs\/piatra-decorativa-modulo-travertine-noce\/"},"modified":"2025-08-01T13:36:41","modified_gmt":"2025-08-01T11:36:41","slug":"piatra-decorativa-modulo-travertine-noce","status":"publish","type":"product","link":"https:\/\/edyceramic-shop.ro\/ro\/produs\/piatra-decorativa-modulo-travertine-noce\/","title":{"rendered":"Piatr\u0103 decorativ\u0103 Modulo Travertine Noce"},"content":{"rendered":"<p>Suprafe\u021bele \u00eembr\u0103cate \u00een aceast\u0103 piatr\u0103 natural\u0103 vor c\u0103p\u0103ta instant un aspect unic \u0219i elegant. Datorit\u0103 nuan\u021belor intense de bej, se potrive\u0219te at\u00e2t pentru exterior, c\u00e2t \u0219i pentru interior \u00een jurul \u0219emineului sau \u00een baie.<\/p>\n<p>Pl\u0103cile de piatr\u0103 vin \u00eentr-o dimensiune pratic\u0103 de 15cmx5cm pentru a facilita montarea, chiar \u0219i de c\u0103tre persoane cu experien\u021b\u0103 minim\u0103 \u00een amenaj\u0103ri interioare. Tot ce trebuie s\u0103 faci este s\u0103 folose\u0219ti adezivul special pentru exterior sau interior \u0219i s\u0103 lipe\u0219ti placa pe suprafa\u021ba curat\u0103 a peretelui. Urmeaz\u0103 fiecare pas din videoclipul cu instruc\u021biuni de montare de pe site dac\u0103 vrei s\u0103 ob\u021bii rezultate profesionale \u00eentr-un timp scurt.<\/p>\n","protected":false},"excerpt":{"rendered":"<p>Suprafe\u021bele \u00eembr\u0103cate \u00een aceast\u0103 piatr\u0103 natural\u0103 vor c\u0103p\u0103ta instant un aspect unic \u0219i elegant. Datorit\u0103 nuan\u021belor intense de bej, se<\/p>\n","protected":false},"featured_media":23738,"template":"","meta":[],"product_brand":[],"product_cat":[467,305],"product_tag":[],"class_list":{"0":"post-24106","1":"product","2":"type-product","3":"status-publish","4":"has-post-thumbnail","6":"product_cat-gresie-si-faianta","7":"product_cat-piatra-decorativa","8":"pa_ambalare-0-48m2-cutie","9":"pa_dimensiune-15x5cm","10":"pa_fabrica-modulo","11":"pa_finisaj-2826","12":"pa_numar-de-placi-in-pachet-2825","13":"pa_rezistent-la-inghet-da","14":"pa_utilizabil-pe-semineu-da","15":"pa_utilizare-interior-exterior","17":"first","18":"instock","19":"purchasable","20":"product-type-simple"},"yoast_head":"<!-- This site is optimized with the Yoast SEO Premium plugin v21.6 (Yoast SEO v22.1) - https:\/\/yoast.com\/wordpress\/plugins\/seo\/ -->\n<title>Piatr\u0103 decorativ\u0103 Modulo Travertine Noce - Edyceramic - magazin online<\/title>\n<meta name=\"robots\" content=\"index, follow, max-snippet:-1, max-image-preview:large, max-video-preview:-1\" \/>\n<link rel=\"canonical\" href=\"https:\/\/edyceramic-shop.ro\/ro\/produs\/piatra-decorativa-modulo-travertine-noce\/\" \/>\n<meta property=\"og:locale\" content=\"ro_RO\" \/>\n<meta property=\"og:type\" content=\"article\" \/>\n<meta property=\"og:title\" content=\"Piatr\u0103 decorativ\u0103 Modulo Travertine Noce\" \/>\n<meta property=\"og:description\" content=\"Suprafe\u021bele \u00eembr\u0103cate \u00een aceast\u0103 piatr\u0103 natural\u0103 vor c\u0103p\u0103ta instant un aspect unic \u0219i elegant. Datorit\u0103 nuan\u021belor intense de bej, se\" \/>\n<meta property=\"og:url\" content=\"https:\/\/edyceramic-shop.ro\/ro\/produs\/piatra-decorativa-modulo-travertine-noce\/\" \/>\n<meta property=\"og:site_name\" content=\"Edyceramic - magazin online\" \/>\n<meta property=\"article:modified_time\" content=\"2025-08-01T11:36:41+00:00\" \/>\n<meta property=\"og:image\" content=\"https:\/\/edyceramic-shop.ro\/wp-content\/uploads\/2024\/10\/natimur-travertine-noce-ambiance-1200x800-1.webp\" \/>\n\t<meta property=\"og:image:width\" content=\"1200\" \/>\n\t<meta property=\"og:image:height\" content=\"800\" \/>\n\t<meta property=\"og:image:type\" content=\"image\/webp\" \/>\n<meta name=\"twitter:card\" content=\"summary_large_image\" \/>\n<meta name=\"twitter:label1\" content=\"Pre\u021b\" \/>\n\t<meta name=\"twitter:data1\" content=\"164,00&nbsp;lei\" \/>\n\t<meta name=\"twitter:label2\" content=\"Disponibilitate\" \/>\n\t<meta name=\"twitter:data2\" content=\"\u00cen stoc\" \/>\n<script type=\"application\/ld+json\" class=\"yoast-schema-graph\">{\"@context\":\"https:\/\/schema.org\",\"@graph\":[{\"@type\":\"WebPage\",\"@id\":\"https:\/\/edyceramic-shop.ro\/produs\/piatra-decorativa-modulo-travertine-noce\/\",\"url\":\"https:\/\/edyceramic-shop.ro\/produs\/piatra-decorativa-modulo-travertine-noce\/\",\"name\":\"Piatr\u0103 decorativ\u0103 Modulo Travertine Noce - Edyceramic - magazin online\",\"isPartOf\":{\"@id\":\"https:\/\/edyceramic-shop.ro\/ro\/#website\"},\"datePublished\":\"2024-10-29T11:40:12+00:00\",\"dateModified\":\"2025-08-01T11:36:41+00:00\",\"breadcrumb\":{\"@id\":\"https:\/\/edyceramic-shop.ro\/produs\/piatra-decorativa-modulo-travertine-noce\/#breadcrumb\"},\"inLanguage\":\"ro-RO\",\"potentialAction\":[{\"@type\":\"ReadAction\",\"target\":[\"https:\/\/edyceramic-shop.ro\/produs\/piatra-decorativa-modulo-travertine-noce\/\"]}]},{\"@type\":\"BreadcrumbList\",\"@id\":\"https:\/\/edyceramic-shop.ro\/produs\/piatra-decorativa-modulo-travertine-noce\/#breadcrumb\",\"itemListElement\":[{\"@type\":\"ListItem\",\"position\":1,\"name\":\"Home\",\"item\":\"https:\/\/edyceramic-shop.ro\/\"},{\"@type\":\"ListItem\",\"position\":2,\"name\":\"Shop\",\"item\":\"https:\/\/edyceramic-shop.ro\/ro\/shop\/\"},{\"@type\":\"ListItem\",\"position\":3,\"name\":\"Piatr\u0103 decorativ\u0103 Modulo Travertine Noce\"}]},{\"@type\":\"WebSite\",\"@id\":\"https:\/\/edyceramic-shop.ro\/ro\/#website\",\"url\":\"https:\/\/edyceramic-shop.ro\/ro\/\",\"name\":\"edyceramic.ro\",\"description\":\"\",\"publisher\":{\"@id\":\"https:\/\/edyceramic-shop.ro\/ro\/#organization\"},\"potentialAction\":[{\"@type\":\"SearchAction\",\"target\":{\"@type\":\"EntryPoint\",\"urlTemplate\":\"https:\/\/edyceramic-shop.ro\/ro\/?s={search_term_string}\"},\"query-input\":\"required name=search_term_string\"}],\"inLanguage\":\"ro-RO\"},{\"@type\":\"Organization\",\"@id\":\"https:\/\/edyceramic-shop.ro\/ro\/#organization\",\"name\":\"Edyceramic\",\"url\":\"https:\/\/edyceramic-shop.ro\/ro\/\",\"logo\":{\"@type\":\"ImageObject\",\"inLanguage\":\"ro-RO\",\"@id\":\"https:\/\/edyceramic-shop.ro\/ro\/#\/schema\/logo\/image\/\",\"url\":\"https:\/\/edyceramic-shop.ro\/wp-content\/uploads\/2024\/02\/Logo-EdyCeramic_2021-lung.png\",\"contentUrl\":\"https:\/\/edyceramic-shop.ro\/wp-content\/uploads\/2024\/02\/Logo-EdyCeramic_2021-lung.png\",\"width\":4491,\"height\":769,\"caption\":\"Edyceramic\"},\"image\":{\"@id\":\"https:\/\/edyceramic-shop.ro\/ro\/#\/schema\/logo\/image\/\"}}]}<\/script>\n<meta property=\"product:price:amount\" content=\"164.00\" \/>\n<meta property=\"product:price:currency\" content=\"RON\" \/>\n<meta property=\"og:availability\" content=\"instock\" \/>\n<meta property=\"product:availability\" content=\"instock\" \/>\n<meta property=\"product:retailer_item_id\" content=\"55cdf4315f36\" \/>\n<meta property=\"product:condition\" content=\"new\" \/>\n<!-- \/ Yoast SEO Premium plugin. -->","yoast_head_json":{"title":"Piatr\u0103 decorativ\u0103 Modulo Travertine Noce - Edyceramic - magazin online","robots":{"index":"index","follow":"follow","max-snippet":"max-snippet:-1","max-image-preview":"max-image-preview:large","max-video-preview":"max-video-preview:-1"},"canonical":"https:\/\/edyceramic-shop.ro\/ro\/produs\/piatra-decorativa-modulo-travertine-noce\/","og_locale":"ro_RO","og_type":"article","og_title":"Piatr\u0103 decorativ\u0103 Modulo Travertine Noce","og_description":"Suprafe\u021bele \u00eembr\u0103cate \u00een aceast\u0103 piatr\u0103 natural\u0103 vor c\u0103p\u0103ta instant un aspect unic \u0219i elegant. Datorit\u0103 nuan\u021belor intense de bej, se","og_url":"https:\/\/edyceramic-shop.ro\/ro\/produs\/piatra-decorativa-modulo-travertine-noce\/","og_site_name":"Edyceramic - magazin online","article_modified_time":"2025-08-01T11:36:41+00:00","og_image":[{"width":1200,"height":800,"url":"https:\/\/edyceramic-shop.ro\/wp-content\/uploads\/2024\/10\/natimur-travertine-noce-ambiance-1200x800-1.webp","type":"image\/webp"}],"twitter_card":"summary_large_image","twitter_misc":{"Pre\u021b":"164,00&nbsp;lei","Disponibilitate":"\u00cen stoc"},"schema":{"@context":"https:\/\/schema.org","@graph":[{"@type":"WebPage","@id":"https:\/\/edyceramic-shop.ro\/produs\/piatra-decorativa-modulo-travertine-noce\/","url":"https:\/\/edyceramic-shop.ro\/produs\/piatra-decorativa-modulo-travertine-noce\/","name":"Piatr\u0103 decorativ\u0103 Modulo Travertine Noce - Edyceramic - magazin online","isPartOf":{"@id":"https:\/\/edyceramic-shop.ro\/ro\/#website"},"datePublished":"2024-10-29T11:40:12+00:00","dateModified":"2025-08-01T11:36:41+00:00","breadcrumb":{"@id":"https:\/\/edyceramic-shop.ro\/produs\/piatra-decorativa-modulo-travertine-noce\/#breadcrumb"},"inLanguage":"ro-RO","potentialAction":[{"@type":"ReadAction","target":["https:\/\/edyceramic-shop.ro\/produs\/piatra-decorativa-modulo-travertine-noce\/"]}]},{"@type":"BreadcrumbList","@id":"https:\/\/edyceramic-shop.ro\/produs\/piatra-decorativa-modulo-travertine-noce\/#breadcrumb","itemListElement":[{"@type":"ListItem","position":1,"name":"Home","item":"https:\/\/edyceramic-shop.ro\/"},{"@type":"ListItem","position":2,"name":"Shop","item":"https:\/\/edyceramic-shop.ro\/ro\/shop\/"},{"@type":"ListItem","position":3,"name":"Piatr\u0103 decorativ\u0103 Modulo Travertine Noce"}]},{"@type":"WebSite","@id":"https:\/\/edyceramic-shop.ro\/ro\/#website","url":"https:\/\/edyceramic-shop.ro\/ro\/","name":"edyceramic.ro","description":"","publisher":{"@id":"https:\/\/edyceramic-shop.ro\/ro\/#organization"},"potentialAction":[{"@type":"SearchAction","target":{"@type":"EntryPoint","urlTemplate":"https:\/\/edyceramic-shop.ro\/ro\/?s={search_term_string}"},"query-input":"required name=search_term_string"}],"inLanguage":"ro-RO"},{"@type":"Organization","@id":"https:\/\/edyceramic-shop.ro\/ro\/#organization","name":"Edyceramic","url":"https:\/\/edyceramic-shop.ro\/ro\/","logo":{"@type":"ImageObject","inLanguage":"ro-RO","@id":"https:\/\/edyceramic-shop.ro\/ro\/#\/schema\/logo\/image\/","url":"https:\/\/edyceramic-shop.ro\/wp-content\/uploads\/2024\/02\/Logo-EdyCeramic_2021-lung.png","contentUrl":"https:\/\/edyceramic-shop.ro\/wp-content\/uploads\/2024\/02\/Logo-EdyCeramic_2021-lung.png","width":4491,"height":769,"caption":"Edyceramic"},"image":{"@id":"https:\/\/edyceramic-shop.ro\/ro\/#\/schema\/logo\/image\/"}}]},"product_price_amount":"164.00","product_price_currency":"RON","og_availability":"instock","product_availability":"instock","product_retailer_item_id":"55cdf4315f36","product_condition":"new"},"jetpack_sharing_enabled":true,"_links":{"self":[{"href":"https:\/\/edyceramic-shop.ro\/ro\/wp-json\/wp\/v2\/product\/24106","targetHints":{"allow":["GET"]}}],"collection":[{"href":"https:\/\/edyceramic-shop.ro\/ro\/wp-json\/wp\/v2\/product"}],"about":[{"href":"https:\/\/edyceramic-shop.ro\/ro\/wp-json\/wp\/v2\/types\/product"}],"version-history":[{"count":1,"href":"https:\/\/edyceramic-shop.ro\/ro\/wp-json\/wp\/v2\/product\/24106\/revisions"}],"predecessor-version":[{"id":24107,"href":"https:\/\/edyceramic-shop.ro\/ro\/wp-json\/wp\/v2\/product\/24106\/revisions\/24107"}],"wp:featuredmedia":[{"embeddable":true,"href":"https:\/\/edyceramic-shop.ro\/ro\/wp-json\/wp\/v2\/media\/23738"}],"wp:attachment":[{"href":"https:\/\/edyceramic-shop.ro\/ro\/wp-json\/wp\/v2\/media?parent=24106"}],"wp:term":[{"taxonomy":"product_brand","embeddable":true,"href":"https:\/\/edyceramic-shop.ro\/ro\/wp-json\/wp\/v2\/product_brand?post=24106"},{"taxonomy":"product_cat","embeddable":true,"href":"https:\/\/edyceramic-shop.ro\/ro\/wp-json\/wp\/v2\/product_cat?post=24106"},{"taxonomy":"product_tag","embeddable":true,"href":"https:\/\/edyceramic-shop.ro\/ro\/wp-json\/wp\/v2\/product_tag?post=24106"}],"curies":[{"name":"wp","href":"https:\/\/api.w.org\/{rel}","templated":true}]}}