{"id":24060,"date":"2024-10-29T13:39:19","date_gmt":"2024-10-29T11:39:19","guid":{"rendered":"https:\/\/edyceramic-shop.ro\/produs\/piatra-decorativa-modulo-cote-mur-mix\/"},"modified":"2025-08-01T13:36:39","modified_gmt":"2025-08-01T11:36:39","slug":"piatra-decorativa-modulo-cote-mur-mix","status":"publish","type":"product","link":"https:\/\/edyceramic-shop.ro\/ro\/produs\/piatra-decorativa-modulo-cote-mur-mix\/","title":{"rendered":"Piatr\u0103 decorativ\u0103 Modulo Cote Mur Mix"},"content":{"rendered":"<p>Farmecul acestui model se reg\u0103se\u0219te \u00een detaliile care ofer\u0103 autenticitate, precum suprafa\u021ba puternic texturat\u0103 sau buc\u0103\u021bile de fosile \u00eencorporate \u00een piatr\u0103. Datorit\u0103 alternan\u021belor de culori dintre gri, bej \u0219i nuan\u021be p\u0103m\u00e2ntii, va servi drept un fundal excelent pentru orice amenajare \u00een stil rustic. Combinat\u0103 cu elemente decorative moderne sau tradi\u021bionale, va oferi un echilibru amenaj\u0103rii interioare \u0219i va servi drept punct central de interes \u00een living, hol sau \u00een dormitor. Cu toate acestea, evit\u0103 montarea produsului \u00een zone cu umiditate crescut\u0103 sau l\u00e2ng\u0103 surse de c\u0103ldur\u0103, precum \u0219emineul. Dac\u0103 \u00ee\u021bi dore\u0219ti s\u0103 sco\u021bi \u0219i mai mult \u00een eviden\u021b\u0103 textura \u0219i jocul de nuan\u021be, atunci monteaz\u0103 piatra decorativ\u0103 \u00een zone cu lumin\u0103 natural\u0103 sau amplaseaz\u0103 lumini de accent.<\/p>\n<p>Indiferent c\u0103 alegi s\u0103 folose\u0219ti piatra decorativ\u0103 aparent\u0103 Cote Mur Mix \u00een amenaj\u0103ri exterioare sau interioare, vei ob\u021bine rezultate profesionale f\u0103r\u0103 ajutorul unui specialist. Suprafa\u021ba din spate a pl\u0103cilor este plat\u0103, ceea ce \u00eenseamn\u0103 c\u0103 montarea se face simplu \u0219i rapid. Tot ce trebuie s\u0103 faci este s\u0103 lipe\u0219ti piatra cu ajutorul adezivului potrivit, direct pe suprafa\u021ba peretelui de ghips-carton. Pentru ajust\u0103ri, po\u021bi t\u0103ia cu u\u0219urin\u021b\u0103 pl\u0103cile la dimensiunea dorit\u0103, cu ajutorul unui fer\u0103str\u0103u de m\u00e2n\u0103.<\/p>\n<p>Dup\u0103 ce pl\u0103cile de piatr\u0103 decorativ\u0103 au fost lipite pe perete, finalizeaz\u0103 procesul de montare prin chituirea rosturilor. Dac\u0103 \u00ee\u021bi dore\u0219ti s\u0103 p\u0103strezi aspectul autentic, atunci folose\u0219te chitul \u00c0 L\u2019ancienne care imit\u0103 \u00eemb\u0103tr\u00e2nirea natural\u0103 a pietrei datorit\u0103 pietricelelor din compozi\u021bie.<\/p>\n","protected":false},"excerpt":{"rendered":"<p>Farmecul acestui model se reg\u0103se\u0219te \u00een detaliile care ofer\u0103 autenticitate, precum suprafa\u021ba puternic texturat\u0103 sau buc\u0103\u021bile de fosile \u00eencorporate \u00een<\/p>\n","protected":false},"featured_media":23752,"template":"","meta":[],"product_brand":[],"product_cat":[467,305],"product_tag":[],"class_list":{"0":"post-24060","1":"product","2":"type-product","3":"status-publish","4":"has-post-thumbnail","6":"product_cat-gresie-si-faianta","7":"product_cat-piatra-decorativa","8":"pa_ambalare-1m2-cutie","9":"pa_dimensiune-18-37-x-11-25cm","10":"pa_fabrica-modulo","11":"pa_finisaj-2796","12":"pa_numar-de-placi-in-pachet-2795","13":"pa_rezistent-la-inghet-da","14":"pa_utilizabil-pe-semineu-da","15":"pa_utilizare-interior-exterior","17":"first","18":"instock","19":"purchasable","20":"product-type-simple"},"yoast_head":"<!-- This site is optimized with the Yoast SEO Premium plugin v21.6 (Yoast SEO v22.1) - https:\/\/yoast.com\/wordpress\/plugins\/seo\/ -->\n<title>Piatr\u0103 decorativ\u0103 Modulo Cote Mur Mix - Edyceramic - magazin online<\/title>\n<meta name=\"robots\" content=\"index, follow, max-snippet:-1, max-image-preview:large, max-video-preview:-1\" \/>\n<link rel=\"canonical\" href=\"https:\/\/edyceramic-shop.ro\/ro\/produs\/piatra-decorativa-modulo-cote-mur-mix\/\" \/>\n<meta property=\"og:locale\" content=\"ro_RO\" \/>\n<meta property=\"og:type\" content=\"article\" \/>\n<meta property=\"og:title\" content=\"Piatr\u0103 decorativ\u0103 Modulo Cote Mur Mix\" \/>\n<meta property=\"og:description\" content=\"Farmecul acestui model se reg\u0103se\u0219te \u00een detaliile care ofer\u0103 autenticitate, precum suprafa\u021ba puternic texturat\u0103 sau buc\u0103\u021bile de fosile \u00eencorporate \u00een\" \/>\n<meta property=\"og:url\" content=\"https:\/\/edyceramic-shop.ro\/ro\/produs\/piatra-decorativa-modulo-cote-mur-mix\/\" \/>\n<meta property=\"og:site_name\" content=\"Edyceramic - magazin online\" \/>\n<meta property=\"article:modified_time\" content=\"2025-08-01T11:36:39+00:00\" \/>\n<meta property=\"og:image\" content=\"https:\/\/edyceramic-shop.ro\/wp-content\/uploads\/2024\/10\/new-valois-mix-ambiance-2024-1200x800-1.webp\" \/>\n\t<meta property=\"og:image:width\" content=\"1200\" \/>\n\t<meta property=\"og:image:height\" content=\"800\" \/>\n\t<meta property=\"og:image:type\" content=\"image\/webp\" \/>\n<meta name=\"twitter:card\" content=\"summary_large_image\" \/>\n<meta name=\"twitter:label1\" content=\"Pre\u021b\" \/>\n\t<meta name=\"twitter:data1\" content=\"187,00&nbsp;lei\" \/>\n\t<meta name=\"twitter:label2\" content=\"Disponibilitate\" \/>\n\t<meta name=\"twitter:data2\" content=\"\u00cen stoc\" \/>\n<script type=\"application\/ld+json\" class=\"yoast-schema-graph\">{\"@context\":\"https:\/\/schema.org\",\"@graph\":[{\"@type\":\"WebPage\",\"@id\":\"https:\/\/edyceramic-shop.ro\/produs\/piatra-decorativa-modulo-cote-mur-mix\/\",\"url\":\"https:\/\/edyceramic-shop.ro\/produs\/piatra-decorativa-modulo-cote-mur-mix\/\",\"name\":\"Piatr\u0103 decorativ\u0103 Modulo Cote Mur Mix - Edyceramic - magazin online\",\"isPartOf\":{\"@id\":\"https:\/\/edyceramic-shop.ro\/ro\/#website\"},\"datePublished\":\"2024-10-29T11:39:19+00:00\",\"dateModified\":\"2025-08-01T11:36:39+00:00\",\"breadcrumb\":{\"@id\":\"https:\/\/edyceramic-shop.ro\/produs\/piatra-decorativa-modulo-cote-mur-mix\/#breadcrumb\"},\"inLanguage\":\"ro-RO\",\"potentialAction\":[{\"@type\":\"ReadAction\",\"target\":[\"https:\/\/edyceramic-shop.ro\/produs\/piatra-decorativa-modulo-cote-mur-mix\/\"]}]},{\"@type\":\"BreadcrumbList\",\"@id\":\"https:\/\/edyceramic-shop.ro\/produs\/piatra-decorativa-modulo-cote-mur-mix\/#breadcrumb\",\"itemListElement\":[{\"@type\":\"ListItem\",\"position\":1,\"name\":\"Home\",\"item\":\"https:\/\/edyceramic-shop.ro\/\"},{\"@type\":\"ListItem\",\"position\":2,\"name\":\"Shop\",\"item\":\"https:\/\/edyceramic-shop.ro\/ro\/shop\/\"},{\"@type\":\"ListItem\",\"position\":3,\"name\":\"Piatr\u0103 decorativ\u0103 Modulo Cote Mur Mix\"}]},{\"@type\":\"WebSite\",\"@id\":\"https:\/\/edyceramic-shop.ro\/ro\/#website\",\"url\":\"https:\/\/edyceramic-shop.ro\/ro\/\",\"name\":\"edyceramic.ro\",\"description\":\"\",\"publisher\":{\"@id\":\"https:\/\/edyceramic-shop.ro\/ro\/#organization\"},\"potentialAction\":[{\"@type\":\"SearchAction\",\"target\":{\"@type\":\"EntryPoint\",\"urlTemplate\":\"https:\/\/edyceramic-shop.ro\/ro\/?s={search_term_string}\"},\"query-input\":\"required name=search_term_string\"}],\"inLanguage\":\"ro-RO\"},{\"@type\":\"Organization\",\"@id\":\"https:\/\/edyceramic-shop.ro\/ro\/#organization\",\"name\":\"Edyceramic\",\"url\":\"https:\/\/edyceramic-shop.ro\/ro\/\",\"logo\":{\"@type\":\"ImageObject\",\"inLanguage\":\"ro-RO\",\"@id\":\"https:\/\/edyceramic-shop.ro\/ro\/#\/schema\/logo\/image\/\",\"url\":\"https:\/\/edyceramic-shop.ro\/wp-content\/uploads\/2024\/02\/Logo-EdyCeramic_2021-lung.png\",\"contentUrl\":\"https:\/\/edyceramic-shop.ro\/wp-content\/uploads\/2024\/02\/Logo-EdyCeramic_2021-lung.png\",\"width\":4491,\"height\":769,\"caption\":\"Edyceramic\"},\"image\":{\"@id\":\"https:\/\/edyceramic-shop.ro\/ro\/#\/schema\/logo\/image\/\"}}]}<\/script>\n<meta property=\"product:price:amount\" content=\"187.00\" \/>\n<meta property=\"product:price:currency\" content=\"RON\" \/>\n<meta property=\"og:availability\" content=\"instock\" \/>\n<meta property=\"product:availability\" content=\"instock\" \/>\n<meta property=\"product:retailer_item_id\" content=\"bd604be3a85e\" \/>\n<meta property=\"product:condition\" content=\"new\" \/>\n<!-- \/ Yoast SEO Premium plugin. -->","yoast_head_json":{"title":"Piatr\u0103 decorativ\u0103 Modulo Cote Mur Mix - Edyceramic - magazin online","robots":{"index":"index","follow":"follow","max-snippet":"max-snippet:-1","max-image-preview":"max-image-preview:large","max-video-preview":"max-video-preview:-1"},"canonical":"https:\/\/edyceramic-shop.ro\/ro\/produs\/piatra-decorativa-modulo-cote-mur-mix\/","og_locale":"ro_RO","og_type":"article","og_title":"Piatr\u0103 decorativ\u0103 Modulo Cote Mur Mix","og_description":"Farmecul acestui model se reg\u0103se\u0219te \u00een detaliile care ofer\u0103 autenticitate, precum suprafa\u021ba puternic texturat\u0103 sau buc\u0103\u021bile de fosile \u00eencorporate \u00een","og_url":"https:\/\/edyceramic-shop.ro\/ro\/produs\/piatra-decorativa-modulo-cote-mur-mix\/","og_site_name":"Edyceramic - magazin online","article_modified_time":"2025-08-01T11:36:39+00:00","og_image":[{"width":1200,"height":800,"url":"https:\/\/edyceramic-shop.ro\/wp-content\/uploads\/2024\/10\/new-valois-mix-ambiance-2024-1200x800-1.webp","type":"image\/webp"}],"twitter_card":"summary_large_image","twitter_misc":{"Pre\u021b":"187,00&nbsp;lei","Disponibilitate":"\u00cen stoc"},"schema":{"@context":"https:\/\/schema.org","@graph":[{"@type":"WebPage","@id":"https:\/\/edyceramic-shop.ro\/produs\/piatra-decorativa-modulo-cote-mur-mix\/","url":"https:\/\/edyceramic-shop.ro\/produs\/piatra-decorativa-modulo-cote-mur-mix\/","name":"Piatr\u0103 decorativ\u0103 Modulo Cote Mur Mix - Edyceramic - magazin online","isPartOf":{"@id":"https:\/\/edyceramic-shop.ro\/ro\/#website"},"datePublished":"2024-10-29T11:39:19+00:00","dateModified":"2025-08-01T11:36:39+00:00","breadcrumb":{"@id":"https:\/\/edyceramic-shop.ro\/produs\/piatra-decorativa-modulo-cote-mur-mix\/#breadcrumb"},"inLanguage":"ro-RO","potentialAction":[{"@type":"ReadAction","target":["https:\/\/edyceramic-shop.ro\/produs\/piatra-decorativa-modulo-cote-mur-mix\/"]}]},{"@type":"BreadcrumbList","@id":"https:\/\/edyceramic-shop.ro\/produs\/piatra-decorativa-modulo-cote-mur-mix\/#breadcrumb","itemListElement":[{"@type":"ListItem","position":1,"name":"Home","item":"https:\/\/edyceramic-shop.ro\/"},{"@type":"ListItem","position":2,"name":"Shop","item":"https:\/\/edyceramic-shop.ro\/ro\/shop\/"},{"@type":"ListItem","position":3,"name":"Piatr\u0103 decorativ\u0103 Modulo Cote Mur Mix"}]},{"@type":"WebSite","@id":"https:\/\/edyceramic-shop.ro\/ro\/#website","url":"https:\/\/edyceramic-shop.ro\/ro\/","name":"edyceramic.ro","description":"","publisher":{"@id":"https:\/\/edyceramic-shop.ro\/ro\/#organization"},"potentialAction":[{"@type":"SearchAction","target":{"@type":"EntryPoint","urlTemplate":"https:\/\/edyceramic-shop.ro\/ro\/?s={search_term_string}"},"query-input":"required name=search_term_string"}],"inLanguage":"ro-RO"},{"@type":"Organization","@id":"https:\/\/edyceramic-shop.ro\/ro\/#organization","name":"Edyceramic","url":"https:\/\/edyceramic-shop.ro\/ro\/","logo":{"@type":"ImageObject","inLanguage":"ro-RO","@id":"https:\/\/edyceramic-shop.ro\/ro\/#\/schema\/logo\/image\/","url":"https:\/\/edyceramic-shop.ro\/wp-content\/uploads\/2024\/02\/Logo-EdyCeramic_2021-lung.png","contentUrl":"https:\/\/edyceramic-shop.ro\/wp-content\/uploads\/2024\/02\/Logo-EdyCeramic_2021-lung.png","width":4491,"height":769,"caption":"Edyceramic"},"image":{"@id":"https:\/\/edyceramic-shop.ro\/ro\/#\/schema\/logo\/image\/"}}]},"product_price_amount":"187.00","product_price_currency":"RON","og_availability":"instock","product_availability":"instock","product_retailer_item_id":"bd604be3a85e","product_condition":"new"},"jetpack_sharing_enabled":true,"_links":{"self":[{"href":"https:\/\/edyceramic-shop.ro\/ro\/wp-json\/wp\/v2\/product\/24060","targetHints":{"allow":["GET"]}}],"collection":[{"href":"https:\/\/edyceramic-shop.ro\/ro\/wp-json\/wp\/v2\/product"}],"about":[{"href":"https:\/\/edyceramic-shop.ro\/ro\/wp-json\/wp\/v2\/types\/product"}],"version-history":[{"count":1,"href":"https:\/\/edyceramic-shop.ro\/ro\/wp-json\/wp\/v2\/product\/24060\/revisions"}],"predecessor-version":[{"id":24061,"href":"https:\/\/edyceramic-shop.ro\/ro\/wp-json\/wp\/v2\/product\/24060\/revisions\/24061"}],"wp:featuredmedia":[{"embeddable":true,"href":"https:\/\/edyceramic-shop.ro\/ro\/wp-json\/wp\/v2\/media\/23752"}],"wp:attachment":[{"href":"https:\/\/edyceramic-shop.ro\/ro\/wp-json\/wp\/v2\/media?parent=24060"}],"wp:term":[{"taxonomy":"product_brand","embeddable":true,"href":"https:\/\/edyceramic-shop.ro\/ro\/wp-json\/wp\/v2\/product_brand?post=24060"},{"taxonomy":"product_cat","embeddable":true,"href":"https:\/\/edyceramic-shop.ro\/ro\/wp-json\/wp\/v2\/product_cat?post=24060"},{"taxonomy":"product_tag","embeddable":true,"href":"https:\/\/edyceramic-shop.ro\/ro\/wp-json\/wp\/v2\/product_tag?post=24060"}],"curies":[{"name":"wp","href":"https:\/\/api.w.org\/{rel}","templated":true}]}}