{"id":24050,"date":"2024-10-29T13:39:19","date_gmt":"2024-10-29T11:39:19","guid":{"rendered":"https:\/\/edyceramic-shop.ro\/produs\/piatra-decorativa-modulo-canyon-colorado-springs\/"},"modified":"2025-08-01T13:36:38","modified_gmt":"2025-08-01T11:36:38","slug":"piatra-decorativa-modulo-canyon-colorado-springs","status":"publish","type":"product","link":"https:\/\/edyceramic-shop.ro\/ro\/produs\/piatra-decorativa-modulo-canyon-colorado-springs\/","title":{"rendered":"Piatr\u0103 decorativ\u0103 Modulo Canyon Colorado Springs"},"content":{"rendered":"<p>U\u0219or de montat, este cea mai simpl\u0103 modalitate s\u0103 adaugi o tent\u0103 de natur\u0103 s\u0103lbatic\u0103 locuin\u021bei tale. Textura natural\u0103 va \u00eembog\u0103\u021bi orice zon\u0103 interioar\u0103 \u0219i \u00eei va conferi aspectul autentic al pietrei.<\/p>\n<p>Datorit\u0103 u\u0219urin\u021bei de montare, dar \u0219i a costului redus, acest model de piatr\u0103 este potrivit pentru orice buget. Nu ai nevoie de prea mult\u0103 experien\u021b\u0103 sau de ajutorul unui specialist. Urmeaz\u0103 pa\u0219ii prezenta\u021bi \u00een videoclipul explicativ de pe website ca s\u0103 ob\u021bii rezultate profesionale. Piatra este u\u0219or de \u00eentre\u021binut \u0219i nu necesit\u0103 aten\u021bie special\u0103. Dac\u0103 vrei s\u0103 o protejezi un timp \u00eendelungat, folose\u0219te dup\u0103 montare spray-ul special. Elimin\u0103 depunerile de praf acumulate \u00een timp cu ajutorul unui aspirator.<\/p>\n","protected":false},"excerpt":{"rendered":"<p>U\u0219or de montat, este cea mai simpl\u0103 modalitate s\u0103 adaugi o tent\u0103 de natur\u0103 s\u0103lbatic\u0103 locuin\u021bei tale. Textura natural\u0103 va<\/p>\n","protected":false},"featured_media":23657,"template":"","meta":[],"product_brand":[],"product_cat":[467,305],"product_tag":[],"class_list":{"0":"post-24050","1":"product","2":"type-product","3":"status-publish","4":"has-post-thumbnail","6":"product_cat-gresie-si-faianta","7":"product_cat-piatra-decorativa","8":"pa_ambalare-0-58m2-cutie","9":"pa_dimensiune-10-49-x-2-5-18cm","10":"pa_fabrica-modulo","11":"pa_finisaj-18-26","12":"pa_numar-de-placi-in-pachet-18-26","13":"pa_rezistent-la-inghet-da","14":"pa_utilizabil-pe-semineu-da","15":"pa_utilizare-interior-exterior","17":"first","18":"instock","19":"purchasable","20":"product-type-simple"},"yoast_head":"<!-- This site is optimized with the Yoast SEO Premium plugin v21.6 (Yoast SEO v22.1) - https:\/\/yoast.com\/wordpress\/plugins\/seo\/ -->\n<title>Piatr\u0103 decorativ\u0103 Modulo Canyon Colorado Springs - Edyceramic - magazin online<\/title>\n<meta name=\"robots\" content=\"index, follow, max-snippet:-1, max-image-preview:large, max-video-preview:-1\" \/>\n<link rel=\"canonical\" href=\"https:\/\/edyceramic-shop.ro\/ro\/produs\/piatra-decorativa-modulo-canyon-colorado-springs\/\" \/>\n<meta property=\"og:locale\" content=\"ro_RO\" \/>\n<meta property=\"og:type\" content=\"article\" \/>\n<meta property=\"og:title\" content=\"Piatr\u0103 decorativ\u0103 Modulo Canyon Colorado Springs\" \/>\n<meta property=\"og:description\" content=\"U\u0219or de montat, este cea mai simpl\u0103 modalitate s\u0103 adaugi o tent\u0103 de natur\u0103 s\u0103lbatic\u0103 locuin\u021bei tale. Textura natural\u0103 va\" \/>\n<meta property=\"og:url\" content=\"https:\/\/edyceramic-shop.ro\/ro\/produs\/piatra-decorativa-modulo-canyon-colorado-springs\/\" \/>\n<meta property=\"og:site_name\" content=\"Edyceramic - magazin online\" \/>\n<meta property=\"article:modified_time\" content=\"2025-08-01T11:36:38+00:00\" \/>\n<meta property=\"og:image\" content=\"https:\/\/edyceramic-shop.ro\/wp-content\/uploads\/2024\/10\/canyon-colorado-spring-ambiance-1200x800-1.webp\" \/>\n\t<meta property=\"og:image:width\" content=\"1200\" \/>\n\t<meta property=\"og:image:height\" content=\"800\" \/>\n\t<meta property=\"og:image:type\" content=\"image\/webp\" \/>\n<meta name=\"twitter:card\" content=\"summary_large_image\" \/>\n<meta name=\"twitter:label1\" content=\"Pre\u021b\" \/>\n\t<meta name=\"twitter:data1\" content=\"173,00&nbsp;lei\" \/>\n\t<meta name=\"twitter:label2\" content=\"Disponibilitate\" \/>\n\t<meta name=\"twitter:data2\" content=\"\u00cen stoc\" \/>\n<script type=\"application\/ld+json\" class=\"yoast-schema-graph\">{\"@context\":\"https:\/\/schema.org\",\"@graph\":[{\"@type\":\"WebPage\",\"@id\":\"https:\/\/edyceramic-shop.ro\/produs\/piatra-decorativa-modulo-canyon-colorado-springs\/\",\"url\":\"https:\/\/edyceramic-shop.ro\/produs\/piatra-decorativa-modulo-canyon-colorado-springs\/\",\"name\":\"Piatr\u0103 decorativ\u0103 Modulo Canyon Colorado Springs - Edyceramic - magazin online\",\"isPartOf\":{\"@id\":\"https:\/\/edyceramic-shop.ro\/ro\/#website\"},\"datePublished\":\"2024-10-29T11:39:19+00:00\",\"dateModified\":\"2025-08-01T11:36:38+00:00\",\"breadcrumb\":{\"@id\":\"https:\/\/edyceramic-shop.ro\/produs\/piatra-decorativa-modulo-canyon-colorado-springs\/#breadcrumb\"},\"inLanguage\":\"ro-RO\",\"potentialAction\":[{\"@type\":\"ReadAction\",\"target\":[\"https:\/\/edyceramic-shop.ro\/produs\/piatra-decorativa-modulo-canyon-colorado-springs\/\"]}]},{\"@type\":\"BreadcrumbList\",\"@id\":\"https:\/\/edyceramic-shop.ro\/produs\/piatra-decorativa-modulo-canyon-colorado-springs\/#breadcrumb\",\"itemListElement\":[{\"@type\":\"ListItem\",\"position\":1,\"name\":\"Home\",\"item\":\"https:\/\/edyceramic-shop.ro\/\"},{\"@type\":\"ListItem\",\"position\":2,\"name\":\"Shop\",\"item\":\"https:\/\/edyceramic-shop.ro\/ro\/shop\/\"},{\"@type\":\"ListItem\",\"position\":3,\"name\":\"Piatr\u0103 decorativ\u0103 Modulo Canyon Colorado Springs\"}]},{\"@type\":\"WebSite\",\"@id\":\"https:\/\/edyceramic-shop.ro\/ro\/#website\",\"url\":\"https:\/\/edyceramic-shop.ro\/ro\/\",\"name\":\"edyceramic.ro\",\"description\":\"\",\"publisher\":{\"@id\":\"https:\/\/edyceramic-shop.ro\/ro\/#organization\"},\"potentialAction\":[{\"@type\":\"SearchAction\",\"target\":{\"@type\":\"EntryPoint\",\"urlTemplate\":\"https:\/\/edyceramic-shop.ro\/ro\/?s={search_term_string}\"},\"query-input\":\"required name=search_term_string\"}],\"inLanguage\":\"ro-RO\"},{\"@type\":\"Organization\",\"@id\":\"https:\/\/edyceramic-shop.ro\/ro\/#organization\",\"name\":\"Edyceramic\",\"url\":\"https:\/\/edyceramic-shop.ro\/ro\/\",\"logo\":{\"@type\":\"ImageObject\",\"inLanguage\":\"ro-RO\",\"@id\":\"https:\/\/edyceramic-shop.ro\/ro\/#\/schema\/logo\/image\/\",\"url\":\"https:\/\/edyceramic-shop.ro\/wp-content\/uploads\/2024\/02\/Logo-EdyCeramic_2021-lung.png\",\"contentUrl\":\"https:\/\/edyceramic-shop.ro\/wp-content\/uploads\/2024\/02\/Logo-EdyCeramic_2021-lung.png\",\"width\":4491,\"height\":769,\"caption\":\"Edyceramic\"},\"image\":{\"@id\":\"https:\/\/edyceramic-shop.ro\/ro\/#\/schema\/logo\/image\/\"}}]}<\/script>\n<meta property=\"product:price:amount\" content=\"173.00\" \/>\n<meta property=\"product:price:currency\" content=\"RON\" \/>\n<meta property=\"og:availability\" content=\"instock\" \/>\n<meta property=\"product:availability\" content=\"instock\" \/>\n<meta property=\"product:retailer_item_id\" content=\"2b616c2c1370\" \/>\n<meta property=\"product:condition\" content=\"new\" \/>\n<!-- \/ Yoast SEO Premium plugin. -->","yoast_head_json":{"title":"Piatr\u0103 decorativ\u0103 Modulo Canyon Colorado Springs - Edyceramic - magazin online","robots":{"index":"index","follow":"follow","max-snippet":"max-snippet:-1","max-image-preview":"max-image-preview:large","max-video-preview":"max-video-preview:-1"},"canonical":"https:\/\/edyceramic-shop.ro\/ro\/produs\/piatra-decorativa-modulo-canyon-colorado-springs\/","og_locale":"ro_RO","og_type":"article","og_title":"Piatr\u0103 decorativ\u0103 Modulo Canyon Colorado Springs","og_description":"U\u0219or de montat, este cea mai simpl\u0103 modalitate s\u0103 adaugi o tent\u0103 de natur\u0103 s\u0103lbatic\u0103 locuin\u021bei tale. Textura natural\u0103 va","og_url":"https:\/\/edyceramic-shop.ro\/ro\/produs\/piatra-decorativa-modulo-canyon-colorado-springs\/","og_site_name":"Edyceramic - magazin online","article_modified_time":"2025-08-01T11:36:38+00:00","og_image":[{"width":1200,"height":800,"url":"https:\/\/edyceramic-shop.ro\/wp-content\/uploads\/2024\/10\/canyon-colorado-spring-ambiance-1200x800-1.webp","type":"image\/webp"}],"twitter_card":"summary_large_image","twitter_misc":{"Pre\u021b":"173,00&nbsp;lei","Disponibilitate":"\u00cen stoc"},"schema":{"@context":"https:\/\/schema.org","@graph":[{"@type":"WebPage","@id":"https:\/\/edyceramic-shop.ro\/produs\/piatra-decorativa-modulo-canyon-colorado-springs\/","url":"https:\/\/edyceramic-shop.ro\/produs\/piatra-decorativa-modulo-canyon-colorado-springs\/","name":"Piatr\u0103 decorativ\u0103 Modulo Canyon Colorado Springs - Edyceramic - magazin online","isPartOf":{"@id":"https:\/\/edyceramic-shop.ro\/ro\/#website"},"datePublished":"2024-10-29T11:39:19+00:00","dateModified":"2025-08-01T11:36:38+00:00","breadcrumb":{"@id":"https:\/\/edyceramic-shop.ro\/produs\/piatra-decorativa-modulo-canyon-colorado-springs\/#breadcrumb"},"inLanguage":"ro-RO","potentialAction":[{"@type":"ReadAction","target":["https:\/\/edyceramic-shop.ro\/produs\/piatra-decorativa-modulo-canyon-colorado-springs\/"]}]},{"@type":"BreadcrumbList","@id":"https:\/\/edyceramic-shop.ro\/produs\/piatra-decorativa-modulo-canyon-colorado-springs\/#breadcrumb","itemListElement":[{"@type":"ListItem","position":1,"name":"Home","item":"https:\/\/edyceramic-shop.ro\/"},{"@type":"ListItem","position":2,"name":"Shop","item":"https:\/\/edyceramic-shop.ro\/ro\/shop\/"},{"@type":"ListItem","position":3,"name":"Piatr\u0103 decorativ\u0103 Modulo Canyon Colorado Springs"}]},{"@type":"WebSite","@id":"https:\/\/edyceramic-shop.ro\/ro\/#website","url":"https:\/\/edyceramic-shop.ro\/ro\/","name":"edyceramic.ro","description":"","publisher":{"@id":"https:\/\/edyceramic-shop.ro\/ro\/#organization"},"potentialAction":[{"@type":"SearchAction","target":{"@type":"EntryPoint","urlTemplate":"https:\/\/edyceramic-shop.ro\/ro\/?s={search_term_string}"},"query-input":"required name=search_term_string"}],"inLanguage":"ro-RO"},{"@type":"Organization","@id":"https:\/\/edyceramic-shop.ro\/ro\/#organization","name":"Edyceramic","url":"https:\/\/edyceramic-shop.ro\/ro\/","logo":{"@type":"ImageObject","inLanguage":"ro-RO","@id":"https:\/\/edyceramic-shop.ro\/ro\/#\/schema\/logo\/image\/","url":"https:\/\/edyceramic-shop.ro\/wp-content\/uploads\/2024\/02\/Logo-EdyCeramic_2021-lung.png","contentUrl":"https:\/\/edyceramic-shop.ro\/wp-content\/uploads\/2024\/02\/Logo-EdyCeramic_2021-lung.png","width":4491,"height":769,"caption":"Edyceramic"},"image":{"@id":"https:\/\/edyceramic-shop.ro\/ro\/#\/schema\/logo\/image\/"}}]},"product_price_amount":"173.00","product_price_currency":"RON","og_availability":"instock","product_availability":"instock","product_retailer_item_id":"2b616c2c1370","product_condition":"new"},"jetpack_sharing_enabled":true,"_links":{"self":[{"href":"https:\/\/edyceramic-shop.ro\/ro\/wp-json\/wp\/v2\/product\/24050","targetHints":{"allow":["GET"]}}],"collection":[{"href":"https:\/\/edyceramic-shop.ro\/ro\/wp-json\/wp\/v2\/product"}],"about":[{"href":"https:\/\/edyceramic-shop.ro\/ro\/wp-json\/wp\/v2\/types\/product"}],"version-history":[{"count":1,"href":"https:\/\/edyceramic-shop.ro\/ro\/wp-json\/wp\/v2\/product\/24050\/revisions"}],"predecessor-version":[{"id":24051,"href":"https:\/\/edyceramic-shop.ro\/ro\/wp-json\/wp\/v2\/product\/24050\/revisions\/24051"}],"wp:featuredmedia":[{"embeddable":true,"href":"https:\/\/edyceramic-shop.ro\/ro\/wp-json\/wp\/v2\/media\/23657"}],"wp:attachment":[{"href":"https:\/\/edyceramic-shop.ro\/ro\/wp-json\/wp\/v2\/media?parent=24050"}],"wp:term":[{"taxonomy":"product_brand","embeddable":true,"href":"https:\/\/edyceramic-shop.ro\/ro\/wp-json\/wp\/v2\/product_brand?post=24050"},{"taxonomy":"product_cat","embeddable":true,"href":"https:\/\/edyceramic-shop.ro\/ro\/wp-json\/wp\/v2\/product_cat?post=24050"},{"taxonomy":"product_tag","embeddable":true,"href":"https:\/\/edyceramic-shop.ro\/ro\/wp-json\/wp\/v2\/product_tag?post=24050"}],"curies":[{"name":"wp","href":"https:\/\/api.w.org\/{rel}","templated":true}]}}