{"id":22658,"date":"2024-10-14T19:12:48","date_gmt":"2024-10-14T17:12:48","guid":{"rendered":"https:\/\/edyceramic-shop.ro\/produs\/profil-inchidere-largo-dreapta-l0301r\/"},"modified":"2025-08-01T13:36:29","modified_gmt":"2025-08-01T11:36:29","slug":"profil-inchidere-largo-dreapta-l0301r","status":"publish","type":"product","link":"https:\/\/edyceramic-shop.ro\/ro\/produs\/profil-inchidere-largo-dreapta-l0301r\/","title":{"rendered":"Profil \u00eenchidere Largo dreapta L0301R"},"content":{"rendered":"<p>Profilul de finisaj in dreapta L0301R este un profil conceput pentru a \u00eenchide estetic suprafata pe care se aplica riflajele albe L0301 Largo din colectia Lamelli. \u00centregul ansamblu poate fi vopsit \u00een orice culoare folosind vopsele de ap\u0103, adic\u0103 cele care nu con\u021bin solven\u021bi. \u00cen procesul de produc\u021bie, atat panourile cat si profilele de inchidere sunt acoperite cu un grund de protec\u021bie, care nu numai c\u0103 \u00eembun\u0103t\u0103\u021be\u0219te aspectul vizual a suprafe\u021bei, dar o preg\u0103te\u0219te \u0219i pentru aplicarea straturilor ulterioare de vopsea. Datorit\u0103 acestui lucru, vopseaua aplicat\u0103 va fi perfect distribuit\u0103. Datorita formei profilului terminal L0301R recomandam inceperea montajului intregului ansamblu de la acest element. Cu toate acestea, dac\u0103 a\u021bi \u00eenceput instalarea din partea st\u00e2ng\u0103, iar terminatia din dreapta este ultimul element lipit ve\u021bi putea face acest lucru fara probleme. Atat profilele de finisaj cat si riflajele sunt fabricate din polimer dur PolyForce\u00ae si au suprafata intarita cu tehnologia antizgariere ScratchShield\u00ae, astfel ca pot fi aplicate atat in spatii cu trafic intens cat si in spatii umede precum bai sau bucatarii.<\/p>\n","protected":false},"excerpt":{"rendered":"<p>Profilul de finisaj in dreapta L0301R este un profil conceput pentru a \u00eenchide estetic suprafata pe care se aplica riflajele<\/p>\n","protected":false},"featured_media":22520,"template":"","meta":[],"product_brand":[],"product_cat":[1867],"product_tag":[],"class_list":{"0":"post-22658","1":"product","2":"type-product","3":"status-publish","4":"has-post-thumbnail","6":"product_cat-riflaje","7":"pa_culoare-alb","8":"pa_dimensiune-270x5-6x2cm","9":"pa_fabrica-mardom","10":"pa_finisaj-pregatit-pentru-vopsire","11":"pa_material-polimer-dur","13":"first","14":"instock","15":"purchasable","16":"product-type-simple"},"yoast_head":"<!-- This site is optimized with the Yoast SEO Premium plugin v21.6 (Yoast SEO v22.1) - https:\/\/yoast.com\/wordpress\/plugins\/seo\/ -->\n<title>Profil \u00eenchidere Largo dreapta L0301R - Edyceramic - magazin online<\/title>\n<meta name=\"robots\" content=\"index, follow, max-snippet:-1, max-image-preview:large, max-video-preview:-1\" \/>\n<link rel=\"canonical\" href=\"https:\/\/edyceramic-shop.ro\/ro\/produs\/profil-inchidere-largo-dreapta-l0301r\/\" \/>\n<meta property=\"og:locale\" content=\"ro_RO\" \/>\n<meta property=\"og:type\" content=\"article\" \/>\n<meta property=\"og:title\" content=\"Profil \u00eenchidere Largo dreapta L0301R\" \/>\n<meta property=\"og:description\" content=\"Profilul de finisaj in dreapta L0301R este un profil conceput pentru a \u00eenchide estetic suprafata pe care se aplica riflajele\" \/>\n<meta property=\"og:url\" content=\"https:\/\/edyceramic-shop.ro\/ro\/produs\/profil-inchidere-largo-dreapta-l0301r\/\" \/>\n<meta property=\"og:site_name\" content=\"Edyceramic - magazin online\" \/>\n<meta property=\"article:modified_time\" content=\"2025-08-01T11:36:29+00:00\" \/>\n<meta property=\"og:image\" content=\"https:\/\/edyceramic-shop.ro\/wp-content\/uploads\/2024\/10\/profil-inchidere-largo-dreapta-lo301r.webp\" \/>\n\t<meta property=\"og:image:width\" content=\"1600\" \/>\n\t<meta property=\"og:image:height\" content=\"1066\" \/>\n\t<meta property=\"og:image:type\" content=\"image\/webp\" \/>\n<meta name=\"twitter:card\" content=\"summary_large_image\" \/>\n<meta name=\"twitter:label1\" content=\"Pre\u021b\" \/>\n\t<meta name=\"twitter:data1\" content=\"57,00&nbsp;lei\" \/>\n\t<meta name=\"twitter:label2\" content=\"Disponibilitate\" \/>\n\t<meta name=\"twitter:data2\" content=\"\u00cen stoc\" \/>\n<script type=\"application\/ld+json\" class=\"yoast-schema-graph\">{\"@context\":\"https:\/\/schema.org\",\"@graph\":[{\"@type\":\"WebPage\",\"@id\":\"https:\/\/edyceramic-shop.ro\/produs\/profil-inchidere-largo-dreapta-l0301r\/\",\"url\":\"https:\/\/edyceramic-shop.ro\/produs\/profil-inchidere-largo-dreapta-l0301r\/\",\"name\":\"Profil \u00eenchidere Largo dreapta L0301R - Edyceramic - magazin online\",\"isPartOf\":{\"@id\":\"https:\/\/edyceramic-shop.ro\/ro\/#website\"},\"datePublished\":\"2024-10-14T17:12:48+00:00\",\"dateModified\":\"2025-08-01T11:36:29+00:00\",\"breadcrumb\":{\"@id\":\"https:\/\/edyceramic-shop.ro\/produs\/profil-inchidere-largo-dreapta-l0301r\/#breadcrumb\"},\"inLanguage\":\"ro-RO\",\"potentialAction\":[{\"@type\":\"ReadAction\",\"target\":[\"https:\/\/edyceramic-shop.ro\/produs\/profil-inchidere-largo-dreapta-l0301r\/\"]}]},{\"@type\":\"BreadcrumbList\",\"@id\":\"https:\/\/edyceramic-shop.ro\/produs\/profil-inchidere-largo-dreapta-l0301r\/#breadcrumb\",\"itemListElement\":[{\"@type\":\"ListItem\",\"position\":1,\"name\":\"Home\",\"item\":\"https:\/\/edyceramic-shop.ro\/\"},{\"@type\":\"ListItem\",\"position\":2,\"name\":\"Shop\",\"item\":\"https:\/\/edyceramic-shop.ro\/ro\/shop\/\"},{\"@type\":\"ListItem\",\"position\":3,\"name\":\"Profil \u00eenchidere Largo dreapta L0301R\"}]},{\"@type\":\"WebSite\",\"@id\":\"https:\/\/edyceramic-shop.ro\/ro\/#website\",\"url\":\"https:\/\/edyceramic-shop.ro\/ro\/\",\"name\":\"edyceramic.ro\",\"description\":\"\",\"publisher\":{\"@id\":\"https:\/\/edyceramic-shop.ro\/ro\/#organization\"},\"potentialAction\":[{\"@type\":\"SearchAction\",\"target\":{\"@type\":\"EntryPoint\",\"urlTemplate\":\"https:\/\/edyceramic-shop.ro\/ro\/?s={search_term_string}\"},\"query-input\":\"required name=search_term_string\"}],\"inLanguage\":\"ro-RO\"},{\"@type\":\"Organization\",\"@id\":\"https:\/\/edyceramic-shop.ro\/ro\/#organization\",\"name\":\"Edyceramic\",\"url\":\"https:\/\/edyceramic-shop.ro\/ro\/\",\"logo\":{\"@type\":\"ImageObject\",\"inLanguage\":\"ro-RO\",\"@id\":\"https:\/\/edyceramic-shop.ro\/ro\/#\/schema\/logo\/image\/\",\"url\":\"https:\/\/edyceramic-shop.ro\/wp-content\/uploads\/2024\/02\/Logo-EdyCeramic_2021-lung.png\",\"contentUrl\":\"https:\/\/edyceramic-shop.ro\/wp-content\/uploads\/2024\/02\/Logo-EdyCeramic_2021-lung.png\",\"width\":4491,\"height\":769,\"caption\":\"Edyceramic\"},\"image\":{\"@id\":\"https:\/\/edyceramic-shop.ro\/ro\/#\/schema\/logo\/image\/\"}}]}<\/script>\n<meta property=\"product:price:amount\" content=\"57.00\" \/>\n<meta property=\"product:price:currency\" content=\"RON\" \/>\n<meta property=\"og:availability\" content=\"instock\" \/>\n<meta property=\"product:availability\" content=\"instock\" \/>\n<meta property=\"product:retailer_item_id\" content=\"35c742fef1f4\" \/>\n<meta property=\"product:condition\" content=\"new\" \/>\n<!-- \/ Yoast SEO Premium plugin. -->","yoast_head_json":{"title":"Profil \u00eenchidere Largo dreapta L0301R - Edyceramic - magazin online","robots":{"index":"index","follow":"follow","max-snippet":"max-snippet:-1","max-image-preview":"max-image-preview:large","max-video-preview":"max-video-preview:-1"},"canonical":"https:\/\/edyceramic-shop.ro\/ro\/produs\/profil-inchidere-largo-dreapta-l0301r\/","og_locale":"ro_RO","og_type":"article","og_title":"Profil \u00eenchidere Largo dreapta L0301R","og_description":"Profilul de finisaj in dreapta L0301R este un profil conceput pentru a \u00eenchide estetic suprafata pe care se aplica riflajele","og_url":"https:\/\/edyceramic-shop.ro\/ro\/produs\/profil-inchidere-largo-dreapta-l0301r\/","og_site_name":"Edyceramic - magazin online","article_modified_time":"2025-08-01T11:36:29+00:00","og_image":[{"width":1600,"height":1066,"url":"https:\/\/edyceramic-shop.ro\/wp-content\/uploads\/2024\/10\/profil-inchidere-largo-dreapta-lo301r.webp","type":"image\/webp"}],"twitter_card":"summary_large_image","twitter_misc":{"Pre\u021b":"57,00&nbsp;lei","Disponibilitate":"\u00cen stoc"},"schema":{"@context":"https:\/\/schema.org","@graph":[{"@type":"WebPage","@id":"https:\/\/edyceramic-shop.ro\/produs\/profil-inchidere-largo-dreapta-l0301r\/","url":"https:\/\/edyceramic-shop.ro\/produs\/profil-inchidere-largo-dreapta-l0301r\/","name":"Profil \u00eenchidere Largo dreapta L0301R - Edyceramic - magazin online","isPartOf":{"@id":"https:\/\/edyceramic-shop.ro\/ro\/#website"},"datePublished":"2024-10-14T17:12:48+00:00","dateModified":"2025-08-01T11:36:29+00:00","breadcrumb":{"@id":"https:\/\/edyceramic-shop.ro\/produs\/profil-inchidere-largo-dreapta-l0301r\/#breadcrumb"},"inLanguage":"ro-RO","potentialAction":[{"@type":"ReadAction","target":["https:\/\/edyceramic-shop.ro\/produs\/profil-inchidere-largo-dreapta-l0301r\/"]}]},{"@type":"BreadcrumbList","@id":"https:\/\/edyceramic-shop.ro\/produs\/profil-inchidere-largo-dreapta-l0301r\/#breadcrumb","itemListElement":[{"@type":"ListItem","position":1,"name":"Home","item":"https:\/\/edyceramic-shop.ro\/"},{"@type":"ListItem","position":2,"name":"Shop","item":"https:\/\/edyceramic-shop.ro\/ro\/shop\/"},{"@type":"ListItem","position":3,"name":"Profil \u00eenchidere Largo dreapta L0301R"}]},{"@type":"WebSite","@id":"https:\/\/edyceramic-shop.ro\/ro\/#website","url":"https:\/\/edyceramic-shop.ro\/ro\/","name":"edyceramic.ro","description":"","publisher":{"@id":"https:\/\/edyceramic-shop.ro\/ro\/#organization"},"potentialAction":[{"@type":"SearchAction","target":{"@type":"EntryPoint","urlTemplate":"https:\/\/edyceramic-shop.ro\/ro\/?s={search_term_string}"},"query-input":"required name=search_term_string"}],"inLanguage":"ro-RO"},{"@type":"Organization","@id":"https:\/\/edyceramic-shop.ro\/ro\/#organization","name":"Edyceramic","url":"https:\/\/edyceramic-shop.ro\/ro\/","logo":{"@type":"ImageObject","inLanguage":"ro-RO","@id":"https:\/\/edyceramic-shop.ro\/ro\/#\/schema\/logo\/image\/","url":"https:\/\/edyceramic-shop.ro\/wp-content\/uploads\/2024\/02\/Logo-EdyCeramic_2021-lung.png","contentUrl":"https:\/\/edyceramic-shop.ro\/wp-content\/uploads\/2024\/02\/Logo-EdyCeramic_2021-lung.png","width":4491,"height":769,"caption":"Edyceramic"},"image":{"@id":"https:\/\/edyceramic-shop.ro\/ro\/#\/schema\/logo\/image\/"}}]},"product_price_amount":"57.00","product_price_currency":"RON","og_availability":"instock","product_availability":"instock","product_retailer_item_id":"35c742fef1f4","product_condition":"new"},"jetpack_sharing_enabled":true,"_links":{"self":[{"href":"https:\/\/edyceramic-shop.ro\/ro\/wp-json\/wp\/v2\/product\/22658","targetHints":{"allow":["GET"]}}],"collection":[{"href":"https:\/\/edyceramic-shop.ro\/ro\/wp-json\/wp\/v2\/product"}],"about":[{"href":"https:\/\/edyceramic-shop.ro\/ro\/wp-json\/wp\/v2\/types\/product"}],"version-history":[{"count":1,"href":"https:\/\/edyceramic-shop.ro\/ro\/wp-json\/wp\/v2\/product\/22658\/revisions"}],"predecessor-version":[{"id":22659,"href":"https:\/\/edyceramic-shop.ro\/ro\/wp-json\/wp\/v2\/product\/22658\/revisions\/22659"}],"wp:featuredmedia":[{"embeddable":true,"href":"https:\/\/edyceramic-shop.ro\/ro\/wp-json\/wp\/v2\/media\/22520"}],"wp:attachment":[{"href":"https:\/\/edyceramic-shop.ro\/ro\/wp-json\/wp\/v2\/media?parent=22658"}],"wp:term":[{"taxonomy":"product_brand","embeddable":true,"href":"https:\/\/edyceramic-shop.ro\/ro\/wp-json\/wp\/v2\/product_brand?post=22658"},{"taxonomy":"product_cat","embeddable":true,"href":"https:\/\/edyceramic-shop.ro\/ro\/wp-json\/wp\/v2\/product_cat?post=22658"},{"taxonomy":"product_tag","embeddable":true,"href":"https:\/\/edyceramic-shop.ro\/ro\/wp-json\/wp\/v2\/product_tag?post=22658"}],"curies":[{"name":"wp","href":"https:\/\/api.w.org\/{rel}","templated":true}]}}