{"id":22642,"date":"2024-10-14T19:12:48","date_gmt":"2024-10-14T17:12:48","guid":{"rendered":"https:\/\/edyceramic-shop.ro\/produs\/profil-inchidere-decor-lemn-stretto-dreapta-200cm-stejar-natur\/"},"modified":"2025-08-01T13:36:29","modified_gmt":"2025-08-01T11:36:29","slug":"profil-inchidere-decor-lemn-stretto-dreapta-200cm-stejar-natur","status":"publish","type":"product","link":"https:\/\/edyceramic-shop.ro\/ro\/produs\/profil-inchidere-decor-lemn-stretto-dreapta-200cm-stejar-natur\/","title":{"rendered":"Profil \u00eenchidere decor lemn Stretto dreapta 200cm Stejar natur"},"content":{"rendered":"<p>Termina\u021bia din dreapta Mardom Decor Lamelli Stretto decor lemn este realizat\u0103 dintr-un polimer foarte durabil. Tehnologia inovatoare ScratchShield\u00ae folosita in productia sa confera o crestere a duratitii suprafetei cu 40%. Aceasta \u00eenseamn\u0103 c\u0103 accesoriul este rezistent la zg\u00e2rieturi sau alte deterior\u0103ri mecanice, ceea ce se traduce prin mul\u021bi ani de aspect perfect al produsului. De asemenea, profilul de inchidere din dreapta Mardom Decor Stretto decor lemn este neutru la contactul cu apa, ceea ce \u00eenseamn\u0103 c\u0103 \u00eel pute\u021bi monta chiar \u0219i \u00een \u00eenc\u0103peri solicitante din acest punct de vedere, precum b\u0103i sau buc\u0103t\u0103rii. De asemenea, pute\u021bi utiliza produsul impreuna cu riflajele Lamelli Stretto \u00een spa\u021bii comerciale sau corporatiste, hoteluri, facilit\u0103\u021bi sportive sau restaurante. Vor aduce un suflu de modernitate \u0219i elegan\u021b\u0103 oric\u0103rui interior.<\/p>\n","protected":false},"excerpt":{"rendered":"<p>Termina\u021bia din dreapta Mardom Decor Lamelli Stretto decor lemn este realizat\u0103 dintr-un polimer foarte durabil. Tehnologia inovatoare ScratchShield\u00ae folosita in<\/p>\n","protected":false},"featured_media":22511,"template":"","meta":[],"product_brand":[],"product_cat":[1867],"product_tag":[],"class_list":{"0":"post-22642","1":"product","2":"type-product","3":"status-publish","4":"has-post-thumbnail","6":"product_cat-riflaje","7":"pa_culoare-stejar-natur","8":"pa_dimensiune-200x2-3x1-2cm","9":"pa_fabrica-mardom","10":"pa_finisaj-textura-lemn","11":"pa_material-polimer-dur","13":"first","14":"instock","15":"purchasable","16":"product-type-simple"},"yoast_head":"<!-- This site is optimized with the Yoast SEO Premium plugin v21.6 (Yoast SEO v22.1) - https:\/\/yoast.com\/wordpress\/plugins\/seo\/ -->\n<title>Profil \u00eenchidere decor lemn Stretto dreapta 200cm Stejar natur - Edyceramic - magazin online<\/title>\n<meta name=\"robots\" content=\"index, follow, max-snippet:-1, max-image-preview:large, max-video-preview:-1\" \/>\n<link rel=\"canonical\" href=\"https:\/\/edyceramic-shop.ro\/ro\/produs\/profil-inchidere-decor-lemn-stretto-dreapta-200cm-stejar-natur\/\" \/>\n<meta property=\"og:locale\" content=\"ro_RO\" \/>\n<meta property=\"og:type\" content=\"article\" \/>\n<meta property=\"og:title\" content=\"Profil \u00eenchidere decor lemn Stretto dreapta 200cm Stejar natur\" \/>\n<meta property=\"og:description\" content=\"Termina\u021bia din dreapta Mardom Decor Lamelli Stretto decor lemn este realizat\u0103 dintr-un polimer foarte durabil. Tehnologia inovatoare ScratchShield\u00ae folosita in\" \/>\n<meta property=\"og:url\" content=\"https:\/\/edyceramic-shop.ro\/ro\/produs\/profil-inchidere-decor-lemn-stretto-dreapta-200cm-stejar-natur\/\" \/>\n<meta property=\"og:site_name\" content=\"Edyceramic - magazin online\" \/>\n<meta property=\"article:modified_time\" content=\"2025-08-01T11:36:29+00:00\" \/>\n<meta property=\"og:image\" content=\"https:\/\/edyceramic-shop.ro\/wp-content\/uploads\/2024\/10\/profil-inchidere-decor-lemn-stretto-stanga-2.webp\" \/>\n\t<meta property=\"og:image:width\" content=\"1504\" \/>\n\t<meta property=\"og:image:height\" content=\"1130\" \/>\n\t<meta property=\"og:image:type\" content=\"image\/webp\" \/>\n<meta name=\"twitter:card\" content=\"summary_large_image\" \/>\n<meta name=\"twitter:label1\" content=\"Pre\u021b\" \/>\n\t<meta name=\"twitter:data1\" content=\"39,00&nbsp;lei\" \/>\n\t<meta name=\"twitter:label2\" content=\"Disponibilitate\" \/>\n\t<meta name=\"twitter:data2\" content=\"\u00cen stoc\" \/>\n<script type=\"application\/ld+json\" class=\"yoast-schema-graph\">{\"@context\":\"https:\/\/schema.org\",\"@graph\":[{\"@type\":\"WebPage\",\"@id\":\"https:\/\/edyceramic-shop.ro\/produs\/profil-inchidere-decor-lemn-stretto-dreapta-200cm-stejar-natur\/\",\"url\":\"https:\/\/edyceramic-shop.ro\/produs\/profil-inchidere-decor-lemn-stretto-dreapta-200cm-stejar-natur\/\",\"name\":\"Profil \u00eenchidere decor lemn Stretto dreapta 200cm Stejar natur - Edyceramic - magazin online\",\"isPartOf\":{\"@id\":\"https:\/\/edyceramic-shop.ro\/ro\/#website\"},\"datePublished\":\"2024-10-14T17:12:48+00:00\",\"dateModified\":\"2025-08-01T11:36:29+00:00\",\"breadcrumb\":{\"@id\":\"https:\/\/edyceramic-shop.ro\/produs\/profil-inchidere-decor-lemn-stretto-dreapta-200cm-stejar-natur\/#breadcrumb\"},\"inLanguage\":\"ro-RO\",\"potentialAction\":[{\"@type\":\"ReadAction\",\"target\":[\"https:\/\/edyceramic-shop.ro\/produs\/profil-inchidere-decor-lemn-stretto-dreapta-200cm-stejar-natur\/\"]}]},{\"@type\":\"BreadcrumbList\",\"@id\":\"https:\/\/edyceramic-shop.ro\/produs\/profil-inchidere-decor-lemn-stretto-dreapta-200cm-stejar-natur\/#breadcrumb\",\"itemListElement\":[{\"@type\":\"ListItem\",\"position\":1,\"name\":\"Home\",\"item\":\"https:\/\/edyceramic-shop.ro\/\"},{\"@type\":\"ListItem\",\"position\":2,\"name\":\"Shop\",\"item\":\"https:\/\/edyceramic-shop.ro\/ro\/shop\/\"},{\"@type\":\"ListItem\",\"position\":3,\"name\":\"Profil \u00eenchidere decor lemn Stretto dreapta 200cm Stejar natur\"}]},{\"@type\":\"WebSite\",\"@id\":\"https:\/\/edyceramic-shop.ro\/ro\/#website\",\"url\":\"https:\/\/edyceramic-shop.ro\/ro\/\",\"name\":\"edyceramic.ro\",\"description\":\"\",\"publisher\":{\"@id\":\"https:\/\/edyceramic-shop.ro\/ro\/#organization\"},\"potentialAction\":[{\"@type\":\"SearchAction\",\"target\":{\"@type\":\"EntryPoint\",\"urlTemplate\":\"https:\/\/edyceramic-shop.ro\/ro\/?s={search_term_string}\"},\"query-input\":\"required name=search_term_string\"}],\"inLanguage\":\"ro-RO\"},{\"@type\":\"Organization\",\"@id\":\"https:\/\/edyceramic-shop.ro\/ro\/#organization\",\"name\":\"Edyceramic\",\"url\":\"https:\/\/edyceramic-shop.ro\/ro\/\",\"logo\":{\"@type\":\"ImageObject\",\"inLanguage\":\"ro-RO\",\"@id\":\"https:\/\/edyceramic-shop.ro\/ro\/#\/schema\/logo\/image\/\",\"url\":\"https:\/\/edyceramic-shop.ro\/wp-content\/uploads\/2024\/02\/Logo-EdyCeramic_2021-lung.png\",\"contentUrl\":\"https:\/\/edyceramic-shop.ro\/wp-content\/uploads\/2024\/02\/Logo-EdyCeramic_2021-lung.png\",\"width\":4491,\"height\":769,\"caption\":\"Edyceramic\"},\"image\":{\"@id\":\"https:\/\/edyceramic-shop.ro\/ro\/#\/schema\/logo\/image\/\"}}]}<\/script>\n<meta property=\"product:price:amount\" content=\"39.00\" \/>\n<meta property=\"product:price:currency\" content=\"RON\" \/>\n<meta property=\"og:availability\" content=\"instock\" \/>\n<meta property=\"product:availability\" content=\"instock\" \/>\n<meta property=\"product:retailer_item_id\" content=\"5bb17361f22e\" \/>\n<meta property=\"product:condition\" content=\"new\" \/>\n<!-- \/ Yoast SEO Premium plugin. -->","yoast_head_json":{"title":"Profil \u00eenchidere decor lemn Stretto dreapta 200cm Stejar natur - Edyceramic - magazin online","robots":{"index":"index","follow":"follow","max-snippet":"max-snippet:-1","max-image-preview":"max-image-preview:large","max-video-preview":"max-video-preview:-1"},"canonical":"https:\/\/edyceramic-shop.ro\/ro\/produs\/profil-inchidere-decor-lemn-stretto-dreapta-200cm-stejar-natur\/","og_locale":"ro_RO","og_type":"article","og_title":"Profil \u00eenchidere decor lemn Stretto dreapta 200cm Stejar natur","og_description":"Termina\u021bia din dreapta Mardom Decor Lamelli Stretto decor lemn este realizat\u0103 dintr-un polimer foarte durabil. Tehnologia inovatoare ScratchShield\u00ae folosita in","og_url":"https:\/\/edyceramic-shop.ro\/ro\/produs\/profil-inchidere-decor-lemn-stretto-dreapta-200cm-stejar-natur\/","og_site_name":"Edyceramic - magazin online","article_modified_time":"2025-08-01T11:36:29+00:00","og_image":[{"width":1504,"height":1130,"url":"https:\/\/edyceramic-shop.ro\/wp-content\/uploads\/2024\/10\/profil-inchidere-decor-lemn-stretto-stanga-2.webp","type":"image\/webp"}],"twitter_card":"summary_large_image","twitter_misc":{"Pre\u021b":"39,00&nbsp;lei","Disponibilitate":"\u00cen stoc"},"schema":{"@context":"https:\/\/schema.org","@graph":[{"@type":"WebPage","@id":"https:\/\/edyceramic-shop.ro\/produs\/profil-inchidere-decor-lemn-stretto-dreapta-200cm-stejar-natur\/","url":"https:\/\/edyceramic-shop.ro\/produs\/profil-inchidere-decor-lemn-stretto-dreapta-200cm-stejar-natur\/","name":"Profil \u00eenchidere decor lemn Stretto dreapta 200cm Stejar natur - Edyceramic - magazin online","isPartOf":{"@id":"https:\/\/edyceramic-shop.ro\/ro\/#website"},"datePublished":"2024-10-14T17:12:48+00:00","dateModified":"2025-08-01T11:36:29+00:00","breadcrumb":{"@id":"https:\/\/edyceramic-shop.ro\/produs\/profil-inchidere-decor-lemn-stretto-dreapta-200cm-stejar-natur\/#breadcrumb"},"inLanguage":"ro-RO","potentialAction":[{"@type":"ReadAction","target":["https:\/\/edyceramic-shop.ro\/produs\/profil-inchidere-decor-lemn-stretto-dreapta-200cm-stejar-natur\/"]}]},{"@type":"BreadcrumbList","@id":"https:\/\/edyceramic-shop.ro\/produs\/profil-inchidere-decor-lemn-stretto-dreapta-200cm-stejar-natur\/#breadcrumb","itemListElement":[{"@type":"ListItem","position":1,"name":"Home","item":"https:\/\/edyceramic-shop.ro\/"},{"@type":"ListItem","position":2,"name":"Shop","item":"https:\/\/edyceramic-shop.ro\/ro\/shop\/"},{"@type":"ListItem","position":3,"name":"Profil \u00eenchidere decor lemn Stretto dreapta 200cm Stejar natur"}]},{"@type":"WebSite","@id":"https:\/\/edyceramic-shop.ro\/ro\/#website","url":"https:\/\/edyceramic-shop.ro\/ro\/","name":"edyceramic.ro","description":"","publisher":{"@id":"https:\/\/edyceramic-shop.ro\/ro\/#organization"},"potentialAction":[{"@type":"SearchAction","target":{"@type":"EntryPoint","urlTemplate":"https:\/\/edyceramic-shop.ro\/ro\/?s={search_term_string}"},"query-input":"required name=search_term_string"}],"inLanguage":"ro-RO"},{"@type":"Organization","@id":"https:\/\/edyceramic-shop.ro\/ro\/#organization","name":"Edyceramic","url":"https:\/\/edyceramic-shop.ro\/ro\/","logo":{"@type":"ImageObject","inLanguage":"ro-RO","@id":"https:\/\/edyceramic-shop.ro\/ro\/#\/schema\/logo\/image\/","url":"https:\/\/edyceramic-shop.ro\/wp-content\/uploads\/2024\/02\/Logo-EdyCeramic_2021-lung.png","contentUrl":"https:\/\/edyceramic-shop.ro\/wp-content\/uploads\/2024\/02\/Logo-EdyCeramic_2021-lung.png","width":4491,"height":769,"caption":"Edyceramic"},"image":{"@id":"https:\/\/edyceramic-shop.ro\/ro\/#\/schema\/logo\/image\/"}}]},"product_price_amount":"39.00","product_price_currency":"RON","og_availability":"instock","product_availability":"instock","product_retailer_item_id":"5bb17361f22e","product_condition":"new"},"jetpack_sharing_enabled":true,"_links":{"self":[{"href":"https:\/\/edyceramic-shop.ro\/ro\/wp-json\/wp\/v2\/product\/22642","targetHints":{"allow":["GET"]}}],"collection":[{"href":"https:\/\/edyceramic-shop.ro\/ro\/wp-json\/wp\/v2\/product"}],"about":[{"href":"https:\/\/edyceramic-shop.ro\/ro\/wp-json\/wp\/v2\/types\/product"}],"version-history":[{"count":1,"href":"https:\/\/edyceramic-shop.ro\/ro\/wp-json\/wp\/v2\/product\/22642\/revisions"}],"predecessor-version":[{"id":22643,"href":"https:\/\/edyceramic-shop.ro\/ro\/wp-json\/wp\/v2\/product\/22642\/revisions\/22643"}],"wp:featuredmedia":[{"embeddable":true,"href":"https:\/\/edyceramic-shop.ro\/ro\/wp-json\/wp\/v2\/media\/22511"}],"wp:attachment":[{"href":"https:\/\/edyceramic-shop.ro\/ro\/wp-json\/wp\/v2\/media?parent=22642"}],"wp:term":[{"taxonomy":"product_brand","embeddable":true,"href":"https:\/\/edyceramic-shop.ro\/ro\/wp-json\/wp\/v2\/product_brand?post=22642"},{"taxonomy":"product_cat","embeddable":true,"href":"https:\/\/edyceramic-shop.ro\/ro\/wp-json\/wp\/v2\/product_cat?post=22642"},{"taxonomy":"product_tag","embeddable":true,"href":"https:\/\/edyceramic-shop.ro\/ro\/wp-json\/wp\/v2\/product_tag?post=22642"}],"curies":[{"name":"wp","href":"https:\/\/api.w.org\/{rel}","templated":true}]}}