{"id":22618,"date":"2024-10-14T19:12:22","date_gmt":"2024-10-14T17:12:22","guid":{"rendered":"https:\/\/edyceramic-shop.ro\/produs\/profil-inchidere-decor-lemn-stretto-stanga-200cm-stejar-gri\/"},"modified":"2025-08-01T13:36:28","modified_gmt":"2025-08-01T11:36:28","slug":"profil-inchidere-decor-lemn-stretto-stanga-200cm-stejar-gri","status":"publish","type":"product","link":"https:\/\/edyceramic-shop.ro\/ro\/produs\/profil-inchidere-decor-lemn-stretto-stanga-200cm-stejar-gri\/","title":{"rendered":"Profil \u00eenchidere decor lemn Stretto st\u00e2nga 200cm Stejar gri"},"content":{"rendered":"<p>Termina\u021bia de parte st\u00e2ng\u0103 Mardom Decor pentru riflaje Lamelli Stretto decor lemn este fabricat\u0103 din material PolyForce\u00ae extrem de durabil, care se caracterizeaz\u0103 prin cei mai \u00eenal\u021bi parametri tehnici, inclusiv rezisten\u021ba 100% la ap\u0103, rezisten\u021ba la deformare sau schimbarea culorii sub actiunea radia\u021biilor UV. Folosind acest tip de profile, poti fi sigur ca produsul isi va mentine aspectul impecabil multi ani. Montajul acestui profil este rapid \u0219i intuitiv. Pentru a-l realiza, tot ce ai nevoie este unul dintre adezivii dedicati recomandati de producator.<\/p>\n","protected":false},"excerpt":{"rendered":"<p>Termina\u021bia de parte st\u00e2ng\u0103 Mardom Decor pentru riflaje Lamelli Stretto decor lemn este fabricat\u0103 din material PolyForce\u00ae extrem de durabil,<\/p>\n","protected":false},"featured_media":22510,"template":"","meta":[],"product_brand":[],"product_cat":[1867],"product_tag":[],"class_list":{"0":"post-22618","1":"product","2":"type-product","3":"status-publish","4":"has-post-thumbnail","6":"product_cat-riflaje","7":"pa_culoare-stejar-gri","8":"pa_dimensiune-200x3-6x1-2cm","9":"pa_fabrica-mardom","10":"pa_finisaj-textura-lemn","11":"pa_material-polimer-dur","13":"first","14":"instock","15":"purchasable","16":"product-type-simple"},"yoast_head":"<!-- This site is optimized with the Yoast SEO Premium plugin v21.6 (Yoast SEO v22.1) - https:\/\/yoast.com\/wordpress\/plugins\/seo\/ -->\n<title>Profil \u00eenchidere decor lemn Stretto st\u00e2nga 200cm Stejar gri - Edyceramic - magazin online<\/title>\n<meta name=\"robots\" content=\"index, follow, max-snippet:-1, max-image-preview:large, max-video-preview:-1\" \/>\n<link rel=\"canonical\" href=\"https:\/\/edyceramic-shop.ro\/ro\/produs\/profil-inchidere-decor-lemn-stretto-stanga-200cm-stejar-gri\/\" \/>\n<meta property=\"og:locale\" content=\"ro_RO\" \/>\n<meta property=\"og:type\" content=\"article\" \/>\n<meta property=\"og:title\" content=\"Profil \u00eenchidere decor lemn Stretto st\u00e2nga 200cm Stejar gri\" \/>\n<meta property=\"og:description\" content=\"Termina\u021bia de parte st\u00e2ng\u0103 Mardom Decor pentru riflaje Lamelli Stretto decor lemn este fabricat\u0103 din material PolyForce\u00ae extrem de durabil,\" \/>\n<meta property=\"og:url\" content=\"https:\/\/edyceramic-shop.ro\/ro\/produs\/profil-inchidere-decor-lemn-stretto-stanga-200cm-stejar-gri\/\" \/>\n<meta property=\"og:site_name\" content=\"Edyceramic - magazin online\" \/>\n<meta property=\"article:modified_time\" content=\"2025-08-01T11:36:28+00:00\" \/>\n<meta property=\"og:image\" content=\"https:\/\/edyceramic-shop.ro\/wp-content\/uploads\/2024\/10\/profil-inchidere-decor-lemn-stretto-stanga-1.webp\" \/>\n\t<meta property=\"og:image:width\" content=\"1504\" \/>\n\t<meta property=\"og:image:height\" content=\"1130\" \/>\n\t<meta property=\"og:image:type\" content=\"image\/webp\" \/>\n<meta name=\"twitter:card\" content=\"summary_large_image\" \/>\n<meta name=\"twitter:label1\" content=\"Pre\u021b\" \/>\n\t<meta name=\"twitter:data1\" content=\"41,00&nbsp;lei\" \/>\n\t<meta name=\"twitter:label2\" content=\"Disponibilitate\" \/>\n\t<meta name=\"twitter:data2\" content=\"\u00cen stoc\" \/>\n<script type=\"application\/ld+json\" class=\"yoast-schema-graph\">{\"@context\":\"https:\/\/schema.org\",\"@graph\":[{\"@type\":\"WebPage\",\"@id\":\"https:\/\/edyceramic-shop.ro\/produs\/profil-inchidere-decor-lemn-stretto-stanga-200cm-stejar-gri\/\",\"url\":\"https:\/\/edyceramic-shop.ro\/produs\/profil-inchidere-decor-lemn-stretto-stanga-200cm-stejar-gri\/\",\"name\":\"Profil \u00eenchidere decor lemn Stretto st\u00e2nga 200cm Stejar gri - Edyceramic - magazin online\",\"isPartOf\":{\"@id\":\"https:\/\/edyceramic-shop.ro\/ro\/#website\"},\"datePublished\":\"2024-10-14T17:12:22+00:00\",\"dateModified\":\"2025-08-01T11:36:28+00:00\",\"breadcrumb\":{\"@id\":\"https:\/\/edyceramic-shop.ro\/produs\/profil-inchidere-decor-lemn-stretto-stanga-200cm-stejar-gri\/#breadcrumb\"},\"inLanguage\":\"ro-RO\",\"potentialAction\":[{\"@type\":\"ReadAction\",\"target\":[\"https:\/\/edyceramic-shop.ro\/produs\/profil-inchidere-decor-lemn-stretto-stanga-200cm-stejar-gri\/\"]}]},{\"@type\":\"BreadcrumbList\",\"@id\":\"https:\/\/edyceramic-shop.ro\/produs\/profil-inchidere-decor-lemn-stretto-stanga-200cm-stejar-gri\/#breadcrumb\",\"itemListElement\":[{\"@type\":\"ListItem\",\"position\":1,\"name\":\"Home\",\"item\":\"https:\/\/edyceramic-shop.ro\/\"},{\"@type\":\"ListItem\",\"position\":2,\"name\":\"Shop\",\"item\":\"https:\/\/edyceramic-shop.ro\/ro\/shop\/\"},{\"@type\":\"ListItem\",\"position\":3,\"name\":\"Profil \u00eenchidere decor lemn Stretto st\u00e2nga 200cm Stejar gri\"}]},{\"@type\":\"WebSite\",\"@id\":\"https:\/\/edyceramic-shop.ro\/ro\/#website\",\"url\":\"https:\/\/edyceramic-shop.ro\/ro\/\",\"name\":\"edyceramic.ro\",\"description\":\"\",\"publisher\":{\"@id\":\"https:\/\/edyceramic-shop.ro\/ro\/#organization\"},\"potentialAction\":[{\"@type\":\"SearchAction\",\"target\":{\"@type\":\"EntryPoint\",\"urlTemplate\":\"https:\/\/edyceramic-shop.ro\/ro\/?s={search_term_string}\"},\"query-input\":\"required name=search_term_string\"}],\"inLanguage\":\"ro-RO\"},{\"@type\":\"Organization\",\"@id\":\"https:\/\/edyceramic-shop.ro\/ro\/#organization\",\"name\":\"Edyceramic\",\"url\":\"https:\/\/edyceramic-shop.ro\/ro\/\",\"logo\":{\"@type\":\"ImageObject\",\"inLanguage\":\"ro-RO\",\"@id\":\"https:\/\/edyceramic-shop.ro\/ro\/#\/schema\/logo\/image\/\",\"url\":\"https:\/\/edyceramic-shop.ro\/wp-content\/uploads\/2024\/02\/Logo-EdyCeramic_2021-lung.png\",\"contentUrl\":\"https:\/\/edyceramic-shop.ro\/wp-content\/uploads\/2024\/02\/Logo-EdyCeramic_2021-lung.png\",\"width\":4491,\"height\":769,\"caption\":\"Edyceramic\"},\"image\":{\"@id\":\"https:\/\/edyceramic-shop.ro\/ro\/#\/schema\/logo\/image\/\"}}]}<\/script>\n<meta property=\"product:price:amount\" content=\"41.00\" \/>\n<meta property=\"product:price:currency\" content=\"RON\" \/>\n<meta property=\"og:availability\" content=\"instock\" \/>\n<meta property=\"product:availability\" content=\"instock\" \/>\n<meta property=\"product:retailer_item_id\" content=\"339e96ce6829\" \/>\n<meta property=\"product:condition\" content=\"new\" \/>\n<!-- \/ Yoast SEO Premium plugin. -->","yoast_head_json":{"title":"Profil \u00eenchidere decor lemn Stretto st\u00e2nga 200cm Stejar gri - Edyceramic - magazin online","robots":{"index":"index","follow":"follow","max-snippet":"max-snippet:-1","max-image-preview":"max-image-preview:large","max-video-preview":"max-video-preview:-1"},"canonical":"https:\/\/edyceramic-shop.ro\/ro\/produs\/profil-inchidere-decor-lemn-stretto-stanga-200cm-stejar-gri\/","og_locale":"ro_RO","og_type":"article","og_title":"Profil \u00eenchidere decor lemn Stretto st\u00e2nga 200cm Stejar gri","og_description":"Termina\u021bia de parte st\u00e2ng\u0103 Mardom Decor pentru riflaje Lamelli Stretto decor lemn este fabricat\u0103 din material PolyForce\u00ae extrem de durabil,","og_url":"https:\/\/edyceramic-shop.ro\/ro\/produs\/profil-inchidere-decor-lemn-stretto-stanga-200cm-stejar-gri\/","og_site_name":"Edyceramic - magazin online","article_modified_time":"2025-08-01T11:36:28+00:00","og_image":[{"width":1504,"height":1130,"url":"https:\/\/edyceramic-shop.ro\/wp-content\/uploads\/2024\/10\/profil-inchidere-decor-lemn-stretto-stanga-1.webp","type":"image\/webp"}],"twitter_card":"summary_large_image","twitter_misc":{"Pre\u021b":"41,00&nbsp;lei","Disponibilitate":"\u00cen stoc"},"schema":{"@context":"https:\/\/schema.org","@graph":[{"@type":"WebPage","@id":"https:\/\/edyceramic-shop.ro\/produs\/profil-inchidere-decor-lemn-stretto-stanga-200cm-stejar-gri\/","url":"https:\/\/edyceramic-shop.ro\/produs\/profil-inchidere-decor-lemn-stretto-stanga-200cm-stejar-gri\/","name":"Profil \u00eenchidere decor lemn Stretto st\u00e2nga 200cm Stejar gri - Edyceramic - magazin online","isPartOf":{"@id":"https:\/\/edyceramic-shop.ro\/ro\/#website"},"datePublished":"2024-10-14T17:12:22+00:00","dateModified":"2025-08-01T11:36:28+00:00","breadcrumb":{"@id":"https:\/\/edyceramic-shop.ro\/produs\/profil-inchidere-decor-lemn-stretto-stanga-200cm-stejar-gri\/#breadcrumb"},"inLanguage":"ro-RO","potentialAction":[{"@type":"ReadAction","target":["https:\/\/edyceramic-shop.ro\/produs\/profil-inchidere-decor-lemn-stretto-stanga-200cm-stejar-gri\/"]}]},{"@type":"BreadcrumbList","@id":"https:\/\/edyceramic-shop.ro\/produs\/profil-inchidere-decor-lemn-stretto-stanga-200cm-stejar-gri\/#breadcrumb","itemListElement":[{"@type":"ListItem","position":1,"name":"Home","item":"https:\/\/edyceramic-shop.ro\/"},{"@type":"ListItem","position":2,"name":"Shop","item":"https:\/\/edyceramic-shop.ro\/ro\/shop\/"},{"@type":"ListItem","position":3,"name":"Profil \u00eenchidere decor lemn Stretto st\u00e2nga 200cm Stejar gri"}]},{"@type":"WebSite","@id":"https:\/\/edyceramic-shop.ro\/ro\/#website","url":"https:\/\/edyceramic-shop.ro\/ro\/","name":"edyceramic.ro","description":"","publisher":{"@id":"https:\/\/edyceramic-shop.ro\/ro\/#organization"},"potentialAction":[{"@type":"SearchAction","target":{"@type":"EntryPoint","urlTemplate":"https:\/\/edyceramic-shop.ro\/ro\/?s={search_term_string}"},"query-input":"required name=search_term_string"}],"inLanguage":"ro-RO"},{"@type":"Organization","@id":"https:\/\/edyceramic-shop.ro\/ro\/#organization","name":"Edyceramic","url":"https:\/\/edyceramic-shop.ro\/ro\/","logo":{"@type":"ImageObject","inLanguage":"ro-RO","@id":"https:\/\/edyceramic-shop.ro\/ro\/#\/schema\/logo\/image\/","url":"https:\/\/edyceramic-shop.ro\/wp-content\/uploads\/2024\/02\/Logo-EdyCeramic_2021-lung.png","contentUrl":"https:\/\/edyceramic-shop.ro\/wp-content\/uploads\/2024\/02\/Logo-EdyCeramic_2021-lung.png","width":4491,"height":769,"caption":"Edyceramic"},"image":{"@id":"https:\/\/edyceramic-shop.ro\/ro\/#\/schema\/logo\/image\/"}}]},"product_price_amount":"41.00","product_price_currency":"RON","og_availability":"instock","product_availability":"instock","product_retailer_item_id":"339e96ce6829","product_condition":"new"},"jetpack_sharing_enabled":true,"_links":{"self":[{"href":"https:\/\/edyceramic-shop.ro\/ro\/wp-json\/wp\/v2\/product\/22618","targetHints":{"allow":["GET"]}}],"collection":[{"href":"https:\/\/edyceramic-shop.ro\/ro\/wp-json\/wp\/v2\/product"}],"about":[{"href":"https:\/\/edyceramic-shop.ro\/ro\/wp-json\/wp\/v2\/types\/product"}],"version-history":[{"count":1,"href":"https:\/\/edyceramic-shop.ro\/ro\/wp-json\/wp\/v2\/product\/22618\/revisions"}],"predecessor-version":[{"id":22619,"href":"https:\/\/edyceramic-shop.ro\/ro\/wp-json\/wp\/v2\/product\/22618\/revisions\/22619"}],"wp:featuredmedia":[{"embeddable":true,"href":"https:\/\/edyceramic-shop.ro\/ro\/wp-json\/wp\/v2\/media\/22510"}],"wp:attachment":[{"href":"https:\/\/edyceramic-shop.ro\/ro\/wp-json\/wp\/v2\/media?parent=22618"}],"wp:term":[{"taxonomy":"product_brand","embeddable":true,"href":"https:\/\/edyceramic-shop.ro\/ro\/wp-json\/wp\/v2\/product_brand?post=22618"},{"taxonomy":"product_cat","embeddable":true,"href":"https:\/\/edyceramic-shop.ro\/ro\/wp-json\/wp\/v2\/product_cat?post=22618"},{"taxonomy":"product_tag","embeddable":true,"href":"https:\/\/edyceramic-shop.ro\/ro\/wp-json\/wp\/v2\/product_tag?post=22618"}],"curies":[{"name":"wp","href":"https:\/\/api.w.org\/{rel}","templated":true}]}}