{"id":22612,"date":"2024-10-14T19:12:22","date_gmt":"2024-10-14T17:12:22","guid":{"rendered":"https:\/\/edyceramic-shop.ro\/produs\/profil-intermediar-vivid-270cm-mat\/"},"modified":"2025-08-01T13:36:28","modified_gmt":"2025-08-01T11:36:28","slug":"profil-intermediar-vivid-270cm-mat","status":"publish","type":"product","link":"https:\/\/edyceramic-shop.ro\/ro\/produs\/profil-intermediar-vivid-270cm-mat\/","title":{"rendered":"Profil intermediar Vivid 270cm Mat"},"content":{"rendered":"<p>Profilul decorativ WP003A este un element din intermediar destinat utiliz\u0103rii cu panourile de perete din gama WP003 Vivid. Designul special face ca panourile s\u0103 se combine perfect cu profilul triunghiular. Ele pot fi folosite \u00een combina\u021bie cu panouri Vivid \u2013 ca un singur element \u00eentre panouri (panou-\u0219ipc\u0103-panou), dar \u0219i in aranjamente de mai multe profile unul l\u00e2ng\u0103 altul (\u0219ipc\u0103-\u0219ipc\u0103-panou). WP003A este fabricat din material polimeric PolyForce\u00ae de \u00eenalt\u0103 calitate, care se caracterizeaz\u0103 printr-o densitate ridicat\u0103. \u00cen plus, pentru a \u00eent\u0103ri elementul, \u00een procesul de produc\u021bie a fost utilizat\u0103 tehnologia inovatoare ScratchShield\u00ae, care cre\u0219te duritatea suprafe\u021bei cu p\u00e2n\u0103 la 40%, cresc\u00e2nd rezisten\u021ba profilelor la deteriorarea mecanic\u0103. WP003A este, de asemenea, rezistent la ap\u0103 \u0219i lumina soarelui. Testele noastre au ar\u0103tat c\u0103 produsul scufundat \u00een ap\u0103 nu se umfl\u0103 sau deformeaz\u0103 indiferent de durata, iar expunerea la razele UV nu are ca rezultat \u00eeng\u0103lbenirea sau craparea materialului. Profilul poate fi folosit\u0103 \u00een orice tip de incapere, indiferent de scopul sau tipul acestora \u2013 va arata bine \u00een buc\u0103t\u0103rie sau sufragerie, dar \u0219i \u00een baie sau \u00eentr-o sal\u0103 de conferin\u021be.<\/p>\n","protected":false},"excerpt":{"rendered":"<p>Profilul decorativ WP003A este un element din intermediar destinat utiliz\u0103rii cu panourile de perete din gama WP003 Vivid. Designul special<\/p>\n","protected":false},"featured_media":22539,"template":"","meta":[],"product_brand":[],"product_cat":[1867],"product_tag":[],"class_list":{"0":"post-22612","1":"product","2":"type-product","3":"status-publish","4":"has-post-thumbnail","6":"product_cat-riflaje","7":"pa_culoare-alb","8":"pa_dimensiune-270x2-5x4-5cm","9":"pa_fabrica-mardom","10":"pa_finisaj-mat","11":"pa_material-polimer-dur","13":"first","14":"instock","15":"purchasable","16":"product-type-simple"},"yoast_head":"<!-- This site is optimized with the Yoast SEO Premium plugin v21.6 (Yoast SEO v22.1) - https:\/\/yoast.com\/wordpress\/plugins\/seo\/ -->\n<title>Profil intermediar Vivid 270cm Mat - Edyceramic - magazin online<\/title>\n<meta name=\"robots\" content=\"index, follow, max-snippet:-1, max-image-preview:large, max-video-preview:-1\" \/>\n<link rel=\"canonical\" href=\"https:\/\/edyceramic-shop.ro\/ro\/produs\/profil-intermediar-vivid-270cm-mat\/\" \/>\n<meta property=\"og:locale\" content=\"ro_RO\" \/>\n<meta property=\"og:type\" content=\"article\" \/>\n<meta property=\"og:title\" content=\"Profil intermediar Vivid 270cm Mat\" \/>\n<meta property=\"og:description\" content=\"Profilul decorativ WP003A este un element din intermediar destinat utiliz\u0103rii cu panourile de perete din gama WP003 Vivid. Designul special\" \/>\n<meta property=\"og:url\" content=\"https:\/\/edyceramic-shop.ro\/ro\/produs\/profil-intermediar-vivid-270cm-mat\/\" \/>\n<meta property=\"og:site_name\" content=\"Edyceramic - magazin online\" \/>\n<meta property=\"article:modified_time\" content=\"2025-08-01T11:36:28+00:00\" \/>\n<meta property=\"og:image\" content=\"https:\/\/edyceramic-shop.ro\/wp-content\/uploads\/2024\/10\/profil-intermediar-vivid-983305-1.webp\" \/>\n\t<meta property=\"og:image:width\" content=\"1600\" \/>\n\t<meta property=\"og:image:height\" content=\"1066\" \/>\n\t<meta property=\"og:image:type\" content=\"image\/webp\" \/>\n<meta name=\"twitter:card\" content=\"summary_large_image\" \/>\n<meta name=\"twitter:label1\" content=\"Pre\u021b\" \/>\n\t<meta name=\"twitter:data1\" content=\"77,00&nbsp;lei\" \/>\n\t<meta name=\"twitter:label2\" content=\"Disponibilitate\" \/>\n\t<meta name=\"twitter:data2\" content=\"\u00cen stoc\" \/>\n<script type=\"application\/ld+json\" class=\"yoast-schema-graph\">{\"@context\":\"https:\/\/schema.org\",\"@graph\":[{\"@type\":\"WebPage\",\"@id\":\"https:\/\/edyceramic-shop.ro\/produs\/profil-intermediar-vivid-270cm-mat\/\",\"url\":\"https:\/\/edyceramic-shop.ro\/produs\/profil-intermediar-vivid-270cm-mat\/\",\"name\":\"Profil intermediar Vivid 270cm Mat - Edyceramic - magazin online\",\"isPartOf\":{\"@id\":\"https:\/\/edyceramic-shop.ro\/ro\/#website\"},\"datePublished\":\"2024-10-14T17:12:22+00:00\",\"dateModified\":\"2025-08-01T11:36:28+00:00\",\"breadcrumb\":{\"@id\":\"https:\/\/edyceramic-shop.ro\/produs\/profil-intermediar-vivid-270cm-mat\/#breadcrumb\"},\"inLanguage\":\"ro-RO\",\"potentialAction\":[{\"@type\":\"ReadAction\",\"target\":[\"https:\/\/edyceramic-shop.ro\/produs\/profil-intermediar-vivid-270cm-mat\/\"]}]},{\"@type\":\"BreadcrumbList\",\"@id\":\"https:\/\/edyceramic-shop.ro\/produs\/profil-intermediar-vivid-270cm-mat\/#breadcrumb\",\"itemListElement\":[{\"@type\":\"ListItem\",\"position\":1,\"name\":\"Home\",\"item\":\"https:\/\/edyceramic-shop.ro\/\"},{\"@type\":\"ListItem\",\"position\":2,\"name\":\"Shop\",\"item\":\"https:\/\/edyceramic-shop.ro\/ro\/shop\/\"},{\"@type\":\"ListItem\",\"position\":3,\"name\":\"Profil intermediar Vivid 270cm Mat\"}]},{\"@type\":\"WebSite\",\"@id\":\"https:\/\/edyceramic-shop.ro\/ro\/#website\",\"url\":\"https:\/\/edyceramic-shop.ro\/ro\/\",\"name\":\"edyceramic.ro\",\"description\":\"\",\"publisher\":{\"@id\":\"https:\/\/edyceramic-shop.ro\/ro\/#organization\"},\"potentialAction\":[{\"@type\":\"SearchAction\",\"target\":{\"@type\":\"EntryPoint\",\"urlTemplate\":\"https:\/\/edyceramic-shop.ro\/ro\/?s={search_term_string}\"},\"query-input\":\"required name=search_term_string\"}],\"inLanguage\":\"ro-RO\"},{\"@type\":\"Organization\",\"@id\":\"https:\/\/edyceramic-shop.ro\/ro\/#organization\",\"name\":\"Edyceramic\",\"url\":\"https:\/\/edyceramic-shop.ro\/ro\/\",\"logo\":{\"@type\":\"ImageObject\",\"inLanguage\":\"ro-RO\",\"@id\":\"https:\/\/edyceramic-shop.ro\/ro\/#\/schema\/logo\/image\/\",\"url\":\"https:\/\/edyceramic-shop.ro\/wp-content\/uploads\/2024\/02\/Logo-EdyCeramic_2021-lung.png\",\"contentUrl\":\"https:\/\/edyceramic-shop.ro\/wp-content\/uploads\/2024\/02\/Logo-EdyCeramic_2021-lung.png\",\"width\":4491,\"height\":769,\"caption\":\"Edyceramic\"},\"image\":{\"@id\":\"https:\/\/edyceramic-shop.ro\/ro\/#\/schema\/logo\/image\/\"}}]}<\/script>\n<meta property=\"product:price:amount\" content=\"77.00\" \/>\n<meta property=\"product:price:currency\" content=\"RON\" \/>\n<meta property=\"og:availability\" content=\"instock\" \/>\n<meta property=\"product:availability\" content=\"instock\" \/>\n<meta property=\"product:retailer_item_id\" content=\"ee1a19c47dd4\" \/>\n<meta property=\"product:condition\" content=\"new\" \/>\n<!-- \/ Yoast SEO Premium plugin. -->","yoast_head_json":{"title":"Profil intermediar Vivid 270cm Mat - Edyceramic - magazin online","robots":{"index":"index","follow":"follow","max-snippet":"max-snippet:-1","max-image-preview":"max-image-preview:large","max-video-preview":"max-video-preview:-1"},"canonical":"https:\/\/edyceramic-shop.ro\/ro\/produs\/profil-intermediar-vivid-270cm-mat\/","og_locale":"ro_RO","og_type":"article","og_title":"Profil intermediar Vivid 270cm Mat","og_description":"Profilul decorativ WP003A este un element din intermediar destinat utiliz\u0103rii cu panourile de perete din gama WP003 Vivid. Designul special","og_url":"https:\/\/edyceramic-shop.ro\/ro\/produs\/profil-intermediar-vivid-270cm-mat\/","og_site_name":"Edyceramic - magazin online","article_modified_time":"2025-08-01T11:36:28+00:00","og_image":[{"width":1600,"height":1066,"url":"https:\/\/edyceramic-shop.ro\/wp-content\/uploads\/2024\/10\/profil-intermediar-vivid-983305-1.webp","type":"image\/webp"}],"twitter_card":"summary_large_image","twitter_misc":{"Pre\u021b":"77,00&nbsp;lei","Disponibilitate":"\u00cen stoc"},"schema":{"@context":"https:\/\/schema.org","@graph":[{"@type":"WebPage","@id":"https:\/\/edyceramic-shop.ro\/produs\/profil-intermediar-vivid-270cm-mat\/","url":"https:\/\/edyceramic-shop.ro\/produs\/profil-intermediar-vivid-270cm-mat\/","name":"Profil intermediar Vivid 270cm Mat - Edyceramic - magazin online","isPartOf":{"@id":"https:\/\/edyceramic-shop.ro\/ro\/#website"},"datePublished":"2024-10-14T17:12:22+00:00","dateModified":"2025-08-01T11:36:28+00:00","breadcrumb":{"@id":"https:\/\/edyceramic-shop.ro\/produs\/profil-intermediar-vivid-270cm-mat\/#breadcrumb"},"inLanguage":"ro-RO","potentialAction":[{"@type":"ReadAction","target":["https:\/\/edyceramic-shop.ro\/produs\/profil-intermediar-vivid-270cm-mat\/"]}]},{"@type":"BreadcrumbList","@id":"https:\/\/edyceramic-shop.ro\/produs\/profil-intermediar-vivid-270cm-mat\/#breadcrumb","itemListElement":[{"@type":"ListItem","position":1,"name":"Home","item":"https:\/\/edyceramic-shop.ro\/"},{"@type":"ListItem","position":2,"name":"Shop","item":"https:\/\/edyceramic-shop.ro\/ro\/shop\/"},{"@type":"ListItem","position":3,"name":"Profil intermediar Vivid 270cm Mat"}]},{"@type":"WebSite","@id":"https:\/\/edyceramic-shop.ro\/ro\/#website","url":"https:\/\/edyceramic-shop.ro\/ro\/","name":"edyceramic.ro","description":"","publisher":{"@id":"https:\/\/edyceramic-shop.ro\/ro\/#organization"},"potentialAction":[{"@type":"SearchAction","target":{"@type":"EntryPoint","urlTemplate":"https:\/\/edyceramic-shop.ro\/ro\/?s={search_term_string}"},"query-input":"required name=search_term_string"}],"inLanguage":"ro-RO"},{"@type":"Organization","@id":"https:\/\/edyceramic-shop.ro\/ro\/#organization","name":"Edyceramic","url":"https:\/\/edyceramic-shop.ro\/ro\/","logo":{"@type":"ImageObject","inLanguage":"ro-RO","@id":"https:\/\/edyceramic-shop.ro\/ro\/#\/schema\/logo\/image\/","url":"https:\/\/edyceramic-shop.ro\/wp-content\/uploads\/2024\/02\/Logo-EdyCeramic_2021-lung.png","contentUrl":"https:\/\/edyceramic-shop.ro\/wp-content\/uploads\/2024\/02\/Logo-EdyCeramic_2021-lung.png","width":4491,"height":769,"caption":"Edyceramic"},"image":{"@id":"https:\/\/edyceramic-shop.ro\/ro\/#\/schema\/logo\/image\/"}}]},"product_price_amount":"77.00","product_price_currency":"RON","og_availability":"instock","product_availability":"instock","product_retailer_item_id":"ee1a19c47dd4","product_condition":"new"},"jetpack_sharing_enabled":true,"_links":{"self":[{"href":"https:\/\/edyceramic-shop.ro\/ro\/wp-json\/wp\/v2\/product\/22612","targetHints":{"allow":["GET"]}}],"collection":[{"href":"https:\/\/edyceramic-shop.ro\/ro\/wp-json\/wp\/v2\/product"}],"about":[{"href":"https:\/\/edyceramic-shop.ro\/ro\/wp-json\/wp\/v2\/types\/product"}],"version-history":[{"count":1,"href":"https:\/\/edyceramic-shop.ro\/ro\/wp-json\/wp\/v2\/product\/22612\/revisions"}],"predecessor-version":[{"id":22613,"href":"https:\/\/edyceramic-shop.ro\/ro\/wp-json\/wp\/v2\/product\/22612\/revisions\/22613"}],"wp:featuredmedia":[{"embeddable":true,"href":"https:\/\/edyceramic-shop.ro\/ro\/wp-json\/wp\/v2\/media\/22539"}],"wp:attachment":[{"href":"https:\/\/edyceramic-shop.ro\/ro\/wp-json\/wp\/v2\/media?parent=22612"}],"wp:term":[{"taxonomy":"product_brand","embeddable":true,"href":"https:\/\/edyceramic-shop.ro\/ro\/wp-json\/wp\/v2\/product_brand?post=22612"},{"taxonomy":"product_cat","embeddable":true,"href":"https:\/\/edyceramic-shop.ro\/ro\/wp-json\/wp\/v2\/product_cat?post=22612"},{"taxonomy":"product_tag","embeddable":true,"href":"https:\/\/edyceramic-shop.ro\/ro\/wp-json\/wp\/v2\/product_tag?post=22612"}],"curies":[{"name":"wp","href":"https:\/\/api.w.org\/{rel}","templated":true}]}}