{"id":22582,"date":"2024-10-14T19:11:54","date_gmt":"2024-10-14T17:11:54","guid":{"rendered":"https:\/\/edyceramic-shop.ro\/produs\/riflaje-decor-lemn-stretto-200cm-stejar-inchis\/"},"modified":"2025-08-01T13:36:27","modified_gmt":"2025-08-01T11:36:27","slug":"riflaje-decor-lemn-stretto-200cm-stejar-inchis","status":"publish","type":"product","link":"https:\/\/edyceramic-shop.ro\/ro\/produs\/riflaje-decor-lemn-stretto-200cm-stejar-inchis\/","title":{"rendered":"Riflaje decor lemn Stretto 200cm Stejar Inchis"},"content":{"rendered":"<p>Riflajele cu decor de lemn Lamelli Stretto, cu lamela de 10 mm, sunt panouri decorative elegante, cu o gam\u0103 larg\u0103 de posibilit\u0103\u021bi de design. Elimin\u0103 ecourile si reverberatiile din camere. Panourile decorative Lamelli Stretto sunt realizate din material PolyForce\u00ae, un polimer dur foarte rezistent, durabil \u0219i rezistent la ap\u0103. Partea inferioar\u0103 a lamelelor este neagra iar cea superioara este decorata cu decorul de lemn. Aceste panouri pot fi ornate cu benzi led, cu ajutorul profilelor din aluminiu. Panouri disponibile la 2 m si 2,7 m lungime.<\/p>\n","protected":false},"excerpt":{"rendered":"<p>Riflajele cu decor de lemn Lamelli Stretto, cu lamela de 10 mm, sunt panouri decorative elegante, cu o gam\u0103 larg\u0103<\/p>\n","protected":false},"featured_media":22466,"template":"","meta":[],"product_brand":[],"product_cat":[1867],"product_tag":[],"class_list":{"0":"post-22582","1":"product","2":"type-product","3":"status-publish","4":"has-post-thumbnail","6":"product_cat-riflaje","7":"pa_culoare-stejar-inchis","8":"pa_dimensiune-200x12x1-2cm","9":"pa_fabrica-mardom","10":"pa_finisaj-textura-lemn","11":"pa_material-polimer-dur","13":"first","14":"instock","15":"purchasable","16":"product-type-simple"},"yoast_head":"<!-- This site is optimized with the Yoast SEO Premium plugin v21.6 (Yoast SEO v22.1) - https:\/\/yoast.com\/wordpress\/plugins\/seo\/ -->\n<title>Riflaje decor lemn Stretto 200cm Stejar Inchis - Edyceramic - magazin online<\/title>\n<meta name=\"robots\" content=\"index, follow, max-snippet:-1, max-image-preview:large, max-video-preview:-1\" \/>\n<link rel=\"canonical\" href=\"https:\/\/edyceramic-shop.ro\/ro\/produs\/riflaje-decor-lemn-stretto-200cm-stejar-inchis\/\" \/>\n<meta property=\"og:locale\" content=\"ro_RO\" \/>\n<meta property=\"og:type\" content=\"article\" \/>\n<meta property=\"og:title\" content=\"Riflaje decor lemn Stretto 200cm Stejar Inchis\" \/>\n<meta property=\"og:description\" content=\"Riflajele cu decor de lemn Lamelli Stretto, cu lamela de 10 mm, sunt panouri decorative elegante, cu o gam\u0103 larg\u0103\" \/>\n<meta property=\"og:url\" content=\"https:\/\/edyceramic-shop.ro\/ro\/produs\/riflaje-decor-lemn-stretto-200cm-stejar-inchis\/\" \/>\n<meta property=\"og:site_name\" content=\"Edyceramic - magazin online\" \/>\n<meta property=\"article:modified_time\" content=\"2025-08-01T11:36:27+00:00\" \/>\n<meta property=\"og:image\" content=\"https:\/\/edyceramic-shop.ro\/wp-content\/uploads\/2024\/10\/panou-riflat-decor-lemn-stretto-1.webp\" \/>\n\t<meta property=\"og:image:width\" content=\"1504\" \/>\n\t<meta property=\"og:image:height\" content=\"1130\" \/>\n\t<meta property=\"og:image:type\" content=\"image\/webp\" \/>\n<meta name=\"twitter:card\" content=\"summary_large_image\" \/>\n<meta name=\"twitter:label1\" content=\"Pre\u021b\" \/>\n\t<meta name=\"twitter:data1\" content=\"113,00&nbsp;lei\" \/>\n\t<meta name=\"twitter:label2\" content=\"Disponibilitate\" \/>\n\t<meta name=\"twitter:data2\" content=\"\u00cen stoc\" \/>\n<script type=\"application\/ld+json\" class=\"yoast-schema-graph\">{\"@context\":\"https:\/\/schema.org\",\"@graph\":[{\"@type\":\"WebPage\",\"@id\":\"https:\/\/edyceramic-shop.ro\/produs\/riflaje-decor-lemn-stretto-200cm-stejar-inchis\/\",\"url\":\"https:\/\/edyceramic-shop.ro\/produs\/riflaje-decor-lemn-stretto-200cm-stejar-inchis\/\",\"name\":\"Riflaje decor lemn Stretto 200cm Stejar Inchis - Edyceramic - magazin online\",\"isPartOf\":{\"@id\":\"https:\/\/edyceramic-shop.ro\/ro\/#website\"},\"datePublished\":\"2024-10-14T17:11:54+00:00\",\"dateModified\":\"2025-08-01T11:36:27+00:00\",\"breadcrumb\":{\"@id\":\"https:\/\/edyceramic-shop.ro\/produs\/riflaje-decor-lemn-stretto-200cm-stejar-inchis\/#breadcrumb\"},\"inLanguage\":\"ro-RO\",\"potentialAction\":[{\"@type\":\"ReadAction\",\"target\":[\"https:\/\/edyceramic-shop.ro\/produs\/riflaje-decor-lemn-stretto-200cm-stejar-inchis\/\"]}]},{\"@type\":\"BreadcrumbList\",\"@id\":\"https:\/\/edyceramic-shop.ro\/produs\/riflaje-decor-lemn-stretto-200cm-stejar-inchis\/#breadcrumb\",\"itemListElement\":[{\"@type\":\"ListItem\",\"position\":1,\"name\":\"Home\",\"item\":\"https:\/\/edyceramic-shop.ro\/\"},{\"@type\":\"ListItem\",\"position\":2,\"name\":\"Shop\",\"item\":\"https:\/\/edyceramic-shop.ro\/ro\/shop\/\"},{\"@type\":\"ListItem\",\"position\":3,\"name\":\"Riflaje decor lemn Stretto 200cm Stejar Inchis\"}]},{\"@type\":\"WebSite\",\"@id\":\"https:\/\/edyceramic-shop.ro\/ro\/#website\",\"url\":\"https:\/\/edyceramic-shop.ro\/ro\/\",\"name\":\"edyceramic.ro\",\"description\":\"\",\"publisher\":{\"@id\":\"https:\/\/edyceramic-shop.ro\/ro\/#organization\"},\"potentialAction\":[{\"@type\":\"SearchAction\",\"target\":{\"@type\":\"EntryPoint\",\"urlTemplate\":\"https:\/\/edyceramic-shop.ro\/ro\/?s={search_term_string}\"},\"query-input\":\"required name=search_term_string\"}],\"inLanguage\":\"ro-RO\"},{\"@type\":\"Organization\",\"@id\":\"https:\/\/edyceramic-shop.ro\/ro\/#organization\",\"name\":\"Edyceramic\",\"url\":\"https:\/\/edyceramic-shop.ro\/ro\/\",\"logo\":{\"@type\":\"ImageObject\",\"inLanguage\":\"ro-RO\",\"@id\":\"https:\/\/edyceramic-shop.ro\/ro\/#\/schema\/logo\/image\/\",\"url\":\"https:\/\/edyceramic-shop.ro\/wp-content\/uploads\/2024\/02\/Logo-EdyCeramic_2021-lung.png\",\"contentUrl\":\"https:\/\/edyceramic-shop.ro\/wp-content\/uploads\/2024\/02\/Logo-EdyCeramic_2021-lung.png\",\"width\":4491,\"height\":769,\"caption\":\"Edyceramic\"},\"image\":{\"@id\":\"https:\/\/edyceramic-shop.ro\/ro\/#\/schema\/logo\/image\/\"}}]}<\/script>\n<meta property=\"product:price:amount\" content=\"113.00\" \/>\n<meta property=\"product:price:currency\" content=\"RON\" \/>\n<meta property=\"og:availability\" content=\"instock\" \/>\n<meta property=\"product:availability\" content=\"instock\" \/>\n<meta property=\"product:retailer_item_id\" content=\"50173b065892\" \/>\n<meta property=\"product:condition\" content=\"new\" \/>\n<!-- \/ Yoast SEO Premium plugin. -->","yoast_head_json":{"title":"Riflaje decor lemn Stretto 200cm Stejar Inchis - Edyceramic - magazin online","robots":{"index":"index","follow":"follow","max-snippet":"max-snippet:-1","max-image-preview":"max-image-preview:large","max-video-preview":"max-video-preview:-1"},"canonical":"https:\/\/edyceramic-shop.ro\/ro\/produs\/riflaje-decor-lemn-stretto-200cm-stejar-inchis\/","og_locale":"ro_RO","og_type":"article","og_title":"Riflaje decor lemn Stretto 200cm Stejar Inchis","og_description":"Riflajele cu decor de lemn Lamelli Stretto, cu lamela de 10 mm, sunt panouri decorative elegante, cu o gam\u0103 larg\u0103","og_url":"https:\/\/edyceramic-shop.ro\/ro\/produs\/riflaje-decor-lemn-stretto-200cm-stejar-inchis\/","og_site_name":"Edyceramic - magazin online","article_modified_time":"2025-08-01T11:36:27+00:00","og_image":[{"width":1504,"height":1130,"url":"https:\/\/edyceramic-shop.ro\/wp-content\/uploads\/2024\/10\/panou-riflat-decor-lemn-stretto-1.webp","type":"image\/webp"}],"twitter_card":"summary_large_image","twitter_misc":{"Pre\u021b":"113,00&nbsp;lei","Disponibilitate":"\u00cen stoc"},"schema":{"@context":"https:\/\/schema.org","@graph":[{"@type":"WebPage","@id":"https:\/\/edyceramic-shop.ro\/produs\/riflaje-decor-lemn-stretto-200cm-stejar-inchis\/","url":"https:\/\/edyceramic-shop.ro\/produs\/riflaje-decor-lemn-stretto-200cm-stejar-inchis\/","name":"Riflaje decor lemn Stretto 200cm Stejar Inchis - Edyceramic - magazin online","isPartOf":{"@id":"https:\/\/edyceramic-shop.ro\/ro\/#website"},"datePublished":"2024-10-14T17:11:54+00:00","dateModified":"2025-08-01T11:36:27+00:00","breadcrumb":{"@id":"https:\/\/edyceramic-shop.ro\/produs\/riflaje-decor-lemn-stretto-200cm-stejar-inchis\/#breadcrumb"},"inLanguage":"ro-RO","potentialAction":[{"@type":"ReadAction","target":["https:\/\/edyceramic-shop.ro\/produs\/riflaje-decor-lemn-stretto-200cm-stejar-inchis\/"]}]},{"@type":"BreadcrumbList","@id":"https:\/\/edyceramic-shop.ro\/produs\/riflaje-decor-lemn-stretto-200cm-stejar-inchis\/#breadcrumb","itemListElement":[{"@type":"ListItem","position":1,"name":"Home","item":"https:\/\/edyceramic-shop.ro\/"},{"@type":"ListItem","position":2,"name":"Shop","item":"https:\/\/edyceramic-shop.ro\/ro\/shop\/"},{"@type":"ListItem","position":3,"name":"Riflaje decor lemn Stretto 200cm Stejar Inchis"}]},{"@type":"WebSite","@id":"https:\/\/edyceramic-shop.ro\/ro\/#website","url":"https:\/\/edyceramic-shop.ro\/ro\/","name":"edyceramic.ro","description":"","publisher":{"@id":"https:\/\/edyceramic-shop.ro\/ro\/#organization"},"potentialAction":[{"@type":"SearchAction","target":{"@type":"EntryPoint","urlTemplate":"https:\/\/edyceramic-shop.ro\/ro\/?s={search_term_string}"},"query-input":"required name=search_term_string"}],"inLanguage":"ro-RO"},{"@type":"Organization","@id":"https:\/\/edyceramic-shop.ro\/ro\/#organization","name":"Edyceramic","url":"https:\/\/edyceramic-shop.ro\/ro\/","logo":{"@type":"ImageObject","inLanguage":"ro-RO","@id":"https:\/\/edyceramic-shop.ro\/ro\/#\/schema\/logo\/image\/","url":"https:\/\/edyceramic-shop.ro\/wp-content\/uploads\/2024\/02\/Logo-EdyCeramic_2021-lung.png","contentUrl":"https:\/\/edyceramic-shop.ro\/wp-content\/uploads\/2024\/02\/Logo-EdyCeramic_2021-lung.png","width":4491,"height":769,"caption":"Edyceramic"},"image":{"@id":"https:\/\/edyceramic-shop.ro\/ro\/#\/schema\/logo\/image\/"}}]},"product_price_amount":"113.00","product_price_currency":"RON","og_availability":"instock","product_availability":"instock","product_retailer_item_id":"50173b065892","product_condition":"new"},"jetpack_sharing_enabled":true,"_links":{"self":[{"href":"https:\/\/edyceramic-shop.ro\/ro\/wp-json\/wp\/v2\/product\/22582","targetHints":{"allow":["GET"]}}],"collection":[{"href":"https:\/\/edyceramic-shop.ro\/ro\/wp-json\/wp\/v2\/product"}],"about":[{"href":"https:\/\/edyceramic-shop.ro\/ro\/wp-json\/wp\/v2\/types\/product"}],"version-history":[{"count":1,"href":"https:\/\/edyceramic-shop.ro\/ro\/wp-json\/wp\/v2\/product\/22582\/revisions"}],"predecessor-version":[{"id":22583,"href":"https:\/\/edyceramic-shop.ro\/ro\/wp-json\/wp\/v2\/product\/22582\/revisions\/22583"}],"wp:featuredmedia":[{"embeddable":true,"href":"https:\/\/edyceramic-shop.ro\/ro\/wp-json\/wp\/v2\/media\/22466"}],"wp:attachment":[{"href":"https:\/\/edyceramic-shop.ro\/ro\/wp-json\/wp\/v2\/media?parent=22582"}],"wp:term":[{"taxonomy":"product_brand","embeddable":true,"href":"https:\/\/edyceramic-shop.ro\/ro\/wp-json\/wp\/v2\/product_brand?post=22582"},{"taxonomy":"product_cat","embeddable":true,"href":"https:\/\/edyceramic-shop.ro\/ro\/wp-json\/wp\/v2\/product_cat?post=22582"},{"taxonomy":"product_tag","embeddable":true,"href":"https:\/\/edyceramic-shop.ro\/ro\/wp-json\/wp\/v2\/product_tag?post=22582"}],"curies":[{"name":"wp","href":"https:\/\/api.w.org\/{rel}","templated":true}]}}