{"id":22556,"date":"2024-10-14T19:11:54","date_gmt":"2024-10-14T17:11:54","guid":{"rendered":"https:\/\/edyceramic-shop.ro\/produs\/riflaj-panou-decorativ-vivid-200cm-satin\/"},"modified":"2025-08-01T13:36:26","modified_gmt":"2025-08-01T11:36:26","slug":"riflaj-panou-decorativ-vivid-200cm-satin","status":"publish","type":"product","link":"https:\/\/edyceramic-shop.ro\/ro\/produs\/riflaj-panou-decorativ-vivid-200cm-satin\/","title":{"rendered":"Riflaj Panou Decorativ Vivid 200cm Satin"},"content":{"rendered":"<p>Panourile decorative WP003 au un design unic sub forma unui triunghi si se potrivesc tuturor stilurilor de interior, aducand un accent distinctiv intregii amenaj\u0103ri. Datorit\u0103 formei speciale, panourile de perete \u00eembun\u0103t\u0103\u021besc acustica, reduc\u00e2nd reverbera\u021bia \u0219i zgomotul din camer\u0103. Este o alegere excelent\u0103 at\u00e2t pentru garsoniere mici, c\u00e2t \u0219i pentru spa\u021bii mari. Suprafata panourilor WP003 este acoperita cu un strat special care egalizeaza suprafata si o pregateste pentru aplicarea unei vopsele pe baza de apa in orice culoare doriti. Panou disponibil la 2 m si 2.7 m, in doua tipuri de finisaj: Standard Mat si SupremeSatin\u00ae.<\/p>\n","protected":false},"excerpt":{"rendered":"<p>Panourile decorative WP003 au un design unic sub forma unui triunghi si se potrivesc tuturor stilurilor de interior, aducand un<\/p>\n","protected":false},"featured_media":22497,"template":"","meta":[],"product_brand":[],"product_cat":[1867],"product_tag":[],"class_list":{"0":"post-22556","1":"product","2":"type-product","3":"status-publish","4":"has-post-thumbnail","6":"product_cat-riflaje","7":"pa_culoare-alb","8":"pa_dimensiune-200x24-7x1-6cm","9":"pa_fabrica-mardom","10":"pa_finisaj-satin","11":"pa_material-polimer-dur","13":"first","14":"instock","15":"purchasable","16":"product-type-simple"},"yoast_head":"<!-- This site is optimized with the Yoast SEO Premium plugin v21.6 (Yoast SEO v22.1) - https:\/\/yoast.com\/wordpress\/plugins\/seo\/ -->\n<title>Riflaj Panou Decorativ Vivid 200cm Satin - Edyceramic - magazin online<\/title>\n<meta name=\"robots\" content=\"index, follow, max-snippet:-1, max-image-preview:large, max-video-preview:-1\" \/>\n<link rel=\"canonical\" href=\"https:\/\/edyceramic-shop.ro\/ro\/produs\/riflaj-panou-decorativ-vivid-200cm-satin\/\" \/>\n<meta property=\"og:locale\" content=\"ro_RO\" \/>\n<meta property=\"og:type\" content=\"article\" \/>\n<meta property=\"og:title\" content=\"Riflaj Panou Decorativ Vivid 200cm Satin\" \/>\n<meta property=\"og:description\" content=\"Panourile decorative WP003 au un design unic sub forma unui triunghi si se potrivesc tuturor stilurilor de interior, aducand un\" \/>\n<meta property=\"og:url\" content=\"https:\/\/edyceramic-shop.ro\/ro\/produs\/riflaj-panou-decorativ-vivid-200cm-satin\/\" \/>\n<meta property=\"og:site_name\" content=\"Edyceramic - magazin online\" \/>\n<meta property=\"article:modified_time\" content=\"2025-08-01T11:36:26+00:00\" \/>\n<meta property=\"og:image\" content=\"https:\/\/edyceramic-shop.ro\/wp-content\/uploads\/2024\/10\/panou-riflat-vivid-wp003-vivid-1.webp\" \/>\n\t<meta property=\"og:image:width\" content=\"1600\" \/>\n\t<meta property=\"og:image:height\" content=\"1066\" \/>\n\t<meta property=\"og:image:type\" content=\"image\/webp\" \/>\n<meta name=\"twitter:card\" content=\"summary_large_image\" \/>\n<meta name=\"twitter:label1\" content=\"Pre\u021b\" \/>\n\t<meta name=\"twitter:data1\" content=\"222,00&nbsp;lei\" \/>\n\t<meta name=\"twitter:label2\" content=\"Disponibilitate\" \/>\n\t<meta name=\"twitter:data2\" content=\"\u00cen stoc\" \/>\n<script type=\"application\/ld+json\" class=\"yoast-schema-graph\">{\"@context\":\"https:\/\/schema.org\",\"@graph\":[{\"@type\":\"WebPage\",\"@id\":\"https:\/\/edyceramic-shop.ro\/produs\/riflaj-panou-decorativ-vivid-200cm-satin\/\",\"url\":\"https:\/\/edyceramic-shop.ro\/produs\/riflaj-panou-decorativ-vivid-200cm-satin\/\",\"name\":\"Riflaj Panou Decorativ Vivid 200cm Satin - Edyceramic - magazin online\",\"isPartOf\":{\"@id\":\"https:\/\/edyceramic-shop.ro\/ro\/#website\"},\"datePublished\":\"2024-10-14T17:11:54+00:00\",\"dateModified\":\"2025-08-01T11:36:26+00:00\",\"breadcrumb\":{\"@id\":\"https:\/\/edyceramic-shop.ro\/produs\/riflaj-panou-decorativ-vivid-200cm-satin\/#breadcrumb\"},\"inLanguage\":\"ro-RO\",\"potentialAction\":[{\"@type\":\"ReadAction\",\"target\":[\"https:\/\/edyceramic-shop.ro\/produs\/riflaj-panou-decorativ-vivid-200cm-satin\/\"]}]},{\"@type\":\"BreadcrumbList\",\"@id\":\"https:\/\/edyceramic-shop.ro\/produs\/riflaj-panou-decorativ-vivid-200cm-satin\/#breadcrumb\",\"itemListElement\":[{\"@type\":\"ListItem\",\"position\":1,\"name\":\"Home\",\"item\":\"https:\/\/edyceramic-shop.ro\/\"},{\"@type\":\"ListItem\",\"position\":2,\"name\":\"Shop\",\"item\":\"https:\/\/edyceramic-shop.ro\/ro\/shop\/\"},{\"@type\":\"ListItem\",\"position\":3,\"name\":\"Riflaj Panou Decorativ Vivid 200cm Satin\"}]},{\"@type\":\"WebSite\",\"@id\":\"https:\/\/edyceramic-shop.ro\/ro\/#website\",\"url\":\"https:\/\/edyceramic-shop.ro\/ro\/\",\"name\":\"edyceramic.ro\",\"description\":\"\",\"publisher\":{\"@id\":\"https:\/\/edyceramic-shop.ro\/ro\/#organization\"},\"potentialAction\":[{\"@type\":\"SearchAction\",\"target\":{\"@type\":\"EntryPoint\",\"urlTemplate\":\"https:\/\/edyceramic-shop.ro\/ro\/?s={search_term_string}\"},\"query-input\":\"required name=search_term_string\"}],\"inLanguage\":\"ro-RO\"},{\"@type\":\"Organization\",\"@id\":\"https:\/\/edyceramic-shop.ro\/ro\/#organization\",\"name\":\"Edyceramic\",\"url\":\"https:\/\/edyceramic-shop.ro\/ro\/\",\"logo\":{\"@type\":\"ImageObject\",\"inLanguage\":\"ro-RO\",\"@id\":\"https:\/\/edyceramic-shop.ro\/ro\/#\/schema\/logo\/image\/\",\"url\":\"https:\/\/edyceramic-shop.ro\/wp-content\/uploads\/2024\/02\/Logo-EdyCeramic_2021-lung.png\",\"contentUrl\":\"https:\/\/edyceramic-shop.ro\/wp-content\/uploads\/2024\/02\/Logo-EdyCeramic_2021-lung.png\",\"width\":4491,\"height\":769,\"caption\":\"Edyceramic\"},\"image\":{\"@id\":\"https:\/\/edyceramic-shop.ro\/ro\/#\/schema\/logo\/image\/\"}}]}<\/script>\n<meta property=\"product:price:amount\" content=\"222.00\" \/>\n<meta property=\"product:price:currency\" content=\"RON\" \/>\n<meta property=\"og:availability\" content=\"instock\" \/>\n<meta property=\"product:availability\" content=\"instock\" \/>\n<meta property=\"product:retailer_item_id\" content=\"ea8a78c732a0\" \/>\n<meta property=\"product:condition\" content=\"new\" \/>\n<!-- \/ Yoast SEO Premium plugin. -->","yoast_head_json":{"title":"Riflaj Panou Decorativ Vivid 200cm Satin - Edyceramic - magazin online","robots":{"index":"index","follow":"follow","max-snippet":"max-snippet:-1","max-image-preview":"max-image-preview:large","max-video-preview":"max-video-preview:-1"},"canonical":"https:\/\/edyceramic-shop.ro\/ro\/produs\/riflaj-panou-decorativ-vivid-200cm-satin\/","og_locale":"ro_RO","og_type":"article","og_title":"Riflaj Panou Decorativ Vivid 200cm Satin","og_description":"Panourile decorative WP003 au un design unic sub forma unui triunghi si se potrivesc tuturor stilurilor de interior, aducand un","og_url":"https:\/\/edyceramic-shop.ro\/ro\/produs\/riflaj-panou-decorativ-vivid-200cm-satin\/","og_site_name":"Edyceramic - magazin online","article_modified_time":"2025-08-01T11:36:26+00:00","og_image":[{"width":1600,"height":1066,"url":"https:\/\/edyceramic-shop.ro\/wp-content\/uploads\/2024\/10\/panou-riflat-vivid-wp003-vivid-1.webp","type":"image\/webp"}],"twitter_card":"summary_large_image","twitter_misc":{"Pre\u021b":"222,00&nbsp;lei","Disponibilitate":"\u00cen stoc"},"schema":{"@context":"https:\/\/schema.org","@graph":[{"@type":"WebPage","@id":"https:\/\/edyceramic-shop.ro\/produs\/riflaj-panou-decorativ-vivid-200cm-satin\/","url":"https:\/\/edyceramic-shop.ro\/produs\/riflaj-panou-decorativ-vivid-200cm-satin\/","name":"Riflaj Panou Decorativ Vivid 200cm Satin - Edyceramic - magazin online","isPartOf":{"@id":"https:\/\/edyceramic-shop.ro\/ro\/#website"},"datePublished":"2024-10-14T17:11:54+00:00","dateModified":"2025-08-01T11:36:26+00:00","breadcrumb":{"@id":"https:\/\/edyceramic-shop.ro\/produs\/riflaj-panou-decorativ-vivid-200cm-satin\/#breadcrumb"},"inLanguage":"ro-RO","potentialAction":[{"@type":"ReadAction","target":["https:\/\/edyceramic-shop.ro\/produs\/riflaj-panou-decorativ-vivid-200cm-satin\/"]}]},{"@type":"BreadcrumbList","@id":"https:\/\/edyceramic-shop.ro\/produs\/riflaj-panou-decorativ-vivid-200cm-satin\/#breadcrumb","itemListElement":[{"@type":"ListItem","position":1,"name":"Home","item":"https:\/\/edyceramic-shop.ro\/"},{"@type":"ListItem","position":2,"name":"Shop","item":"https:\/\/edyceramic-shop.ro\/ro\/shop\/"},{"@type":"ListItem","position":3,"name":"Riflaj Panou Decorativ Vivid 200cm Satin"}]},{"@type":"WebSite","@id":"https:\/\/edyceramic-shop.ro\/ro\/#website","url":"https:\/\/edyceramic-shop.ro\/ro\/","name":"edyceramic.ro","description":"","publisher":{"@id":"https:\/\/edyceramic-shop.ro\/ro\/#organization"},"potentialAction":[{"@type":"SearchAction","target":{"@type":"EntryPoint","urlTemplate":"https:\/\/edyceramic-shop.ro\/ro\/?s={search_term_string}"},"query-input":"required name=search_term_string"}],"inLanguage":"ro-RO"},{"@type":"Organization","@id":"https:\/\/edyceramic-shop.ro\/ro\/#organization","name":"Edyceramic","url":"https:\/\/edyceramic-shop.ro\/ro\/","logo":{"@type":"ImageObject","inLanguage":"ro-RO","@id":"https:\/\/edyceramic-shop.ro\/ro\/#\/schema\/logo\/image\/","url":"https:\/\/edyceramic-shop.ro\/wp-content\/uploads\/2024\/02\/Logo-EdyCeramic_2021-lung.png","contentUrl":"https:\/\/edyceramic-shop.ro\/wp-content\/uploads\/2024\/02\/Logo-EdyCeramic_2021-lung.png","width":4491,"height":769,"caption":"Edyceramic"},"image":{"@id":"https:\/\/edyceramic-shop.ro\/ro\/#\/schema\/logo\/image\/"}}]},"product_price_amount":"222.00","product_price_currency":"RON","og_availability":"instock","product_availability":"instock","product_retailer_item_id":"ea8a78c732a0","product_condition":"new"},"jetpack_sharing_enabled":true,"_links":{"self":[{"href":"https:\/\/edyceramic-shop.ro\/ro\/wp-json\/wp\/v2\/product\/22556","targetHints":{"allow":["GET"]}}],"collection":[{"href":"https:\/\/edyceramic-shop.ro\/ro\/wp-json\/wp\/v2\/product"}],"about":[{"href":"https:\/\/edyceramic-shop.ro\/ro\/wp-json\/wp\/v2\/types\/product"}],"version-history":[{"count":1,"href":"https:\/\/edyceramic-shop.ro\/ro\/wp-json\/wp\/v2\/product\/22556\/revisions"}],"predecessor-version":[{"id":22557,"href":"https:\/\/edyceramic-shop.ro\/ro\/wp-json\/wp\/v2\/product\/22556\/revisions\/22557"}],"wp:featuredmedia":[{"embeddable":true,"href":"https:\/\/edyceramic-shop.ro\/ro\/wp-json\/wp\/v2\/media\/22497"}],"wp:attachment":[{"href":"https:\/\/edyceramic-shop.ro\/ro\/wp-json\/wp\/v2\/media?parent=22556"}],"wp:term":[{"taxonomy":"product_brand","embeddable":true,"href":"https:\/\/edyceramic-shop.ro\/ro\/wp-json\/wp\/v2\/product_brand?post=22556"},{"taxonomy":"product_cat","embeddable":true,"href":"https:\/\/edyceramic-shop.ro\/ro\/wp-json\/wp\/v2\/product_cat?post=22556"},{"taxonomy":"product_tag","embeddable":true,"href":"https:\/\/edyceramic-shop.ro\/ro\/wp-json\/wp\/v2\/product_tag?post=22556"}],"curies":[{"name":"wp","href":"https:\/\/api.w.org\/{rel}","templated":true}]}}