{"id":17935,"date":"2024-09-22T20:15:12","date_gmt":"2024-09-22T20:15:12","guid":{"rendered":"https:\/\/edyceramic-shop.ro\/product\/rezervor-wc-cu-cadru-incastrat-alcadrain-sadromodul-am101-1120-pentru-instalari-uscate\/"},"modified":"2025-08-01T13:35:59","modified_gmt":"2025-08-01T11:35:59","slug":"rezervor-wc-cu-cadru-incastrat-alcadrain-sadromodul-am101-1120-pentru-instalari-uscate","status":"publish","type":"product","link":"https:\/\/edyceramic-shop.ro\/ro\/produs\/rezervor-wc-cu-cadru-incastrat-alcadrain-sadromodul-am101-1120-pentru-instalari-uscate\/","title":{"rendered":"Rezervor WC cu cadru incastrat Alcadrain Sadromodul AM101\/1120 pentru instalari uscate"},"content":{"rendered":"<p>Rezervor WC cu cadru incastrat Alcadrain Sadromodul AM101\/1120 pentru instalari uscate<br \/>\nExpertii tehnici de la Alcadrain pun accent pe fiabilitatea si impecabilitatea tuturor produselor. Produsele Alcadrain sunt folosite atat in constructiile noi, cat si in renovarea celor deja existente. Calitatea tuturor produselor este testata inainte de a parasi fabrica.<\/p>\n<p>Telul Alcadrain este acela de a crea produse care sunt durabile si raspund nevoilor oricarei bai moderne.<\/p>\n<p>Specificatii tehnice Rezervor WC cu cadru incastrat Alcadrain Sadromodul AM101\/1120 pentru instalari uscate:<\/p>\n<p>Producator: Alcadrain<br \/>\nTip produs: rezervor incastrat<br \/>\nRecipient pentru pastile curatare inclus<br \/>\nPicioare de ancorare reglabile glisante si un sistem de arcuri de blocare, cu o raza de 0-200 mm<br \/>\nMarcaje vizibile atat pentru axul central si nivel<br \/>\nSuportul glisant pentru conectorul de evacuare poate fi setat la opt pozitii intre 0-93 mm<br \/>\nSupapa in unghi cu capacitatea de a se conecta la sistemul de conducte Mepla<br \/>\nCadrul permite fixarea pe structura din gips-carton, in fata peretelui portant<br \/>\nDupa instalarea si acoperirea rezervorului cu gips-carton nu mai este necesara alta fixare sau ancorare suplimentara<br \/>\nIzolatia de polistiren previne formarea condensului pe suprafata rezervorului, amortizeaza vibratiile din rezervor si previne propagarea lor in structura cladirii<br \/>\nDotat cu un racord de G1\/2&#8243; pentru conectarea la bideu<br \/>\nActionare dubla, reglabila independent cu rezerva de apa igienica<br \/>\nPotrivit pentru montaj in cazul actionarii programate sau cu senzor<br \/>\nCompatibile cu toate clapetele de actionare ALCA<br \/>\nIntretinere simpla fara scule<br \/>\nAlimentarea cu apa prin spate\/partea de sus<br \/>\nRezervorul este turnat dintr-o singura bucata (fara imbinari), asigurand 100% etanseitate<br \/>\nCapacul de deschidere de serviciu simplifica asamblarea si impiedica patrunderea umezelii si a impuritatilor<br \/>\nAdancime de instalare reglabila 20 &#8211; 95 mm<br \/>\nAdancime de instalare 125 mm<br \/>\nMaterial cadru: metal acoperit cu pulbere<br \/>\nDimensiuni: 1130x145x520 mm<br \/>\nGreutate: 13.86 kg<br \/>\nRacordare din spate sau de sus prin gaurile de montaj G1\/2&#8243;<br \/>\nPresiune apa suportata: 0.05 &#8211; 1.6 MPa<br \/>\nPresiune apa recomandata: 0.3 &#8211; 0.5 MPa<br \/>\nClatire mare: 6 &#8211; 9 l<br \/>\nClatire mica: 2.5 &#8211; 3.5 l<br \/>\nSetare implicita pentru clatire mare: 6 l<br \/>\nSetare implicita pentru clatire mica: 3 l<br \/>\nRezerva pentru clatire igienica: 3 l<br \/>\nVolumul de apa in cisterne: 9 l<br \/>\nTest de sarcina: 400 kg<\/p>\n<p>Aplicatie:<\/p>\n<p>Pentru vas wc suspendat<br \/>\nPentru montare pe perete portant sau pentru constructii din gips-carton<br \/>\nPentru o grosime a pardoselii de 0-200 mm<br \/>\nPentru instalarea vaselor de wc suspendate cu prinderea de 180 mm sau 230 mm<\/p>\n<p>Continutul pachetului:<\/p>\n<p>Rezervor cu mecanism de alimentare si de clatire<br \/>\nCadru de montaj cu sustinere proprie<br \/>\nConectori de 1\/2&#8243; pentru robinet coltar Schell 1\/2&#8243;-3\/8&#8243;<br \/>\nSet de fixare: surub \u00d88\u00d760 &#8211; 4 buc, dibluri \u00d812 &#8211; 4 buc<br \/>\nPachet pentru fixarea vas WC: tija filetata M12 &#8211; 2 buc, saibe &#8211; 4 buc, capac &#8211; 2 buc, piulite &#8211; 2 buc, protector fir &#8211; 2 buc<br \/>\nCot pentru conectarea la scurgere HT 90\/90 din polietilena, PE-HD<br \/>\nReducerea deseurilor polietilena HT 90\/110, PE-HD<br \/>\nGarnitura de alimentare + garnitura etansare<br \/>\nGarnitura de scurgere + fiting + garnitura pentru fiting<br \/>\nSet de capace pentru mascarea\/protejarea gaurilor de conectare folosite in timpul instalarii<br \/>\nCapacul care protejeaza gura de acces pentru montaj este ajustabil<br \/>\nSet pentru introducerea tabletelor de toaleta<\/p>\n","protected":false},"excerpt":{"rendered":"<p>Rezervor WC cu cadru incastrat Alcadrain Sadromodul AM101\/1120 pentru instalari uscate Expertii tehnici de la Alcadrain pun accent pe fiabilitatea<\/p>\n","protected":false},"featured_media":17937,"template":"","meta":[],"product_brand":[],"product_cat":[350,334,348],"product_tag":[],"class_list":{"0":"post-17935","1":"product","2":"type-product","3":"status-publish","4":"has-post-thumbnail","6":"product_cat-rezervoare-incastrate","7":"product_cat-sanitare","8":"product_cat-rezervoare-wc","9":"pa_colectie-alca","10":"pa_fabrica-alcadrain","11":"pa_montare-incastrat","13":"first","14":"instock","15":"purchasable","16":"product-type-simple"},"yoast_head":"<!-- This site is optimized with the Yoast SEO Premium plugin v21.6 (Yoast SEO v22.1) - https:\/\/yoast.com\/wordpress\/plugins\/seo\/ -->\n<title>Rezervor WC cu cadru incastrat Alcadrain Sadromodul AM101\/1120 pentru instalari uscate - Edyceramic - magazin online<\/title>\n<meta name=\"robots\" content=\"index, follow, max-snippet:-1, max-image-preview:large, max-video-preview:-1\" \/>\n<link rel=\"canonical\" href=\"https:\/\/edyceramic-shop.ro\/ro\/produs\/rezervor-wc-cu-cadru-incastrat-alcadrain-sadromodul-am101-1120-pentru-instalari-uscate\/\" \/>\n<meta property=\"og:locale\" content=\"ro_RO\" \/>\n<meta property=\"og:type\" content=\"article\" \/>\n<meta property=\"og:title\" content=\"Rezervor WC cu cadru incastrat Alcadrain Sadromodul AM101\/1120 pentru instalari uscate\" \/>\n<meta property=\"og:description\" content=\"Rezervor WC cu cadru incastrat Alcadrain Sadromodul AM101\/1120 pentru instalari uscate Expertii tehnici de la Alcadrain pun accent pe fiabilitatea\" \/>\n<meta property=\"og:url\" content=\"https:\/\/edyceramic-shop.ro\/ro\/produs\/rezervor-wc-cu-cadru-incastrat-alcadrain-sadromodul-am101-1120-pentru-instalari-uscate\/\" \/>\n<meta property=\"og:site_name\" content=\"Edyceramic - magazin online\" \/>\n<meta property=\"article:modified_time\" content=\"2025-08-01T11:35:59+00:00\" \/>\n<meta property=\"og:image\" content=\"https:\/\/edyceramic-shop.ro\/wp-content\/uploads\/2024\/09\/rezervor-incastrat-alcaplast-am101-1120-1.webp\" \/>\n\t<meta property=\"og:image:width\" content=\"1000\" \/>\n\t<meta property=\"og:image:height\" content=\"1000\" \/>\n\t<meta property=\"og:image:type\" content=\"image\/webp\" \/>\n<meta name=\"twitter:card\" content=\"summary_large_image\" \/>\n<meta name=\"twitter:label1\" content=\"Pre\u021b\" \/>\n\t<meta name=\"twitter:data1\" content=\"648,00&nbsp;lei\" \/>\n\t<meta name=\"twitter:label2\" content=\"Disponibilitate\" \/>\n\t<meta name=\"twitter:data2\" content=\"\u00cen stoc\" \/>\n<script type=\"application\/ld+json\" class=\"yoast-schema-graph\">{\"@context\":\"https:\/\/schema.org\",\"@graph\":[{\"@type\":\"WebPage\",\"@id\":\"https:\/\/edyceramic-shop.ro\/produs\/rezervor-wc-cu-cadru-incastrat-alcadrain-sadromodul-am101-1120-pentru-instalari-uscate\/\",\"url\":\"https:\/\/edyceramic-shop.ro\/produs\/rezervor-wc-cu-cadru-incastrat-alcadrain-sadromodul-am101-1120-pentru-instalari-uscate\/\",\"name\":\"Rezervor WC cu cadru incastrat Alcadrain Sadromodul AM101\/1120 pentru instalari uscate - Edyceramic - magazin online\",\"isPartOf\":{\"@id\":\"https:\/\/edyceramic-shop.ro\/ro\/#website\"},\"datePublished\":\"2024-09-22T20:15:12+00:00\",\"dateModified\":\"2025-08-01T11:35:59+00:00\",\"breadcrumb\":{\"@id\":\"https:\/\/edyceramic-shop.ro\/produs\/rezervor-wc-cu-cadru-incastrat-alcadrain-sadromodul-am101-1120-pentru-instalari-uscate\/#breadcrumb\"},\"inLanguage\":\"ro-RO\",\"potentialAction\":[{\"@type\":\"ReadAction\",\"target\":[\"https:\/\/edyceramic-shop.ro\/produs\/rezervor-wc-cu-cadru-incastrat-alcadrain-sadromodul-am101-1120-pentru-instalari-uscate\/\"]}]},{\"@type\":\"BreadcrumbList\",\"@id\":\"https:\/\/edyceramic-shop.ro\/produs\/rezervor-wc-cu-cadru-incastrat-alcadrain-sadromodul-am101-1120-pentru-instalari-uscate\/#breadcrumb\",\"itemListElement\":[{\"@type\":\"ListItem\",\"position\":1,\"name\":\"Home\",\"item\":\"https:\/\/edyceramic-shop.ro\/\"},{\"@type\":\"ListItem\",\"position\":2,\"name\":\"Shop\",\"item\":\"https:\/\/edyceramic-shop.ro\/ro\/shop\/\"},{\"@type\":\"ListItem\",\"position\":3,\"name\":\"Rezervor WC cu cadru incastrat Alcadrain Sadromodul AM101\/1120 pentru instalari uscate\"}]},{\"@type\":\"WebSite\",\"@id\":\"https:\/\/edyceramic-shop.ro\/ro\/#website\",\"url\":\"https:\/\/edyceramic-shop.ro\/ro\/\",\"name\":\"edyceramic.ro\",\"description\":\"\",\"publisher\":{\"@id\":\"https:\/\/edyceramic-shop.ro\/ro\/#organization\"},\"potentialAction\":[{\"@type\":\"SearchAction\",\"target\":{\"@type\":\"EntryPoint\",\"urlTemplate\":\"https:\/\/edyceramic-shop.ro\/ro\/?s={search_term_string}\"},\"query-input\":\"required name=search_term_string\"}],\"inLanguage\":\"ro-RO\"},{\"@type\":\"Organization\",\"@id\":\"https:\/\/edyceramic-shop.ro\/ro\/#organization\",\"name\":\"Edyceramic\",\"url\":\"https:\/\/edyceramic-shop.ro\/ro\/\",\"logo\":{\"@type\":\"ImageObject\",\"inLanguage\":\"ro-RO\",\"@id\":\"https:\/\/edyceramic-shop.ro\/ro\/#\/schema\/logo\/image\/\",\"url\":\"https:\/\/edyceramic-shop.ro\/wp-content\/uploads\/2024\/02\/Logo-EdyCeramic_2021-lung.png\",\"contentUrl\":\"https:\/\/edyceramic-shop.ro\/wp-content\/uploads\/2024\/02\/Logo-EdyCeramic_2021-lung.png\",\"width\":4491,\"height\":769,\"caption\":\"Edyceramic\"},\"image\":{\"@id\":\"https:\/\/edyceramic-shop.ro\/ro\/#\/schema\/logo\/image\/\"}}]}<\/script>\n<meta property=\"product:price:amount\" content=\"648.00\" \/>\n<meta property=\"product:price:currency\" content=\"RON\" \/>\n<meta property=\"og:availability\" content=\"instock\" \/>\n<meta property=\"product:availability\" content=\"instock\" \/>\n<meta property=\"product:retailer_item_id\" content=\"a76cabfd63e1\" \/>\n<meta property=\"product:condition\" content=\"new\" \/>\n<!-- \/ Yoast SEO Premium plugin. -->","yoast_head_json":{"title":"Rezervor WC cu cadru incastrat Alcadrain Sadromodul AM101\/1120 pentru instalari uscate - Edyceramic - magazin online","robots":{"index":"index","follow":"follow","max-snippet":"max-snippet:-1","max-image-preview":"max-image-preview:large","max-video-preview":"max-video-preview:-1"},"canonical":"https:\/\/edyceramic-shop.ro\/ro\/produs\/rezervor-wc-cu-cadru-incastrat-alcadrain-sadromodul-am101-1120-pentru-instalari-uscate\/","og_locale":"ro_RO","og_type":"article","og_title":"Rezervor WC cu cadru incastrat Alcadrain Sadromodul AM101\/1120 pentru instalari uscate","og_description":"Rezervor WC cu cadru incastrat Alcadrain Sadromodul AM101\/1120 pentru instalari uscate Expertii tehnici de la Alcadrain pun accent pe fiabilitatea","og_url":"https:\/\/edyceramic-shop.ro\/ro\/produs\/rezervor-wc-cu-cadru-incastrat-alcadrain-sadromodul-am101-1120-pentru-instalari-uscate\/","og_site_name":"Edyceramic - magazin online","article_modified_time":"2025-08-01T11:35:59+00:00","og_image":[{"width":1000,"height":1000,"url":"https:\/\/edyceramic-shop.ro\/wp-content\/uploads\/2024\/09\/rezervor-incastrat-alcaplast-am101-1120-1.webp","type":"image\/webp"}],"twitter_card":"summary_large_image","twitter_misc":{"Pre\u021b":"648,00&nbsp;lei","Disponibilitate":"\u00cen stoc"},"schema":{"@context":"https:\/\/schema.org","@graph":[{"@type":"WebPage","@id":"https:\/\/edyceramic-shop.ro\/produs\/rezervor-wc-cu-cadru-incastrat-alcadrain-sadromodul-am101-1120-pentru-instalari-uscate\/","url":"https:\/\/edyceramic-shop.ro\/produs\/rezervor-wc-cu-cadru-incastrat-alcadrain-sadromodul-am101-1120-pentru-instalari-uscate\/","name":"Rezervor WC cu cadru incastrat Alcadrain Sadromodul AM101\/1120 pentru instalari uscate - Edyceramic - magazin online","isPartOf":{"@id":"https:\/\/edyceramic-shop.ro\/ro\/#website"},"datePublished":"2024-09-22T20:15:12+00:00","dateModified":"2025-08-01T11:35:59+00:00","breadcrumb":{"@id":"https:\/\/edyceramic-shop.ro\/produs\/rezervor-wc-cu-cadru-incastrat-alcadrain-sadromodul-am101-1120-pentru-instalari-uscate\/#breadcrumb"},"inLanguage":"ro-RO","potentialAction":[{"@type":"ReadAction","target":["https:\/\/edyceramic-shop.ro\/produs\/rezervor-wc-cu-cadru-incastrat-alcadrain-sadromodul-am101-1120-pentru-instalari-uscate\/"]}]},{"@type":"BreadcrumbList","@id":"https:\/\/edyceramic-shop.ro\/produs\/rezervor-wc-cu-cadru-incastrat-alcadrain-sadromodul-am101-1120-pentru-instalari-uscate\/#breadcrumb","itemListElement":[{"@type":"ListItem","position":1,"name":"Home","item":"https:\/\/edyceramic-shop.ro\/"},{"@type":"ListItem","position":2,"name":"Shop","item":"https:\/\/edyceramic-shop.ro\/ro\/shop\/"},{"@type":"ListItem","position":3,"name":"Rezervor WC cu cadru incastrat Alcadrain Sadromodul AM101\/1120 pentru instalari uscate"}]},{"@type":"WebSite","@id":"https:\/\/edyceramic-shop.ro\/ro\/#website","url":"https:\/\/edyceramic-shop.ro\/ro\/","name":"edyceramic.ro","description":"","publisher":{"@id":"https:\/\/edyceramic-shop.ro\/ro\/#organization"},"potentialAction":[{"@type":"SearchAction","target":{"@type":"EntryPoint","urlTemplate":"https:\/\/edyceramic-shop.ro\/ro\/?s={search_term_string}"},"query-input":"required name=search_term_string"}],"inLanguage":"ro-RO"},{"@type":"Organization","@id":"https:\/\/edyceramic-shop.ro\/ro\/#organization","name":"Edyceramic","url":"https:\/\/edyceramic-shop.ro\/ro\/","logo":{"@type":"ImageObject","inLanguage":"ro-RO","@id":"https:\/\/edyceramic-shop.ro\/ro\/#\/schema\/logo\/image\/","url":"https:\/\/edyceramic-shop.ro\/wp-content\/uploads\/2024\/02\/Logo-EdyCeramic_2021-lung.png","contentUrl":"https:\/\/edyceramic-shop.ro\/wp-content\/uploads\/2024\/02\/Logo-EdyCeramic_2021-lung.png","width":4491,"height":769,"caption":"Edyceramic"},"image":{"@id":"https:\/\/edyceramic-shop.ro\/ro\/#\/schema\/logo\/image\/"}}]},"product_price_amount":"648.00","product_price_currency":"RON","og_availability":"instock","product_availability":"instock","product_retailer_item_id":"a76cabfd63e1","product_condition":"new"},"jetpack_sharing_enabled":true,"_links":{"self":[{"href":"https:\/\/edyceramic-shop.ro\/ro\/wp-json\/wp\/v2\/product\/17935","targetHints":{"allow":["GET"]}}],"collection":[{"href":"https:\/\/edyceramic-shop.ro\/ro\/wp-json\/wp\/v2\/product"}],"about":[{"href":"https:\/\/edyceramic-shop.ro\/ro\/wp-json\/wp\/v2\/types\/product"}],"version-history":[{"count":1,"href":"https:\/\/edyceramic-shop.ro\/ro\/wp-json\/wp\/v2\/product\/17935\/revisions"}],"predecessor-version":[{"id":17936,"href":"https:\/\/edyceramic-shop.ro\/ro\/wp-json\/wp\/v2\/product\/17935\/revisions\/17936"}],"wp:featuredmedia":[{"embeddable":true,"href":"https:\/\/edyceramic-shop.ro\/ro\/wp-json\/wp\/v2\/media\/17937"}],"wp:attachment":[{"href":"https:\/\/edyceramic-shop.ro\/ro\/wp-json\/wp\/v2\/media?parent=17935"}],"wp:term":[{"taxonomy":"product_brand","embeddable":true,"href":"https:\/\/edyceramic-shop.ro\/ro\/wp-json\/wp\/v2\/product_brand?post=17935"},{"taxonomy":"product_cat","embeddable":true,"href":"https:\/\/edyceramic-shop.ro\/ro\/wp-json\/wp\/v2\/product_cat?post=17935"},{"taxonomy":"product_tag","embeddable":true,"href":"https:\/\/edyceramic-shop.ro\/ro\/wp-json\/wp\/v2\/product_tag?post=17935"}],"curies":[{"name":"wp","href":"https:\/\/api.w.org\/{rel}","templated":true}]}}