{"id":16941,"date":"2024-09-22T20:06:52","date_gmt":"2024-09-22T20:06:52","guid":{"rendered":"https:\/\/edyceramic-shop.ro\/product\/mykonos-white-9931-kai\/"},"modified":"2025-08-01T13:35:34","modified_gmt":"2025-08-01T11:35:34","slug":"mykonos-white-9931-kai","status":"publish","type":"product","link":"https:\/\/edyceramic-shop.ro\/ro\/produs\/mykonos-white-9931-kai\/","title":{"rendered":"Gresie MYKONOS WHITE 9931 KAI 60x120cm"},"content":{"rendered":"<p>Gresia de 60&#215;120 cm de la Kai este solu\u021bia ideal\u0103 pentru proiectele care necesit\u0103 un aspect modern \u0219i durabilitate superioar\u0103. Aceast\u0103 gresie, cu finisaj mat, ofer\u0103 un efect vizual elegant \u0219i contemporan, fiind ideal\u0103 at\u00e2t pentru spa\u021bii interioare c\u00e2t \u0219i exterioare.<\/p>\n<p>Cu dimensiunea sa generoas\u0103, pl\u0103cile sunt perfecte pentru acoperirea suprafe\u021belor mari, cre\u00e2nd un spa\u021biu continuu \u0219i impresiv. Finisajul mat adaug\u0103 un aspect sofisticat \u0219i ajut\u0103 la mascarea urmelor zilnice, p\u0103str\u00e2nd un aspect curat \u0219i ordonat.<\/p>\n<p>Rezistent\u0103 la \u00eenghe\u021b, aceast\u0103 gresie este potrivit\u0103 pentru utilizare pe terase \u0219i \u00een alte zone expuse condi\u021biilor climatice dificile. Pl\u0103cile sunt livrate \u00een pachete de dou\u0103 buc\u0103\u021bi, care acoper\u0103 o suprafa\u021b\u0103 total\u0103 de 1.44 mp, facilit\u00e2nd o instalare eficient\u0103 \u0219i rapid\u0103.<\/p>\n<p>Opt\u00e2nd pentru gresia de 60&#215;120 cm de la Kai, ve\u021bi alege un produs de \u00eenalt\u0103 calitate, capabil s\u0103 aduc\u0103 un plus de elegan\u021b\u0103 \u0219i func\u021bionalitate \u00een orice amenajare.<\/p>\n","protected":false},"excerpt":{"rendered":"<p>Gresia de 60&#215;120 cm de la Kai este solu\u021bia ideal\u0103 pentru proiectele care necesit\u0103 un aspect modern \u0219i durabilitate superioar\u0103.<\/p>\n","protected":false},"featured_media":16943,"template":"","meta":[],"product_brand":[],"product_cat":[301,467],"product_tag":[],"class_list":{"0":"post-16941","1":"product","2":"type-product","3":"status-publish","4":"has-post-thumbnail","6":"product_cat-gresie","7":"product_cat-gresie-si-faianta","8":"pa_ambalare-1-44mp-cutie","9":"pa_colectie-mykonos","10":"pa_dimensiune-60x120cm","11":"pa_fabrica-kai","12":"pa_finisaj-mat","13":"pa_numar-de-placi-in-pachet-1206","14":"pa_rectificat-nu","16":"first","17":"instock","18":"purchasable","19":"product-type-simple"},"yoast_head":"<!-- This site is optimized with the Yoast SEO Premium plugin v21.6 (Yoast SEO v22.1) - https:\/\/yoast.com\/wordpress\/plugins\/seo\/ -->\n<title>Gresie MYKONOS WHITE 9931 KAI 60x120cm - Edyceramic - magazin online<\/title>\n<meta name=\"robots\" content=\"index, follow, max-snippet:-1, max-image-preview:large, max-video-preview:-1\" \/>\n<link rel=\"canonical\" href=\"https:\/\/edyceramic-shop.ro\/ro\/produs\/mykonos-white-9931-kai\/\" \/>\n<meta property=\"og:locale\" content=\"ro_RO\" \/>\n<meta property=\"og:type\" content=\"article\" \/>\n<meta property=\"og:title\" content=\"Gresie MYKONOS WHITE 9931 KAI 60x120cm\" \/>\n<meta property=\"og:description\" content=\"Gresia de 60&#215;120 cm de la Kai este solu\u021bia ideal\u0103 pentru proiectele care necesit\u0103 un aspect modern \u0219i durabilitate superioar\u0103.\" \/>\n<meta property=\"og:url\" content=\"https:\/\/edyceramic-shop.ro\/ro\/produs\/mykonos-white-9931-kai\/\" \/>\n<meta property=\"og:site_name\" content=\"Edyceramic - magazin online\" \/>\n<meta property=\"article:modified_time\" content=\"2025-08-01T11:35:34+00:00\" \/>\n<meta property=\"og:image\" content=\"https:\/\/edyceramic-shop.ro\/wp-content\/uploads\/2024\/09\/gresie-kai-mykonos-60x120-cm-white75251.webp\" \/>\n\t<meta property=\"og:image:width\" content=\"500\" \/>\n\t<meta property=\"og:image:height\" content=\"1000\" \/>\n\t<meta property=\"og:image:type\" content=\"image\/webp\" \/>\n<meta name=\"twitter:card\" content=\"summary_large_image\" \/>\n<meta name=\"twitter:label1\" content=\"Pre\u021b\" \/>\n\t<meta name=\"twitter:data1\" content=\"131,00&nbsp;lei\" \/>\n\t<meta name=\"twitter:label2\" content=\"Disponibilitate\" \/>\n\t<meta name=\"twitter:data2\" content=\"\u00cen stoc\" \/>\n<script type=\"application\/ld+json\" class=\"yoast-schema-graph\">{\"@context\":\"https:\/\/schema.org\",\"@graph\":[{\"@type\":\"WebPage\",\"@id\":\"https:\/\/edyceramic-shop.ro\/produs\/mykonos-white-9931-kai\/\",\"url\":\"https:\/\/edyceramic-shop.ro\/produs\/mykonos-white-9931-kai\/\",\"name\":\"Gresie MYKONOS WHITE 9931 KAI 60x120cm - Edyceramic - magazin online\",\"isPartOf\":{\"@id\":\"https:\/\/edyceramic-shop.ro\/ro\/#website\"},\"datePublished\":\"2024-09-22T20:06:52+00:00\",\"dateModified\":\"2025-08-01T11:35:34+00:00\",\"breadcrumb\":{\"@id\":\"https:\/\/edyceramic-shop.ro\/produs\/mykonos-white-9931-kai\/#breadcrumb\"},\"inLanguage\":\"ro-RO\",\"potentialAction\":[{\"@type\":\"ReadAction\",\"target\":[\"https:\/\/edyceramic-shop.ro\/produs\/mykonos-white-9931-kai\/\"]}]},{\"@type\":\"BreadcrumbList\",\"@id\":\"https:\/\/edyceramic-shop.ro\/produs\/mykonos-white-9931-kai\/#breadcrumb\",\"itemListElement\":[{\"@type\":\"ListItem\",\"position\":1,\"name\":\"Home\",\"item\":\"https:\/\/edyceramic-shop.ro\/\"},{\"@type\":\"ListItem\",\"position\":2,\"name\":\"Shop\",\"item\":\"https:\/\/edyceramic-shop.ro\/ro\/shop\/\"},{\"@type\":\"ListItem\",\"position\":3,\"name\":\"Gresie MYKONOS WHITE 9931 KAI 60x120cm\"}]},{\"@type\":\"WebSite\",\"@id\":\"https:\/\/edyceramic-shop.ro\/ro\/#website\",\"url\":\"https:\/\/edyceramic-shop.ro\/ro\/\",\"name\":\"edyceramic.ro\",\"description\":\"\",\"publisher\":{\"@id\":\"https:\/\/edyceramic-shop.ro\/ro\/#organization\"},\"potentialAction\":[{\"@type\":\"SearchAction\",\"target\":{\"@type\":\"EntryPoint\",\"urlTemplate\":\"https:\/\/edyceramic-shop.ro\/ro\/?s={search_term_string}\"},\"query-input\":\"required name=search_term_string\"}],\"inLanguage\":\"ro-RO\"},{\"@type\":\"Organization\",\"@id\":\"https:\/\/edyceramic-shop.ro\/ro\/#organization\",\"name\":\"Edyceramic\",\"url\":\"https:\/\/edyceramic-shop.ro\/ro\/\",\"logo\":{\"@type\":\"ImageObject\",\"inLanguage\":\"ro-RO\",\"@id\":\"https:\/\/edyceramic-shop.ro\/ro\/#\/schema\/logo\/image\/\",\"url\":\"https:\/\/edyceramic-shop.ro\/wp-content\/uploads\/2024\/02\/Logo-EdyCeramic_2021-lung.png\",\"contentUrl\":\"https:\/\/edyceramic-shop.ro\/wp-content\/uploads\/2024\/02\/Logo-EdyCeramic_2021-lung.png\",\"width\":4491,\"height\":769,\"caption\":\"Edyceramic\"},\"image\":{\"@id\":\"https:\/\/edyceramic-shop.ro\/ro\/#\/schema\/logo\/image\/\"}}]}<\/script>\n<meta property=\"product:price:amount\" content=\"131.00\" \/>\n<meta property=\"product:price:currency\" content=\"RON\" \/>\n<meta property=\"og:availability\" content=\"instock\" \/>\n<meta property=\"product:availability\" content=\"instock\" \/>\n<meta property=\"product:retailer_item_id\" content=\"d3820b6b3cfd\" \/>\n<meta property=\"product:condition\" content=\"new\" \/>\n<!-- \/ Yoast SEO Premium plugin. -->","yoast_head_json":{"title":"Gresie MYKONOS WHITE 9931 KAI 60x120cm - Edyceramic - magazin online","robots":{"index":"index","follow":"follow","max-snippet":"max-snippet:-1","max-image-preview":"max-image-preview:large","max-video-preview":"max-video-preview:-1"},"canonical":"https:\/\/edyceramic-shop.ro\/ro\/produs\/mykonos-white-9931-kai\/","og_locale":"ro_RO","og_type":"article","og_title":"Gresie MYKONOS WHITE 9931 KAI 60x120cm","og_description":"Gresia de 60&#215;120 cm de la Kai este solu\u021bia ideal\u0103 pentru proiectele care necesit\u0103 un aspect modern \u0219i durabilitate superioar\u0103.","og_url":"https:\/\/edyceramic-shop.ro\/ro\/produs\/mykonos-white-9931-kai\/","og_site_name":"Edyceramic - magazin online","article_modified_time":"2025-08-01T11:35:34+00:00","og_image":[{"width":500,"height":1000,"url":"https:\/\/edyceramic-shop.ro\/wp-content\/uploads\/2024\/09\/gresie-kai-mykonos-60x120-cm-white75251.webp","type":"image\/webp"}],"twitter_card":"summary_large_image","twitter_misc":{"Pre\u021b":"131,00&nbsp;lei","Disponibilitate":"\u00cen stoc"},"schema":{"@context":"https:\/\/schema.org","@graph":[{"@type":"WebPage","@id":"https:\/\/edyceramic-shop.ro\/produs\/mykonos-white-9931-kai\/","url":"https:\/\/edyceramic-shop.ro\/produs\/mykonos-white-9931-kai\/","name":"Gresie MYKONOS WHITE 9931 KAI 60x120cm - Edyceramic - magazin online","isPartOf":{"@id":"https:\/\/edyceramic-shop.ro\/ro\/#website"},"datePublished":"2024-09-22T20:06:52+00:00","dateModified":"2025-08-01T11:35:34+00:00","breadcrumb":{"@id":"https:\/\/edyceramic-shop.ro\/produs\/mykonos-white-9931-kai\/#breadcrumb"},"inLanguage":"ro-RO","potentialAction":[{"@type":"ReadAction","target":["https:\/\/edyceramic-shop.ro\/produs\/mykonos-white-9931-kai\/"]}]},{"@type":"BreadcrumbList","@id":"https:\/\/edyceramic-shop.ro\/produs\/mykonos-white-9931-kai\/#breadcrumb","itemListElement":[{"@type":"ListItem","position":1,"name":"Home","item":"https:\/\/edyceramic-shop.ro\/"},{"@type":"ListItem","position":2,"name":"Shop","item":"https:\/\/edyceramic-shop.ro\/ro\/shop\/"},{"@type":"ListItem","position":3,"name":"Gresie MYKONOS WHITE 9931 KAI 60x120cm"}]},{"@type":"WebSite","@id":"https:\/\/edyceramic-shop.ro\/ro\/#website","url":"https:\/\/edyceramic-shop.ro\/ro\/","name":"edyceramic.ro","description":"","publisher":{"@id":"https:\/\/edyceramic-shop.ro\/ro\/#organization"},"potentialAction":[{"@type":"SearchAction","target":{"@type":"EntryPoint","urlTemplate":"https:\/\/edyceramic-shop.ro\/ro\/?s={search_term_string}"},"query-input":"required name=search_term_string"}],"inLanguage":"ro-RO"},{"@type":"Organization","@id":"https:\/\/edyceramic-shop.ro\/ro\/#organization","name":"Edyceramic","url":"https:\/\/edyceramic-shop.ro\/ro\/","logo":{"@type":"ImageObject","inLanguage":"ro-RO","@id":"https:\/\/edyceramic-shop.ro\/ro\/#\/schema\/logo\/image\/","url":"https:\/\/edyceramic-shop.ro\/wp-content\/uploads\/2024\/02\/Logo-EdyCeramic_2021-lung.png","contentUrl":"https:\/\/edyceramic-shop.ro\/wp-content\/uploads\/2024\/02\/Logo-EdyCeramic_2021-lung.png","width":4491,"height":769,"caption":"Edyceramic"},"image":{"@id":"https:\/\/edyceramic-shop.ro\/ro\/#\/schema\/logo\/image\/"}}]},"product_price_amount":"131.00","product_price_currency":"RON","og_availability":"instock","product_availability":"instock","product_retailer_item_id":"d3820b6b3cfd","product_condition":"new"},"jetpack_sharing_enabled":true,"_links":{"self":[{"href":"https:\/\/edyceramic-shop.ro\/ro\/wp-json\/wp\/v2\/product\/16941","targetHints":{"allow":["GET"]}}],"collection":[{"href":"https:\/\/edyceramic-shop.ro\/ro\/wp-json\/wp\/v2\/product"}],"about":[{"href":"https:\/\/edyceramic-shop.ro\/ro\/wp-json\/wp\/v2\/types\/product"}],"version-history":[{"count":2,"href":"https:\/\/edyceramic-shop.ro\/ro\/wp-json\/wp\/v2\/product\/16941\/revisions"}],"predecessor-version":[{"id":22750,"href":"https:\/\/edyceramic-shop.ro\/ro\/wp-json\/wp\/v2\/product\/16941\/revisions\/22750"}],"wp:featuredmedia":[{"embeddable":true,"href":"https:\/\/edyceramic-shop.ro\/ro\/wp-json\/wp\/v2\/media\/16943"}],"wp:attachment":[{"href":"https:\/\/edyceramic-shop.ro\/ro\/wp-json\/wp\/v2\/media?parent=16941"}],"wp:term":[{"taxonomy":"product_brand","embeddable":true,"href":"https:\/\/edyceramic-shop.ro\/ro\/wp-json\/wp\/v2\/product_brand?post=16941"},{"taxonomy":"product_cat","embeddable":true,"href":"https:\/\/edyceramic-shop.ro\/ro\/wp-json\/wp\/v2\/product_cat?post=16941"},{"taxonomy":"product_tag","embeddable":true,"href":"https:\/\/edyceramic-shop.ro\/ro\/wp-json\/wp\/v2\/product_tag?post=16941"}],"curies":[{"name":"wp","href":"https:\/\/api.w.org\/{rel}","templated":true}]}}