{"id":16857,"date":"2024-09-22T20:06:12","date_gmt":"2024-09-22T20:06:12","guid":{"rendered":"https:\/\/edyceramic-shop.ro\/product\/turia-beige-9430-kai\/"},"modified":"2025-08-01T13:35:31","modified_gmt":"2025-08-01T11:35:31","slug":"turia-beige-9430-kai","status":"publish","type":"product","link":"https:\/\/edyceramic-shop.ro\/ro\/produs\/turia-beige-9430-kai\/","title":{"rendered":"Gresie TURIA BEIGE 9430 KAI 20x120cm"},"content":{"rendered":"<p>Pl\u0103cile de gresie tip parchet cu dimensiunea de 20.4&#215;120 cm de la Kai sunt concepute pentru a satisface nevoile celor mai exigen\u021bi designeri de interior, dar \u0219i ale proprietarilor de locuin\u021be care doresc s\u0103 \u00eembun\u0103t\u0103\u021beasc\u0103 considerabil aspectul estetic al spa\u021biilor lor. Cu dimensiuni generoase \u0219i un design inspirat de textura natural\u0103 a lemnului, aceste pl\u0103ci sunt ideale pentru acoperirea unor suprafe\u021be mari, aduc\u00e2nd un plus de elegan\u021b\u0103 \u0219i rafinament oric\u0103rui spa\u021biu.<\/p>\n<p>Fabricate cu tehnologie avansat\u0103, pl\u0103cile din aceast\u0103 colec\u021bie nu sunt doar estetice, ci \u0219i extrem de rezistente. Finisajul mat, de o fine\u021be deosebit\u0103, contribuie la crearea unei atmosfere moderne \u0219i pl\u0103cute, iar rezisten\u021ba sporit\u0103 la \u00eenghe\u021b le face potrivite pentru utilizarea \u00een orice condi\u021bii climatice. Aceste pl\u0103ci sunt excelente pentru terase, balcoane, dar \u0219i pentru interiorul casei, \u00een livinguri, buc\u0103t\u0103rii sau chiar b\u0103i, aduc\u00e2nd un plus de confort \u0219i stil.<\/p>\n<p>Datorit\u0103 dimensiunilor lor generoase, pl\u0103cile permit un montaj care amplific\u0103 impresia de continuitate \u0219i spa\u021biu deschis. Disponibile \u00een cutii de 0.98 mp, cu 4 pl\u0103ci per cutie, aceast\u0103 gresie tip parchet este alegerea perfect\u0103 pentru proiecte de anvergur\u0103 care necesit\u0103 materiale de \u00eenalt\u0103 calitate \u0219i un design atemporal.<\/p>\n","protected":false},"excerpt":{"rendered":"<p>Pl\u0103cile de gresie tip parchet cu dimensiunea de 20.4&#215;120 cm de la Kai sunt concepute pentru a satisface nevoile celor<\/p>\n","protected":false},"featured_media":16859,"template":"","meta":[],"product_brand":[],"product_cat":[301,467],"product_tag":[],"class_list":{"0":"post-16857","1":"product","2":"type-product","3":"status-publish","4":"has-post-thumbnail","6":"product_cat-gresie","7":"product_cat-gresie-si-faianta","8":"pa_ambalare-0-98mp-cutie","9":"pa_colectie-turia","10":"pa_dimensiune-20-4x120-4cm","11":"pa_fabrica-kai","12":"pa_finisaj-mat","13":"pa_numar-de-placi-in-pachet-1216","14":"pa_rectificat-nu","16":"first","17":"instock","18":"purchasable","19":"product-type-simple"},"yoast_head":"<!-- This site is optimized with the Yoast SEO Premium plugin v21.6 (Yoast SEO v22.1) - https:\/\/yoast.com\/wordpress\/plugins\/seo\/ -->\n<title>Gresie TURIA BEIGE 9430 KAI 20x120cm - Edyceramic - magazin online<\/title>\n<meta name=\"robots\" content=\"index, follow, max-snippet:-1, max-image-preview:large, max-video-preview:-1\" \/>\n<link rel=\"canonical\" href=\"https:\/\/edyceramic-shop.ro\/ro\/produs\/turia-beige-9430-kai\/\" \/>\n<meta property=\"og:locale\" content=\"ro_RO\" \/>\n<meta property=\"og:type\" content=\"article\" \/>\n<meta property=\"og:title\" content=\"Gresie TURIA BEIGE 9430 KAI 20x120cm\" \/>\n<meta property=\"og:description\" content=\"Pl\u0103cile de gresie tip parchet cu dimensiunea de 20.4&#215;120 cm de la Kai sunt concepute pentru a satisface nevoile celor\" \/>\n<meta property=\"og:url\" content=\"https:\/\/edyceramic-shop.ro\/ro\/produs\/turia-beige-9430-kai\/\" \/>\n<meta property=\"og:site_name\" content=\"Edyceramic - magazin online\" \/>\n<meta property=\"article:modified_time\" content=\"2025-08-01T11:35:31+00:00\" \/>\n<meta property=\"og:image\" content=\"https:\/\/edyceramic-shop.ro\/wp-content\/uploads\/2024\/09\/20.4x120.4_porcelain_turia_beige_f1_9430_3.webp\" \/>\n\t<meta property=\"og:image:width\" content=\"560\" \/>\n\t<meta property=\"og:image:height\" content=\"560\" \/>\n\t<meta property=\"og:image:type\" content=\"image\/jpeg\" \/>\n<meta name=\"twitter:card\" content=\"summary_large_image\" \/>\n<meta name=\"twitter:label1\" content=\"Pre\u021b\" \/>\n\t<meta name=\"twitter:data1\" content=\"114,00&nbsp;lei\" \/>\n\t<meta name=\"twitter:label2\" content=\"Disponibilitate\" \/>\n\t<meta name=\"twitter:data2\" content=\"\u00cen stoc\" \/>\n<script type=\"application\/ld+json\" class=\"yoast-schema-graph\">{\"@context\":\"https:\/\/schema.org\",\"@graph\":[{\"@type\":\"WebPage\",\"@id\":\"https:\/\/edyceramic-shop.ro\/produs\/turia-beige-9430-kai\/\",\"url\":\"https:\/\/edyceramic-shop.ro\/produs\/turia-beige-9430-kai\/\",\"name\":\"Gresie TURIA BEIGE 9430 KAI 20x120cm - Edyceramic - magazin online\",\"isPartOf\":{\"@id\":\"https:\/\/edyceramic-shop.ro\/ro\/#website\"},\"datePublished\":\"2024-09-22T20:06:12+00:00\",\"dateModified\":\"2025-08-01T11:35:31+00:00\",\"breadcrumb\":{\"@id\":\"https:\/\/edyceramic-shop.ro\/produs\/turia-beige-9430-kai\/#breadcrumb\"},\"inLanguage\":\"ro-RO\",\"potentialAction\":[{\"@type\":\"ReadAction\",\"target\":[\"https:\/\/edyceramic-shop.ro\/produs\/turia-beige-9430-kai\/\"]}]},{\"@type\":\"BreadcrumbList\",\"@id\":\"https:\/\/edyceramic-shop.ro\/produs\/turia-beige-9430-kai\/#breadcrumb\",\"itemListElement\":[{\"@type\":\"ListItem\",\"position\":1,\"name\":\"Home\",\"item\":\"https:\/\/edyceramic-shop.ro\/\"},{\"@type\":\"ListItem\",\"position\":2,\"name\":\"Shop\",\"item\":\"https:\/\/edyceramic-shop.ro\/ro\/shop\/\"},{\"@type\":\"ListItem\",\"position\":3,\"name\":\"Gresie TURIA BEIGE 9430 KAI 20x120cm\"}]},{\"@type\":\"WebSite\",\"@id\":\"https:\/\/edyceramic-shop.ro\/ro\/#website\",\"url\":\"https:\/\/edyceramic-shop.ro\/ro\/\",\"name\":\"edyceramic.ro\",\"description\":\"\",\"publisher\":{\"@id\":\"https:\/\/edyceramic-shop.ro\/ro\/#organization\"},\"potentialAction\":[{\"@type\":\"SearchAction\",\"target\":{\"@type\":\"EntryPoint\",\"urlTemplate\":\"https:\/\/edyceramic-shop.ro\/ro\/?s={search_term_string}\"},\"query-input\":\"required name=search_term_string\"}],\"inLanguage\":\"ro-RO\"},{\"@type\":\"Organization\",\"@id\":\"https:\/\/edyceramic-shop.ro\/ro\/#organization\",\"name\":\"Edyceramic\",\"url\":\"https:\/\/edyceramic-shop.ro\/ro\/\",\"logo\":{\"@type\":\"ImageObject\",\"inLanguage\":\"ro-RO\",\"@id\":\"https:\/\/edyceramic-shop.ro\/ro\/#\/schema\/logo\/image\/\",\"url\":\"https:\/\/edyceramic-shop.ro\/wp-content\/uploads\/2024\/02\/Logo-EdyCeramic_2021-lung.png\",\"contentUrl\":\"https:\/\/edyceramic-shop.ro\/wp-content\/uploads\/2024\/02\/Logo-EdyCeramic_2021-lung.png\",\"width\":4491,\"height\":769,\"caption\":\"Edyceramic\"},\"image\":{\"@id\":\"https:\/\/edyceramic-shop.ro\/ro\/#\/schema\/logo\/image\/\"}}]}<\/script>\n<meta property=\"product:price:amount\" content=\"114.00\" \/>\n<meta property=\"product:price:currency\" content=\"RON\" \/>\n<meta property=\"og:availability\" content=\"instock\" \/>\n<meta property=\"product:availability\" content=\"instock\" \/>\n<meta property=\"product:retailer_item_id\" content=\"8aebeb20cf4d\" \/>\n<meta property=\"product:condition\" content=\"new\" \/>\n<!-- \/ Yoast SEO Premium plugin. -->","yoast_head_json":{"title":"Gresie TURIA BEIGE 9430 KAI 20x120cm - Edyceramic - magazin online","robots":{"index":"index","follow":"follow","max-snippet":"max-snippet:-1","max-image-preview":"max-image-preview:large","max-video-preview":"max-video-preview:-1"},"canonical":"https:\/\/edyceramic-shop.ro\/ro\/produs\/turia-beige-9430-kai\/","og_locale":"ro_RO","og_type":"article","og_title":"Gresie TURIA BEIGE 9430 KAI 20x120cm","og_description":"Pl\u0103cile de gresie tip parchet cu dimensiunea de 20.4&#215;120 cm de la Kai sunt concepute pentru a satisface nevoile celor","og_url":"https:\/\/edyceramic-shop.ro\/ro\/produs\/turia-beige-9430-kai\/","og_site_name":"Edyceramic - magazin online","article_modified_time":"2025-08-01T11:35:31+00:00","og_image":[{"width":560,"height":560,"url":"https:\/\/edyceramic-shop.ro\/wp-content\/uploads\/2024\/09\/20.4x120.4_porcelain_turia_beige_f1_9430_3.webp","type":"image\/jpeg"}],"twitter_card":"summary_large_image","twitter_misc":{"Pre\u021b":"114,00&nbsp;lei","Disponibilitate":"\u00cen stoc"},"schema":{"@context":"https:\/\/schema.org","@graph":[{"@type":"WebPage","@id":"https:\/\/edyceramic-shop.ro\/produs\/turia-beige-9430-kai\/","url":"https:\/\/edyceramic-shop.ro\/produs\/turia-beige-9430-kai\/","name":"Gresie TURIA BEIGE 9430 KAI 20x120cm - Edyceramic - magazin online","isPartOf":{"@id":"https:\/\/edyceramic-shop.ro\/ro\/#website"},"datePublished":"2024-09-22T20:06:12+00:00","dateModified":"2025-08-01T11:35:31+00:00","breadcrumb":{"@id":"https:\/\/edyceramic-shop.ro\/produs\/turia-beige-9430-kai\/#breadcrumb"},"inLanguage":"ro-RO","potentialAction":[{"@type":"ReadAction","target":["https:\/\/edyceramic-shop.ro\/produs\/turia-beige-9430-kai\/"]}]},{"@type":"BreadcrumbList","@id":"https:\/\/edyceramic-shop.ro\/produs\/turia-beige-9430-kai\/#breadcrumb","itemListElement":[{"@type":"ListItem","position":1,"name":"Home","item":"https:\/\/edyceramic-shop.ro\/"},{"@type":"ListItem","position":2,"name":"Shop","item":"https:\/\/edyceramic-shop.ro\/ro\/shop\/"},{"@type":"ListItem","position":3,"name":"Gresie TURIA BEIGE 9430 KAI 20x120cm"}]},{"@type":"WebSite","@id":"https:\/\/edyceramic-shop.ro\/ro\/#website","url":"https:\/\/edyceramic-shop.ro\/ro\/","name":"edyceramic.ro","description":"","publisher":{"@id":"https:\/\/edyceramic-shop.ro\/ro\/#organization"},"potentialAction":[{"@type":"SearchAction","target":{"@type":"EntryPoint","urlTemplate":"https:\/\/edyceramic-shop.ro\/ro\/?s={search_term_string}"},"query-input":"required name=search_term_string"}],"inLanguage":"ro-RO"},{"@type":"Organization","@id":"https:\/\/edyceramic-shop.ro\/ro\/#organization","name":"Edyceramic","url":"https:\/\/edyceramic-shop.ro\/ro\/","logo":{"@type":"ImageObject","inLanguage":"ro-RO","@id":"https:\/\/edyceramic-shop.ro\/ro\/#\/schema\/logo\/image\/","url":"https:\/\/edyceramic-shop.ro\/wp-content\/uploads\/2024\/02\/Logo-EdyCeramic_2021-lung.png","contentUrl":"https:\/\/edyceramic-shop.ro\/wp-content\/uploads\/2024\/02\/Logo-EdyCeramic_2021-lung.png","width":4491,"height":769,"caption":"Edyceramic"},"image":{"@id":"https:\/\/edyceramic-shop.ro\/ro\/#\/schema\/logo\/image\/"}}]},"product_price_amount":"114.00","product_price_currency":"RON","og_availability":"instock","product_availability":"instock","product_retailer_item_id":"8aebeb20cf4d","product_condition":"new"},"jetpack_sharing_enabled":true,"_links":{"self":[{"href":"https:\/\/edyceramic-shop.ro\/ro\/wp-json\/wp\/v2\/product\/16857","targetHints":{"allow":["GET"]}}],"collection":[{"href":"https:\/\/edyceramic-shop.ro\/ro\/wp-json\/wp\/v2\/product"}],"about":[{"href":"https:\/\/edyceramic-shop.ro\/ro\/wp-json\/wp\/v2\/types\/product"}],"version-history":[{"count":3,"href":"https:\/\/edyceramic-shop.ro\/ro\/wp-json\/wp\/v2\/product\/16857\/revisions"}],"predecessor-version":[{"id":22806,"href":"https:\/\/edyceramic-shop.ro\/ro\/wp-json\/wp\/v2\/product\/16857\/revisions\/22806"}],"wp:featuredmedia":[{"embeddable":true,"href":"https:\/\/edyceramic-shop.ro\/ro\/wp-json\/wp\/v2\/media\/16859"}],"wp:attachment":[{"href":"https:\/\/edyceramic-shop.ro\/ro\/wp-json\/wp\/v2\/media?parent=16857"}],"wp:term":[{"taxonomy":"product_brand","embeddable":true,"href":"https:\/\/edyceramic-shop.ro\/ro\/wp-json\/wp\/v2\/product_brand?post=16857"},{"taxonomy":"product_cat","embeddable":true,"href":"https:\/\/edyceramic-shop.ro\/ro\/wp-json\/wp\/v2\/product_cat?post=16857"},{"taxonomy":"product_tag","embeddable":true,"href":"https:\/\/edyceramic-shop.ro\/ro\/wp-json\/wp\/v2\/product_tag?post=16857"}],"curies":[{"name":"wp","href":"https:\/\/api.w.org\/{rel}","templated":true}]}}