{"id":15741,"date":"2024-09-22T19:56:47","date_gmt":"2024-09-22T19:56:47","guid":{"rendered":"https:\/\/edyceramic-shop.ro\/product\/set-mobilier-karag-kea-80-noce-lirico\/"},"modified":"2025-08-01T13:34:55","modified_gmt":"2025-08-01T11:34:55","slug":"set-mobilier-karag-kea-80-noce-lirico","status":"publish","type":"product","link":"https:\/\/edyceramic-shop.ro\/ro\/produs\/set-mobilier-karag-kea-80-noce-lirico\/","title":{"rendered":"SET MOBILIER KARAG KEA 80 NOCE LIRICO"},"content":{"rendered":"<p>Seturile de mobilier suspendate de la Karag, care includ blat \u0219i lavoar, sunt solu\u021bii elegante \u0219i func\u021bionale pentru b\u0103ile moderne. \u00cen aceast\u0103 configura\u021bie, lavoarul este montat pe blat, oferind un aspect contemporan \u0219i rafinat. Blatul, suspendat \u0219i bine finisat, adaug\u0103 o not\u0103 de elegan\u021b\u0103 \u0219i creeaz\u0103 un spa\u021biu amplu pentru utilizare.<\/p>\n<p>Mobilierul suspendat sub blat ofer\u0103 sertare sau compartimente spa\u021bioase pentru depozitarea produselor esen\u021biale de baie, asigur\u00e2nd un aspect ordonat \u0219i minimalist. Aceast\u0103 combina\u021bie permite o organizare eficient\u0103, l\u0103s\u00e2nd \u00een acela\u0219i timp spa\u021biul vizual liber \u0219i aerisit.<\/p>\n<p>Materialele folosite, de la MDF rezistent la umezeal\u0103 pentru mobilier p\u00e2n\u0103 la blaturi \u00een diverse finisaje (mat, lucios sau texturi naturale), asigur\u0103 durabilitate \u0219i un design premium. Acest tip de set este perfect pentru b\u0103i moderne \u00een care se dore\u0219te un echilibru \u00eentre estetic\u0103 \u0219i func\u021bionalitate.<\/p>\n","protected":false},"excerpt":{"rendered":"<p>Seturile de mobilier suspendate de la Karag, care includ blat \u0219i lavoar, sunt solu\u021bii elegante \u0219i func\u021bionale pentru b\u0103ile moderne.<\/p>\n","protected":false},"featured_media":15743,"template":"","meta":[],"product_brand":[],"product_cat":[2266],"product_tag":[],"class_list":{"0":"post-15741","1":"product","2":"type-product","3":"status-publish","4":"has-post-thumbnail","6":"product_cat-dulapuri-suspendat","7":"pa_ambalare-blatmobilierlavoar","8":"pa_colectie-kea","9":"pa_culoare-maro","10":"pa_dimensiune-mobilier-80cm","11":"pa_fabrica-karag","12":"pa_material-mdf","13":"pa_montare-suspendat","15":"first","16":"instock","17":"purchasable","18":"product-type-simple"},"yoast_head":"<!-- This site is optimized with the Yoast SEO Premium plugin v21.6 (Yoast SEO v22.1) - https:\/\/yoast.com\/wordpress\/plugins\/seo\/ -->\n<title>SET MOBILIER KARAG KEA 80 NOCE LIRICO - Edyceramic - magazin online<\/title>\n<meta name=\"robots\" content=\"index, follow, max-snippet:-1, max-image-preview:large, max-video-preview:-1\" \/>\n<link rel=\"canonical\" href=\"https:\/\/edyceramic-shop.ro\/ro\/produs\/set-mobilier-karag-kea-80-noce-lirico\/\" \/>\n<meta property=\"og:locale\" content=\"ro_RO\" \/>\n<meta property=\"og:type\" content=\"article\" \/>\n<meta property=\"og:title\" content=\"SET MOBILIER KARAG KEA 80 NOCE LIRICO\" \/>\n<meta property=\"og:description\" content=\"Seturile de mobilier suspendate de la Karag, care includ blat \u0219i lavoar, sunt solu\u021bii elegante \u0219i func\u021bionale pentru b\u0103ile moderne.\" \/>\n<meta property=\"og:url\" content=\"https:\/\/edyceramic-shop.ro\/ro\/produs\/set-mobilier-karag-kea-80-noce-lirico\/\" \/>\n<meta property=\"og:site_name\" content=\"Edyceramic - magazin online\" \/>\n<meta property=\"article:modified_time\" content=\"2025-08-01T11:34:55+00:00\" \/>\n<meta property=\"og:image\" content=\"https:\/\/edyceramic-shop.ro\/wp-content\/uploads\/2024\/09\/525x525-KARAG-comp-kea-3.webp\" \/>\n\t<meta property=\"og:image:width\" content=\"525\" \/>\n\t<meta property=\"og:image:height\" content=\"525\" \/>\n\t<meta property=\"og:image:type\" content=\"image\/jpeg\" \/>\n<meta name=\"twitter:card\" content=\"summary_large_image\" \/>\n<meta name=\"twitter:label1\" content=\"Pre\u021b\" \/>\n\t<meta name=\"twitter:data1\" content=\"7.350,00&nbsp;lei\" \/>\n\t<meta name=\"twitter:label2\" content=\"Disponibilitate\" \/>\n\t<meta name=\"twitter:data2\" content=\"\u00cen stoc\" \/>\n<script type=\"application\/ld+json\" class=\"yoast-schema-graph\">{\"@context\":\"https:\/\/schema.org\",\"@graph\":[{\"@type\":\"WebPage\",\"@id\":\"https:\/\/edyceramic-shop.ro\/produs\/set-mobilier-karag-kea-80-noce-lirico\/\",\"url\":\"https:\/\/edyceramic-shop.ro\/produs\/set-mobilier-karag-kea-80-noce-lirico\/\",\"name\":\"SET MOBILIER KARAG KEA 80 NOCE LIRICO - Edyceramic - magazin online\",\"isPartOf\":{\"@id\":\"https:\/\/edyceramic-shop.ro\/ro\/#website\"},\"datePublished\":\"2024-09-22T19:56:47+00:00\",\"dateModified\":\"2025-08-01T11:34:55+00:00\",\"breadcrumb\":{\"@id\":\"https:\/\/edyceramic-shop.ro\/produs\/set-mobilier-karag-kea-80-noce-lirico\/#breadcrumb\"},\"inLanguage\":\"ro-RO\",\"potentialAction\":[{\"@type\":\"ReadAction\",\"target\":[\"https:\/\/edyceramic-shop.ro\/produs\/set-mobilier-karag-kea-80-noce-lirico\/\"]}]},{\"@type\":\"BreadcrumbList\",\"@id\":\"https:\/\/edyceramic-shop.ro\/produs\/set-mobilier-karag-kea-80-noce-lirico\/#breadcrumb\",\"itemListElement\":[{\"@type\":\"ListItem\",\"position\":1,\"name\":\"Home\",\"item\":\"https:\/\/edyceramic-shop.ro\/\"},{\"@type\":\"ListItem\",\"position\":2,\"name\":\"Shop\",\"item\":\"https:\/\/edyceramic-shop.ro\/ro\/shop\/\"},{\"@type\":\"ListItem\",\"position\":3,\"name\":\"SET MOBILIER KARAG KEA 80 NOCE LIRICO\"}]},{\"@type\":\"WebSite\",\"@id\":\"https:\/\/edyceramic-shop.ro\/ro\/#website\",\"url\":\"https:\/\/edyceramic-shop.ro\/ro\/\",\"name\":\"edyceramic.ro\",\"description\":\"\",\"publisher\":{\"@id\":\"https:\/\/edyceramic-shop.ro\/ro\/#organization\"},\"potentialAction\":[{\"@type\":\"SearchAction\",\"target\":{\"@type\":\"EntryPoint\",\"urlTemplate\":\"https:\/\/edyceramic-shop.ro\/ro\/?s={search_term_string}\"},\"query-input\":\"required name=search_term_string\"}],\"inLanguage\":\"ro-RO\"},{\"@type\":\"Organization\",\"@id\":\"https:\/\/edyceramic-shop.ro\/ro\/#organization\",\"name\":\"Edyceramic\",\"url\":\"https:\/\/edyceramic-shop.ro\/ro\/\",\"logo\":{\"@type\":\"ImageObject\",\"inLanguage\":\"ro-RO\",\"@id\":\"https:\/\/edyceramic-shop.ro\/ro\/#\/schema\/logo\/image\/\",\"url\":\"https:\/\/edyceramic-shop.ro\/wp-content\/uploads\/2024\/02\/Logo-EdyCeramic_2021-lung.png\",\"contentUrl\":\"https:\/\/edyceramic-shop.ro\/wp-content\/uploads\/2024\/02\/Logo-EdyCeramic_2021-lung.png\",\"width\":4491,\"height\":769,\"caption\":\"Edyceramic\"},\"image\":{\"@id\":\"https:\/\/edyceramic-shop.ro\/ro\/#\/schema\/logo\/image\/\"}}]}<\/script>\n<meta property=\"product:price:amount\" content=\"7350.00\" \/>\n<meta property=\"product:price:currency\" content=\"RON\" \/>\n<meta property=\"og:availability\" content=\"instock\" \/>\n<meta property=\"product:availability\" content=\"instock\" \/>\n<meta property=\"product:retailer_item_id\" content=\"24ccefec4d37\" \/>\n<meta property=\"product:condition\" content=\"new\" \/>\n<!-- \/ Yoast SEO Premium plugin. -->","yoast_head_json":{"title":"SET MOBILIER KARAG KEA 80 NOCE LIRICO - Edyceramic - magazin online","robots":{"index":"index","follow":"follow","max-snippet":"max-snippet:-1","max-image-preview":"max-image-preview:large","max-video-preview":"max-video-preview:-1"},"canonical":"https:\/\/edyceramic-shop.ro\/ro\/produs\/set-mobilier-karag-kea-80-noce-lirico\/","og_locale":"ro_RO","og_type":"article","og_title":"SET MOBILIER KARAG KEA 80 NOCE LIRICO","og_description":"Seturile de mobilier suspendate de la Karag, care includ blat \u0219i lavoar, sunt solu\u021bii elegante \u0219i func\u021bionale pentru b\u0103ile moderne.","og_url":"https:\/\/edyceramic-shop.ro\/ro\/produs\/set-mobilier-karag-kea-80-noce-lirico\/","og_site_name":"Edyceramic - magazin online","article_modified_time":"2025-08-01T11:34:55+00:00","og_image":[{"width":525,"height":525,"url":"https:\/\/edyceramic-shop.ro\/wp-content\/uploads\/2024\/09\/525x525-KARAG-comp-kea-3.webp","type":"image\/jpeg"}],"twitter_card":"summary_large_image","twitter_misc":{"Pre\u021b":"7.350,00&nbsp;lei","Disponibilitate":"\u00cen stoc"},"schema":{"@context":"https:\/\/schema.org","@graph":[{"@type":"WebPage","@id":"https:\/\/edyceramic-shop.ro\/produs\/set-mobilier-karag-kea-80-noce-lirico\/","url":"https:\/\/edyceramic-shop.ro\/produs\/set-mobilier-karag-kea-80-noce-lirico\/","name":"SET MOBILIER KARAG KEA 80 NOCE LIRICO - Edyceramic - magazin online","isPartOf":{"@id":"https:\/\/edyceramic-shop.ro\/ro\/#website"},"datePublished":"2024-09-22T19:56:47+00:00","dateModified":"2025-08-01T11:34:55+00:00","breadcrumb":{"@id":"https:\/\/edyceramic-shop.ro\/produs\/set-mobilier-karag-kea-80-noce-lirico\/#breadcrumb"},"inLanguage":"ro-RO","potentialAction":[{"@type":"ReadAction","target":["https:\/\/edyceramic-shop.ro\/produs\/set-mobilier-karag-kea-80-noce-lirico\/"]}]},{"@type":"BreadcrumbList","@id":"https:\/\/edyceramic-shop.ro\/produs\/set-mobilier-karag-kea-80-noce-lirico\/#breadcrumb","itemListElement":[{"@type":"ListItem","position":1,"name":"Home","item":"https:\/\/edyceramic-shop.ro\/"},{"@type":"ListItem","position":2,"name":"Shop","item":"https:\/\/edyceramic-shop.ro\/ro\/shop\/"},{"@type":"ListItem","position":3,"name":"SET MOBILIER KARAG KEA 80 NOCE LIRICO"}]},{"@type":"WebSite","@id":"https:\/\/edyceramic-shop.ro\/ro\/#website","url":"https:\/\/edyceramic-shop.ro\/ro\/","name":"edyceramic.ro","description":"","publisher":{"@id":"https:\/\/edyceramic-shop.ro\/ro\/#organization"},"potentialAction":[{"@type":"SearchAction","target":{"@type":"EntryPoint","urlTemplate":"https:\/\/edyceramic-shop.ro\/ro\/?s={search_term_string}"},"query-input":"required name=search_term_string"}],"inLanguage":"ro-RO"},{"@type":"Organization","@id":"https:\/\/edyceramic-shop.ro\/ro\/#organization","name":"Edyceramic","url":"https:\/\/edyceramic-shop.ro\/ro\/","logo":{"@type":"ImageObject","inLanguage":"ro-RO","@id":"https:\/\/edyceramic-shop.ro\/ro\/#\/schema\/logo\/image\/","url":"https:\/\/edyceramic-shop.ro\/wp-content\/uploads\/2024\/02\/Logo-EdyCeramic_2021-lung.png","contentUrl":"https:\/\/edyceramic-shop.ro\/wp-content\/uploads\/2024\/02\/Logo-EdyCeramic_2021-lung.png","width":4491,"height":769,"caption":"Edyceramic"},"image":{"@id":"https:\/\/edyceramic-shop.ro\/ro\/#\/schema\/logo\/image\/"}}]},"product_price_amount":"7350.00","product_price_currency":"RON","og_availability":"instock","product_availability":"instock","product_retailer_item_id":"24ccefec4d37","product_condition":"new"},"jetpack_sharing_enabled":true,"_links":{"self":[{"href":"https:\/\/edyceramic-shop.ro\/ro\/wp-json\/wp\/v2\/product\/15741","targetHints":{"allow":["GET"]}}],"collection":[{"href":"https:\/\/edyceramic-shop.ro\/ro\/wp-json\/wp\/v2\/product"}],"about":[{"href":"https:\/\/edyceramic-shop.ro\/ro\/wp-json\/wp\/v2\/types\/product"}],"version-history":[{"count":1,"href":"https:\/\/edyceramic-shop.ro\/ro\/wp-json\/wp\/v2\/product\/15741\/revisions"}],"predecessor-version":[{"id":15742,"href":"https:\/\/edyceramic-shop.ro\/ro\/wp-json\/wp\/v2\/product\/15741\/revisions\/15742"}],"wp:featuredmedia":[{"embeddable":true,"href":"https:\/\/edyceramic-shop.ro\/ro\/wp-json\/wp\/v2\/media\/15743"}],"wp:attachment":[{"href":"https:\/\/edyceramic-shop.ro\/ro\/wp-json\/wp\/v2\/media?parent=15741"}],"wp:term":[{"taxonomy":"product_brand","embeddable":true,"href":"https:\/\/edyceramic-shop.ro\/ro\/wp-json\/wp\/v2\/product_brand?post=15741"},{"taxonomy":"product_cat","embeddable":true,"href":"https:\/\/edyceramic-shop.ro\/ro\/wp-json\/wp\/v2\/product_cat?post=15741"},{"taxonomy":"product_tag","embeddable":true,"href":"https:\/\/edyceramic-shop.ro\/ro\/wp-json\/wp\/v2\/product_tag?post=15741"}],"curies":[{"name":"wp","href":"https:\/\/api.w.org\/{rel}","templated":true}]}}