{"id":15692,"date":"2024-09-22T19:56:28","date_gmt":"2024-09-22T19:56:28","guid":{"rendered":"https:\/\/edyceramic-shop.ro\/product\/lavoar-pe-mobilier-karag-60-5x46-5cm-alb-8031873763626\/"},"modified":"2025-08-01T13:34:54","modified_gmt":"2025-08-01T11:34:54","slug":"lavoar-pe-mobilier-karag-60-5x46-5cm-alb-8031873763626","status":"publish","type":"product","link":"https:\/\/edyceramic-shop.ro\/ro\/produs\/lavoar-pe-mobilier-karag-60-5x46-5cm-alb-8031873763626\/","title":{"rendered":"LAVOAR PE MOBILIER KARAG 60.5&#215;46.5cm ALB 8031873763626"},"content":{"rendered":"<p>Lavoarul pe mobilier din Keratek de la Karag ofer\u0103 un amestec perfect de durabilitate \u0219i stil modern pentru baia ta. Fabricat din Keratek, un material avansat compus dintr-o combina\u021bie de minerale naturale \u0219i r\u0103\u0219ini de \u00eenalt\u0103 performan\u021b\u0103, acest lavoar se remarc\u0103 prin rezisten\u021ba sa excep\u021bional\u0103 la uzur\u0103, zg\u00e2rieturi \u0219i pete, precum \u0219i prin u\u0219urin\u021ba \u00een \u00eentre\u021binere.<\/p>\n<p>Designul s\u0103u elegant, combinat cu finisajul neted \u0219i uniform, adaug\u0103 un plus de sofisticare oric\u0103rui mobilier de baie. Lavoarul se monteaz\u0103 cu u\u0219urin\u021b\u0103 pe mobilier, oferind un aspect uniform \u0219i integrat, ideal pentru b\u0103ile moderne care \u00ee\u0219i doresc un element de design rafinat \u0219i func\u021bional. Datorit\u0103 materialului Keratek, lavoarul beneficiaz\u0103 de o rezisten\u021b\u0103 excelent\u0103 la impact \u0219i temperaturi ridicate, asigur\u00e2nd o utilizare \u00eendelungat\u0103 \u0219i un aspect impecabil \u00een timp.<\/p>\n","protected":false},"excerpt":{"rendered":"<p>Lavoarul pe mobilier din Keratek de la Karag ofer\u0103 un amestec perfect de durabilitate \u0219i stil modern pentru baia ta.<\/p>\n","protected":false},"featured_media":15694,"template":"","meta":[],"product_brand":[],"product_cat":[385,336,384],"product_tag":[],"class_list":{"0":"post-15692","1":"product","2":"type-product","3":"status-publish","4":"has-post-thumbnail","6":"product_cat-dulapuri-si-boluri","7":"product_cat-lavoare","8":"product_cat-mobilier-baie","9":"pa_colectie-anim","10":"pa_culoare-alb","11":"pa_dimensiune-605x465x123mm","12":"pa_fabrica-karag","13":"pa_material-keratek","14":"pa_montare-pe-mobilier","16":"first","17":"instock","18":"purchasable","19":"product-type-simple"},"yoast_head":"<!-- This site is optimized with the Yoast SEO Premium plugin v21.6 (Yoast SEO v22.1) - https:\/\/yoast.com\/wordpress\/plugins\/seo\/ -->\n<title>LAVOAR PE MOBILIER KARAG 60.5x46.5cm ALB 8031873763626 - Edyceramic - magazin online<\/title>\n<meta name=\"robots\" content=\"index, follow, max-snippet:-1, max-image-preview:large, max-video-preview:-1\" \/>\n<link rel=\"canonical\" href=\"https:\/\/edyceramic-shop.ro\/ro\/produs\/lavoar-pe-mobilier-karag-60-5x46-5cm-alb-8031873763626\/\" \/>\n<meta property=\"og:locale\" content=\"ro_RO\" \/>\n<meta property=\"og:type\" content=\"article\" \/>\n<meta property=\"og:title\" content=\"LAVOAR PE MOBILIER KARAG 60.5x46.5cm ALB 8031873763626\" \/>\n<meta property=\"og:description\" content=\"Lavoarul pe mobilier din Keratek de la Karag ofer\u0103 un amestec perfect de durabilitate \u0219i stil modern pentru baia ta.\" \/>\n<meta property=\"og:url\" content=\"https:\/\/edyceramic-shop.ro\/ro\/produs\/lavoar-pe-mobilier-karag-60-5x46-5cm-alb-8031873763626\/\" \/>\n<meta property=\"og:site_name\" content=\"Edyceramic - magazin online\" \/>\n<meta property=\"article:modified_time\" content=\"2025-08-01T11:34:54+00:00\" \/>\n<meta property=\"og:image\" content=\"https:\/\/edyceramic-shop.ro\/wp-content\/uploads\/2024\/09\/lavoar-pe-mobilier-60.5x46-1.webp\" \/>\n\t<meta property=\"og:image:width\" content=\"1500\" \/>\n\t<meta property=\"og:image:height\" content=\"1500\" \/>\n\t<meta property=\"og:image:type\" content=\"image\/jpeg\" \/>\n<meta name=\"twitter:card\" content=\"summary_large_image\" \/>\n<meta name=\"twitter:label1\" content=\"Pre\u021b\" \/>\n\t<meta name=\"twitter:data1\" content=\"2.318,00&nbsp;lei\" \/>\n\t<meta name=\"twitter:label2\" content=\"Disponibilitate\" \/>\n\t<meta name=\"twitter:data2\" content=\"\u00cen stoc\" \/>\n<script type=\"application\/ld+json\" class=\"yoast-schema-graph\">{\"@context\":\"https:\/\/schema.org\",\"@graph\":[{\"@type\":\"WebPage\",\"@id\":\"https:\/\/edyceramic-shop.ro\/produs\/lavoar-pe-mobilier-karag-60-5x46-5cm-alb-8031873763626\/\",\"url\":\"https:\/\/edyceramic-shop.ro\/produs\/lavoar-pe-mobilier-karag-60-5x46-5cm-alb-8031873763626\/\",\"name\":\"LAVOAR PE MOBILIER KARAG 60.5x46.5cm ALB 8031873763626 - Edyceramic - magazin online\",\"isPartOf\":{\"@id\":\"https:\/\/edyceramic-shop.ro\/ro\/#website\"},\"datePublished\":\"2024-09-22T19:56:28+00:00\",\"dateModified\":\"2025-08-01T11:34:54+00:00\",\"breadcrumb\":{\"@id\":\"https:\/\/edyceramic-shop.ro\/produs\/lavoar-pe-mobilier-karag-60-5x46-5cm-alb-8031873763626\/#breadcrumb\"},\"inLanguage\":\"ro-RO\",\"potentialAction\":[{\"@type\":\"ReadAction\",\"target\":[\"https:\/\/edyceramic-shop.ro\/produs\/lavoar-pe-mobilier-karag-60-5x46-5cm-alb-8031873763626\/\"]}]},{\"@type\":\"BreadcrumbList\",\"@id\":\"https:\/\/edyceramic-shop.ro\/produs\/lavoar-pe-mobilier-karag-60-5x46-5cm-alb-8031873763626\/#breadcrumb\",\"itemListElement\":[{\"@type\":\"ListItem\",\"position\":1,\"name\":\"Home\",\"item\":\"https:\/\/edyceramic-shop.ro\/\"},{\"@type\":\"ListItem\",\"position\":2,\"name\":\"Shop\",\"item\":\"https:\/\/edyceramic-shop.ro\/ro\/shop\/\"},{\"@type\":\"ListItem\",\"position\":3,\"name\":\"LAVOAR PE MOBILIER KARAG 60.5&#215;46.5cm ALB 8031873763626\"}]},{\"@type\":\"WebSite\",\"@id\":\"https:\/\/edyceramic-shop.ro\/ro\/#website\",\"url\":\"https:\/\/edyceramic-shop.ro\/ro\/\",\"name\":\"edyceramic.ro\",\"description\":\"\",\"publisher\":{\"@id\":\"https:\/\/edyceramic-shop.ro\/ro\/#organization\"},\"potentialAction\":[{\"@type\":\"SearchAction\",\"target\":{\"@type\":\"EntryPoint\",\"urlTemplate\":\"https:\/\/edyceramic-shop.ro\/ro\/?s={search_term_string}\"},\"query-input\":\"required name=search_term_string\"}],\"inLanguage\":\"ro-RO\"},{\"@type\":\"Organization\",\"@id\":\"https:\/\/edyceramic-shop.ro\/ro\/#organization\",\"name\":\"Edyceramic\",\"url\":\"https:\/\/edyceramic-shop.ro\/ro\/\",\"logo\":{\"@type\":\"ImageObject\",\"inLanguage\":\"ro-RO\",\"@id\":\"https:\/\/edyceramic-shop.ro\/ro\/#\/schema\/logo\/image\/\",\"url\":\"https:\/\/edyceramic-shop.ro\/wp-content\/uploads\/2024\/02\/Logo-EdyCeramic_2021-lung.png\",\"contentUrl\":\"https:\/\/edyceramic-shop.ro\/wp-content\/uploads\/2024\/02\/Logo-EdyCeramic_2021-lung.png\",\"width\":4491,\"height\":769,\"caption\":\"Edyceramic\"},\"image\":{\"@id\":\"https:\/\/edyceramic-shop.ro\/ro\/#\/schema\/logo\/image\/\"}}]}<\/script>\n<meta property=\"product:price:amount\" content=\"2318.00\" \/>\n<meta property=\"product:price:currency\" content=\"RON\" \/>\n<meta property=\"og:availability\" content=\"instock\" \/>\n<meta property=\"product:availability\" content=\"instock\" \/>\n<meta property=\"product:retailer_item_id\" content=\"7a64fb002b51\" \/>\n<meta property=\"product:condition\" content=\"new\" \/>\n<!-- \/ Yoast SEO Premium plugin. -->","yoast_head_json":{"title":"LAVOAR PE MOBILIER KARAG 60.5x46.5cm ALB 8031873763626 - Edyceramic - magazin online","robots":{"index":"index","follow":"follow","max-snippet":"max-snippet:-1","max-image-preview":"max-image-preview:large","max-video-preview":"max-video-preview:-1"},"canonical":"https:\/\/edyceramic-shop.ro\/ro\/produs\/lavoar-pe-mobilier-karag-60-5x46-5cm-alb-8031873763626\/","og_locale":"ro_RO","og_type":"article","og_title":"LAVOAR PE MOBILIER KARAG 60.5x46.5cm ALB 8031873763626","og_description":"Lavoarul pe mobilier din Keratek de la Karag ofer\u0103 un amestec perfect de durabilitate \u0219i stil modern pentru baia ta.","og_url":"https:\/\/edyceramic-shop.ro\/ro\/produs\/lavoar-pe-mobilier-karag-60-5x46-5cm-alb-8031873763626\/","og_site_name":"Edyceramic - magazin online","article_modified_time":"2025-08-01T11:34:54+00:00","og_image":[{"width":1500,"height":1500,"url":"https:\/\/edyceramic-shop.ro\/wp-content\/uploads\/2024\/09\/lavoar-pe-mobilier-60.5x46-1.webp","type":"image\/jpeg"}],"twitter_card":"summary_large_image","twitter_misc":{"Pre\u021b":"2.318,00&nbsp;lei","Disponibilitate":"\u00cen stoc"},"schema":{"@context":"https:\/\/schema.org","@graph":[{"@type":"WebPage","@id":"https:\/\/edyceramic-shop.ro\/produs\/lavoar-pe-mobilier-karag-60-5x46-5cm-alb-8031873763626\/","url":"https:\/\/edyceramic-shop.ro\/produs\/lavoar-pe-mobilier-karag-60-5x46-5cm-alb-8031873763626\/","name":"LAVOAR PE MOBILIER KARAG 60.5x46.5cm ALB 8031873763626 - Edyceramic - magazin online","isPartOf":{"@id":"https:\/\/edyceramic-shop.ro\/ro\/#website"},"datePublished":"2024-09-22T19:56:28+00:00","dateModified":"2025-08-01T11:34:54+00:00","breadcrumb":{"@id":"https:\/\/edyceramic-shop.ro\/produs\/lavoar-pe-mobilier-karag-60-5x46-5cm-alb-8031873763626\/#breadcrumb"},"inLanguage":"ro-RO","potentialAction":[{"@type":"ReadAction","target":["https:\/\/edyceramic-shop.ro\/produs\/lavoar-pe-mobilier-karag-60-5x46-5cm-alb-8031873763626\/"]}]},{"@type":"BreadcrumbList","@id":"https:\/\/edyceramic-shop.ro\/produs\/lavoar-pe-mobilier-karag-60-5x46-5cm-alb-8031873763626\/#breadcrumb","itemListElement":[{"@type":"ListItem","position":1,"name":"Home","item":"https:\/\/edyceramic-shop.ro\/"},{"@type":"ListItem","position":2,"name":"Shop","item":"https:\/\/edyceramic-shop.ro\/ro\/shop\/"},{"@type":"ListItem","position":3,"name":"LAVOAR PE MOBILIER KARAG 60.5&#215;46.5cm ALB 8031873763626"}]},{"@type":"WebSite","@id":"https:\/\/edyceramic-shop.ro\/ro\/#website","url":"https:\/\/edyceramic-shop.ro\/ro\/","name":"edyceramic.ro","description":"","publisher":{"@id":"https:\/\/edyceramic-shop.ro\/ro\/#organization"},"potentialAction":[{"@type":"SearchAction","target":{"@type":"EntryPoint","urlTemplate":"https:\/\/edyceramic-shop.ro\/ro\/?s={search_term_string}"},"query-input":"required name=search_term_string"}],"inLanguage":"ro-RO"},{"@type":"Organization","@id":"https:\/\/edyceramic-shop.ro\/ro\/#organization","name":"Edyceramic","url":"https:\/\/edyceramic-shop.ro\/ro\/","logo":{"@type":"ImageObject","inLanguage":"ro-RO","@id":"https:\/\/edyceramic-shop.ro\/ro\/#\/schema\/logo\/image\/","url":"https:\/\/edyceramic-shop.ro\/wp-content\/uploads\/2024\/02\/Logo-EdyCeramic_2021-lung.png","contentUrl":"https:\/\/edyceramic-shop.ro\/wp-content\/uploads\/2024\/02\/Logo-EdyCeramic_2021-lung.png","width":4491,"height":769,"caption":"Edyceramic"},"image":{"@id":"https:\/\/edyceramic-shop.ro\/ro\/#\/schema\/logo\/image\/"}}]},"product_price_amount":"2318.00","product_price_currency":"RON","og_availability":"instock","product_availability":"instock","product_retailer_item_id":"7a64fb002b51","product_condition":"new"},"jetpack_sharing_enabled":true,"_links":{"self":[{"href":"https:\/\/edyceramic-shop.ro\/ro\/wp-json\/wp\/v2\/product\/15692","targetHints":{"allow":["GET"]}}],"collection":[{"href":"https:\/\/edyceramic-shop.ro\/ro\/wp-json\/wp\/v2\/product"}],"about":[{"href":"https:\/\/edyceramic-shop.ro\/ro\/wp-json\/wp\/v2\/types\/product"}],"version-history":[{"count":1,"href":"https:\/\/edyceramic-shop.ro\/ro\/wp-json\/wp\/v2\/product\/15692\/revisions"}],"predecessor-version":[{"id":15693,"href":"https:\/\/edyceramic-shop.ro\/ro\/wp-json\/wp\/v2\/product\/15692\/revisions\/15693"}],"wp:featuredmedia":[{"embeddable":true,"href":"https:\/\/edyceramic-shop.ro\/ro\/wp-json\/wp\/v2\/media\/15694"}],"wp:attachment":[{"href":"https:\/\/edyceramic-shop.ro\/ro\/wp-json\/wp\/v2\/media?parent=15692"}],"wp:term":[{"taxonomy":"product_brand","embeddable":true,"href":"https:\/\/edyceramic-shop.ro\/ro\/wp-json\/wp\/v2\/product_brand?post=15692"},{"taxonomy":"product_cat","embeddable":true,"href":"https:\/\/edyceramic-shop.ro\/ro\/wp-json\/wp\/v2\/product_cat?post=15692"},{"taxonomy":"product_tag","embeddable":true,"href":"https:\/\/edyceramic-shop.ro\/ro\/wp-json\/wp\/v2\/product_tag?post=15692"}],"curies":[{"name":"wp","href":"https:\/\/api.w.org\/{rel}","templated":true}]}}