{"id":15455,"date":"2024-09-22T19:54:26","date_gmt":"2024-09-22T19:54:26","guid":{"rendered":"https:\/\/edyceramic-shop.ro\/product\/lavoar-pe-blat-karag-41x41cm-alb-5206836533919\/"},"modified":"2025-08-01T13:34:48","modified_gmt":"2025-08-01T11:34:48","slug":"lavoar-pe-blat-karag-41x41cm-alb-5206836533919","status":"publish","type":"product","link":"https:\/\/edyceramic-shop.ro\/ro\/produs\/lavoar-pe-blat-karag-41x41cm-alb-5206836533919\/","title":{"rendered":"LAVOAR PE BLAT KARAG 41x41cm ALB  5206836533919"},"content":{"rendered":"<p>Lavoarul cu montaj pe blat din por\u021belan de la Karag ofer\u0103 o not\u0103 de rafinament \u0219i durabilitate \u00een amenajarea b\u0103ii tale. Fabricat din por\u021belan de cea mai bun\u0103 calitate, acest lavoar se remarc\u0103 prin suprafa\u021ba sa neted\u0103, lucioas\u0103 \u0219i foarte u\u0219or de \u00eentre\u021binut. Rezistent la zg\u00e2rieturi, pete \u0219i decolor\u0103ri, lavoarul din por\u021belan este ideal pentru utilizarea zilnic\u0103, men\u021bin\u00e2ndu-\u0219i aspectul impecabil pe termen lung. Designul elegant \u0219i finisajul impecabil \u00eel fac o alegere perfect\u0103 pentru b\u0103ile cu un stil sofisticat sau clasic.<\/p>\n","protected":false},"excerpt":{"rendered":"<p>Lavoarul cu montaj pe blat din por\u021belan de la Karag ofer\u0103 o not\u0103 de rafinament \u0219i durabilitate \u00een amenajarea b\u0103ii<\/p>\n","protected":false},"featured_media":15457,"template":"","meta":[],"product_brand":[],"product_cat":[385,336,384],"product_tag":[],"class_list":{"0":"post-15455","1":"product","2":"type-product","3":"status-publish","4":"has-post-thumbnail","6":"product_cat-dulapuri-si-boluri","7":"product_cat-lavoare","8":"product_cat-mobilier-baie","9":"pa_culoare-alb","10":"pa_dimensiune-410x410x150mm","11":"pa_fabrica-karag","12":"pa_material-portelan","13":"pa_montare-pe-blat","15":"first","16":"instock","17":"purchasable","18":"product-type-simple"},"yoast_head":"<!-- This site is optimized with the Yoast SEO Premium plugin v21.6 (Yoast SEO v22.1) - https:\/\/yoast.com\/wordpress\/plugins\/seo\/ -->\n<title>LAVOAR PE BLAT KARAG 41x41cm ALB 5206836533919 - Edyceramic - magazin online<\/title>\n<meta name=\"robots\" content=\"index, follow, max-snippet:-1, max-image-preview:large, max-video-preview:-1\" \/>\n<link rel=\"canonical\" href=\"https:\/\/edyceramic-shop.ro\/ro\/produs\/lavoar-pe-blat-karag-41x41cm-alb-5206836533919\/\" \/>\n<meta property=\"og:locale\" content=\"ro_RO\" \/>\n<meta property=\"og:type\" content=\"article\" \/>\n<meta property=\"og:title\" content=\"LAVOAR PE BLAT KARAG 41x41cm ALB 5206836533919\" \/>\n<meta property=\"og:description\" content=\"Lavoarul cu montaj pe blat din por\u021belan de la Karag ofer\u0103 o not\u0103 de rafinament \u0219i durabilitate \u00een amenajarea b\u0103ii\" \/>\n<meta property=\"og:url\" content=\"https:\/\/edyceramic-shop.ro\/ro\/produs\/lavoar-pe-blat-karag-41x41cm-alb-5206836533919\/\" \/>\n<meta property=\"og:site_name\" content=\"Edyceramic - magazin online\" \/>\n<meta property=\"article:modified_time\" content=\"2025-08-01T11:34:48+00:00\" \/>\n<meta property=\"og:image\" content=\"https:\/\/edyceramic-shop.ro\/wp-content\/uploads\/2024\/09\/lavoar-karag-lt-2144-41x41x15-cm-1.webp\" \/>\n\t<meta property=\"og:image:width\" content=\"450\" \/>\n\t<meta property=\"og:image:height\" content=\"450\" \/>\n\t<meta property=\"og:image:type\" content=\"image\/jpeg\" \/>\n<meta name=\"twitter:card\" content=\"summary_large_image\" \/>\n<meta name=\"twitter:label1\" content=\"Pre\u021b\" \/>\n\t<meta name=\"twitter:data1\" content=\"927,00&nbsp;lei\" \/>\n\t<meta name=\"twitter:label2\" content=\"Disponibilitate\" \/>\n\t<meta name=\"twitter:data2\" content=\"\u00cen stoc\" \/>\n<script type=\"application\/ld+json\" class=\"yoast-schema-graph\">{\"@context\":\"https:\/\/schema.org\",\"@graph\":[{\"@type\":\"WebPage\",\"@id\":\"https:\/\/edyceramic-shop.ro\/produs\/lavoar-pe-blat-karag-41x41cm-alb-5206836533919\/\",\"url\":\"https:\/\/edyceramic-shop.ro\/produs\/lavoar-pe-blat-karag-41x41cm-alb-5206836533919\/\",\"name\":\"LAVOAR PE BLAT KARAG 41x41cm ALB 5206836533919 - Edyceramic - magazin online\",\"isPartOf\":{\"@id\":\"https:\/\/edyceramic-shop.ro\/ro\/#website\"},\"datePublished\":\"2024-09-22T19:54:26+00:00\",\"dateModified\":\"2025-08-01T11:34:48+00:00\",\"breadcrumb\":{\"@id\":\"https:\/\/edyceramic-shop.ro\/produs\/lavoar-pe-blat-karag-41x41cm-alb-5206836533919\/#breadcrumb\"},\"inLanguage\":\"ro-RO\",\"potentialAction\":[{\"@type\":\"ReadAction\",\"target\":[\"https:\/\/edyceramic-shop.ro\/produs\/lavoar-pe-blat-karag-41x41cm-alb-5206836533919\/\"]}]},{\"@type\":\"BreadcrumbList\",\"@id\":\"https:\/\/edyceramic-shop.ro\/produs\/lavoar-pe-blat-karag-41x41cm-alb-5206836533919\/#breadcrumb\",\"itemListElement\":[{\"@type\":\"ListItem\",\"position\":1,\"name\":\"Home\",\"item\":\"https:\/\/edyceramic-shop.ro\/\"},{\"@type\":\"ListItem\",\"position\":2,\"name\":\"Shop\",\"item\":\"https:\/\/edyceramic-shop.ro\/ro\/shop\/\"},{\"@type\":\"ListItem\",\"position\":3,\"name\":\"LAVOAR PE BLAT KARAG 41x41cm ALB 5206836533919\"}]},{\"@type\":\"WebSite\",\"@id\":\"https:\/\/edyceramic-shop.ro\/ro\/#website\",\"url\":\"https:\/\/edyceramic-shop.ro\/ro\/\",\"name\":\"edyceramic.ro\",\"description\":\"\",\"publisher\":{\"@id\":\"https:\/\/edyceramic-shop.ro\/ro\/#organization\"},\"potentialAction\":[{\"@type\":\"SearchAction\",\"target\":{\"@type\":\"EntryPoint\",\"urlTemplate\":\"https:\/\/edyceramic-shop.ro\/ro\/?s={search_term_string}\"},\"query-input\":\"required name=search_term_string\"}],\"inLanguage\":\"ro-RO\"},{\"@type\":\"Organization\",\"@id\":\"https:\/\/edyceramic-shop.ro\/ro\/#organization\",\"name\":\"Edyceramic\",\"url\":\"https:\/\/edyceramic-shop.ro\/ro\/\",\"logo\":{\"@type\":\"ImageObject\",\"inLanguage\":\"ro-RO\",\"@id\":\"https:\/\/edyceramic-shop.ro\/ro\/#\/schema\/logo\/image\/\",\"url\":\"https:\/\/edyceramic-shop.ro\/wp-content\/uploads\/2024\/02\/Logo-EdyCeramic_2021-lung.png\",\"contentUrl\":\"https:\/\/edyceramic-shop.ro\/wp-content\/uploads\/2024\/02\/Logo-EdyCeramic_2021-lung.png\",\"width\":4491,\"height\":769,\"caption\":\"Edyceramic\"},\"image\":{\"@id\":\"https:\/\/edyceramic-shop.ro\/ro\/#\/schema\/logo\/image\/\"}}]}<\/script>\n<meta property=\"product:price:amount\" content=\"927.00\" \/>\n<meta property=\"product:price:currency\" content=\"RON\" \/>\n<meta property=\"og:availability\" content=\"instock\" \/>\n<meta property=\"product:availability\" content=\"instock\" \/>\n<meta property=\"product:retailer_item_id\" content=\"8718cd513afc\" \/>\n<meta property=\"product:condition\" content=\"new\" \/>\n<!-- \/ Yoast SEO Premium plugin. -->","yoast_head_json":{"title":"LAVOAR PE BLAT KARAG 41x41cm ALB 5206836533919 - Edyceramic - magazin online","robots":{"index":"index","follow":"follow","max-snippet":"max-snippet:-1","max-image-preview":"max-image-preview:large","max-video-preview":"max-video-preview:-1"},"canonical":"https:\/\/edyceramic-shop.ro\/ro\/produs\/lavoar-pe-blat-karag-41x41cm-alb-5206836533919\/","og_locale":"ro_RO","og_type":"article","og_title":"LAVOAR PE BLAT KARAG 41x41cm ALB 5206836533919","og_description":"Lavoarul cu montaj pe blat din por\u021belan de la Karag ofer\u0103 o not\u0103 de rafinament \u0219i durabilitate \u00een amenajarea b\u0103ii","og_url":"https:\/\/edyceramic-shop.ro\/ro\/produs\/lavoar-pe-blat-karag-41x41cm-alb-5206836533919\/","og_site_name":"Edyceramic - magazin online","article_modified_time":"2025-08-01T11:34:48+00:00","og_image":[{"width":450,"height":450,"url":"https:\/\/edyceramic-shop.ro\/wp-content\/uploads\/2024\/09\/lavoar-karag-lt-2144-41x41x15-cm-1.webp","type":"image\/jpeg"}],"twitter_card":"summary_large_image","twitter_misc":{"Pre\u021b":"927,00&nbsp;lei","Disponibilitate":"\u00cen stoc"},"schema":{"@context":"https:\/\/schema.org","@graph":[{"@type":"WebPage","@id":"https:\/\/edyceramic-shop.ro\/produs\/lavoar-pe-blat-karag-41x41cm-alb-5206836533919\/","url":"https:\/\/edyceramic-shop.ro\/produs\/lavoar-pe-blat-karag-41x41cm-alb-5206836533919\/","name":"LAVOAR PE BLAT KARAG 41x41cm ALB 5206836533919 - Edyceramic - magazin online","isPartOf":{"@id":"https:\/\/edyceramic-shop.ro\/ro\/#website"},"datePublished":"2024-09-22T19:54:26+00:00","dateModified":"2025-08-01T11:34:48+00:00","breadcrumb":{"@id":"https:\/\/edyceramic-shop.ro\/produs\/lavoar-pe-blat-karag-41x41cm-alb-5206836533919\/#breadcrumb"},"inLanguage":"ro-RO","potentialAction":[{"@type":"ReadAction","target":["https:\/\/edyceramic-shop.ro\/produs\/lavoar-pe-blat-karag-41x41cm-alb-5206836533919\/"]}]},{"@type":"BreadcrumbList","@id":"https:\/\/edyceramic-shop.ro\/produs\/lavoar-pe-blat-karag-41x41cm-alb-5206836533919\/#breadcrumb","itemListElement":[{"@type":"ListItem","position":1,"name":"Home","item":"https:\/\/edyceramic-shop.ro\/"},{"@type":"ListItem","position":2,"name":"Shop","item":"https:\/\/edyceramic-shop.ro\/ro\/shop\/"},{"@type":"ListItem","position":3,"name":"LAVOAR PE BLAT KARAG 41x41cm ALB 5206836533919"}]},{"@type":"WebSite","@id":"https:\/\/edyceramic-shop.ro\/ro\/#website","url":"https:\/\/edyceramic-shop.ro\/ro\/","name":"edyceramic.ro","description":"","publisher":{"@id":"https:\/\/edyceramic-shop.ro\/ro\/#organization"},"potentialAction":[{"@type":"SearchAction","target":{"@type":"EntryPoint","urlTemplate":"https:\/\/edyceramic-shop.ro\/ro\/?s={search_term_string}"},"query-input":"required name=search_term_string"}],"inLanguage":"ro-RO"},{"@type":"Organization","@id":"https:\/\/edyceramic-shop.ro\/ro\/#organization","name":"Edyceramic","url":"https:\/\/edyceramic-shop.ro\/ro\/","logo":{"@type":"ImageObject","inLanguage":"ro-RO","@id":"https:\/\/edyceramic-shop.ro\/ro\/#\/schema\/logo\/image\/","url":"https:\/\/edyceramic-shop.ro\/wp-content\/uploads\/2024\/02\/Logo-EdyCeramic_2021-lung.png","contentUrl":"https:\/\/edyceramic-shop.ro\/wp-content\/uploads\/2024\/02\/Logo-EdyCeramic_2021-lung.png","width":4491,"height":769,"caption":"Edyceramic"},"image":{"@id":"https:\/\/edyceramic-shop.ro\/ro\/#\/schema\/logo\/image\/"}}]},"product_price_amount":"927.00","product_price_currency":"RON","og_availability":"instock","product_availability":"instock","product_retailer_item_id":"8718cd513afc","product_condition":"new"},"jetpack_sharing_enabled":true,"_links":{"self":[{"href":"https:\/\/edyceramic-shop.ro\/ro\/wp-json\/wp\/v2\/product\/15455","targetHints":{"allow":["GET"]}}],"collection":[{"href":"https:\/\/edyceramic-shop.ro\/ro\/wp-json\/wp\/v2\/product"}],"about":[{"href":"https:\/\/edyceramic-shop.ro\/ro\/wp-json\/wp\/v2\/types\/product"}],"version-history":[{"count":1,"href":"https:\/\/edyceramic-shop.ro\/ro\/wp-json\/wp\/v2\/product\/15455\/revisions"}],"predecessor-version":[{"id":15456,"href":"https:\/\/edyceramic-shop.ro\/ro\/wp-json\/wp\/v2\/product\/15455\/revisions\/15456"}],"wp:featuredmedia":[{"embeddable":true,"href":"https:\/\/edyceramic-shop.ro\/ro\/wp-json\/wp\/v2\/media\/15457"}],"wp:attachment":[{"href":"https:\/\/edyceramic-shop.ro\/ro\/wp-json\/wp\/v2\/media?parent=15455"}],"wp:term":[{"taxonomy":"product_brand","embeddable":true,"href":"https:\/\/edyceramic-shop.ro\/ro\/wp-json\/wp\/v2\/product_brand?post=15455"},{"taxonomy":"product_cat","embeddable":true,"href":"https:\/\/edyceramic-shop.ro\/ro\/wp-json\/wp\/v2\/product_cat?post=15455"},{"taxonomy":"product_tag","embeddable":true,"href":"https:\/\/edyceramic-shop.ro\/ro\/wp-json\/wp\/v2\/product_tag?post=15455"}],"curies":[{"name":"wp","href":"https:\/\/api.w.org\/{rel}","templated":true}]}}