{"id":13557,"date":"2024-09-22T19:24:29","date_gmt":"2024-09-22T19:24:29","guid":{"rendered":"https:\/\/edyceramic-shop.ro\/product\/lavoar-antao-pe-blat-oval-alb-lucios-villeroyboch-4a7351r1\/"},"modified":"2025-08-01T13:34:32","modified_gmt":"2025-08-01T11:34:32","slug":"lavoar-antao-pe-blat-oval-alb-lucios-villeroyboch-4a7351r1","status":"publish","type":"product","link":"https:\/\/edyceramic-shop.ro\/ro\/produs\/lavoar-antao-pe-blat-oval-alb-lucios-villeroyboch-4a7351r1\/","title":{"rendered":"LAVOAR ANTAO PE BLAT, OVAL, ALB LUCIOS, VILLEROY&#038;BOCH 4A7351R1"},"content":{"rendered":"<p>Designul lavoarului pe blat este inspirat din forma pic\u0103turilor de rou\u0103 astfel v\u0103 men\u021bine in contact cu natura. Liniile u\u0219oare \u0219i asimetrice sunt caracteristica definitorie a colec\u021biei Antao.<\/p>\n<p>Caracteristici:<\/p>\n<p>lavoar oval asimetric cu perete sub\u021bire<br \/>\nmaterial: ceramic\u0103 TitanCeram cu finisaj CeramicPlus, vezi explicarea termenilor<br \/>\ndimensiune:  51 x 40 x 14.6 cm (lungime x l\u0103\u021bime x \u00een\u0103l\u021bime)<br \/>\nform\u0103 oval\u0103 asimetric\u0103<br \/>\nmontaj: pe blat sau pe m\u0103\u0219tile cu blat din colec\u021bia Antao<br \/>\nf\u0103r\u0103 orificiu de preaplin \u0219i f\u0103r\u0103 orificiu de baterie<br \/>\ncu ventil cu capac de nuan\u021ba lavoarului inclus<br \/>\nbateria stativ\u0103 sau de perete se comand\u0103 separat, vezi produse asociate<br \/>\nculoare: alb<br \/>\nExplicarea termenilor:<\/p>\n<p>Titan Ceram: este un material ceramic realizat cu o tehnologie special\u0103 dezvoltat\u0103 de firma Villeroy &#038; Boch bazat\u0103 pe o compozi\u021bie special\u0103 a argilei, cuar\u021bului, feldspatului \u0219i oxidului de titan. Acesta permite realizarea unor produse ceramice cu pere\u021bi foarte sub\u021biri, margini clar definite \u0219i rezisten\u021b\u0103 mare.<br \/>\nCeramic Plus (ceramic+): este un finisaj hidrofob (respinge apa), care ajut\u0103 la p\u0103strarea cur\u0103\u021beniei \u00een baie. Tehnologia reduce porozitatea suprafe\u021bei \u0219i mic\u0219oreaz\u0103 asperit\u0103\u021bile stratului de glazur\u0103. Ca urmare apa formeaz\u0103 pic\u0103turi care curg liber pe suprafa\u021ba ceramicii, \u00eempreun\u0103 cu rezidurile.<\/p>\n<p>Beneficii<\/p>\n<p>rezistent\u0103 la uzur\u0103 \u00een timp<br \/>\nrezistent\u0103 la temperaturi ridicate \u0219i sc\u0103zute<br \/>\nu\u0219or de cur\u0103\u021bat \u0219i \u00eentre\u021binut<\/p>\n","protected":false},"excerpt":{"rendered":"<p>Designul lavoarului pe blat este inspirat din forma pic\u0103turilor de rou\u0103 astfel v\u0103 men\u021bine in contact cu natura. Liniile u\u0219oare<\/p>\n","protected":false},"featured_media":20074,"template":"","meta":[],"product_brand":[],"product_cat":[385,384],"product_tag":[],"class_list":{"0":"post-13557","1":"product","2":"type-product","3":"status-publish","4":"has-post-thumbnail","6":"product_cat-dulapuri-si-boluri","7":"product_cat-mobilier-baie","8":"pa_colectie-antao","9":"pa_culoare-alb","10":"pa_dimensiune-51x40cm","11":"pa_fabrica-villeroyboch","12":"pa_material-ceramic","14":"first","15":"instock","16":"purchasable","17":"product-type-simple"},"yoast_head":"<!-- This site is optimized with the Yoast SEO Premium plugin v21.6 (Yoast SEO v22.1) - https:\/\/yoast.com\/wordpress\/plugins\/seo\/ -->\n<title>LAVOAR ANTAO PE BLAT, OVAL, ALB LUCIOS, VILLEROY&amp;BOCH 4A7351R1 - Edyceramic - magazin online<\/title>\n<meta name=\"robots\" content=\"index, follow, max-snippet:-1, max-image-preview:large, max-video-preview:-1\" \/>\n<link rel=\"canonical\" href=\"https:\/\/edyceramic-shop.ro\/ro\/produs\/lavoar-antao-pe-blat-oval-alb-lucios-villeroyboch-4a7351r1\/\" \/>\n<meta property=\"og:locale\" content=\"ro_RO\" \/>\n<meta property=\"og:type\" content=\"article\" \/>\n<meta property=\"og:title\" content=\"LAVOAR ANTAO PE BLAT, OVAL, ALB LUCIOS, VILLEROY&amp;BOCH 4A7351R1\" \/>\n<meta property=\"og:description\" content=\"Designul lavoarului pe blat este inspirat din forma pic\u0103turilor de rou\u0103 astfel v\u0103 men\u021bine in contact cu natura. Liniile u\u0219oare\" \/>\n<meta property=\"og:url\" content=\"https:\/\/edyceramic-shop.ro\/ro\/produs\/lavoar-antao-pe-blat-oval-alb-lucios-villeroyboch-4a7351r1\/\" \/>\n<meta property=\"og:site_name\" content=\"Edyceramic - magazin online\" \/>\n<meta property=\"article:modified_time\" content=\"2025-08-01T11:34:32+00:00\" \/>\n<meta property=\"og:image\" content=\"https:\/\/edyceramic-shop.ro\/wp-content\/uploads\/2024\/09\/113711_Lavoar-pe-blat-Villeroy-Boch-Antao-51cm-oval-alb-1.jpg\" \/>\n\t<meta property=\"og:image:width\" content=\"800\" \/>\n\t<meta property=\"og:image:height\" content=\"800\" \/>\n\t<meta property=\"og:image:type\" content=\"image\/jpeg\" \/>\n<meta name=\"twitter:card\" content=\"summary_large_image\" \/>\n<meta name=\"twitter:label1\" content=\"Pre\u021b\" \/>\n\t<meta name=\"twitter:data1\" content=\"3.501,00&nbsp;lei\" \/>\n\t<meta name=\"twitter:label2\" content=\"Disponibilitate\" \/>\n\t<meta name=\"twitter:data2\" content=\"\u00cen stoc\" \/>\n<script type=\"application\/ld+json\" class=\"yoast-schema-graph\">{\"@context\":\"https:\/\/schema.org\",\"@graph\":[{\"@type\":\"WebPage\",\"@id\":\"https:\/\/edyceramic-shop.ro\/produs\/lavoar-antao-pe-blat-oval-alb-lucios-villeroyboch-4a7351r1\/\",\"url\":\"https:\/\/edyceramic-shop.ro\/produs\/lavoar-antao-pe-blat-oval-alb-lucios-villeroyboch-4a7351r1\/\",\"name\":\"LAVOAR ANTAO PE BLAT, OVAL, ALB LUCIOS, VILLEROY&BOCH 4A7351R1 - Edyceramic - magazin online\",\"isPartOf\":{\"@id\":\"https:\/\/edyceramic-shop.ro\/ro\/#website\"},\"datePublished\":\"2024-09-22T19:24:29+00:00\",\"dateModified\":\"2025-08-01T11:34:32+00:00\",\"breadcrumb\":{\"@id\":\"https:\/\/edyceramic-shop.ro\/produs\/lavoar-antao-pe-blat-oval-alb-lucios-villeroyboch-4a7351r1\/#breadcrumb\"},\"inLanguage\":\"ro-RO\",\"potentialAction\":[{\"@type\":\"ReadAction\",\"target\":[\"https:\/\/edyceramic-shop.ro\/produs\/lavoar-antao-pe-blat-oval-alb-lucios-villeroyboch-4a7351r1\/\"]}]},{\"@type\":\"BreadcrumbList\",\"@id\":\"https:\/\/edyceramic-shop.ro\/produs\/lavoar-antao-pe-blat-oval-alb-lucios-villeroyboch-4a7351r1\/#breadcrumb\",\"itemListElement\":[{\"@type\":\"ListItem\",\"position\":1,\"name\":\"Home\",\"item\":\"https:\/\/edyceramic-shop.ro\/\"},{\"@type\":\"ListItem\",\"position\":2,\"name\":\"Shop\",\"item\":\"https:\/\/edyceramic-shop.ro\/ro\/shop\/\"},{\"@type\":\"ListItem\",\"position\":3,\"name\":\"LAVOAR ANTAO PE BLAT, OVAL, ALB LUCIOS, VILLEROY&#038;BOCH 4A7351R1\"}]},{\"@type\":\"WebSite\",\"@id\":\"https:\/\/edyceramic-shop.ro\/ro\/#website\",\"url\":\"https:\/\/edyceramic-shop.ro\/ro\/\",\"name\":\"edyceramic.ro\",\"description\":\"\",\"publisher\":{\"@id\":\"https:\/\/edyceramic-shop.ro\/ro\/#organization\"},\"potentialAction\":[{\"@type\":\"SearchAction\",\"target\":{\"@type\":\"EntryPoint\",\"urlTemplate\":\"https:\/\/edyceramic-shop.ro\/ro\/?s={search_term_string}\"},\"query-input\":\"required name=search_term_string\"}],\"inLanguage\":\"ro-RO\"},{\"@type\":\"Organization\",\"@id\":\"https:\/\/edyceramic-shop.ro\/ro\/#organization\",\"name\":\"Edyceramic\",\"url\":\"https:\/\/edyceramic-shop.ro\/ro\/\",\"logo\":{\"@type\":\"ImageObject\",\"inLanguage\":\"ro-RO\",\"@id\":\"https:\/\/edyceramic-shop.ro\/ro\/#\/schema\/logo\/image\/\",\"url\":\"https:\/\/edyceramic-shop.ro\/wp-content\/uploads\/2024\/02\/Logo-EdyCeramic_2021-lung.png\",\"contentUrl\":\"https:\/\/edyceramic-shop.ro\/wp-content\/uploads\/2024\/02\/Logo-EdyCeramic_2021-lung.png\",\"width\":4491,\"height\":769,\"caption\":\"Edyceramic\"},\"image\":{\"@id\":\"https:\/\/edyceramic-shop.ro\/ro\/#\/schema\/logo\/image\/\"}}]}<\/script>\n<meta property=\"product:price:amount\" content=\"3501.00\" \/>\n<meta property=\"product:price:currency\" content=\"RON\" \/>\n<meta property=\"og:availability\" content=\"instock\" \/>\n<meta property=\"product:availability\" content=\"instock\" \/>\n<meta property=\"product:retailer_item_id\" content=\"914ca4315263\" \/>\n<meta property=\"product:condition\" content=\"new\" \/>\n<!-- \/ Yoast SEO Premium plugin. -->","yoast_head_json":{"title":"LAVOAR ANTAO PE BLAT, OVAL, ALB LUCIOS, VILLEROY&BOCH 4A7351R1 - Edyceramic - magazin online","robots":{"index":"index","follow":"follow","max-snippet":"max-snippet:-1","max-image-preview":"max-image-preview:large","max-video-preview":"max-video-preview:-1"},"canonical":"https:\/\/edyceramic-shop.ro\/ro\/produs\/lavoar-antao-pe-blat-oval-alb-lucios-villeroyboch-4a7351r1\/","og_locale":"ro_RO","og_type":"article","og_title":"LAVOAR ANTAO PE BLAT, OVAL, ALB LUCIOS, VILLEROY&BOCH 4A7351R1","og_description":"Designul lavoarului pe blat este inspirat din forma pic\u0103turilor de rou\u0103 astfel v\u0103 men\u021bine in contact cu natura. Liniile u\u0219oare","og_url":"https:\/\/edyceramic-shop.ro\/ro\/produs\/lavoar-antao-pe-blat-oval-alb-lucios-villeroyboch-4a7351r1\/","og_site_name":"Edyceramic - magazin online","article_modified_time":"2025-08-01T11:34:32+00:00","og_image":[{"width":800,"height":800,"url":"https:\/\/edyceramic-shop.ro\/wp-content\/uploads\/2024\/09\/113711_Lavoar-pe-blat-Villeroy-Boch-Antao-51cm-oval-alb-1.jpg","type":"image\/jpeg"}],"twitter_card":"summary_large_image","twitter_misc":{"Pre\u021b":"3.501,00&nbsp;lei","Disponibilitate":"\u00cen stoc"},"schema":{"@context":"https:\/\/schema.org","@graph":[{"@type":"WebPage","@id":"https:\/\/edyceramic-shop.ro\/produs\/lavoar-antao-pe-blat-oval-alb-lucios-villeroyboch-4a7351r1\/","url":"https:\/\/edyceramic-shop.ro\/produs\/lavoar-antao-pe-blat-oval-alb-lucios-villeroyboch-4a7351r1\/","name":"LAVOAR ANTAO PE BLAT, OVAL, ALB LUCIOS, VILLEROY&BOCH 4A7351R1 - Edyceramic - magazin online","isPartOf":{"@id":"https:\/\/edyceramic-shop.ro\/ro\/#website"},"datePublished":"2024-09-22T19:24:29+00:00","dateModified":"2025-08-01T11:34:32+00:00","breadcrumb":{"@id":"https:\/\/edyceramic-shop.ro\/produs\/lavoar-antao-pe-blat-oval-alb-lucios-villeroyboch-4a7351r1\/#breadcrumb"},"inLanguage":"ro-RO","potentialAction":[{"@type":"ReadAction","target":["https:\/\/edyceramic-shop.ro\/produs\/lavoar-antao-pe-blat-oval-alb-lucios-villeroyboch-4a7351r1\/"]}]},{"@type":"BreadcrumbList","@id":"https:\/\/edyceramic-shop.ro\/produs\/lavoar-antao-pe-blat-oval-alb-lucios-villeroyboch-4a7351r1\/#breadcrumb","itemListElement":[{"@type":"ListItem","position":1,"name":"Home","item":"https:\/\/edyceramic-shop.ro\/"},{"@type":"ListItem","position":2,"name":"Shop","item":"https:\/\/edyceramic-shop.ro\/ro\/shop\/"},{"@type":"ListItem","position":3,"name":"LAVOAR ANTAO PE BLAT, OVAL, ALB LUCIOS, VILLEROY&#038;BOCH 4A7351R1"}]},{"@type":"WebSite","@id":"https:\/\/edyceramic-shop.ro\/ro\/#website","url":"https:\/\/edyceramic-shop.ro\/ro\/","name":"edyceramic.ro","description":"","publisher":{"@id":"https:\/\/edyceramic-shop.ro\/ro\/#organization"},"potentialAction":[{"@type":"SearchAction","target":{"@type":"EntryPoint","urlTemplate":"https:\/\/edyceramic-shop.ro\/ro\/?s={search_term_string}"},"query-input":"required name=search_term_string"}],"inLanguage":"ro-RO"},{"@type":"Organization","@id":"https:\/\/edyceramic-shop.ro\/ro\/#organization","name":"Edyceramic","url":"https:\/\/edyceramic-shop.ro\/ro\/","logo":{"@type":"ImageObject","inLanguage":"ro-RO","@id":"https:\/\/edyceramic-shop.ro\/ro\/#\/schema\/logo\/image\/","url":"https:\/\/edyceramic-shop.ro\/wp-content\/uploads\/2024\/02\/Logo-EdyCeramic_2021-lung.png","contentUrl":"https:\/\/edyceramic-shop.ro\/wp-content\/uploads\/2024\/02\/Logo-EdyCeramic_2021-lung.png","width":4491,"height":769,"caption":"Edyceramic"},"image":{"@id":"https:\/\/edyceramic-shop.ro\/ro\/#\/schema\/logo\/image\/"}}]},"product_price_amount":"3501.00","product_price_currency":"RON","og_availability":"instock","product_availability":"instock","product_retailer_item_id":"914ca4315263","product_condition":"new"},"jetpack_sharing_enabled":true,"_links":{"self":[{"href":"https:\/\/edyceramic-shop.ro\/ro\/wp-json\/wp\/v2\/product\/13557","targetHints":{"allow":["GET"]}}],"collection":[{"href":"https:\/\/edyceramic-shop.ro\/ro\/wp-json\/wp\/v2\/product"}],"about":[{"href":"https:\/\/edyceramic-shop.ro\/ro\/wp-json\/wp\/v2\/types\/product"}],"version-history":[{"count":1,"href":"https:\/\/edyceramic-shop.ro\/ro\/wp-json\/wp\/v2\/product\/13557\/revisions"}],"predecessor-version":[{"id":13558,"href":"https:\/\/edyceramic-shop.ro\/ro\/wp-json\/wp\/v2\/product\/13557\/revisions\/13558"}],"wp:featuredmedia":[{"embeddable":true,"href":"https:\/\/edyceramic-shop.ro\/ro\/wp-json\/wp\/v2\/media\/20074"}],"wp:attachment":[{"href":"https:\/\/edyceramic-shop.ro\/ro\/wp-json\/wp\/v2\/media?parent=13557"}],"wp:term":[{"taxonomy":"product_brand","embeddable":true,"href":"https:\/\/edyceramic-shop.ro\/ro\/wp-json\/wp\/v2\/product_brand?post=13557"},{"taxonomy":"product_cat","embeddable":true,"href":"https:\/\/edyceramic-shop.ro\/ro\/wp-json\/wp\/v2\/product_cat?post=13557"},{"taxonomy":"product_tag","embeddable":true,"href":"https:\/\/edyceramic-shop.ro\/ro\/wp-json\/wp\/v2\/product_tag?post=13557"}],"curies":[{"name":"wp","href":"https:\/\/api.w.org\/{rel}","templated":true}]}}