{"id":13258,"date":"2024-09-22T19:22:17","date_gmt":"2024-09-22T19:22:17","guid":{"rendered":"https:\/\/edyceramic-shop.ro\/product\/lavoar-compact-cu-fixare-pe-perete-sau-incastrat-alb-villeroyboch-41886001\/"},"modified":"2025-08-01T13:34:25","modified_gmt":"2025-08-01T11:34:25","slug":"lavoar-compact-cu-fixare-pe-perete-sau-incastrat-alb-villeroyboch-41886001","status":"publish","type":"product","link":"https:\/\/edyceramic-shop.ro\/ro\/produs\/lavoar-compact-cu-fixare-pe-perete-sau-incastrat-alb-villeroyboch-41886001\/","title":{"rendered":"LAVOAR COMPACT CU FIXARE PE PERETE SAU \u00ceNCASTRAT, ALB VILLEROY&#038;BOCH 41886001"},"content":{"rendered":"<p>Caracteristici:<\/p>\n<p>lavoar dreptunghiular cu orificiu pentru baterie \u0219i preaplin<br \/>\nse fixeaz\u0103 pe perete sau \u00eencastrat \u00een blat<br \/>\nmaterial: ceramic\u0103 sanitar\u0103<br \/>\ndimensiune: 60 x 47 x 18 cm (lungime x l\u0103\u021bime x \u00een\u0103l\u021bime)<br \/>\ngreutate: 19,5 kg<br \/>\nlavoarul nu con\u021bine bateria stativ\u0103<br \/>\norificii secundare punctate, vezi explicarea termenilor<br \/>\nculoare: alb (White Alpin, conform nomenclatorului Villeroy and Boch)<br \/>\ntratament Antibacterian<br \/>\nCompatibilitate:<\/p>\n<p>bateria se achizitioneaza separat, vezi categoria de baterii de baie<br \/>\nin cazul mont\u0103rii pe blat se recomand\u0103 sifon cromat, care se achizitioneaz\u0103 separat, pentru mai multe op\u021biuni vezi categoria de sifoane pentru sanitare<br \/>\nExplicarea termenilor:<\/p>\n<p>Orificii punctate: cele doua orificii secundare sunt punctate, marcate in pozitii diferite acestea realizandu-se ulterior la nevoie.<br \/>\nVilleroy &#038; Boch este un brand premium interna\u021bional de stil de via\u021b\u0103. Companie produc\u0103toare de ceramic\u0103 \u00ee\u0219i concentreaz\u0103 aten\u021bia pe inova\u021bie, calitate si design la cel mai \u00eenalt nivel. Pe site-ul nostru vei g\u0103si mobilier de baie, lavoare, vas wc, bideuri, c\u0103zi si instala\u021bii.<\/p>\n","protected":false},"excerpt":{"rendered":"<p>Caracteristici: lavoar dreptunghiular cu orificiu pentru baterie \u0219i preaplin se fixeaz\u0103 pe perete sau \u00eencastrat \u00een blat material: ceramic\u0103 sanitar\u0103<\/p>\n","protected":false},"featured_media":14974,"template":"","meta":[],"product_brand":[],"product_cat":[385,384],"product_tag":[],"class_list":{"0":"post-13258","1":"product","2":"type-product","3":"status-publish","4":"has-post-thumbnail","6":"product_cat-dulapuri-si-boluri","7":"product_cat-mobilier-baie","8":"pa_colectie-arhitectura","9":"pa_culoare-alb","10":"pa_dimensiune-60x47cm","11":"pa_fabrica-villeroyboch","12":"pa_material-ceramica-sanitara","14":"first","15":"instock","16":"purchasable","17":"product-type-simple"},"yoast_head":"<!-- This site is optimized with the Yoast SEO Premium plugin v21.6 (Yoast SEO v22.1) - https:\/\/yoast.com\/wordpress\/plugins\/seo\/ -->\n<title>LAVOAR COMPACT CU FIXARE PE PERETE SAU \u00ceNCASTRAT, ALB VILLEROY&amp;BOCH 41886001 - Edyceramic - magazin online<\/title>\n<meta name=\"robots\" content=\"index, follow, max-snippet:-1, max-image-preview:large, max-video-preview:-1\" \/>\n<link rel=\"canonical\" href=\"https:\/\/edyceramic-shop.ro\/ro\/produs\/lavoar-compact-cu-fixare-pe-perete-sau-incastrat-alb-villeroyboch-41886001\/\" \/>\n<meta property=\"og:locale\" content=\"ro_RO\" \/>\n<meta property=\"og:type\" content=\"article\" \/>\n<meta property=\"og:title\" content=\"LAVOAR COMPACT CU FIXARE PE PERETE SAU \u00ceNCASTRAT, ALB VILLEROY&amp;BOCH 41886001\" \/>\n<meta property=\"og:description\" content=\"Caracteristici: lavoar dreptunghiular cu orificiu pentru baterie \u0219i preaplin se fixeaz\u0103 pe perete sau \u00eencastrat \u00een blat material: ceramic\u0103 sanitar\u0103\" \/>\n<meta property=\"og:url\" content=\"https:\/\/edyceramic-shop.ro\/ro\/produs\/lavoar-compact-cu-fixare-pe-perete-sau-incastrat-alb-villeroyboch-41886001\/\" \/>\n<meta property=\"og:site_name\" content=\"Edyceramic - magazin online\" \/>\n<meta property=\"article:modified_time\" content=\"2025-08-01T11:34:25+00:00\" \/>\n<meta property=\"og:image\" content=\"https:\/\/edyceramic-shop.ro\/wp-content\/uploads\/2024\/09\/14198_Lavoar-Villeroy-Boch-Architectura-41886001-1-1.jpg\" \/>\n\t<meta property=\"og:image:width\" content=\"800\" \/>\n\t<meta property=\"og:image:height\" content=\"800\" \/>\n\t<meta property=\"og:image:type\" content=\"image\/jpeg\" \/>\n<meta name=\"twitter:card\" content=\"summary_large_image\" \/>\n<meta name=\"twitter:label1\" content=\"Pre\u021b\" \/>\n\t<meta name=\"twitter:data1\" content=\"577,00&nbsp;lei\" \/>\n\t<meta name=\"twitter:label2\" content=\"Disponibilitate\" \/>\n\t<meta name=\"twitter:data2\" content=\"\u00cen stoc\" \/>\n<script type=\"application\/ld+json\" class=\"yoast-schema-graph\">{\"@context\":\"https:\/\/schema.org\",\"@graph\":[{\"@type\":\"WebPage\",\"@id\":\"https:\/\/edyceramic-shop.ro\/produs\/lavoar-compact-cu-fixare-pe-perete-sau-incastrat-alb-villeroyboch-41886001\/\",\"url\":\"https:\/\/edyceramic-shop.ro\/produs\/lavoar-compact-cu-fixare-pe-perete-sau-incastrat-alb-villeroyboch-41886001\/\",\"name\":\"LAVOAR COMPACT CU FIXARE PE PERETE SAU \u00ceNCASTRAT, ALB VILLEROY&BOCH 41886001 - Edyceramic - magazin online\",\"isPartOf\":{\"@id\":\"https:\/\/edyceramic-shop.ro\/ro\/#website\"},\"datePublished\":\"2024-09-22T19:22:17+00:00\",\"dateModified\":\"2025-08-01T11:34:25+00:00\",\"breadcrumb\":{\"@id\":\"https:\/\/edyceramic-shop.ro\/produs\/lavoar-compact-cu-fixare-pe-perete-sau-incastrat-alb-villeroyboch-41886001\/#breadcrumb\"},\"inLanguage\":\"ro-RO\",\"potentialAction\":[{\"@type\":\"ReadAction\",\"target\":[\"https:\/\/edyceramic-shop.ro\/produs\/lavoar-compact-cu-fixare-pe-perete-sau-incastrat-alb-villeroyboch-41886001\/\"]}]},{\"@type\":\"BreadcrumbList\",\"@id\":\"https:\/\/edyceramic-shop.ro\/produs\/lavoar-compact-cu-fixare-pe-perete-sau-incastrat-alb-villeroyboch-41886001\/#breadcrumb\",\"itemListElement\":[{\"@type\":\"ListItem\",\"position\":1,\"name\":\"Home\",\"item\":\"https:\/\/edyceramic-shop.ro\/\"},{\"@type\":\"ListItem\",\"position\":2,\"name\":\"Shop\",\"item\":\"https:\/\/edyceramic-shop.ro\/ro\/shop\/\"},{\"@type\":\"ListItem\",\"position\":3,\"name\":\"LAVOAR COMPACT CU FIXARE PE PERETE SAU \u00ceNCASTRAT, ALB VILLEROY&#038;BOCH 41886001\"}]},{\"@type\":\"WebSite\",\"@id\":\"https:\/\/edyceramic-shop.ro\/ro\/#website\",\"url\":\"https:\/\/edyceramic-shop.ro\/ro\/\",\"name\":\"edyceramic.ro\",\"description\":\"\",\"publisher\":{\"@id\":\"https:\/\/edyceramic-shop.ro\/ro\/#organization\"},\"potentialAction\":[{\"@type\":\"SearchAction\",\"target\":{\"@type\":\"EntryPoint\",\"urlTemplate\":\"https:\/\/edyceramic-shop.ro\/ro\/?s={search_term_string}\"},\"query-input\":\"required name=search_term_string\"}],\"inLanguage\":\"ro-RO\"},{\"@type\":\"Organization\",\"@id\":\"https:\/\/edyceramic-shop.ro\/ro\/#organization\",\"name\":\"Edyceramic\",\"url\":\"https:\/\/edyceramic-shop.ro\/ro\/\",\"logo\":{\"@type\":\"ImageObject\",\"inLanguage\":\"ro-RO\",\"@id\":\"https:\/\/edyceramic-shop.ro\/ro\/#\/schema\/logo\/image\/\",\"url\":\"https:\/\/edyceramic-shop.ro\/wp-content\/uploads\/2024\/02\/Logo-EdyCeramic_2021-lung.png\",\"contentUrl\":\"https:\/\/edyceramic-shop.ro\/wp-content\/uploads\/2024\/02\/Logo-EdyCeramic_2021-lung.png\",\"width\":4491,\"height\":769,\"caption\":\"Edyceramic\"},\"image\":{\"@id\":\"https:\/\/edyceramic-shop.ro\/ro\/#\/schema\/logo\/image\/\"}}]}<\/script>\n<meta property=\"product:price:amount\" content=\"577.00\" \/>\n<meta property=\"product:price:currency\" content=\"RON\" \/>\n<meta property=\"og:availability\" content=\"instock\" \/>\n<meta property=\"product:availability\" content=\"instock\" \/>\n<meta property=\"product:retailer_item_id\" content=\"83e5e753ec9a\" \/>\n<meta property=\"product:condition\" content=\"new\" \/>\n<!-- \/ Yoast SEO Premium plugin. -->","yoast_head_json":{"title":"LAVOAR COMPACT CU FIXARE PE PERETE SAU \u00ceNCASTRAT, ALB VILLEROY&BOCH 41886001 - Edyceramic - magazin online","robots":{"index":"index","follow":"follow","max-snippet":"max-snippet:-1","max-image-preview":"max-image-preview:large","max-video-preview":"max-video-preview:-1"},"canonical":"https:\/\/edyceramic-shop.ro\/ro\/produs\/lavoar-compact-cu-fixare-pe-perete-sau-incastrat-alb-villeroyboch-41886001\/","og_locale":"ro_RO","og_type":"article","og_title":"LAVOAR COMPACT CU FIXARE PE PERETE SAU \u00ceNCASTRAT, ALB VILLEROY&BOCH 41886001","og_description":"Caracteristici: lavoar dreptunghiular cu orificiu pentru baterie \u0219i preaplin se fixeaz\u0103 pe perete sau \u00eencastrat \u00een blat material: ceramic\u0103 sanitar\u0103","og_url":"https:\/\/edyceramic-shop.ro\/ro\/produs\/lavoar-compact-cu-fixare-pe-perete-sau-incastrat-alb-villeroyboch-41886001\/","og_site_name":"Edyceramic - magazin online","article_modified_time":"2025-08-01T11:34:25+00:00","og_image":[{"width":800,"height":800,"url":"https:\/\/edyceramic-shop.ro\/wp-content\/uploads\/2024\/09\/14198_Lavoar-Villeroy-Boch-Architectura-41886001-1-1.jpg","type":"image\/jpeg"}],"twitter_card":"summary_large_image","twitter_misc":{"Pre\u021b":"577,00&nbsp;lei","Disponibilitate":"\u00cen stoc"},"schema":{"@context":"https:\/\/schema.org","@graph":[{"@type":"WebPage","@id":"https:\/\/edyceramic-shop.ro\/produs\/lavoar-compact-cu-fixare-pe-perete-sau-incastrat-alb-villeroyboch-41886001\/","url":"https:\/\/edyceramic-shop.ro\/produs\/lavoar-compact-cu-fixare-pe-perete-sau-incastrat-alb-villeroyboch-41886001\/","name":"LAVOAR COMPACT CU FIXARE PE PERETE SAU \u00ceNCASTRAT, ALB VILLEROY&BOCH 41886001 - Edyceramic - magazin online","isPartOf":{"@id":"https:\/\/edyceramic-shop.ro\/ro\/#website"},"datePublished":"2024-09-22T19:22:17+00:00","dateModified":"2025-08-01T11:34:25+00:00","breadcrumb":{"@id":"https:\/\/edyceramic-shop.ro\/produs\/lavoar-compact-cu-fixare-pe-perete-sau-incastrat-alb-villeroyboch-41886001\/#breadcrumb"},"inLanguage":"ro-RO","potentialAction":[{"@type":"ReadAction","target":["https:\/\/edyceramic-shop.ro\/produs\/lavoar-compact-cu-fixare-pe-perete-sau-incastrat-alb-villeroyboch-41886001\/"]}]},{"@type":"BreadcrumbList","@id":"https:\/\/edyceramic-shop.ro\/produs\/lavoar-compact-cu-fixare-pe-perete-sau-incastrat-alb-villeroyboch-41886001\/#breadcrumb","itemListElement":[{"@type":"ListItem","position":1,"name":"Home","item":"https:\/\/edyceramic-shop.ro\/"},{"@type":"ListItem","position":2,"name":"Shop","item":"https:\/\/edyceramic-shop.ro\/ro\/shop\/"},{"@type":"ListItem","position":3,"name":"LAVOAR COMPACT CU FIXARE PE PERETE SAU \u00ceNCASTRAT, ALB VILLEROY&#038;BOCH 41886001"}]},{"@type":"WebSite","@id":"https:\/\/edyceramic-shop.ro\/ro\/#website","url":"https:\/\/edyceramic-shop.ro\/ro\/","name":"edyceramic.ro","description":"","publisher":{"@id":"https:\/\/edyceramic-shop.ro\/ro\/#organization"},"potentialAction":[{"@type":"SearchAction","target":{"@type":"EntryPoint","urlTemplate":"https:\/\/edyceramic-shop.ro\/ro\/?s={search_term_string}"},"query-input":"required name=search_term_string"}],"inLanguage":"ro-RO"},{"@type":"Organization","@id":"https:\/\/edyceramic-shop.ro\/ro\/#organization","name":"Edyceramic","url":"https:\/\/edyceramic-shop.ro\/ro\/","logo":{"@type":"ImageObject","inLanguage":"ro-RO","@id":"https:\/\/edyceramic-shop.ro\/ro\/#\/schema\/logo\/image\/","url":"https:\/\/edyceramic-shop.ro\/wp-content\/uploads\/2024\/02\/Logo-EdyCeramic_2021-lung.png","contentUrl":"https:\/\/edyceramic-shop.ro\/wp-content\/uploads\/2024\/02\/Logo-EdyCeramic_2021-lung.png","width":4491,"height":769,"caption":"Edyceramic"},"image":{"@id":"https:\/\/edyceramic-shop.ro\/ro\/#\/schema\/logo\/image\/"}}]},"product_price_amount":"577.00","product_price_currency":"RON","og_availability":"instock","product_availability":"instock","product_retailer_item_id":"83e5e753ec9a","product_condition":"new"},"jetpack_sharing_enabled":true,"_links":{"self":[{"href":"https:\/\/edyceramic-shop.ro\/ro\/wp-json\/wp\/v2\/product\/13258","targetHints":{"allow":["GET"]}}],"collection":[{"href":"https:\/\/edyceramic-shop.ro\/ro\/wp-json\/wp\/v2\/product"}],"about":[{"href":"https:\/\/edyceramic-shop.ro\/ro\/wp-json\/wp\/v2\/types\/product"}],"version-history":[{"count":1,"href":"https:\/\/edyceramic-shop.ro\/ro\/wp-json\/wp\/v2\/product\/13258\/revisions"}],"predecessor-version":[{"id":13259,"href":"https:\/\/edyceramic-shop.ro\/ro\/wp-json\/wp\/v2\/product\/13258\/revisions\/13259"}],"wp:featuredmedia":[{"embeddable":true,"href":"https:\/\/edyceramic-shop.ro\/ro\/wp-json\/wp\/v2\/media\/14974"}],"wp:attachment":[{"href":"https:\/\/edyceramic-shop.ro\/ro\/wp-json\/wp\/v2\/media?parent=13258"}],"wp:term":[{"taxonomy":"product_brand","embeddable":true,"href":"https:\/\/edyceramic-shop.ro\/ro\/wp-json\/wp\/v2\/product_brand?post=13258"},{"taxonomy":"product_cat","embeddable":true,"href":"https:\/\/edyceramic-shop.ro\/ro\/wp-json\/wp\/v2\/product_cat?post=13258"},{"taxonomy":"product_tag","embeddable":true,"href":"https:\/\/edyceramic-shop.ro\/ro\/wp-json\/wp\/v2\/product_tag?post=13258"}],"curies":[{"name":"wp","href":"https:\/\/api.w.org\/{rel}","templated":true}]}}