{"id":13251,"date":"2024-09-22T19:22:15","date_gmt":"2024-09-22T19:22:15","guid":{"rendered":"https:\/\/edyceramic-shop.ro\/product\/lavoar-pe-blat-dreptunhiular-alb-villeroyboch-5a276001\/"},"modified":"2025-08-01T13:34:25","modified_gmt":"2025-08-01T11:34:25","slug":"lavoar-pe-blat-dreptunhiular-alb-villeroyboch-5a276001","status":"publish","type":"product","link":"https:\/\/edyceramic-shop.ro\/ro\/produs\/lavoar-pe-blat-dreptunhiular-alb-villeroyboch-5a276001\/","title":{"rendered":"LAVOAR PE BLAT DREPTUNHIULAR, ALB VILLEROY&#038;BOCH 5A276001"},"content":{"rendered":"<p>Lavoarul pe blat dreptunghiular Architectura de la Villeroy &#038; Boch este fabricat din ceramic\u0103 sanitar\u0103, un material rezistent \u0219i durabil, care este u\u0219or de cur\u0103\u021bat \u0219i \u00eentre\u021binut. Culoarea alb\u0103 (White Alpin) este una clasic\u0103, care se potrive\u0219te oric\u0103rui stil de baie. Finisajul lucios confer\u0103 lavoarului un aspect elegant \u0219i modern.<\/p>\n<p>lavoar pe blat, dreptunghiular , f\u0103r\u0103 orificiu pentru baterie, cu orificiu de preaplin<br \/>\nmaterial: ceramic\u0103 sanitar\u0103<br \/>\nculoare: alb (White Alpin, conform nomenclatorului Villeroy &#038; Boch)<br \/>\nfinisaj: lucios<br \/>\ndimensiuni: 60 x 40,5 x 15,5 cm  (lungime x l\u0103\u021bime x \u00een\u0103l\u021bime)<br \/>\ngreutate: 16,5 kg<br \/>\nlavoarul se monteaz\u0103 fie pe un blat din marmur\u0103, travertin, MDF, fie pe un mobilier care in partea de sus se \u00eenchide cu un blat<br \/>\nse recomand\u0103 baterie stativ\u0103 sau de perete, vezi produse asociate<br \/>\nventilul cu capac ceramic se comand\u0103 separat, vezi produse asociate<br \/>\nin cazul aliment\u0103rii de la o baterie de perete, alege\u021bi pipa bateriei in conformitate cu distanta dintre ventilul lavoarului fa\u021b\u0103 de perete<br \/>\nVilleroy &#038; Boch este un brand premium interna\u021bional de stil de via\u021b\u0103. Companie produc\u0103toare de ceramic\u0103 \u00ee\u0219i concentreaz\u0103 aten\u021bia pe inova\u021bie, calitate si design la cel mai \u00eenalt nivel. Pe site-ul nostru vei g\u0103si mobilier de baie, lavoare, vas wc, bideuri, c\u0103zi si instala\u021bii.<\/p>\n","protected":false},"excerpt":{"rendered":"<p>Lavoarul pe blat dreptunghiular Architectura de la Villeroy &#038; Boch este fabricat din ceramic\u0103 sanitar\u0103, un material rezistent \u0219i durabil,<\/p>\n","protected":false},"featured_media":14969,"template":"","meta":[],"product_brand":[],"product_cat":[385,384],"product_tag":[],"class_list":{"0":"post-13251","1":"product","2":"type-product","3":"status-publish","4":"has-post-thumbnail","6":"product_cat-dulapuri-si-boluri","7":"product_cat-mobilier-baie","8":"pa_colectie-arhitectura","9":"pa_culoare-alb","10":"pa_dimensiune-60x40-5cm","11":"pa_fabrica-villeroyboch","13":"first","14":"instock","15":"purchasable","16":"product-type-simple"},"yoast_head":"<!-- This site is optimized with the Yoast SEO Premium plugin v21.6 (Yoast SEO v22.1) - https:\/\/yoast.com\/wordpress\/plugins\/seo\/ -->\n<title>LAVOAR PE BLAT DREPTUNHIULAR, ALB VILLEROY&amp;BOCH 5A276001 - Edyceramic - magazin online<\/title>\n<meta name=\"robots\" content=\"index, follow, max-snippet:-1, max-image-preview:large, max-video-preview:-1\" \/>\n<link rel=\"canonical\" href=\"https:\/\/edyceramic-shop.ro\/ro\/produs\/lavoar-pe-blat-dreptunhiular-alb-villeroyboch-5a276001\/\" \/>\n<meta property=\"og:locale\" content=\"ro_RO\" \/>\n<meta property=\"og:type\" content=\"article\" \/>\n<meta property=\"og:title\" content=\"LAVOAR PE BLAT DREPTUNHIULAR, ALB VILLEROY&amp;BOCH 5A276001\" \/>\n<meta property=\"og:description\" content=\"Lavoarul pe blat dreptunghiular Architectura de la Villeroy &#038; Boch este fabricat din ceramic\u0103 sanitar\u0103, un material rezistent \u0219i durabil,\" \/>\n<meta property=\"og:url\" content=\"https:\/\/edyceramic-shop.ro\/ro\/produs\/lavoar-pe-blat-dreptunhiular-alb-villeroyboch-5a276001\/\" \/>\n<meta property=\"og:site_name\" content=\"Edyceramic - magazin online\" \/>\n<meta property=\"article:modified_time\" content=\"2025-08-01T11:34:25+00:00\" \/>\n<meta property=\"og:image\" content=\"https:\/\/edyceramic-shop.ro\/wp-content\/uploads\/2024\/09\/lavoar-pe-blat-villeroyboch-arhitectura-5A276001-1-1.jpg\" \/>\n\t<meta property=\"og:image:width\" content=\"800\" \/>\n\t<meta property=\"og:image:height\" content=\"800\" \/>\n\t<meta property=\"og:image:type\" content=\"image\/jpeg\" \/>\n<meta name=\"twitter:card\" content=\"summary_large_image\" \/>\n<meta name=\"twitter:label1\" content=\"Pre\u021b\" \/>\n\t<meta name=\"twitter:data1\" content=\"1.593,00&nbsp;lei\" \/>\n\t<meta name=\"twitter:label2\" content=\"Disponibilitate\" \/>\n\t<meta name=\"twitter:data2\" content=\"\u00cen stoc\" \/>\n<script type=\"application\/ld+json\" class=\"yoast-schema-graph\">{\"@context\":\"https:\/\/schema.org\",\"@graph\":[{\"@type\":\"WebPage\",\"@id\":\"https:\/\/edyceramic-shop.ro\/produs\/lavoar-pe-blat-dreptunhiular-alb-villeroyboch-5a276001\/\",\"url\":\"https:\/\/edyceramic-shop.ro\/produs\/lavoar-pe-blat-dreptunhiular-alb-villeroyboch-5a276001\/\",\"name\":\"LAVOAR PE BLAT DREPTUNHIULAR, ALB VILLEROY&BOCH 5A276001 - Edyceramic - magazin online\",\"isPartOf\":{\"@id\":\"https:\/\/edyceramic-shop.ro\/ro\/#website\"},\"datePublished\":\"2024-09-22T19:22:15+00:00\",\"dateModified\":\"2025-08-01T11:34:25+00:00\",\"breadcrumb\":{\"@id\":\"https:\/\/edyceramic-shop.ro\/produs\/lavoar-pe-blat-dreptunhiular-alb-villeroyboch-5a276001\/#breadcrumb\"},\"inLanguage\":\"ro-RO\",\"potentialAction\":[{\"@type\":\"ReadAction\",\"target\":[\"https:\/\/edyceramic-shop.ro\/produs\/lavoar-pe-blat-dreptunhiular-alb-villeroyboch-5a276001\/\"]}]},{\"@type\":\"BreadcrumbList\",\"@id\":\"https:\/\/edyceramic-shop.ro\/produs\/lavoar-pe-blat-dreptunhiular-alb-villeroyboch-5a276001\/#breadcrumb\",\"itemListElement\":[{\"@type\":\"ListItem\",\"position\":1,\"name\":\"Home\",\"item\":\"https:\/\/edyceramic-shop.ro\/\"},{\"@type\":\"ListItem\",\"position\":2,\"name\":\"Shop\",\"item\":\"https:\/\/edyceramic-shop.ro\/ro\/shop\/\"},{\"@type\":\"ListItem\",\"position\":3,\"name\":\"LAVOAR PE BLAT DREPTUNHIULAR, ALB VILLEROY&#038;BOCH 5A276001\"}]},{\"@type\":\"WebSite\",\"@id\":\"https:\/\/edyceramic-shop.ro\/ro\/#website\",\"url\":\"https:\/\/edyceramic-shop.ro\/ro\/\",\"name\":\"edyceramic.ro\",\"description\":\"\",\"publisher\":{\"@id\":\"https:\/\/edyceramic-shop.ro\/ro\/#organization\"},\"potentialAction\":[{\"@type\":\"SearchAction\",\"target\":{\"@type\":\"EntryPoint\",\"urlTemplate\":\"https:\/\/edyceramic-shop.ro\/ro\/?s={search_term_string}\"},\"query-input\":\"required name=search_term_string\"}],\"inLanguage\":\"ro-RO\"},{\"@type\":\"Organization\",\"@id\":\"https:\/\/edyceramic-shop.ro\/ro\/#organization\",\"name\":\"Edyceramic\",\"url\":\"https:\/\/edyceramic-shop.ro\/ro\/\",\"logo\":{\"@type\":\"ImageObject\",\"inLanguage\":\"ro-RO\",\"@id\":\"https:\/\/edyceramic-shop.ro\/ro\/#\/schema\/logo\/image\/\",\"url\":\"https:\/\/edyceramic-shop.ro\/wp-content\/uploads\/2024\/02\/Logo-EdyCeramic_2021-lung.png\",\"contentUrl\":\"https:\/\/edyceramic-shop.ro\/wp-content\/uploads\/2024\/02\/Logo-EdyCeramic_2021-lung.png\",\"width\":4491,\"height\":769,\"caption\":\"Edyceramic\"},\"image\":{\"@id\":\"https:\/\/edyceramic-shop.ro\/ro\/#\/schema\/logo\/image\/\"}}]}<\/script>\n<meta property=\"product:price:amount\" content=\"1593.00\" \/>\n<meta property=\"product:price:currency\" content=\"RON\" \/>\n<meta property=\"og:availability\" content=\"instock\" \/>\n<meta property=\"product:availability\" content=\"instock\" \/>\n<meta property=\"product:retailer_item_id\" content=\"89667b39e682\" \/>\n<meta property=\"product:condition\" content=\"new\" \/>\n<!-- \/ Yoast SEO Premium plugin. -->","yoast_head_json":{"title":"LAVOAR PE BLAT DREPTUNHIULAR, ALB VILLEROY&BOCH 5A276001 - Edyceramic - magazin online","robots":{"index":"index","follow":"follow","max-snippet":"max-snippet:-1","max-image-preview":"max-image-preview:large","max-video-preview":"max-video-preview:-1"},"canonical":"https:\/\/edyceramic-shop.ro\/ro\/produs\/lavoar-pe-blat-dreptunhiular-alb-villeroyboch-5a276001\/","og_locale":"ro_RO","og_type":"article","og_title":"LAVOAR PE BLAT DREPTUNHIULAR, ALB VILLEROY&BOCH 5A276001","og_description":"Lavoarul pe blat dreptunghiular Architectura de la Villeroy &#038; Boch este fabricat din ceramic\u0103 sanitar\u0103, un material rezistent \u0219i durabil,","og_url":"https:\/\/edyceramic-shop.ro\/ro\/produs\/lavoar-pe-blat-dreptunhiular-alb-villeroyboch-5a276001\/","og_site_name":"Edyceramic - magazin online","article_modified_time":"2025-08-01T11:34:25+00:00","og_image":[{"width":800,"height":800,"url":"https:\/\/edyceramic-shop.ro\/wp-content\/uploads\/2024\/09\/lavoar-pe-blat-villeroyboch-arhitectura-5A276001-1-1.jpg","type":"image\/jpeg"}],"twitter_card":"summary_large_image","twitter_misc":{"Pre\u021b":"1.593,00&nbsp;lei","Disponibilitate":"\u00cen stoc"},"schema":{"@context":"https:\/\/schema.org","@graph":[{"@type":"WebPage","@id":"https:\/\/edyceramic-shop.ro\/produs\/lavoar-pe-blat-dreptunhiular-alb-villeroyboch-5a276001\/","url":"https:\/\/edyceramic-shop.ro\/produs\/lavoar-pe-blat-dreptunhiular-alb-villeroyboch-5a276001\/","name":"LAVOAR PE BLAT DREPTUNHIULAR, ALB VILLEROY&BOCH 5A276001 - Edyceramic - magazin online","isPartOf":{"@id":"https:\/\/edyceramic-shop.ro\/ro\/#website"},"datePublished":"2024-09-22T19:22:15+00:00","dateModified":"2025-08-01T11:34:25+00:00","breadcrumb":{"@id":"https:\/\/edyceramic-shop.ro\/produs\/lavoar-pe-blat-dreptunhiular-alb-villeroyboch-5a276001\/#breadcrumb"},"inLanguage":"ro-RO","potentialAction":[{"@type":"ReadAction","target":["https:\/\/edyceramic-shop.ro\/produs\/lavoar-pe-blat-dreptunhiular-alb-villeroyboch-5a276001\/"]}]},{"@type":"BreadcrumbList","@id":"https:\/\/edyceramic-shop.ro\/produs\/lavoar-pe-blat-dreptunhiular-alb-villeroyboch-5a276001\/#breadcrumb","itemListElement":[{"@type":"ListItem","position":1,"name":"Home","item":"https:\/\/edyceramic-shop.ro\/"},{"@type":"ListItem","position":2,"name":"Shop","item":"https:\/\/edyceramic-shop.ro\/ro\/shop\/"},{"@type":"ListItem","position":3,"name":"LAVOAR PE BLAT DREPTUNHIULAR, ALB VILLEROY&#038;BOCH 5A276001"}]},{"@type":"WebSite","@id":"https:\/\/edyceramic-shop.ro\/ro\/#website","url":"https:\/\/edyceramic-shop.ro\/ro\/","name":"edyceramic.ro","description":"","publisher":{"@id":"https:\/\/edyceramic-shop.ro\/ro\/#organization"},"potentialAction":[{"@type":"SearchAction","target":{"@type":"EntryPoint","urlTemplate":"https:\/\/edyceramic-shop.ro\/ro\/?s={search_term_string}"},"query-input":"required name=search_term_string"}],"inLanguage":"ro-RO"},{"@type":"Organization","@id":"https:\/\/edyceramic-shop.ro\/ro\/#organization","name":"Edyceramic","url":"https:\/\/edyceramic-shop.ro\/ro\/","logo":{"@type":"ImageObject","inLanguage":"ro-RO","@id":"https:\/\/edyceramic-shop.ro\/ro\/#\/schema\/logo\/image\/","url":"https:\/\/edyceramic-shop.ro\/wp-content\/uploads\/2024\/02\/Logo-EdyCeramic_2021-lung.png","contentUrl":"https:\/\/edyceramic-shop.ro\/wp-content\/uploads\/2024\/02\/Logo-EdyCeramic_2021-lung.png","width":4491,"height":769,"caption":"Edyceramic"},"image":{"@id":"https:\/\/edyceramic-shop.ro\/ro\/#\/schema\/logo\/image\/"}}]},"product_price_amount":"1593.00","product_price_currency":"RON","og_availability":"instock","product_availability":"instock","product_retailer_item_id":"89667b39e682","product_condition":"new"},"jetpack_sharing_enabled":true,"_links":{"self":[{"href":"https:\/\/edyceramic-shop.ro\/ro\/wp-json\/wp\/v2\/product\/13251","targetHints":{"allow":["GET"]}}],"collection":[{"href":"https:\/\/edyceramic-shop.ro\/ro\/wp-json\/wp\/v2\/product"}],"about":[{"href":"https:\/\/edyceramic-shop.ro\/ro\/wp-json\/wp\/v2\/types\/product"}],"version-history":[{"count":1,"href":"https:\/\/edyceramic-shop.ro\/ro\/wp-json\/wp\/v2\/product\/13251\/revisions"}],"predecessor-version":[{"id":13252,"href":"https:\/\/edyceramic-shop.ro\/ro\/wp-json\/wp\/v2\/product\/13251\/revisions\/13252"}],"wp:featuredmedia":[{"embeddable":true,"href":"https:\/\/edyceramic-shop.ro\/ro\/wp-json\/wp\/v2\/media\/14969"}],"wp:attachment":[{"href":"https:\/\/edyceramic-shop.ro\/ro\/wp-json\/wp\/v2\/media?parent=13251"}],"wp:term":[{"taxonomy":"product_brand","embeddable":true,"href":"https:\/\/edyceramic-shop.ro\/ro\/wp-json\/wp\/v2\/product_brand?post=13251"},{"taxonomy":"product_cat","embeddable":true,"href":"https:\/\/edyceramic-shop.ro\/ro\/wp-json\/wp\/v2\/product_cat?post=13251"},{"taxonomy":"product_tag","embeddable":true,"href":"https:\/\/edyceramic-shop.ro\/ro\/wp-json\/wp\/v2\/product_tag?post=13251"}],"curies":[{"name":"wp","href":"https:\/\/api.w.org\/{rel}","templated":true}]}}