{"id":9710,"date":"2024-08-08T08:43:37","date_gmt":"2024-08-08T08:43:37","guid":{"rendered":"https:\/\/edyceramic-shop.ro\/produs\/coltar-decorativ-din-durotec-13\/"},"modified":"2025-08-01T13:33:45","modified_gmt":"2025-08-01T11:33:45","slug":"coltar-decorativ-din-durotec-13","status":"publish","type":"product","link":"https:\/\/edyceramic-shop.ro\/en\/product\/coltar-decorativ-din-durotec-13\/","title":{"rendered":"DUROTEC 13\" DECORATIVE COLANDER"},"content":{"rendered":"<p>Col\u021bar decorativ alb\u0103 din material dur.<br \/>\n      Col\u021barul decorativ alb se monteaz\u0103 prin lipire.<br \/>\nSe poate vopsi \u00een orice culoare. Pute\u021bi utiliza orice tip de vopsea care nu con\u021bine substan\u021be derivate din petrol: vopsea emulsie, vopsele latex, vopsea acrilic\u0103, vopsea acrilic\u0103-latex, vopsea de vinil, vopsea ceramic\u0103.<br \/>\n       After dyeing, clean very gently with a sponge or soft cloth, soaked in clean water and thoroughly wrung out.<br \/>\n       Este potrivit\u0103 at\u00e2t pentru proiecte HoReCa, c\u00e2t \u015fi reziden\u0163iale (livinguri, dormitoare, holuri,b\u0103i).<br \/>\n       It can be installed in bathrooms or damp places.<br \/>\n       V\u0103 putem asigura montaj profesionist.<\/p>","protected":false},"excerpt":{"rendered":"<p>Col\u021bar decorativ alb\u0103 din material dur. Col\u021barul decorativ alb se monteaz\u0103 prin lipire. Se poate vopsi \u00een orice culoare. Pute\u021bi<\/p>","protected":false},"featured_media":9712,"template":"","meta":[],"product_brand":[],"product_cat":[322,324,314],"product_tag":[],"class_list":{"0":"post-9710","1":"product","2":"type-product","3":"status-publish","4":"has-post-thumbnail","6":"product_cat-brauri","7":"product_cat-profile-poliuretan","8":"product_cat-plinta-si-profile","9":"pa_culoare-alb","10":"pa_dimensiune-28x28mm","11":"pa_fabrica-cezar","12":"pa_lungime-2440mm","13":"pa_material-durotec","15":"first","16":"instock","17":"purchasable","18":"product-type-simple"},"yoast_head":"<!-- This site is optimized with the Yoast SEO Premium plugin v21.6 (Yoast SEO v22.1) - https:\/\/yoast.com\/wordpress\/plugins\/seo\/ -->\n<title>COLTAR DECORATIV DIN DUROTEC 13 - Edyceramic - magazin online<\/title>\n<meta name=\"robots\" content=\"index, follow, max-snippet:-1, max-image-preview:large, max-video-preview:-1\" \/>\n<link rel=\"canonical\" href=\"https:\/\/edyceramic-shop.ro\/en\/product\/coltar-decorativ-din-durotec-13\/\" \/>\n<meta property=\"og:locale\" content=\"en_US\" \/>\n<meta property=\"og:type\" content=\"article\" \/>\n<meta property=\"og:title\" content=\"COLTAR DECORATIV DIN DUROTEC 13\" \/>\n<meta property=\"og:description\" content=\"Col\u021bar decorativ alb\u0103 din material dur. Col\u021barul decorativ alb se monteaz\u0103 prin lipire. Se poate vopsi \u00een orice culoare. Pute\u021bi\" \/>\n<meta property=\"og:url\" content=\"https:\/\/edyceramic-shop.ro\/en\/product\/coltar-decorativ-din-durotec-13\/\" \/>\n<meta property=\"og:site_name\" content=\"Edyceramic - magazin online\" \/>\n<meta property=\"article:modified_time\" content=\"2025-08-01T11:33:45+00:00\" \/>\n<meta property=\"og:image\" content=\"https:\/\/edyceramic-shop.ro\/wp-content\/uploads\/2024\/08\/coltar-decorativ-13-1.jpg\" \/>\n\t<meta property=\"og:image:width\" content=\"977\" \/>\n\t<meta property=\"og:image:height\" content=\"785\" \/>\n\t<meta property=\"og:image:type\" content=\"image\/jpeg\" \/>\n<meta name=\"twitter:card\" content=\"summary_large_image\" \/>\n<meta name=\"twitter:label1\" content=\"Price\" \/>\n\t<meta name=\"twitter:data1\" content=\"47,00&nbsp;lei\" \/>\n\t<meta name=\"twitter:label2\" content=\"Availability\" \/>\n\t<meta name=\"twitter:data2\" content=\"In stock\" \/>\n<script type=\"application\/ld+json\" class=\"yoast-schema-graph\">{\"@context\":\"https:\/\/schema.org\",\"@graph\":[{\"@type\":\"WebPage\",\"@id\":\"https:\/\/edyceramic-shop.ro\/produs\/coltar-decorativ-din-durotec-13\/\",\"url\":\"https:\/\/edyceramic-shop.ro\/produs\/coltar-decorativ-din-durotec-13\/\",\"name\":\"COLTAR DECORATIV DIN DUROTEC 13 - Edyceramic - magazin online\",\"isPartOf\":{\"@id\":\"https:\/\/edyceramic-shop.ro\/ro\/#website\"},\"datePublished\":\"2024-08-08T08:43:37+00:00\",\"dateModified\":\"2025-08-01T11:33:45+00:00\",\"breadcrumb\":{\"@id\":\"https:\/\/edyceramic-shop.ro\/produs\/coltar-decorativ-din-durotec-13\/#breadcrumb\"},\"inLanguage\":\"en-US\",\"potentialAction\":[{\"@type\":\"ReadAction\",\"target\":[\"https:\/\/edyceramic-shop.ro\/produs\/coltar-decorativ-din-durotec-13\/\"]}]},{\"@type\":\"BreadcrumbList\",\"@id\":\"https:\/\/edyceramic-shop.ro\/produs\/coltar-decorativ-din-durotec-13\/#breadcrumb\",\"itemListElement\":[{\"@type\":\"ListItem\",\"position\":1,\"name\":\"Home\",\"item\":\"https:\/\/edyceramic-shop.ro\/\"},{\"@type\":\"ListItem\",\"position\":2,\"name\":\"Shop\",\"item\":\"https:\/\/edyceramic-shop.ro\/ro\/shop\/\"},{\"@type\":\"ListItem\",\"position\":3,\"name\":\"COLTAR DECORATIV DIN DUROTEC 13\"}]},{\"@type\":\"WebSite\",\"@id\":\"https:\/\/edyceramic-shop.ro\/ro\/#website\",\"url\":\"https:\/\/edyceramic-shop.ro\/ro\/\",\"name\":\"edyceramic.ro\",\"description\":\"\",\"publisher\":{\"@id\":\"https:\/\/edyceramic-shop.ro\/ro\/#organization\"},\"potentialAction\":[{\"@type\":\"SearchAction\",\"target\":{\"@type\":\"EntryPoint\",\"urlTemplate\":\"https:\/\/edyceramic-shop.ro\/ro\/?s={search_term_string}\"},\"query-input\":\"required name=search_term_string\"}],\"inLanguage\":\"en-US\"},{\"@type\":\"Organization\",\"@id\":\"https:\/\/edyceramic-shop.ro\/ro\/#organization\",\"name\":\"Edyceramic\",\"url\":\"https:\/\/edyceramic-shop.ro\/ro\/\",\"logo\":{\"@type\":\"ImageObject\",\"inLanguage\":\"en-US\",\"@id\":\"https:\/\/edyceramic-shop.ro\/ro\/#\/schema\/logo\/image\/\",\"url\":\"https:\/\/edyceramic-shop.ro\/wp-content\/uploads\/2024\/02\/Logo-EdyCeramic_2021-lung.png\",\"contentUrl\":\"https:\/\/edyceramic-shop.ro\/wp-content\/uploads\/2024\/02\/Logo-EdyCeramic_2021-lung.png\",\"width\":4491,\"height\":769,\"caption\":\"Edyceramic\"},\"image\":{\"@id\":\"https:\/\/edyceramic-shop.ro\/ro\/#\/schema\/logo\/image\/\"}}]}<\/script>\n<meta property=\"product:price:amount\" content=\"47.00\" \/>\n<meta property=\"product:price:currency\" content=\"RON\" \/>\n<meta property=\"og:availability\" content=\"instock\" \/>\n<meta property=\"product:availability\" content=\"instock\" \/>\n<meta property=\"product:retailer_item_id\" content=\"d4e3e1b1aafd\" \/>\n<meta property=\"product:condition\" content=\"new\" \/>\n<!-- \/ Yoast SEO Premium plugin. -->","yoast_head_json":{"title":"COLTAR DECORATIV DIN DUROTEC 13 - Edyceramic - magazin online","robots":{"index":"index","follow":"follow","max-snippet":"max-snippet:-1","max-image-preview":"max-image-preview:large","max-video-preview":"max-video-preview:-1"},"canonical":"https:\/\/edyceramic-shop.ro\/en\/product\/coltar-decorativ-din-durotec-13\/","og_locale":"en_US","og_type":"article","og_title":"COLTAR DECORATIV DIN DUROTEC 13","og_description":"Col\u021bar decorativ alb\u0103 din material dur. Col\u021barul decorativ alb se monteaz\u0103 prin lipire. Se poate vopsi \u00een orice culoare. Pute\u021bi","og_url":"https:\/\/edyceramic-shop.ro\/en\/product\/coltar-decorativ-din-durotec-13\/","og_site_name":"Edyceramic - magazin online","article_modified_time":"2025-08-01T11:33:45+00:00","og_image":[{"width":977,"height":785,"url":"https:\/\/edyceramic-shop.ro\/wp-content\/uploads\/2024\/08\/coltar-decorativ-13-1.jpg","type":"image\/jpeg"}],"twitter_card":"summary_large_image","twitter_misc":{"Price":"47,00&nbsp;lei","Availability":"In stock"},"schema":{"@context":"https:\/\/schema.org","@graph":[{"@type":"WebPage","@id":"https:\/\/edyceramic-shop.ro\/produs\/coltar-decorativ-din-durotec-13\/","url":"https:\/\/edyceramic-shop.ro\/produs\/coltar-decorativ-din-durotec-13\/","name":"COLTAR DECORATIV DIN DUROTEC 13 - Edyceramic - magazin online","isPartOf":{"@id":"https:\/\/edyceramic-shop.ro\/ro\/#website"},"datePublished":"2024-08-08T08:43:37+00:00","dateModified":"2025-08-01T11:33:45+00:00","breadcrumb":{"@id":"https:\/\/edyceramic-shop.ro\/produs\/coltar-decorativ-din-durotec-13\/#breadcrumb"},"inLanguage":"en-US","potentialAction":[{"@type":"ReadAction","target":["https:\/\/edyceramic-shop.ro\/produs\/coltar-decorativ-din-durotec-13\/"]}]},{"@type":"BreadcrumbList","@id":"https:\/\/edyceramic-shop.ro\/produs\/coltar-decorativ-din-durotec-13\/#breadcrumb","itemListElement":[{"@type":"ListItem","position":1,"name":"Home","item":"https:\/\/edyceramic-shop.ro\/"},{"@type":"ListItem","position":2,"name":"Shop","item":"https:\/\/edyceramic-shop.ro\/ro\/shop\/"},{"@type":"ListItem","position":3,"name":"COLTAR DECORATIV DIN DUROTEC 13"}]},{"@type":"WebSite","@id":"https:\/\/edyceramic-shop.ro\/ro\/#website","url":"https:\/\/edyceramic-shop.ro\/ro\/","name":"edyceramic.ro","description":"","publisher":{"@id":"https:\/\/edyceramic-shop.ro\/ro\/#organization"},"potentialAction":[{"@type":"SearchAction","target":{"@type":"EntryPoint","urlTemplate":"https:\/\/edyceramic-shop.ro\/ro\/?s={search_term_string}"},"query-input":"required name=search_term_string"}],"inLanguage":"en-US"},{"@type":"Organization","@id":"https:\/\/edyceramic-shop.ro\/ro\/#organization","name":"Edyceramic","url":"https:\/\/edyceramic-shop.ro\/ro\/","logo":{"@type":"ImageObject","inLanguage":"en-US","@id":"https:\/\/edyceramic-shop.ro\/ro\/#\/schema\/logo\/image\/","url":"https:\/\/edyceramic-shop.ro\/wp-content\/uploads\/2024\/02\/Logo-EdyCeramic_2021-lung.png","contentUrl":"https:\/\/edyceramic-shop.ro\/wp-content\/uploads\/2024\/02\/Logo-EdyCeramic_2021-lung.png","width":4491,"height":769,"caption":"Edyceramic"},"image":{"@id":"https:\/\/edyceramic-shop.ro\/ro\/#\/schema\/logo\/image\/"}}]},"product_price_amount":"47.00","product_price_currency":"RON","og_availability":"instock","product_availability":"instock","product_retailer_item_id":"d4e3e1b1aafd","product_condition":"new"},"jetpack_sharing_enabled":true,"_links":{"self":[{"href":"https:\/\/edyceramic-shop.ro\/en\/wp-json\/wp\/v2\/product\/9710","targetHints":{"allow":["GET"]}}],"collection":[{"href":"https:\/\/edyceramic-shop.ro\/en\/wp-json\/wp\/v2\/product"}],"about":[{"href":"https:\/\/edyceramic-shop.ro\/en\/wp-json\/wp\/v2\/types\/product"}],"version-history":[{"count":1,"href":"https:\/\/edyceramic-shop.ro\/en\/wp-json\/wp\/v2\/product\/9710\/revisions"}],"predecessor-version":[{"id":20349,"href":"https:\/\/edyceramic-shop.ro\/en\/wp-json\/wp\/v2\/product\/9710\/revisions\/20349"}],"wp:featuredmedia":[{"embeddable":true,"href":"https:\/\/edyceramic-shop.ro\/en\/wp-json\/wp\/v2\/media\/9712"}],"wp:attachment":[{"href":"https:\/\/edyceramic-shop.ro\/en\/wp-json\/wp\/v2\/media?parent=9710"}],"wp:term":[{"taxonomy":"product_brand","embeddable":true,"href":"https:\/\/edyceramic-shop.ro\/en\/wp-json\/wp\/v2\/product_brand?post=9710"},{"taxonomy":"product_cat","embeddable":true,"href":"https:\/\/edyceramic-shop.ro\/en\/wp-json\/wp\/v2\/product_cat?post=9710"},{"taxonomy":"product_tag","embeddable":true,"href":"https:\/\/edyceramic-shop.ro\/en\/wp-json\/wp\/v2\/product_tag?post=9710"}],"curies":[{"name":"wp","href":"https:\/\/api.w.org\/{rel}","templated":true}]}}