{"id":8541,"date":"2024-09-22T20:41:21","date_gmt":"2024-09-22T20:41:21","guid":{"rendered":"https:\/\/edyceramic-shop.ro\/produs\/dulap-cu-1-usa-polite-kolpasan-pandora-130cm-white-514300\/"},"modified":"2025-08-01T13:33:15","modified_gmt":"2025-08-01T11:33:15","slug":"dulap-cu-1-usa-polite-kolpasan-pandora-130cm-white-514300","status":"publish","type":"product","link":"https:\/\/edyceramic-shop.ro\/en\/product\/dulap-cu-1-usa-polite-kolpasan-pandora-130cm-white-514300\/","title":{"rendered":"DULAP CU 1 U\u0218\u0102, POLI\u021aE KOLPASAN PANDORA, 130CM, WHITE 514300"},"content":{"rendered":"<p>Un produs de design fabricat de Kolpasan, Slovenia<\/p>\n<p>montaj: suspendat<br \/>\n4 polite pentru depozitare<br \/>\n1 usa cu inchidere de tip Push To Open (prin apasare), vezi explicarea termenilor<br \/>\nmaterial front: MDF stratificat, vezi explicarea termenilor<br \/>\nmaterial corp: PAL special acoperit cu folie;<br \/>\nculoare: alb\/WH<br \/>\ndimensiuni 130 x 35 x 45 cm, inaltime x adancime x latime.<br \/>\nCompatibilitate    <\/p>\n<p>culorile din imagini sunt orientative.<br \/>\ncoloana inalta se poate completa cu seturile de mobilier cu lavoar si oglinzile Pandora .<br \/>\ndisponibila si in culoarea frontului din MDF: black stone (BS) sau lemn natur (Navarra Ash\/NA)<br \/>\nExplicarea termenilor:<\/p>\n<p>MDF (din engleza: Medium Density Fibreboard) este un material folosit \u00een industria mobilei, de o calitate mai ridicat\u0103 fa\u021b\u0103 de Placa aglomerata din lemn PAL. MDF-ul sunt placi fabricate din resturi de lemn tocate foarte marunt se gasesc in mai multe grosimi: 8, 10, 12, 16, 18, 19, 22, 28, 38 mm. Uzual pentru fronturi se folosesc grosimile 18 si 22 mm. Datorita resturilor tocate foarte marunt se poate freza si astfel obtine fronturi decorative foarte frumoase. Dupa frezare MDFul se inobileaza prin infoliere sau vopsire in stare initiala, o foaie de MDF are 2800x2070x18 mm si are un cost cu 50% mai mare fata de pal.<br \/>\n\u200bAvantaje MDF<\/p>\n<p>rezistenta mult mai mare la umezeala<br \/>\npermite frezare pe suprafata placii astfel obtinand forme deosebite ale fronturilor<br \/>\nla mobilierul de baie, unde este foarte mare umezeala, este indicat sa folosim suprafete vopsite care sunt cele mai rezistente. Cum palul nu poate fi vopsit, folosirea mdf-ului este cea mai indicata.<br \/>\nPush to open, permite realizarea mecanica a ceea ce pana acum nu era posibil decat cu sisteme electromecanice: aceasta functie permite imbinarea unui design fara manere cu un inalt confort de deschidere \u015fi \u00eenchidere a sertarelor. Pentru a declansa mecanismul este suficient sa se exercite o mica presiune asupra frontului mobilei. Deschiderea automata economiseste timp \u015fi usureaza manevrarea, mai ales atunci c\u00e2nd nu aveti mainile libere &#8211; fara a exclude posibilitatea deschiderii directe, prin intermediul mastii frontale. Mecanismul Push to open este \u00eencarcat automat la fiecare \u00eenchidere, \u00eenainte ca sertarul sa fie \u00eenchis lin cu amortizor.<\/p>","protected":false},"excerpt":{"rendered":"<p>Un produs de design fabricat de Kolpasan, Slovenia montaj: suspendat 4 polite pentru depozitare 1 usa cu inchidere de tip<\/p>","protected":false},"featured_media":19466,"template":"","meta":[],"product_brand":[],"product_cat":[389,384],"product_tag":[],"class_list":{"0":"post-8541","1":"product","2":"type-product","3":"status-publish","4":"has-post-thumbnail","6":"product_cat-dulapuri-baie-inalte","7":"product_cat-mobilier-baie","8":"pa_colectie-pandora","9":"pa_culoare-alb","10":"pa_dimensiune-45x130x35cm","11":"pa_fabrica-kolpasan","12":"pa_material-mdf","13":"pa_montaj-suspendat","15":"first","16":"instock","17":"purchasable","18":"product-type-simple"},"yoast_head":"<!-- This site is optimized with the Yoast SEO Premium plugin v21.6 (Yoast SEO v22.1) - https:\/\/yoast.com\/wordpress\/plugins\/seo\/ -->\n<title>DULAP CU 1 U\u0218\u0102, POLI\u021aE KOLPASAN PANDORA, 130CM, WHITE 514300 - Edyceramic - magazin online<\/title>\n<meta name=\"robots\" content=\"index, follow, max-snippet:-1, max-image-preview:large, max-video-preview:-1\" \/>\n<link rel=\"canonical\" href=\"https:\/\/edyceramic-shop.ro\/en\/product\/dulap-cu-1-usa-polite-kolpasan-pandora-130cm-white-514300\/\" \/>\n<meta property=\"og:locale\" content=\"en_US\" \/>\n<meta property=\"og:type\" content=\"article\" \/>\n<meta property=\"og:title\" content=\"DULAP CU 1 U\u0218\u0102, POLI\u021aE KOLPASAN PANDORA, 130CM, WHITE 514300\" \/>\n<meta property=\"og:description\" content=\"Un produs de design fabricat de Kolpasan, Slovenia montaj: suspendat 4 polite pentru depozitare 1 usa cu inchidere de tip\" \/>\n<meta property=\"og:url\" content=\"https:\/\/edyceramic-shop.ro\/en\/product\/dulap-cu-1-usa-polite-kolpasan-pandora-130cm-white-514300\/\" \/>\n<meta property=\"og:site_name\" content=\"Edyceramic - magazin online\" \/>\n<meta property=\"article:modified_time\" content=\"2025-08-01T11:33:15+00:00\" \/>\n<meta property=\"og:image\" content=\"https:\/\/edyceramic-shop.ro\/wp-content\/uploads\/2024\/09\/dulap-inalt-1-usa-kolpasan-pandora-suspendat-alb-1.jpg\" \/>\n\t<meta property=\"og:image:width\" content=\"800\" \/>\n\t<meta property=\"og:image:height\" content=\"800\" \/>\n\t<meta property=\"og:image:type\" content=\"image\/jpeg\" \/>\n<meta name=\"twitter:card\" content=\"summary_large_image\" \/>\n<meta name=\"twitter:label1\" content=\"Price\" \/>\n\t<meta name=\"twitter:data1\" content=\"2.250,00&nbsp;lei\" \/>\n\t<meta name=\"twitter:label2\" content=\"Availability\" \/>\n\t<meta name=\"twitter:data2\" content=\"In stock\" \/>\n<script type=\"application\/ld+json\" class=\"yoast-schema-graph\">{\"@context\":\"https:\/\/schema.org\",\"@graph\":[{\"@type\":\"WebPage\",\"@id\":\"https:\/\/edyceramic-shop.ro\/produs\/dulap-cu-1-usa-polite-kolpasan-pandora-130cm-white-514300\/\",\"url\":\"https:\/\/edyceramic-shop.ro\/produs\/dulap-cu-1-usa-polite-kolpasan-pandora-130cm-white-514300\/\",\"name\":\"DULAP CU 1 U\u0218\u0102, POLI\u021aE KOLPASAN PANDORA, 130CM, WHITE 514300 - Edyceramic - magazin online\",\"isPartOf\":{\"@id\":\"https:\/\/edyceramic-shop.ro\/ro\/#website\"},\"datePublished\":\"2024-09-22T20:41:21+00:00\",\"dateModified\":\"2025-08-01T11:33:15+00:00\",\"breadcrumb\":{\"@id\":\"https:\/\/edyceramic-shop.ro\/produs\/dulap-cu-1-usa-polite-kolpasan-pandora-130cm-white-514300\/#breadcrumb\"},\"inLanguage\":\"en-US\",\"potentialAction\":[{\"@type\":\"ReadAction\",\"target\":[\"https:\/\/edyceramic-shop.ro\/produs\/dulap-cu-1-usa-polite-kolpasan-pandora-130cm-white-514300\/\"]}]},{\"@type\":\"BreadcrumbList\",\"@id\":\"https:\/\/edyceramic-shop.ro\/produs\/dulap-cu-1-usa-polite-kolpasan-pandora-130cm-white-514300\/#breadcrumb\",\"itemListElement\":[{\"@type\":\"ListItem\",\"position\":1,\"name\":\"Home\",\"item\":\"https:\/\/edyceramic-shop.ro\/\"},{\"@type\":\"ListItem\",\"position\":2,\"name\":\"Shop\",\"item\":\"https:\/\/edyceramic-shop.ro\/ro\/shop\/\"},{\"@type\":\"ListItem\",\"position\":3,\"name\":\"DULAP CU 1 U\u0218\u0102, POLI\u021aE KOLPASAN PANDORA, 130CM, WHITE 514300\"}]},{\"@type\":\"WebSite\",\"@id\":\"https:\/\/edyceramic-shop.ro\/ro\/#website\",\"url\":\"https:\/\/edyceramic-shop.ro\/ro\/\",\"name\":\"edyceramic.ro\",\"description\":\"\",\"publisher\":{\"@id\":\"https:\/\/edyceramic-shop.ro\/ro\/#organization\"},\"potentialAction\":[{\"@type\":\"SearchAction\",\"target\":{\"@type\":\"EntryPoint\",\"urlTemplate\":\"https:\/\/edyceramic-shop.ro\/ro\/?s={search_term_string}\"},\"query-input\":\"required name=search_term_string\"}],\"inLanguage\":\"en-US\"},{\"@type\":\"Organization\",\"@id\":\"https:\/\/edyceramic-shop.ro\/ro\/#organization\",\"name\":\"Edyceramic\",\"url\":\"https:\/\/edyceramic-shop.ro\/ro\/\",\"logo\":{\"@type\":\"ImageObject\",\"inLanguage\":\"en-US\",\"@id\":\"https:\/\/edyceramic-shop.ro\/ro\/#\/schema\/logo\/image\/\",\"url\":\"https:\/\/edyceramic-shop.ro\/wp-content\/uploads\/2024\/02\/Logo-EdyCeramic_2021-lung.png\",\"contentUrl\":\"https:\/\/edyceramic-shop.ro\/wp-content\/uploads\/2024\/02\/Logo-EdyCeramic_2021-lung.png\",\"width\":4491,\"height\":769,\"caption\":\"Edyceramic\"},\"image\":{\"@id\":\"https:\/\/edyceramic-shop.ro\/ro\/#\/schema\/logo\/image\/\"}}]}<\/script>\n<meta property=\"product:price:amount\" content=\"2250.00\" \/>\n<meta property=\"product:price:currency\" content=\"RON\" \/>\n<meta property=\"og:availability\" content=\"instock\" \/>\n<meta property=\"product:availability\" content=\"instock\" \/>\n<meta property=\"product:retailer_item_id\" content=\"97439473f5fa\" \/>\n<meta property=\"product:condition\" content=\"new\" \/>\n<!-- \/ Yoast SEO Premium plugin. -->","yoast_head_json":{"title":"DULAP CU 1 U\u0218\u0102, POLI\u021aE KOLPASAN PANDORA, 130CM, WHITE 514300 - Edyceramic - magazin online","robots":{"index":"index","follow":"follow","max-snippet":"max-snippet:-1","max-image-preview":"max-image-preview:large","max-video-preview":"max-video-preview:-1"},"canonical":"https:\/\/edyceramic-shop.ro\/en\/product\/dulap-cu-1-usa-polite-kolpasan-pandora-130cm-white-514300\/","og_locale":"en_US","og_type":"article","og_title":"DULAP CU 1 U\u0218\u0102, POLI\u021aE KOLPASAN PANDORA, 130CM, WHITE 514300","og_description":"Un produs de design fabricat de Kolpasan, Slovenia montaj: suspendat 4 polite pentru depozitare 1 usa cu inchidere de tip","og_url":"https:\/\/edyceramic-shop.ro\/en\/product\/dulap-cu-1-usa-polite-kolpasan-pandora-130cm-white-514300\/","og_site_name":"Edyceramic - magazin online","article_modified_time":"2025-08-01T11:33:15+00:00","og_image":[{"width":800,"height":800,"url":"https:\/\/edyceramic-shop.ro\/wp-content\/uploads\/2024\/09\/dulap-inalt-1-usa-kolpasan-pandora-suspendat-alb-1.jpg","type":"image\/jpeg"}],"twitter_card":"summary_large_image","twitter_misc":{"Price":"2.250,00&nbsp;lei","Availability":"In stock"},"schema":{"@context":"https:\/\/schema.org","@graph":[{"@type":"WebPage","@id":"https:\/\/edyceramic-shop.ro\/produs\/dulap-cu-1-usa-polite-kolpasan-pandora-130cm-white-514300\/","url":"https:\/\/edyceramic-shop.ro\/produs\/dulap-cu-1-usa-polite-kolpasan-pandora-130cm-white-514300\/","name":"DULAP CU 1 U\u0218\u0102, POLI\u021aE KOLPASAN PANDORA, 130CM, WHITE 514300 - Edyceramic - magazin online","isPartOf":{"@id":"https:\/\/edyceramic-shop.ro\/ro\/#website"},"datePublished":"2024-09-22T20:41:21+00:00","dateModified":"2025-08-01T11:33:15+00:00","breadcrumb":{"@id":"https:\/\/edyceramic-shop.ro\/produs\/dulap-cu-1-usa-polite-kolpasan-pandora-130cm-white-514300\/#breadcrumb"},"inLanguage":"en-US","potentialAction":[{"@type":"ReadAction","target":["https:\/\/edyceramic-shop.ro\/produs\/dulap-cu-1-usa-polite-kolpasan-pandora-130cm-white-514300\/"]}]},{"@type":"BreadcrumbList","@id":"https:\/\/edyceramic-shop.ro\/produs\/dulap-cu-1-usa-polite-kolpasan-pandora-130cm-white-514300\/#breadcrumb","itemListElement":[{"@type":"ListItem","position":1,"name":"Home","item":"https:\/\/edyceramic-shop.ro\/"},{"@type":"ListItem","position":2,"name":"Shop","item":"https:\/\/edyceramic-shop.ro\/ro\/shop\/"},{"@type":"ListItem","position":3,"name":"DULAP CU 1 U\u0218\u0102, POLI\u021aE KOLPASAN PANDORA, 130CM, WHITE 514300"}]},{"@type":"WebSite","@id":"https:\/\/edyceramic-shop.ro\/ro\/#website","url":"https:\/\/edyceramic-shop.ro\/ro\/","name":"edyceramic.ro","description":"","publisher":{"@id":"https:\/\/edyceramic-shop.ro\/ro\/#organization"},"potentialAction":[{"@type":"SearchAction","target":{"@type":"EntryPoint","urlTemplate":"https:\/\/edyceramic-shop.ro\/ro\/?s={search_term_string}"},"query-input":"required name=search_term_string"}],"inLanguage":"en-US"},{"@type":"Organization","@id":"https:\/\/edyceramic-shop.ro\/ro\/#organization","name":"Edyceramic","url":"https:\/\/edyceramic-shop.ro\/ro\/","logo":{"@type":"ImageObject","inLanguage":"en-US","@id":"https:\/\/edyceramic-shop.ro\/ro\/#\/schema\/logo\/image\/","url":"https:\/\/edyceramic-shop.ro\/wp-content\/uploads\/2024\/02\/Logo-EdyCeramic_2021-lung.png","contentUrl":"https:\/\/edyceramic-shop.ro\/wp-content\/uploads\/2024\/02\/Logo-EdyCeramic_2021-lung.png","width":4491,"height":769,"caption":"Edyceramic"},"image":{"@id":"https:\/\/edyceramic-shop.ro\/ro\/#\/schema\/logo\/image\/"}}]},"product_price_amount":"2250.00","product_price_currency":"RON","og_availability":"instock","product_availability":"instock","product_retailer_item_id":"97439473f5fa","product_condition":"new"},"jetpack_sharing_enabled":true,"_links":{"self":[{"href":"https:\/\/edyceramic-shop.ro\/en\/wp-json\/wp\/v2\/product\/8541","targetHints":{"allow":["GET"]}}],"collection":[{"href":"https:\/\/edyceramic-shop.ro\/en\/wp-json\/wp\/v2\/product"}],"about":[{"href":"https:\/\/edyceramic-shop.ro\/en\/wp-json\/wp\/v2\/types\/product"}],"version-history":[{"count":1,"href":"https:\/\/edyceramic-shop.ro\/en\/wp-json\/wp\/v2\/product\/8541\/revisions"}],"predecessor-version":[{"id":19465,"href":"https:\/\/edyceramic-shop.ro\/en\/wp-json\/wp\/v2\/product\/8541\/revisions\/19465"}],"wp:featuredmedia":[{"embeddable":true,"href":"https:\/\/edyceramic-shop.ro\/en\/wp-json\/wp\/v2\/media\/19466"}],"wp:attachment":[{"href":"https:\/\/edyceramic-shop.ro\/en\/wp-json\/wp\/v2\/media?parent=8541"}],"wp:term":[{"taxonomy":"product_brand","embeddable":true,"href":"https:\/\/edyceramic-shop.ro\/en\/wp-json\/wp\/v2\/product_brand?post=8541"},{"taxonomy":"product_cat","embeddable":true,"href":"https:\/\/edyceramic-shop.ro\/en\/wp-json\/wp\/v2\/product_cat?post=8541"},{"taxonomy":"product_tag","embeddable":true,"href":"https:\/\/edyceramic-shop.ro\/en\/wp-json\/wp\/v2\/product_tag?post=8541"}],"curies":[{"name":"wp","href":"https:\/\/api.w.org\/{rel}","templated":true}]}}