{"id":8338,"date":"2024-09-22T21:06:10","date_gmt":"2024-09-22T21:06:10","guid":{"rendered":"https:\/\/edyceramic-shop.ro\/produs\/oglinda-ovala-led-fluminia-dali-ambient-60x90-hn320l-80\/"},"modified":"2025-08-01T13:33:07","modified_gmt":"2025-08-01T11:33:07","slug":"oglinda-ovala-led-fluminia-dali-ambient-60x90-hn320l-80","status":"publish","type":"product","link":"https:\/\/edyceramic-shop.ro\/en\/product\/oglinda-ovala-led-fluminia-dali-ambient-60x90-hn320l-80\/","title":{"rendered":"OGLIND\u0102 OVAL\u0102 LED FLUMINIA DALI AMBIENT-60&#215;90 HN320L-80"},"content":{"rendered":"<p>Aceast\u0103 oglind\u0103 oval\u0103 este o solu\u021bie elegant\u0103 \u0219i practic\u0103 pentru orice camer\u0103. Iluminarea cu LED ofer\u0103 o lumin\u0103 puternic\u0103 \u0219i uniform\u0103, care v\u0103 ajut\u0103 s\u0103 v\u0103 machia\u021bi sau s\u0103 v\u0103 coafa\u021bi cu u\u0219urin\u021b\u0103. Ambient light creeaz\u0103 o atmosfer\u0103 relaxant\u0103 \u0219i confortabil\u0103.<\/p>\n<p>Dimmerul v\u0103 permite s\u0103 regla\u021bi intensitatea luminii, iar sistemul de dezaburire cu actionare prin buton v\u0103 ajut\u0103 s\u0103 elimina\u021bi rapid aburele de pe oglind\u0103.<\/p>\n<p>Oglinda are trei temperaturi de culori: lumina rece, naturala \u0219i cald\u0103. Pute\u021bi alege temperatura de culoare care v\u0103 place cel mai mult pentru a crea o atmosfer\u0103 potrivit\u0103 pentru starea de spirit sau activitatea pe care o desf\u0103\u0219ura\u021bi.<\/p>\n<p>Aceast\u0103 oglind\u0103 este o alegere excelent\u0103 pentru cei care caut\u0103 o oglind\u0103 elegant\u0103, practic\u0103 \u0219i cu o mul\u021bime de func\u021bii.<\/p>\n<p>Caracteristici:<\/p>\n<p>forma: oval\u0103<br \/>\ndimensiune: 60 x 90h x 3,5 cm<br \/>\nmontaj: suspendat<br \/>\niluminare cu LED, Ambient light<br \/>\n2 butoane touchscreen: 1 buton pentru dezaburire, 1 buton de func\u021bii (pornire, dimmer, schimbarea culorii)<br \/>\ndimmer, reglajul intensit\u0103\u021bii luminii<br \/>\nsistem de dezaburire cu ac\u021bionare prin buton  ajut\u0103 s\u0103 elimina\u021bi rapid aburele din oglind\u0103.<br \/>\n3 temperaturi de culori: lumina rece, natural\u0103 \u0219i cald\u0103<br \/>\nDespre brand:<\/p>\n<p>Brandul Fluminia este recunoscut pentru diversitatea lavoarelor, oglinzilor \u0219i a ventilelor. Lavoarele sunt fabricate din ceramic\u0103 calitativ\u0103, iar toate oglinzile dispun de iluminare LED cu butoane av\u00e2nd diferite func\u021bii.<\/p>","protected":false},"excerpt":{"rendered":"<p>Aceast\u0103 oglind\u0103 oval\u0103 este o solu\u021bie elegant\u0103 \u0219i practic\u0103 pentru orice camer\u0103. Iluminarea cu LED ofer\u0103 o lumin\u0103 puternic\u0103 \u0219i<\/p>","protected":false},"featured_media":19960,"template":"","meta":[],"product_brand":[],"product_cat":[388,384],"product_tag":[],"class_list":{"0":"post-8338","1":"product","2":"type-product","3":"status-publish","4":"has-post-thumbnail","6":"product_cat-oglinzi-baie-si-corpuri-de-iluminat","7":"product_cat-mobilier-baie","8":"pa_colectie-dali","9":"pa_dimensiune-60x90cm","10":"pa_fabrica-fluminia","11":"pa_material-sticla","12":"pa_montaj-pe-perete","14":"first","15":"instock","16":"purchasable","17":"product-type-simple"},"yoast_head":"<!-- This site is optimized with the Yoast SEO Premium plugin v21.6 (Yoast SEO v22.1) - https:\/\/yoast.com\/wordpress\/plugins\/seo\/ -->\n<title>OGLIND\u0102 OVAL\u0102 LED FLUMINIA DALI AMBIENT-60x90 HN320L-80 - Edyceramic - magazin online<\/title>\n<meta name=\"robots\" content=\"index, follow, max-snippet:-1, max-image-preview:large, max-video-preview:-1\" \/>\n<link rel=\"canonical\" href=\"https:\/\/edyceramic-shop.ro\/en\/product\/oglinda-ovala-led-fluminia-dali-ambient-60x90-hn320l-80\/\" \/>\n<meta property=\"og:locale\" content=\"en_US\" \/>\n<meta property=\"og:type\" content=\"article\" \/>\n<meta property=\"og:title\" content=\"OGLIND\u0102 OVAL\u0102 LED FLUMINIA DALI AMBIENT-60x90 HN320L-80\" \/>\n<meta property=\"og:description\" content=\"Aceast\u0103 oglind\u0103 oval\u0103 este o solu\u021bie elegant\u0103 \u0219i practic\u0103 pentru orice camer\u0103. Iluminarea cu LED ofer\u0103 o lumin\u0103 puternic\u0103 \u0219i\" \/>\n<meta property=\"og:url\" content=\"https:\/\/edyceramic-shop.ro\/en\/product\/oglinda-ovala-led-fluminia-dali-ambient-60x90-hn320l-80\/\" \/>\n<meta property=\"og:site_name\" content=\"Edyceramic - magazin online\" \/>\n<meta property=\"article:modified_time\" content=\"2025-08-01T11:33:07+00:00\" \/>\n<meta property=\"og:image\" content=\"https:\/\/edyceramic-shop.ro\/wp-content\/uploads\/2024\/09\/113695_Oglinda-Fluminia-Dali-Ambient-60-ovala-cu-iluminare-LED-3-culori-dezaburire-1.jpg\" \/>\n\t<meta property=\"og:image:width\" content=\"800\" \/>\n\t<meta property=\"og:image:height\" content=\"800\" \/>\n\t<meta property=\"og:image:type\" content=\"image\/jpeg\" \/>\n<meta name=\"twitter:card\" content=\"summary_large_image\" \/>\n<meta name=\"twitter:label1\" content=\"Price\" \/>\n\t<meta name=\"twitter:data1\" content=\"1.025,00&nbsp;lei\" \/>\n\t<meta name=\"twitter:label2\" content=\"Availability\" \/>\n\t<meta name=\"twitter:data2\" content=\"In stock\" \/>\n<script type=\"application\/ld+json\" class=\"yoast-schema-graph\">{\"@context\":\"https:\/\/schema.org\",\"@graph\":[{\"@type\":\"WebPage\",\"@id\":\"https:\/\/edyceramic-shop.ro\/produs\/oglinda-ovala-led-fluminia-dali-ambient-60x90-hn320l-80\/\",\"url\":\"https:\/\/edyceramic-shop.ro\/produs\/oglinda-ovala-led-fluminia-dali-ambient-60x90-hn320l-80\/\",\"name\":\"OGLIND\u0102 OVAL\u0102 LED FLUMINIA DALI AMBIENT-60x90 HN320L-80 - Edyceramic - magazin online\",\"isPartOf\":{\"@id\":\"https:\/\/edyceramic-shop.ro\/ro\/#website\"},\"datePublished\":\"2024-09-22T21:06:10+00:00\",\"dateModified\":\"2025-08-01T11:33:07+00:00\",\"breadcrumb\":{\"@id\":\"https:\/\/edyceramic-shop.ro\/produs\/oglinda-ovala-led-fluminia-dali-ambient-60x90-hn320l-80\/#breadcrumb\"},\"inLanguage\":\"en-US\",\"potentialAction\":[{\"@type\":\"ReadAction\",\"target\":[\"https:\/\/edyceramic-shop.ro\/produs\/oglinda-ovala-led-fluminia-dali-ambient-60x90-hn320l-80\/\"]}]},{\"@type\":\"BreadcrumbList\",\"@id\":\"https:\/\/edyceramic-shop.ro\/produs\/oglinda-ovala-led-fluminia-dali-ambient-60x90-hn320l-80\/#breadcrumb\",\"itemListElement\":[{\"@type\":\"ListItem\",\"position\":1,\"name\":\"Home\",\"item\":\"https:\/\/edyceramic-shop.ro\/\"},{\"@type\":\"ListItem\",\"position\":2,\"name\":\"Shop\",\"item\":\"https:\/\/edyceramic-shop.ro\/ro\/shop\/\"},{\"@type\":\"ListItem\",\"position\":3,\"name\":\"OGLIND\u0102 OVAL\u0102 LED FLUMINIA DALI AMBIENT-60&#215;90 HN320L-80\"}]},{\"@type\":\"WebSite\",\"@id\":\"https:\/\/edyceramic-shop.ro\/ro\/#website\",\"url\":\"https:\/\/edyceramic-shop.ro\/ro\/\",\"name\":\"edyceramic.ro\",\"description\":\"\",\"publisher\":{\"@id\":\"https:\/\/edyceramic-shop.ro\/ro\/#organization\"},\"potentialAction\":[{\"@type\":\"SearchAction\",\"target\":{\"@type\":\"EntryPoint\",\"urlTemplate\":\"https:\/\/edyceramic-shop.ro\/ro\/?s={search_term_string}\"},\"query-input\":\"required name=search_term_string\"}],\"inLanguage\":\"en-US\"},{\"@type\":\"Organization\",\"@id\":\"https:\/\/edyceramic-shop.ro\/ro\/#organization\",\"name\":\"Edyceramic\",\"url\":\"https:\/\/edyceramic-shop.ro\/ro\/\",\"logo\":{\"@type\":\"ImageObject\",\"inLanguage\":\"en-US\",\"@id\":\"https:\/\/edyceramic-shop.ro\/ro\/#\/schema\/logo\/image\/\",\"url\":\"https:\/\/edyceramic-shop.ro\/wp-content\/uploads\/2024\/02\/Logo-EdyCeramic_2021-lung.png\",\"contentUrl\":\"https:\/\/edyceramic-shop.ro\/wp-content\/uploads\/2024\/02\/Logo-EdyCeramic_2021-lung.png\",\"width\":4491,\"height\":769,\"caption\":\"Edyceramic\"},\"image\":{\"@id\":\"https:\/\/edyceramic-shop.ro\/ro\/#\/schema\/logo\/image\/\"}}]}<\/script>\n<meta property=\"product:price:amount\" content=\"1025.00\" \/>\n<meta property=\"product:price:currency\" content=\"RON\" \/>\n<meta property=\"og:availability\" content=\"instock\" \/>\n<meta property=\"product:availability\" content=\"instock\" \/>\n<meta property=\"product:retailer_item_id\" content=\"9830e0c3f009\" \/>\n<meta property=\"product:condition\" content=\"new\" \/>\n<!-- \/ Yoast SEO Premium plugin. -->","yoast_head_json":{"title":"OGLIND\u0102 OVAL\u0102 LED FLUMINIA DALI AMBIENT-60x90 HN320L-80 - Edyceramic - magazin online","robots":{"index":"index","follow":"follow","max-snippet":"max-snippet:-1","max-image-preview":"max-image-preview:large","max-video-preview":"max-video-preview:-1"},"canonical":"https:\/\/edyceramic-shop.ro\/en\/product\/oglinda-ovala-led-fluminia-dali-ambient-60x90-hn320l-80\/","og_locale":"en_US","og_type":"article","og_title":"OGLIND\u0102 OVAL\u0102 LED FLUMINIA DALI AMBIENT-60x90 HN320L-80","og_description":"Aceast\u0103 oglind\u0103 oval\u0103 este o solu\u021bie elegant\u0103 \u0219i practic\u0103 pentru orice camer\u0103. Iluminarea cu LED ofer\u0103 o lumin\u0103 puternic\u0103 \u0219i","og_url":"https:\/\/edyceramic-shop.ro\/en\/product\/oglinda-ovala-led-fluminia-dali-ambient-60x90-hn320l-80\/","og_site_name":"Edyceramic - magazin online","article_modified_time":"2025-08-01T11:33:07+00:00","og_image":[{"width":800,"height":800,"url":"https:\/\/edyceramic-shop.ro\/wp-content\/uploads\/2024\/09\/113695_Oglinda-Fluminia-Dali-Ambient-60-ovala-cu-iluminare-LED-3-culori-dezaburire-1.jpg","type":"image\/jpeg"}],"twitter_card":"summary_large_image","twitter_misc":{"Price":"1.025,00&nbsp;lei","Availability":"In stock"},"schema":{"@context":"https:\/\/schema.org","@graph":[{"@type":"WebPage","@id":"https:\/\/edyceramic-shop.ro\/produs\/oglinda-ovala-led-fluminia-dali-ambient-60x90-hn320l-80\/","url":"https:\/\/edyceramic-shop.ro\/produs\/oglinda-ovala-led-fluminia-dali-ambient-60x90-hn320l-80\/","name":"OGLIND\u0102 OVAL\u0102 LED FLUMINIA DALI AMBIENT-60x90 HN320L-80 - Edyceramic - magazin online","isPartOf":{"@id":"https:\/\/edyceramic-shop.ro\/ro\/#website"},"datePublished":"2024-09-22T21:06:10+00:00","dateModified":"2025-08-01T11:33:07+00:00","breadcrumb":{"@id":"https:\/\/edyceramic-shop.ro\/produs\/oglinda-ovala-led-fluminia-dali-ambient-60x90-hn320l-80\/#breadcrumb"},"inLanguage":"en-US","potentialAction":[{"@type":"ReadAction","target":["https:\/\/edyceramic-shop.ro\/produs\/oglinda-ovala-led-fluminia-dali-ambient-60x90-hn320l-80\/"]}]},{"@type":"BreadcrumbList","@id":"https:\/\/edyceramic-shop.ro\/produs\/oglinda-ovala-led-fluminia-dali-ambient-60x90-hn320l-80\/#breadcrumb","itemListElement":[{"@type":"ListItem","position":1,"name":"Home","item":"https:\/\/edyceramic-shop.ro\/"},{"@type":"ListItem","position":2,"name":"Shop","item":"https:\/\/edyceramic-shop.ro\/ro\/shop\/"},{"@type":"ListItem","position":3,"name":"OGLIND\u0102 OVAL\u0102 LED FLUMINIA DALI AMBIENT-60&#215;90 HN320L-80"}]},{"@type":"WebSite","@id":"https:\/\/edyceramic-shop.ro\/ro\/#website","url":"https:\/\/edyceramic-shop.ro\/ro\/","name":"edyceramic.ro","description":"","publisher":{"@id":"https:\/\/edyceramic-shop.ro\/ro\/#organization"},"potentialAction":[{"@type":"SearchAction","target":{"@type":"EntryPoint","urlTemplate":"https:\/\/edyceramic-shop.ro\/ro\/?s={search_term_string}"},"query-input":"required name=search_term_string"}],"inLanguage":"en-US"},{"@type":"Organization","@id":"https:\/\/edyceramic-shop.ro\/ro\/#organization","name":"Edyceramic","url":"https:\/\/edyceramic-shop.ro\/ro\/","logo":{"@type":"ImageObject","inLanguage":"en-US","@id":"https:\/\/edyceramic-shop.ro\/ro\/#\/schema\/logo\/image\/","url":"https:\/\/edyceramic-shop.ro\/wp-content\/uploads\/2024\/02\/Logo-EdyCeramic_2021-lung.png","contentUrl":"https:\/\/edyceramic-shop.ro\/wp-content\/uploads\/2024\/02\/Logo-EdyCeramic_2021-lung.png","width":4491,"height":769,"caption":"Edyceramic"},"image":{"@id":"https:\/\/edyceramic-shop.ro\/ro\/#\/schema\/logo\/image\/"}}]},"product_price_amount":"1025.00","product_price_currency":"RON","og_availability":"instock","product_availability":"instock","product_retailer_item_id":"9830e0c3f009","product_condition":"new"},"jetpack_sharing_enabled":true,"_links":{"self":[{"href":"https:\/\/edyceramic-shop.ro\/en\/wp-json\/wp\/v2\/product\/8338","targetHints":{"allow":["GET"]}}],"collection":[{"href":"https:\/\/edyceramic-shop.ro\/en\/wp-json\/wp\/v2\/product"}],"about":[{"href":"https:\/\/edyceramic-shop.ro\/en\/wp-json\/wp\/v2\/types\/product"}],"version-history":[{"count":1,"href":"https:\/\/edyceramic-shop.ro\/en\/wp-json\/wp\/v2\/product\/8338\/revisions"}],"predecessor-version":[{"id":19030,"href":"https:\/\/edyceramic-shop.ro\/en\/wp-json\/wp\/v2\/product\/8338\/revisions\/19030"}],"wp:featuredmedia":[{"embeddable":true,"href":"https:\/\/edyceramic-shop.ro\/en\/wp-json\/wp\/v2\/media\/19960"}],"wp:attachment":[{"href":"https:\/\/edyceramic-shop.ro\/en\/wp-json\/wp\/v2\/media?parent=8338"}],"wp:term":[{"taxonomy":"product_brand","embeddable":true,"href":"https:\/\/edyceramic-shop.ro\/en\/wp-json\/wp\/v2\/product_brand?post=8338"},{"taxonomy":"product_cat","embeddable":true,"href":"https:\/\/edyceramic-shop.ro\/en\/wp-json\/wp\/v2\/product_cat?post=8338"},{"taxonomy":"product_tag","embeddable":true,"href":"https:\/\/edyceramic-shop.ro\/en\/wp-json\/wp\/v2\/product_tag?post=8338"}],"curies":[{"name":"wp","href":"https:\/\/api.w.org\/{rel}","templated":true}]}}