{"id":8106,"date":"2024-09-22T20:32:47","date_gmt":"2024-09-22T20:32:47","guid":{"rendered":"https:\/\/edyceramic-shop.ro\/produs\/cada-asimetrica-stanga-acryl-alb-duravit-durasenja-170x80cm\/"},"modified":"2025-08-01T13:32:55","modified_gmt":"2025-08-01T11:32:55","slug":"cada-asimetrica-stanga-acryl-alb-duravit-durasenja-170x80cm","status":"publish","type":"product","link":"https:\/\/edyceramic-shop.ro\/en\/product\/each-asymetrical-left-acryl-white-duravit-durasenja-170x80cm\/","title":{"rendered":"CAD\u0102 ASIMETRIC\u0102 ST\u00c2NGA ACRYL ALB DURAVIT DURASENJA 170x80cm"},"content":{"rendered":"<p>Cada de baie freestanding, 170&#215;80 cm, montaj stanga, acryl alb, Duravit DuraSenja 700580000000000<br \/>\nDimensiune: 1700x800x585 mm<br \/>\nCada de Duravit DuraSenja asimetrica, ce se poate monta lipita de perete in colt stanga. Designul ergonomic si foarte functional al cazii DuraSenja este evidentiat de suprafata din acryl sanitar de cea mai inalta calitate, rezistent si usor de intretinut. Cada de baie DuraSenja finisata cu un strat cu rezistenta sporita, cu proprietati antibacteriene, extrem de rezistent, performant si estetic in acelasi timp. Suprafata perfect neteda, suprafata neporoasa, cu o durabilitate foarte mare si rezistenta la decolorare si mirosuri. Se livreaza cu instalatie de cada cu preaplin cu click-clack, scurgere laterala. Finisajul cazii este in culoare alba lucios. Bateria se comanda separat. Garantie 60 luni. Produs fabricat de Duravit.<\/p>","protected":false},"excerpt":{"rendered":"<p>Cada de baie freestanding, 170&#215;80 cm, montaj stanga, acryl alb, Duravit DuraSenja 700580000000000 Dimensiune: 1700x800x585 mm Cada de Duravit DuraSenja<\/p>","protected":false},"featured_media":21572,"template":"","meta":[],"product_brand":[],"product_cat":[342,341,334],"product_tag":[],"class_list":{"0":"post-8106","1":"product","2":"type-product","3":"status-publish","4":"has-post-thumbnail","6":"product_cat-cazi-freestanding","7":"product_cat-cazi-baie","8":"product_cat-sanitare","9":"pa_culoare-alb","10":"pa_dimensiune-170x80cm","11":"pa_fabrica-duravit","12":"pa_material-acryl","13":"pa_montaj-freestanding","15":"first","16":"instock","17":"purchasable","18":"product-type-simple"},"yoast_head":"<!-- This site is optimized with the Yoast SEO Premium plugin v21.6 (Yoast SEO v22.1) - https:\/\/yoast.com\/wordpress\/plugins\/seo\/ -->\n<title>CAD\u0102 ASIMETRIC\u0102 ST\u00c2NGA ACRYL ALB DURAVIT DURASENJA 170x80cm - Edyceramic - magazin online<\/title>\n<meta name=\"robots\" content=\"index, follow, max-snippet:-1, max-image-preview:large, max-video-preview:-1\" \/>\n<link rel=\"canonical\" href=\"https:\/\/edyceramic-shop.ro\/en\/product\/each-asymetrical-left-acryl-white-duravit-durasenja-170x80cm\/\" \/>\n<meta property=\"og:locale\" content=\"en_US\" \/>\n<meta property=\"og:type\" content=\"article\" \/>\n<meta property=\"og:title\" content=\"CAD\u0102 ASIMETRIC\u0102 ST\u00c2NGA ACRYL ALB DURAVIT DURASENJA 170x80cm\" \/>\n<meta property=\"og:description\" content=\"Cada de baie freestanding, 170&#215;80 cm, montaj stanga, acryl alb, Duravit DuraSenja 700580000000000 Dimensiune: 1700x800x585 mm Cada de Duravit DuraSenja\" \/>\n<meta property=\"og:url\" content=\"https:\/\/edyceramic-shop.ro\/en\/product\/each-asymetrical-left-acryl-white-duravit-durasenja-170x80cm\/\" \/>\n<meta property=\"og:site_name\" content=\"Edyceramic - magazin online\" \/>\n<meta property=\"article:modified_time\" content=\"2025-08-01T11:32:55+00:00\" \/>\n<meta property=\"og:image\" content=\"https:\/\/edyceramic-shop.ro\/wp-content\/uploads\/2024\/09\/cada-freestanding-duravit-durasenja-170x80cm-la-perete-stanga-alb-1.webp\" \/>\n\t<meta property=\"og:image:width\" content=\"850\" \/>\n\t<meta property=\"og:image:height\" content=\"850\" \/>\n\t<meta property=\"og:image:type\" content=\"image\/jpeg\" \/>\n<meta name=\"twitter:card\" content=\"summary_large_image\" \/>\n<meta name=\"twitter:label1\" content=\"Price\" \/>\n\t<meta name=\"twitter:data1\" content=\"6.797,00&nbsp;lei\" \/>\n\t<meta name=\"twitter:label2\" content=\"Availability\" \/>\n\t<meta name=\"twitter:data2\" content=\"In stock\" \/>\n<script type=\"application\/ld+json\" class=\"yoast-schema-graph\">{\"@context\":\"https:\/\/schema.org\",\"@graph\":[{\"@type\":\"WebPage\",\"@id\":\"https:\/\/edyceramic-shop.ro\/produs\/cada-asimetrica-stanga-acryl-alb-duravit-durasenja-170x80cm\/\",\"url\":\"https:\/\/edyceramic-shop.ro\/produs\/cada-asimetrica-stanga-acryl-alb-duravit-durasenja-170x80cm\/\",\"name\":\"CAD\u0102 ASIMETRIC\u0102 ST\u00c2NGA ACRYL ALB DURAVIT DURASENJA 170x80cm - Edyceramic - magazin online\",\"isPartOf\":{\"@id\":\"https:\/\/edyceramic-shop.ro\/ro\/#website\"},\"datePublished\":\"2024-09-22T20:32:47+00:00\",\"dateModified\":\"2025-08-01T11:32:55+00:00\",\"breadcrumb\":{\"@id\":\"https:\/\/edyceramic-shop.ro\/produs\/cada-asimetrica-stanga-acryl-alb-duravit-durasenja-170x80cm\/#breadcrumb\"},\"inLanguage\":\"en-US\",\"potentialAction\":[{\"@type\":\"ReadAction\",\"target\":[\"https:\/\/edyceramic-shop.ro\/produs\/cada-asimetrica-stanga-acryl-alb-duravit-durasenja-170x80cm\/\"]}]},{\"@type\":\"BreadcrumbList\",\"@id\":\"https:\/\/edyceramic-shop.ro\/produs\/cada-asimetrica-stanga-acryl-alb-duravit-durasenja-170x80cm\/#breadcrumb\",\"itemListElement\":[{\"@type\":\"ListItem\",\"position\":1,\"name\":\"Home\",\"item\":\"https:\/\/edyceramic-shop.ro\/\"},{\"@type\":\"ListItem\",\"position\":2,\"name\":\"Shop\",\"item\":\"https:\/\/edyceramic-shop.ro\/ro\/shop\/\"},{\"@type\":\"ListItem\",\"position\":3,\"name\":\"CAD\u0102 ASIMETRIC\u0102 ST\u00c2NGA ACRYL ALB DURAVIT DURASENJA 170x80cm\"}]},{\"@type\":\"WebSite\",\"@id\":\"https:\/\/edyceramic-shop.ro\/ro\/#website\",\"url\":\"https:\/\/edyceramic-shop.ro\/ro\/\",\"name\":\"edyceramic.ro\",\"description\":\"\",\"publisher\":{\"@id\":\"https:\/\/edyceramic-shop.ro\/ro\/#organization\"},\"potentialAction\":[{\"@type\":\"SearchAction\",\"target\":{\"@type\":\"EntryPoint\",\"urlTemplate\":\"https:\/\/edyceramic-shop.ro\/ro\/?s={search_term_string}\"},\"query-input\":\"required name=search_term_string\"}],\"inLanguage\":\"en-US\"},{\"@type\":\"Organization\",\"@id\":\"https:\/\/edyceramic-shop.ro\/ro\/#organization\",\"name\":\"Edyceramic\",\"url\":\"https:\/\/edyceramic-shop.ro\/ro\/\",\"logo\":{\"@type\":\"ImageObject\",\"inLanguage\":\"en-US\",\"@id\":\"https:\/\/edyceramic-shop.ro\/ro\/#\/schema\/logo\/image\/\",\"url\":\"https:\/\/edyceramic-shop.ro\/wp-content\/uploads\/2024\/02\/Logo-EdyCeramic_2021-lung.png\",\"contentUrl\":\"https:\/\/edyceramic-shop.ro\/wp-content\/uploads\/2024\/02\/Logo-EdyCeramic_2021-lung.png\",\"width\":4491,\"height\":769,\"caption\":\"Edyceramic\"},\"image\":{\"@id\":\"https:\/\/edyceramic-shop.ro\/ro\/#\/schema\/logo\/image\/\"}}]}<\/script>\n<meta property=\"product:price:amount\" content=\"6797.00\" \/>\n<meta property=\"product:price:currency\" content=\"RON\" \/>\n<meta property=\"og:availability\" content=\"instock\" \/>\n<meta property=\"product:availability\" content=\"instock\" \/>\n<meta property=\"product:retailer_item_id\" content=\"7ff1f14693d3\" \/>\n<meta property=\"product:condition\" content=\"new\" \/>\n<!-- \/ Yoast SEO Premium plugin. -->","yoast_head_json":{"title":"CAD\u0102 ASIMETRIC\u0102 ST\u00c2NGA ACRYL ALB DURAVIT DURASENJA 170x80cm - Edyceramic - magazin online","robots":{"index":"index","follow":"follow","max-snippet":"max-snippet:-1","max-image-preview":"max-image-preview:large","max-video-preview":"max-video-preview:-1"},"canonical":"https:\/\/edyceramic-shop.ro\/en\/product\/each-asymetrical-left-acryl-white-duravit-durasenja-170x80cm\/","og_locale":"en_US","og_type":"article","og_title":"CAD\u0102 ASIMETRIC\u0102 ST\u00c2NGA ACRYL ALB DURAVIT DURASENJA 170x80cm","og_description":"Cada de baie freestanding, 170&#215;80 cm, montaj stanga, acryl alb, Duravit DuraSenja 700580000000000 Dimensiune: 1700x800x585 mm Cada de Duravit DuraSenja","og_url":"https:\/\/edyceramic-shop.ro\/en\/product\/each-asymetrical-left-acryl-white-duravit-durasenja-170x80cm\/","og_site_name":"Edyceramic - magazin online","article_modified_time":"2025-08-01T11:32:55+00:00","og_image":[{"width":850,"height":850,"url":"https:\/\/edyceramic-shop.ro\/wp-content\/uploads\/2024\/09\/cada-freestanding-duravit-durasenja-170x80cm-la-perete-stanga-alb-1.webp","type":"image\/jpeg"}],"twitter_card":"summary_large_image","twitter_misc":{"Price":"6.797,00&nbsp;lei","Availability":"In stock"},"schema":{"@context":"https:\/\/schema.org","@graph":[{"@type":"WebPage","@id":"https:\/\/edyceramic-shop.ro\/produs\/cada-asimetrica-stanga-acryl-alb-duravit-durasenja-170x80cm\/","url":"https:\/\/edyceramic-shop.ro\/produs\/cada-asimetrica-stanga-acryl-alb-duravit-durasenja-170x80cm\/","name":"CAD\u0102 ASIMETRIC\u0102 ST\u00c2NGA ACRYL ALB DURAVIT DURASENJA 170x80cm - Edyceramic - magazin online","isPartOf":{"@id":"https:\/\/edyceramic-shop.ro\/ro\/#website"},"datePublished":"2024-09-22T20:32:47+00:00","dateModified":"2025-08-01T11:32:55+00:00","breadcrumb":{"@id":"https:\/\/edyceramic-shop.ro\/produs\/cada-asimetrica-stanga-acryl-alb-duravit-durasenja-170x80cm\/#breadcrumb"},"inLanguage":"en-US","potentialAction":[{"@type":"ReadAction","target":["https:\/\/edyceramic-shop.ro\/produs\/cada-asimetrica-stanga-acryl-alb-duravit-durasenja-170x80cm\/"]}]},{"@type":"BreadcrumbList","@id":"https:\/\/edyceramic-shop.ro\/produs\/cada-asimetrica-stanga-acryl-alb-duravit-durasenja-170x80cm\/#breadcrumb","itemListElement":[{"@type":"ListItem","position":1,"name":"Home","item":"https:\/\/edyceramic-shop.ro\/"},{"@type":"ListItem","position":2,"name":"Shop","item":"https:\/\/edyceramic-shop.ro\/ro\/shop\/"},{"@type":"ListItem","position":3,"name":"CAD\u0102 ASIMETRIC\u0102 ST\u00c2NGA ACRYL ALB DURAVIT DURASENJA 170x80cm"}]},{"@type":"WebSite","@id":"https:\/\/edyceramic-shop.ro\/ro\/#website","url":"https:\/\/edyceramic-shop.ro\/ro\/","name":"edyceramic.ro","description":"","publisher":{"@id":"https:\/\/edyceramic-shop.ro\/ro\/#organization"},"potentialAction":[{"@type":"SearchAction","target":{"@type":"EntryPoint","urlTemplate":"https:\/\/edyceramic-shop.ro\/ro\/?s={search_term_string}"},"query-input":"required name=search_term_string"}],"inLanguage":"en-US"},{"@type":"Organization","@id":"https:\/\/edyceramic-shop.ro\/ro\/#organization","name":"Edyceramic","url":"https:\/\/edyceramic-shop.ro\/ro\/","logo":{"@type":"ImageObject","inLanguage":"en-US","@id":"https:\/\/edyceramic-shop.ro\/ro\/#\/schema\/logo\/image\/","url":"https:\/\/edyceramic-shop.ro\/wp-content\/uploads\/2024\/02\/Logo-EdyCeramic_2021-lung.png","contentUrl":"https:\/\/edyceramic-shop.ro\/wp-content\/uploads\/2024\/02\/Logo-EdyCeramic_2021-lung.png","width":4491,"height":769,"caption":"Edyceramic"},"image":{"@id":"https:\/\/edyceramic-shop.ro\/ro\/#\/schema\/logo\/image\/"}}]},"product_price_amount":"6797.00","product_price_currency":"RON","og_availability":"instock","product_availability":"instock","product_retailer_item_id":"7ff1f14693d3","product_condition":"new"},"jetpack_sharing_enabled":true,"_links":{"self":[{"href":"https:\/\/edyceramic-shop.ro\/en\/wp-json\/wp\/v2\/product\/8106","targetHints":{"allow":["GET"]}}],"collection":[{"href":"https:\/\/edyceramic-shop.ro\/en\/wp-json\/wp\/v2\/product"}],"about":[{"href":"https:\/\/edyceramic-shop.ro\/en\/wp-json\/wp\/v2\/types\/product"}],"version-history":[{"count":1,"href":"https:\/\/edyceramic-shop.ro\/en\/wp-json\/wp\/v2\/product\/8106\/revisions"}],"predecessor-version":[{"id":18738,"href":"https:\/\/edyceramic-shop.ro\/en\/wp-json\/wp\/v2\/product\/8106\/revisions\/18738"}],"wp:featuredmedia":[{"embeddable":true,"href":"https:\/\/edyceramic-shop.ro\/en\/wp-json\/wp\/v2\/media\/21572"}],"wp:attachment":[{"href":"https:\/\/edyceramic-shop.ro\/en\/wp-json\/wp\/v2\/media?parent=8106"}],"wp:term":[{"taxonomy":"product_brand","embeddable":true,"href":"https:\/\/edyceramic-shop.ro\/en\/wp-json\/wp\/v2\/product_brand?post=8106"},{"taxonomy":"product_cat","embeddable":true,"href":"https:\/\/edyceramic-shop.ro\/en\/wp-json\/wp\/v2\/product_cat?post=8106"},{"taxonomy":"product_tag","embeddable":true,"href":"https:\/\/edyceramic-shop.ro\/en\/wp-json\/wp\/v2\/product_tag?post=8106"}],"curies":[{"name":"wp","href":"https:\/\/api.w.org\/{rel}","templated":true}]}}