{"id":8100,"date":"2024-09-22T20:32:47","date_gmt":"2024-09-22T20:32:47","guid":{"rendered":"https:\/\/edyceramic-shop.ro\/produs\/perie-wc-piazza-fd6-pza-06-22\/"},"modified":"2025-08-01T13:32:55","modified_gmt":"2025-08-01T11:32:55","slug":"perie-wc-piazza-fd6-pza-06-22","status":"publish","type":"product","link":"https:\/\/edyceramic-shop.ro\/en\/product\/perie-wc-piazza-fd6-pza-06-22\/","title":{"rendered":"SQUARE TOILET BRUSH FD6-PZA-06-22"},"content":{"rendered":"<p>Dorin\u021ba pentru un aspect elegant \u0219i func\u021bional \u00een baie este satisf\u0103cut\u0103 cu peria WC din colec\u021bia PIAZZA, \u00eentr-un finisaj negru mat. Cu un design modern \u0219i minimalist, aceast\u0103 perie de toalet\u0103 nu numai c\u0103 \u00eendepline\u0219te scopul s\u0103u practic, dar \u0219i adaug\u0103 un element distinctiv de stil \u00een baia ta. Aspectul s\u0103u sofisticat \u0219i finisajul mat aduc o not\u0103 de rafinament \u00een orice \u00eenc\u0103pere. Fiind parte din colec\u021bia aceast\u0103 colec\u021bie versatil\u0103 de accesorii pentru baie, este garantat c\u0103 se va potrivi armonios cu alte produse din aceea\u0219i gam\u0103, transform\u00e2nd baia \u00eentr-un spa\u021biu elegant \u0219i bine organizat.<\/p>","protected":false},"excerpt":{"rendered":"<p>Dorin\u021ba pentru un aspect elegant \u0219i func\u021bional \u00een baie este satisf\u0103cut\u0103 cu peria WC din colec\u021bia PIAZZA, \u00eentr-un finisaj negru<\/p>","protected":false},"featured_media":18734,"template":"","meta":[],"product_brand":[],"product_cat":[3502,375,334,372],"product_tag":[],"class_list":{"0":"post-8100","1":"product","2":"type-product","3":"status-publish","4":"has-post-thumbnail","6":"product_cat-baterii-fdesign","7":"product_cat-accesorii-toaleta","8":"product_cat-sanitare","9":"product_cat-accesorii-baie","10":"pa_colectie-piazza","11":"pa_culoare-negru","12":"pa_fabrica-fdesign","13":"pa_garantie-7ani","14":"pa_material-metal","16":"first","17":"instock","18":"purchasable","19":"product-type-simple"},"yoast_head":"<!-- This site is optimized with the Yoast SEO Premium plugin v21.6 (Yoast SEO v22.1) - https:\/\/yoast.com\/wordpress\/plugins\/seo\/ -->\n<title>PERIE WC PIAZZA FD6-PZA-06-22 - Edyceramic - magazin online<\/title>\n<meta name=\"robots\" content=\"index, follow, max-snippet:-1, max-image-preview:large, max-video-preview:-1\" \/>\n<link rel=\"canonical\" href=\"https:\/\/edyceramic-shop.ro\/en\/product\/perie-wc-piazza-fd6-pza-06-22\/\" \/>\n<meta property=\"og:locale\" content=\"en_US\" \/>\n<meta property=\"og:type\" content=\"article\" \/>\n<meta property=\"og:title\" content=\"PERIE WC PIAZZA FD6-PZA-06-22\" \/>\n<meta property=\"og:description\" content=\"Dorin\u021ba pentru un aspect elegant \u0219i func\u021bional \u00een baie este satisf\u0103cut\u0103 cu peria WC din colec\u021bia PIAZZA, \u00eentr-un finisaj negru\" \/>\n<meta property=\"og:url\" content=\"https:\/\/edyceramic-shop.ro\/en\/product\/perie-wc-piazza-fd6-pza-06-22\/\" \/>\n<meta property=\"og:site_name\" content=\"Edyceramic - magazin online\" \/>\n<meta property=\"article:modified_time\" content=\"2025-08-01T11:32:55+00:00\" \/>\n<meta property=\"og:image\" content=\"https:\/\/edyceramic-shop.ro\/wp-content\/uploads\/2024\/09\/FD6-PZA-06-22.webp\" \/>\n\t<meta property=\"og:image:width\" content=\"603\" \/>\n\t<meta property=\"og:image:height\" content=\"603\" \/>\n\t<meta property=\"og:image:type\" content=\"image\/webp\" \/>\n<meta name=\"twitter:card\" content=\"summary_large_image\" \/>\n<meta name=\"twitter:label1\" content=\"Price\" \/>\n\t<meta name=\"twitter:data1\" content=\"268,00&nbsp;lei\" \/>\n\t<meta name=\"twitter:label2\" content=\"Availability\" \/>\n\t<meta name=\"twitter:data2\" content=\"In stock\" \/>\n<script type=\"application\/ld+json\" class=\"yoast-schema-graph\">{\"@context\":\"https:\/\/schema.org\",\"@graph\":[{\"@type\":\"WebPage\",\"@id\":\"https:\/\/edyceramic-shop.ro\/produs\/perie-wc-piazza-fd6-pza-06-22\/\",\"url\":\"https:\/\/edyceramic-shop.ro\/produs\/perie-wc-piazza-fd6-pza-06-22\/\",\"name\":\"PERIE WC PIAZZA FD6-PZA-06-22 - Edyceramic - magazin online\",\"isPartOf\":{\"@id\":\"https:\/\/edyceramic-shop.ro\/ro\/#website\"},\"datePublished\":\"2024-09-22T20:32:47+00:00\",\"dateModified\":\"2025-08-01T11:32:55+00:00\",\"breadcrumb\":{\"@id\":\"https:\/\/edyceramic-shop.ro\/produs\/perie-wc-piazza-fd6-pza-06-22\/#breadcrumb\"},\"inLanguage\":\"en-US\",\"potentialAction\":[{\"@type\":\"ReadAction\",\"target\":[\"https:\/\/edyceramic-shop.ro\/produs\/perie-wc-piazza-fd6-pza-06-22\/\"]}]},{\"@type\":\"BreadcrumbList\",\"@id\":\"https:\/\/edyceramic-shop.ro\/produs\/perie-wc-piazza-fd6-pza-06-22\/#breadcrumb\",\"itemListElement\":[{\"@type\":\"ListItem\",\"position\":1,\"name\":\"Home\",\"item\":\"https:\/\/edyceramic-shop.ro\/\"},{\"@type\":\"ListItem\",\"position\":2,\"name\":\"Shop\",\"item\":\"https:\/\/edyceramic-shop.ro\/ro\/shop\/\"},{\"@type\":\"ListItem\",\"position\":3,\"name\":\"PERIE WC PIAZZA FD6-PZA-06-22\"}]},{\"@type\":\"WebSite\",\"@id\":\"https:\/\/edyceramic-shop.ro\/ro\/#website\",\"url\":\"https:\/\/edyceramic-shop.ro\/ro\/\",\"name\":\"edyceramic.ro\",\"description\":\"\",\"publisher\":{\"@id\":\"https:\/\/edyceramic-shop.ro\/ro\/#organization\"},\"potentialAction\":[{\"@type\":\"SearchAction\",\"target\":{\"@type\":\"EntryPoint\",\"urlTemplate\":\"https:\/\/edyceramic-shop.ro\/ro\/?s={search_term_string}\"},\"query-input\":\"required name=search_term_string\"}],\"inLanguage\":\"en-US\"},{\"@type\":\"Organization\",\"@id\":\"https:\/\/edyceramic-shop.ro\/ro\/#organization\",\"name\":\"Edyceramic\",\"url\":\"https:\/\/edyceramic-shop.ro\/ro\/\",\"logo\":{\"@type\":\"ImageObject\",\"inLanguage\":\"en-US\",\"@id\":\"https:\/\/edyceramic-shop.ro\/ro\/#\/schema\/logo\/image\/\",\"url\":\"https:\/\/edyceramic-shop.ro\/wp-content\/uploads\/2024\/02\/Logo-EdyCeramic_2021-lung.png\",\"contentUrl\":\"https:\/\/edyceramic-shop.ro\/wp-content\/uploads\/2024\/02\/Logo-EdyCeramic_2021-lung.png\",\"width\":4491,\"height\":769,\"caption\":\"Edyceramic\"},\"image\":{\"@id\":\"https:\/\/edyceramic-shop.ro\/ro\/#\/schema\/logo\/image\/\"}}]}<\/script>\n<meta property=\"product:price:amount\" content=\"268.00\" \/>\n<meta property=\"product:price:currency\" content=\"RON\" \/>\n<meta property=\"og:availability\" content=\"instock\" \/>\n<meta property=\"product:availability\" content=\"instock\" \/>\n<meta property=\"product:retailer_item_id\" content=\"7d4ba0bab40a\" \/>\n<meta property=\"product:condition\" content=\"new\" \/>\n<!-- \/ Yoast SEO Premium plugin. -->","yoast_head_json":{"title":"PERIE WC PIAZZA FD6-PZA-06-22 - Edyceramic - magazin online","robots":{"index":"index","follow":"follow","max-snippet":"max-snippet:-1","max-image-preview":"max-image-preview:large","max-video-preview":"max-video-preview:-1"},"canonical":"https:\/\/edyceramic-shop.ro\/en\/product\/perie-wc-piazza-fd6-pza-06-22\/","og_locale":"en_US","og_type":"article","og_title":"PERIE WC PIAZZA FD6-PZA-06-22","og_description":"Dorin\u021ba pentru un aspect elegant \u0219i func\u021bional \u00een baie este satisf\u0103cut\u0103 cu peria WC din colec\u021bia PIAZZA, \u00eentr-un finisaj negru","og_url":"https:\/\/edyceramic-shop.ro\/en\/product\/perie-wc-piazza-fd6-pza-06-22\/","og_site_name":"Edyceramic - magazin online","article_modified_time":"2025-08-01T11:32:55+00:00","og_image":[{"width":603,"height":603,"url":"https:\/\/edyceramic-shop.ro\/wp-content\/uploads\/2024\/09\/FD6-PZA-06-22.webp","type":"image\/webp"}],"twitter_card":"summary_large_image","twitter_misc":{"Price":"268,00&nbsp;lei","Availability":"In stock"},"schema":{"@context":"https:\/\/schema.org","@graph":[{"@type":"WebPage","@id":"https:\/\/edyceramic-shop.ro\/produs\/perie-wc-piazza-fd6-pza-06-22\/","url":"https:\/\/edyceramic-shop.ro\/produs\/perie-wc-piazza-fd6-pza-06-22\/","name":"PERIE WC PIAZZA FD6-PZA-06-22 - Edyceramic - magazin online","isPartOf":{"@id":"https:\/\/edyceramic-shop.ro\/ro\/#website"},"datePublished":"2024-09-22T20:32:47+00:00","dateModified":"2025-08-01T11:32:55+00:00","breadcrumb":{"@id":"https:\/\/edyceramic-shop.ro\/produs\/perie-wc-piazza-fd6-pza-06-22\/#breadcrumb"},"inLanguage":"en-US","potentialAction":[{"@type":"ReadAction","target":["https:\/\/edyceramic-shop.ro\/produs\/perie-wc-piazza-fd6-pza-06-22\/"]}]},{"@type":"BreadcrumbList","@id":"https:\/\/edyceramic-shop.ro\/produs\/perie-wc-piazza-fd6-pza-06-22\/#breadcrumb","itemListElement":[{"@type":"ListItem","position":1,"name":"Home","item":"https:\/\/edyceramic-shop.ro\/"},{"@type":"ListItem","position":2,"name":"Shop","item":"https:\/\/edyceramic-shop.ro\/ro\/shop\/"},{"@type":"ListItem","position":3,"name":"PERIE WC PIAZZA FD6-PZA-06-22"}]},{"@type":"WebSite","@id":"https:\/\/edyceramic-shop.ro\/ro\/#website","url":"https:\/\/edyceramic-shop.ro\/ro\/","name":"edyceramic.ro","description":"","publisher":{"@id":"https:\/\/edyceramic-shop.ro\/ro\/#organization"},"potentialAction":[{"@type":"SearchAction","target":{"@type":"EntryPoint","urlTemplate":"https:\/\/edyceramic-shop.ro\/ro\/?s={search_term_string}"},"query-input":"required name=search_term_string"}],"inLanguage":"en-US"},{"@type":"Organization","@id":"https:\/\/edyceramic-shop.ro\/ro\/#organization","name":"Edyceramic","url":"https:\/\/edyceramic-shop.ro\/ro\/","logo":{"@type":"ImageObject","inLanguage":"en-US","@id":"https:\/\/edyceramic-shop.ro\/ro\/#\/schema\/logo\/image\/","url":"https:\/\/edyceramic-shop.ro\/wp-content\/uploads\/2024\/02\/Logo-EdyCeramic_2021-lung.png","contentUrl":"https:\/\/edyceramic-shop.ro\/wp-content\/uploads\/2024\/02\/Logo-EdyCeramic_2021-lung.png","width":4491,"height":769,"caption":"Edyceramic"},"image":{"@id":"https:\/\/edyceramic-shop.ro\/ro\/#\/schema\/logo\/image\/"}}]},"product_price_amount":"268.00","product_price_currency":"RON","og_availability":"instock","product_availability":"instock","product_retailer_item_id":"7d4ba0bab40a","product_condition":"new"},"jetpack_sharing_enabled":true,"_links":{"self":[{"href":"https:\/\/edyceramic-shop.ro\/en\/wp-json\/wp\/v2\/product\/8100","targetHints":{"allow":["GET"]}}],"collection":[{"href":"https:\/\/edyceramic-shop.ro\/en\/wp-json\/wp\/v2\/product"}],"about":[{"href":"https:\/\/edyceramic-shop.ro\/en\/wp-json\/wp\/v2\/types\/product"}],"version-history":[{"count":1,"href":"https:\/\/edyceramic-shop.ro\/en\/wp-json\/wp\/v2\/product\/8100\/revisions"}],"predecessor-version":[{"id":18733,"href":"https:\/\/edyceramic-shop.ro\/en\/wp-json\/wp\/v2\/product\/8100\/revisions\/18733"}],"wp:featuredmedia":[{"embeddable":true,"href":"https:\/\/edyceramic-shop.ro\/en\/wp-json\/wp\/v2\/media\/18734"}],"wp:attachment":[{"href":"https:\/\/edyceramic-shop.ro\/en\/wp-json\/wp\/v2\/media?parent=8100"}],"wp:term":[{"taxonomy":"product_brand","embeddable":true,"href":"https:\/\/edyceramic-shop.ro\/en\/wp-json\/wp\/v2\/product_brand?post=8100"},{"taxonomy":"product_cat","embeddable":true,"href":"https:\/\/edyceramic-shop.ro\/en\/wp-json\/wp\/v2\/product_cat?post=8100"},{"taxonomy":"product_tag","embeddable":true,"href":"https:\/\/edyceramic-shop.ro\/en\/wp-json\/wp\/v2\/product_tag?post=8100"}],"curies":[{"name":"wp","href":"https:\/\/api.w.org\/{rel}","templated":true}]}}