{"id":8086,"date":"2024-09-22T20:32:03","date_gmt":"2024-09-22T20:32:03","guid":{"rendered":"https:\/\/edyceramic-shop.ro\/produs\/portprosop-simplu-piazza-fd6-pza-01-22\/"},"modified":"2025-08-01T13:32:54","modified_gmt":"2025-08-01T11:32:54","slug":"portprosop-simplu-piazza-fd6-pza-01-22","status":"publish","type":"product","link":"https:\/\/edyceramic-shop.ro\/en\/product\/portprosop-simplu-piazza-fd6-pza-01-22\/","title":{"rendered":"PORTPROSOP SIMPLU PIAZZA FD6-PZA-01-22"},"content":{"rendered":"<p>Negrul devine din ce \u00een ce mai popular \u00een designul interior al b\u0103ilor, fiind apreciat pentru elegan\u021ba sa distinctiv\u0103. Accesoriile de baie \u00een culoarea neagr\u0103, precum suportul pentru prosoape PIAZZA, reprezint\u0103 completarea ideal\u0103 pentru bateriile cu acela\u0219i finisaj. Ele se integreaz\u0103 perfect at\u00e2t \u00een stilul clasic, c\u00e2t \u0219i \u00een cel modern, inclusiv \u00een designul de inspira\u021bie industrial\u0103. Fiind at\u00e2t func\u021bional c\u00e2t \u0219i estetic, acest suport portprosop adaug\u0103 o not\u0103 de rafinament \u0219i lux oric\u0103rei b\u0103i, conferindu-i un aspect contemporan \u0219i elegant.<\/p>","protected":false},"excerpt":{"rendered":"<p>Negrul devine din ce \u00een ce mai popular \u00een designul interior al b\u0103ilor, fiind apreciat pentru elegan\u021ba sa distinctiv\u0103. Accesoriile<\/p>","protected":false},"featured_media":18713,"template":"","meta":[],"product_brand":[],"product_cat":[3502,376,334,372],"product_tag":[],"class_list":{"0":"post-8086","1":"product","2":"type-product","3":"status-publish","4":"has-post-thumbnail","6":"product_cat-baterii-fdesign","7":"product_cat-suporturi-prosoape-si-cuiere","8":"product_cat-sanitare","9":"product_cat-accesorii-baie","10":"pa_colectie-piazza","11":"pa_culoare-negru","12":"pa_dimensiune-606mm","13":"pa_fabrica-fdesign","14":"pa_garantie-7ani","15":"pa_material-metal","16":"pa_montaj-pe-perete","18":"first","19":"instock","20":"purchasable","21":"product-type-simple"},"yoast_head":"<!-- This site is optimized with the Yoast SEO Premium plugin v21.6 (Yoast SEO v22.1) - https:\/\/yoast.com\/wordpress\/plugins\/seo\/ -->\n<title>PORTPROSOP SIMPLU PIAZZA FD6-PZA-01-22 - Edyceramic - magazin online<\/title>\n<meta name=\"robots\" content=\"index, follow, max-snippet:-1, max-image-preview:large, max-video-preview:-1\" \/>\n<link rel=\"canonical\" href=\"https:\/\/edyceramic-shop.ro\/en\/product\/portprosop-simplu-piazza-fd6-pza-01-22\/\" \/>\n<meta property=\"og:locale\" content=\"en_US\" \/>\n<meta property=\"og:type\" content=\"article\" \/>\n<meta property=\"og:title\" content=\"PORTPROSOP SIMPLU PIAZZA FD6-PZA-01-22\" \/>\n<meta property=\"og:description\" content=\"Negrul devine din ce \u00een ce mai popular \u00een designul interior al b\u0103ilor, fiind apreciat pentru elegan\u021ba sa distinctiv\u0103. Accesoriile\" \/>\n<meta property=\"og:url\" content=\"https:\/\/edyceramic-shop.ro\/en\/product\/portprosop-simplu-piazza-fd6-pza-01-22\/\" \/>\n<meta property=\"og:site_name\" content=\"Edyceramic - magazin online\" \/>\n<meta property=\"article:modified_time\" content=\"2025-08-01T11:32:54+00:00\" \/>\n<meta property=\"og:image\" content=\"https:\/\/edyceramic-shop.ro\/wp-content\/uploads\/2024\/09\/FD6-PZA-01-22.webp\" \/>\n\t<meta property=\"og:image:width\" content=\"603\" \/>\n\t<meta property=\"og:image:height\" content=\"603\" \/>\n\t<meta property=\"og:image:type\" content=\"image\/webp\" \/>\n<meta name=\"twitter:card\" content=\"summary_large_image\" \/>\n<meta name=\"twitter:label1\" content=\"Price\" \/>\n\t<meta name=\"twitter:data1\" content=\"289,00&nbsp;lei\" \/>\n\t<meta name=\"twitter:label2\" content=\"Availability\" \/>\n\t<meta name=\"twitter:data2\" content=\"In stock\" \/>\n<script type=\"application\/ld+json\" class=\"yoast-schema-graph\">{\"@context\":\"https:\/\/schema.org\",\"@graph\":[{\"@type\":\"WebPage\",\"@id\":\"https:\/\/edyceramic-shop.ro\/produs\/portprosop-simplu-piazza-fd6-pza-01-22\/\",\"url\":\"https:\/\/edyceramic-shop.ro\/produs\/portprosop-simplu-piazza-fd6-pza-01-22\/\",\"name\":\"PORTPROSOP SIMPLU PIAZZA FD6-PZA-01-22 - Edyceramic - magazin online\",\"isPartOf\":{\"@id\":\"https:\/\/edyceramic-shop.ro\/ro\/#website\"},\"datePublished\":\"2024-09-22T20:32:03+00:00\",\"dateModified\":\"2025-08-01T11:32:54+00:00\",\"breadcrumb\":{\"@id\":\"https:\/\/edyceramic-shop.ro\/produs\/portprosop-simplu-piazza-fd6-pza-01-22\/#breadcrumb\"},\"inLanguage\":\"en-US\",\"potentialAction\":[{\"@type\":\"ReadAction\",\"target\":[\"https:\/\/edyceramic-shop.ro\/produs\/portprosop-simplu-piazza-fd6-pza-01-22\/\"]}]},{\"@type\":\"BreadcrumbList\",\"@id\":\"https:\/\/edyceramic-shop.ro\/produs\/portprosop-simplu-piazza-fd6-pza-01-22\/#breadcrumb\",\"itemListElement\":[{\"@type\":\"ListItem\",\"position\":1,\"name\":\"Home\",\"item\":\"https:\/\/edyceramic-shop.ro\/\"},{\"@type\":\"ListItem\",\"position\":2,\"name\":\"Shop\",\"item\":\"https:\/\/edyceramic-shop.ro\/ro\/shop\/\"},{\"@type\":\"ListItem\",\"position\":3,\"name\":\"PORTPROSOP SIMPLU PIAZZA FD6-PZA-01-22\"}]},{\"@type\":\"WebSite\",\"@id\":\"https:\/\/edyceramic-shop.ro\/ro\/#website\",\"url\":\"https:\/\/edyceramic-shop.ro\/ro\/\",\"name\":\"edyceramic.ro\",\"description\":\"\",\"publisher\":{\"@id\":\"https:\/\/edyceramic-shop.ro\/ro\/#organization\"},\"potentialAction\":[{\"@type\":\"SearchAction\",\"target\":{\"@type\":\"EntryPoint\",\"urlTemplate\":\"https:\/\/edyceramic-shop.ro\/ro\/?s={search_term_string}\"},\"query-input\":\"required name=search_term_string\"}],\"inLanguage\":\"en-US\"},{\"@type\":\"Organization\",\"@id\":\"https:\/\/edyceramic-shop.ro\/ro\/#organization\",\"name\":\"Edyceramic\",\"url\":\"https:\/\/edyceramic-shop.ro\/ro\/\",\"logo\":{\"@type\":\"ImageObject\",\"inLanguage\":\"en-US\",\"@id\":\"https:\/\/edyceramic-shop.ro\/ro\/#\/schema\/logo\/image\/\",\"url\":\"https:\/\/edyceramic-shop.ro\/wp-content\/uploads\/2024\/02\/Logo-EdyCeramic_2021-lung.png\",\"contentUrl\":\"https:\/\/edyceramic-shop.ro\/wp-content\/uploads\/2024\/02\/Logo-EdyCeramic_2021-lung.png\",\"width\":4491,\"height\":769,\"caption\":\"Edyceramic\"},\"image\":{\"@id\":\"https:\/\/edyceramic-shop.ro\/ro\/#\/schema\/logo\/image\/\"}}]}<\/script>\n<meta property=\"product:price:amount\" content=\"289.00\" \/>\n<meta property=\"product:price:currency\" content=\"RON\" \/>\n<meta property=\"og:availability\" content=\"instock\" \/>\n<meta property=\"product:availability\" content=\"instock\" \/>\n<meta property=\"product:retailer_item_id\" content=\"cb3bbcc74210\" \/>\n<meta property=\"product:condition\" content=\"new\" \/>\n<!-- \/ Yoast SEO Premium plugin. -->","yoast_head_json":{"title":"PORTPROSOP SIMPLU PIAZZA FD6-PZA-01-22 - Edyceramic - magazin online","robots":{"index":"index","follow":"follow","max-snippet":"max-snippet:-1","max-image-preview":"max-image-preview:large","max-video-preview":"max-video-preview:-1"},"canonical":"https:\/\/edyceramic-shop.ro\/en\/product\/portprosop-simplu-piazza-fd6-pza-01-22\/","og_locale":"en_US","og_type":"article","og_title":"PORTPROSOP SIMPLU PIAZZA FD6-PZA-01-22","og_description":"Negrul devine din ce \u00een ce mai popular \u00een designul interior al b\u0103ilor, fiind apreciat pentru elegan\u021ba sa distinctiv\u0103. Accesoriile","og_url":"https:\/\/edyceramic-shop.ro\/en\/product\/portprosop-simplu-piazza-fd6-pza-01-22\/","og_site_name":"Edyceramic - magazin online","article_modified_time":"2025-08-01T11:32:54+00:00","og_image":[{"width":603,"height":603,"url":"https:\/\/edyceramic-shop.ro\/wp-content\/uploads\/2024\/09\/FD6-PZA-01-22.webp","type":"image\/webp"}],"twitter_card":"summary_large_image","twitter_misc":{"Price":"289,00&nbsp;lei","Availability":"In stock"},"schema":{"@context":"https:\/\/schema.org","@graph":[{"@type":"WebPage","@id":"https:\/\/edyceramic-shop.ro\/produs\/portprosop-simplu-piazza-fd6-pza-01-22\/","url":"https:\/\/edyceramic-shop.ro\/produs\/portprosop-simplu-piazza-fd6-pza-01-22\/","name":"PORTPROSOP SIMPLU PIAZZA FD6-PZA-01-22 - Edyceramic - magazin online","isPartOf":{"@id":"https:\/\/edyceramic-shop.ro\/ro\/#website"},"datePublished":"2024-09-22T20:32:03+00:00","dateModified":"2025-08-01T11:32:54+00:00","breadcrumb":{"@id":"https:\/\/edyceramic-shop.ro\/produs\/portprosop-simplu-piazza-fd6-pza-01-22\/#breadcrumb"},"inLanguage":"en-US","potentialAction":[{"@type":"ReadAction","target":["https:\/\/edyceramic-shop.ro\/produs\/portprosop-simplu-piazza-fd6-pza-01-22\/"]}]},{"@type":"BreadcrumbList","@id":"https:\/\/edyceramic-shop.ro\/produs\/portprosop-simplu-piazza-fd6-pza-01-22\/#breadcrumb","itemListElement":[{"@type":"ListItem","position":1,"name":"Home","item":"https:\/\/edyceramic-shop.ro\/"},{"@type":"ListItem","position":2,"name":"Shop","item":"https:\/\/edyceramic-shop.ro\/ro\/shop\/"},{"@type":"ListItem","position":3,"name":"PORTPROSOP SIMPLU PIAZZA FD6-PZA-01-22"}]},{"@type":"WebSite","@id":"https:\/\/edyceramic-shop.ro\/ro\/#website","url":"https:\/\/edyceramic-shop.ro\/ro\/","name":"edyceramic.ro","description":"","publisher":{"@id":"https:\/\/edyceramic-shop.ro\/ro\/#organization"},"potentialAction":[{"@type":"SearchAction","target":{"@type":"EntryPoint","urlTemplate":"https:\/\/edyceramic-shop.ro\/ro\/?s={search_term_string}"},"query-input":"required name=search_term_string"}],"inLanguage":"en-US"},{"@type":"Organization","@id":"https:\/\/edyceramic-shop.ro\/ro\/#organization","name":"Edyceramic","url":"https:\/\/edyceramic-shop.ro\/ro\/","logo":{"@type":"ImageObject","inLanguage":"en-US","@id":"https:\/\/edyceramic-shop.ro\/ro\/#\/schema\/logo\/image\/","url":"https:\/\/edyceramic-shop.ro\/wp-content\/uploads\/2024\/02\/Logo-EdyCeramic_2021-lung.png","contentUrl":"https:\/\/edyceramic-shop.ro\/wp-content\/uploads\/2024\/02\/Logo-EdyCeramic_2021-lung.png","width":4491,"height":769,"caption":"Edyceramic"},"image":{"@id":"https:\/\/edyceramic-shop.ro\/ro\/#\/schema\/logo\/image\/"}}]},"product_price_amount":"289.00","product_price_currency":"RON","og_availability":"instock","product_availability":"instock","product_retailer_item_id":"cb3bbcc74210","product_condition":"new"},"jetpack_sharing_enabled":true,"_links":{"self":[{"href":"https:\/\/edyceramic-shop.ro\/en\/wp-json\/wp\/v2\/product\/8086","targetHints":{"allow":["GET"]}}],"collection":[{"href":"https:\/\/edyceramic-shop.ro\/en\/wp-json\/wp\/v2\/product"}],"about":[{"href":"https:\/\/edyceramic-shop.ro\/en\/wp-json\/wp\/v2\/types\/product"}],"version-history":[{"count":1,"href":"https:\/\/edyceramic-shop.ro\/en\/wp-json\/wp\/v2\/product\/8086\/revisions"}],"predecessor-version":[{"id":18712,"href":"https:\/\/edyceramic-shop.ro\/en\/wp-json\/wp\/v2\/product\/8086\/revisions\/18712"}],"wp:featuredmedia":[{"embeddable":true,"href":"https:\/\/edyceramic-shop.ro\/en\/wp-json\/wp\/v2\/media\/18713"}],"wp:attachment":[{"href":"https:\/\/edyceramic-shop.ro\/en\/wp-json\/wp\/v2\/media?parent=8086"}],"wp:term":[{"taxonomy":"product_brand","embeddable":true,"href":"https:\/\/edyceramic-shop.ro\/en\/wp-json\/wp\/v2\/product_brand?post=8086"},{"taxonomy":"product_cat","embeddable":true,"href":"https:\/\/edyceramic-shop.ro\/en\/wp-json\/wp\/v2\/product_cat?post=8086"},{"taxonomy":"product_tag","embeddable":true,"href":"https:\/\/edyceramic-shop.ro\/en\/wp-json\/wp\/v2\/product_tag?post=8086"}],"curies":[{"name":"wp","href":"https:\/\/api.w.org\/{rel}","templated":true}]}}