{"id":8074,"date":"2024-09-22T20:32:03","date_gmt":"2024-09-22T20:32:03","guid":{"rendered":"https:\/\/edyceramic-shop.ro\/produs\/suport-hartie-igienica-piazza-fd6-pza-09-11\/"},"modified":"2025-08-01T13:32:53","modified_gmt":"2025-08-01T11:32:53","slug":"suport-hartie-igienica-piazza-fd6-pza-09-11","status":"publish","type":"product","link":"https:\/\/edyceramic-shop.ro\/en\/product\/suport-hartie-igienica-piazza-fd6-pza-09-11\/","title":{"rendered":"SUPORT H\u00c2RTIE IGIENIC\u0102 PIAZZA FD6-PZA-09-11"},"content":{"rendered":"<p>Suportul pentru h\u00e2rtie igienic\u0103, cu designul s\u0103u simplu \u0219i aspectul cromat rafinat, este complementul perfect pentru baia ta \u00een stil industrial. \u00cencadr\u00e2ndu-se armonios \u00een familia de accesorii pentru baie PIAZZA caracterizate prin linii minimaliste \u0219i geometrie rectangular\u0103, acest suport aduce un aer distinct \u0219i elegant spa\u021biului t\u0103u de baie. Partea suportului destinat\u0103 rolei de h\u00e2rtie este echipat\u0103 cu un sistem special de blocare, asigur\u00e2nd astfel c\u0103 h\u00e2rtia r\u0103m\u00e2ne fixat\u0103 \u00een suport \u0219i c\u0103 nu alunec\u0103. Simplu \u0219i practic, acest suport este o adi\u021bie util\u0103 pentru orice baie modern\u0103.<\/p>","protected":false},"excerpt":{"rendered":"<p>Suportul pentru h\u00e2rtie igienic\u0103, cu designul s\u0103u simplu \u0219i aspectul cromat rafinat, este complementul perfect pentru baia ta \u00een stil<\/p>","protected":false},"featured_media":18700,"template":"","meta":[],"product_brand":[],"product_cat":[3502,375,334,372],"product_tag":[],"class_list":{"0":"post-8074","1":"product","2":"type-product","3":"status-publish","4":"has-post-thumbnail","6":"product_cat-baterii-fdesign","7":"product_cat-accesorii-toaleta","8":"product_cat-sanitare","9":"product_cat-accesorii-baie","10":"pa_colectie-piazza","11":"pa_culoare-crom","12":"pa_fabrica-fdesign","13":"pa_garantie-7ani","14":"pa_material-metal","15":"pa_montaj-pe-perete","17":"first","18":"instock","19":"purchasable","20":"product-type-simple"},"yoast_head":"<!-- This site is optimized with the Yoast SEO Premium plugin v21.6 (Yoast SEO v22.1) - https:\/\/yoast.com\/wordpress\/plugins\/seo\/ -->\n<title>SUPORT H\u00c2RTIE IGIENIC\u0102 PIAZZA FD6-PZA-09-11 - Edyceramic - magazin online<\/title>\n<meta name=\"robots\" content=\"index, follow, max-snippet:-1, max-image-preview:large, max-video-preview:-1\" \/>\n<link rel=\"canonical\" href=\"https:\/\/edyceramic-shop.ro\/en\/product\/suport-hartie-igienica-piazza-fd6-pza-09-11\/\" \/>\n<meta property=\"og:locale\" content=\"en_US\" \/>\n<meta property=\"og:type\" content=\"article\" \/>\n<meta property=\"og:title\" content=\"SUPORT H\u00c2RTIE IGIENIC\u0102 PIAZZA FD6-PZA-09-11\" \/>\n<meta property=\"og:description\" content=\"Suportul pentru h\u00e2rtie igienic\u0103, cu designul s\u0103u simplu \u0219i aspectul cromat rafinat, este complementul perfect pentru baia ta \u00een stil\" \/>\n<meta property=\"og:url\" content=\"https:\/\/edyceramic-shop.ro\/en\/product\/suport-hartie-igienica-piazza-fd6-pza-09-11\/\" \/>\n<meta property=\"og:site_name\" content=\"Edyceramic - magazin online\" \/>\n<meta property=\"article:modified_time\" content=\"2025-08-01T11:32:53+00:00\" \/>\n<meta property=\"og:image\" content=\"https:\/\/edyceramic-shop.ro\/wp-content\/uploads\/2024\/09\/FD6-PZA-09-11.webp\" \/>\n\t<meta property=\"og:image:width\" content=\"603\" \/>\n\t<meta property=\"og:image:height\" content=\"603\" \/>\n\t<meta property=\"og:image:type\" content=\"image\/webp\" \/>\n<meta name=\"twitter:card\" content=\"summary_large_image\" \/>\n<meta name=\"twitter:label1\" content=\"Price\" \/>\n\t<meta name=\"twitter:data1\" content=\"165,00&nbsp;lei\" \/>\n\t<meta name=\"twitter:label2\" content=\"Availability\" \/>\n\t<meta name=\"twitter:data2\" content=\"In stock\" \/>\n<script type=\"application\/ld+json\" class=\"yoast-schema-graph\">{\"@context\":\"https:\/\/schema.org\",\"@graph\":[{\"@type\":\"WebPage\",\"@id\":\"https:\/\/edyceramic-shop.ro\/produs\/suport-hartie-igienica-piazza-fd6-pza-09-11\/\",\"url\":\"https:\/\/edyceramic-shop.ro\/produs\/suport-hartie-igienica-piazza-fd6-pza-09-11\/\",\"name\":\"SUPORT H\u00c2RTIE IGIENIC\u0102 PIAZZA FD6-PZA-09-11 - Edyceramic - magazin online\",\"isPartOf\":{\"@id\":\"https:\/\/edyceramic-shop.ro\/ro\/#website\"},\"datePublished\":\"2024-09-22T20:32:03+00:00\",\"dateModified\":\"2025-08-01T11:32:53+00:00\",\"breadcrumb\":{\"@id\":\"https:\/\/edyceramic-shop.ro\/produs\/suport-hartie-igienica-piazza-fd6-pza-09-11\/#breadcrumb\"},\"inLanguage\":\"en-US\",\"potentialAction\":[{\"@type\":\"ReadAction\",\"target\":[\"https:\/\/edyceramic-shop.ro\/produs\/suport-hartie-igienica-piazza-fd6-pza-09-11\/\"]}]},{\"@type\":\"BreadcrumbList\",\"@id\":\"https:\/\/edyceramic-shop.ro\/produs\/suport-hartie-igienica-piazza-fd6-pza-09-11\/#breadcrumb\",\"itemListElement\":[{\"@type\":\"ListItem\",\"position\":1,\"name\":\"Home\",\"item\":\"https:\/\/edyceramic-shop.ro\/\"},{\"@type\":\"ListItem\",\"position\":2,\"name\":\"Shop\",\"item\":\"https:\/\/edyceramic-shop.ro\/ro\/shop\/\"},{\"@type\":\"ListItem\",\"position\":3,\"name\":\"SUPORT H\u00c2RTIE IGIENIC\u0102 PIAZZA FD6-PZA-09-11\"}]},{\"@type\":\"WebSite\",\"@id\":\"https:\/\/edyceramic-shop.ro\/ro\/#website\",\"url\":\"https:\/\/edyceramic-shop.ro\/ro\/\",\"name\":\"edyceramic.ro\",\"description\":\"\",\"publisher\":{\"@id\":\"https:\/\/edyceramic-shop.ro\/ro\/#organization\"},\"potentialAction\":[{\"@type\":\"SearchAction\",\"target\":{\"@type\":\"EntryPoint\",\"urlTemplate\":\"https:\/\/edyceramic-shop.ro\/ro\/?s={search_term_string}\"},\"query-input\":\"required name=search_term_string\"}],\"inLanguage\":\"en-US\"},{\"@type\":\"Organization\",\"@id\":\"https:\/\/edyceramic-shop.ro\/ro\/#organization\",\"name\":\"Edyceramic\",\"url\":\"https:\/\/edyceramic-shop.ro\/ro\/\",\"logo\":{\"@type\":\"ImageObject\",\"inLanguage\":\"en-US\",\"@id\":\"https:\/\/edyceramic-shop.ro\/ro\/#\/schema\/logo\/image\/\",\"url\":\"https:\/\/edyceramic-shop.ro\/wp-content\/uploads\/2024\/02\/Logo-EdyCeramic_2021-lung.png\",\"contentUrl\":\"https:\/\/edyceramic-shop.ro\/wp-content\/uploads\/2024\/02\/Logo-EdyCeramic_2021-lung.png\",\"width\":4491,\"height\":769,\"caption\":\"Edyceramic\"},\"image\":{\"@id\":\"https:\/\/edyceramic-shop.ro\/ro\/#\/schema\/logo\/image\/\"}}]}<\/script>\n<meta property=\"product:price:amount\" content=\"165.00\" \/>\n<meta property=\"product:price:currency\" content=\"RON\" \/>\n<meta property=\"og:availability\" content=\"instock\" \/>\n<meta property=\"product:availability\" content=\"instock\" \/>\n<meta property=\"product:retailer_item_id\" content=\"7c8132579d8a\" \/>\n<meta property=\"product:condition\" content=\"new\" \/>\n<!-- \/ Yoast SEO Premium plugin. -->","yoast_head_json":{"title":"SUPORT H\u00c2RTIE IGIENIC\u0102 PIAZZA FD6-PZA-09-11 - Edyceramic - magazin online","robots":{"index":"index","follow":"follow","max-snippet":"max-snippet:-1","max-image-preview":"max-image-preview:large","max-video-preview":"max-video-preview:-1"},"canonical":"https:\/\/edyceramic-shop.ro\/en\/product\/suport-hartie-igienica-piazza-fd6-pza-09-11\/","og_locale":"en_US","og_type":"article","og_title":"SUPORT H\u00c2RTIE IGIENIC\u0102 PIAZZA FD6-PZA-09-11","og_description":"Suportul pentru h\u00e2rtie igienic\u0103, cu designul s\u0103u simplu \u0219i aspectul cromat rafinat, este complementul perfect pentru baia ta \u00een stil","og_url":"https:\/\/edyceramic-shop.ro\/en\/product\/suport-hartie-igienica-piazza-fd6-pza-09-11\/","og_site_name":"Edyceramic - magazin online","article_modified_time":"2025-08-01T11:32:53+00:00","og_image":[{"width":603,"height":603,"url":"https:\/\/edyceramic-shop.ro\/wp-content\/uploads\/2024\/09\/FD6-PZA-09-11.webp","type":"image\/webp"}],"twitter_card":"summary_large_image","twitter_misc":{"Price":"165,00&nbsp;lei","Availability":"In stock"},"schema":{"@context":"https:\/\/schema.org","@graph":[{"@type":"WebPage","@id":"https:\/\/edyceramic-shop.ro\/produs\/suport-hartie-igienica-piazza-fd6-pza-09-11\/","url":"https:\/\/edyceramic-shop.ro\/produs\/suport-hartie-igienica-piazza-fd6-pza-09-11\/","name":"SUPORT H\u00c2RTIE IGIENIC\u0102 PIAZZA FD6-PZA-09-11 - Edyceramic - magazin online","isPartOf":{"@id":"https:\/\/edyceramic-shop.ro\/ro\/#website"},"datePublished":"2024-09-22T20:32:03+00:00","dateModified":"2025-08-01T11:32:53+00:00","breadcrumb":{"@id":"https:\/\/edyceramic-shop.ro\/produs\/suport-hartie-igienica-piazza-fd6-pza-09-11\/#breadcrumb"},"inLanguage":"en-US","potentialAction":[{"@type":"ReadAction","target":["https:\/\/edyceramic-shop.ro\/produs\/suport-hartie-igienica-piazza-fd6-pza-09-11\/"]}]},{"@type":"BreadcrumbList","@id":"https:\/\/edyceramic-shop.ro\/produs\/suport-hartie-igienica-piazza-fd6-pza-09-11\/#breadcrumb","itemListElement":[{"@type":"ListItem","position":1,"name":"Home","item":"https:\/\/edyceramic-shop.ro\/"},{"@type":"ListItem","position":2,"name":"Shop","item":"https:\/\/edyceramic-shop.ro\/ro\/shop\/"},{"@type":"ListItem","position":3,"name":"SUPORT H\u00c2RTIE IGIENIC\u0102 PIAZZA FD6-PZA-09-11"}]},{"@type":"WebSite","@id":"https:\/\/edyceramic-shop.ro\/ro\/#website","url":"https:\/\/edyceramic-shop.ro\/ro\/","name":"edyceramic.ro","description":"","publisher":{"@id":"https:\/\/edyceramic-shop.ro\/ro\/#organization"},"potentialAction":[{"@type":"SearchAction","target":{"@type":"EntryPoint","urlTemplate":"https:\/\/edyceramic-shop.ro\/ro\/?s={search_term_string}"},"query-input":"required name=search_term_string"}],"inLanguage":"en-US"},{"@type":"Organization","@id":"https:\/\/edyceramic-shop.ro\/ro\/#organization","name":"Edyceramic","url":"https:\/\/edyceramic-shop.ro\/ro\/","logo":{"@type":"ImageObject","inLanguage":"en-US","@id":"https:\/\/edyceramic-shop.ro\/ro\/#\/schema\/logo\/image\/","url":"https:\/\/edyceramic-shop.ro\/wp-content\/uploads\/2024\/02\/Logo-EdyCeramic_2021-lung.png","contentUrl":"https:\/\/edyceramic-shop.ro\/wp-content\/uploads\/2024\/02\/Logo-EdyCeramic_2021-lung.png","width":4491,"height":769,"caption":"Edyceramic"},"image":{"@id":"https:\/\/edyceramic-shop.ro\/ro\/#\/schema\/logo\/image\/"}}]},"product_price_amount":"165.00","product_price_currency":"RON","og_availability":"instock","product_availability":"instock","product_retailer_item_id":"7c8132579d8a","product_condition":"new"},"jetpack_sharing_enabled":true,"_links":{"self":[{"href":"https:\/\/edyceramic-shop.ro\/en\/wp-json\/wp\/v2\/product\/8074","targetHints":{"allow":["GET"]}}],"collection":[{"href":"https:\/\/edyceramic-shop.ro\/en\/wp-json\/wp\/v2\/product"}],"about":[{"href":"https:\/\/edyceramic-shop.ro\/en\/wp-json\/wp\/v2\/types\/product"}],"version-history":[{"count":1,"href":"https:\/\/edyceramic-shop.ro\/en\/wp-json\/wp\/v2\/product\/8074\/revisions"}],"predecessor-version":[{"id":18699,"href":"https:\/\/edyceramic-shop.ro\/en\/wp-json\/wp\/v2\/product\/8074\/revisions\/18699"}],"wp:featuredmedia":[{"embeddable":true,"href":"https:\/\/edyceramic-shop.ro\/en\/wp-json\/wp\/v2\/media\/18700"}],"wp:attachment":[{"href":"https:\/\/edyceramic-shop.ro\/en\/wp-json\/wp\/v2\/media?parent=8074"}],"wp:term":[{"taxonomy":"product_brand","embeddable":true,"href":"https:\/\/edyceramic-shop.ro\/en\/wp-json\/wp\/v2\/product_brand?post=8074"},{"taxonomy":"product_cat","embeddable":true,"href":"https:\/\/edyceramic-shop.ro\/en\/wp-json\/wp\/v2\/product_cat?post=8074"},{"taxonomy":"product_tag","embeddable":true,"href":"https:\/\/edyceramic-shop.ro\/en\/wp-json\/wp\/v2\/product_tag?post=8074"}],"curies":[{"name":"wp","href":"https:\/\/api.w.org\/{rel}","templated":true}]}}