{"id":8046,"date":"2024-09-22T20:31:16","date_gmt":"2024-09-22T20:31:16","guid":{"rendered":"https:\/\/edyceramic-shop.ro\/produs\/ventil-lavoar-click-clack-fd7-305-55\/"},"modified":"2025-08-01T13:32:51","modified_gmt":"2025-08-01T11:32:51","slug":"ventil-lavoar-click-clack-fd7-305-55","status":"publish","type":"product","link":"https:\/\/edyceramic-shop.ro\/en\/product\/ventil-lavoar-click-clack-fd7-305-55\/","title":{"rendered":"VENTIL LAVOAR CLICK-CLACK FD7-305-55"},"content":{"rendered":"<p>Cu aten\u021bia noastr\u0103 orientat\u0103 spre detaliile minore, baia devine cu adev\u0103rat un spa\u021biu des\u0103v\u00e2r\u0219it. Elemente precum sifoanele \u0219i ventilele, de\u0219i deseori trecute cu vederea, contribuie esen\u021bial la atmosfera \u0219i estetica \u00eenc\u0103perii. Ventilul click-clack din colec\u021bia KLEOME exemplific\u0103 perfect aceast\u0103 combina\u021bie subtil\u0103 \u00eentre func\u021bionalitate \u0219i design decorativ. Acest detaliu elegant \u0219i practic nu doar completeaz\u0103 aspectul lavoarului, ci \u0219i confer\u0103 o not\u0103 de rafinament \u0219i elegan\u021b\u0103 \u00eentregii zone de sp\u0103lare. Cu un finisaj auriu str\u0103lucitor, se integreaz\u0103 perfect \u00eentr-un aranjament modern, aduc\u00e2nd un strop de lux \u00een fiecare detaliu.<\/p>","protected":false},"excerpt":{"rendered":"<p>Cu aten\u021bia noastr\u0103 orientat\u0103 spre detaliile minore, baia devine cu adev\u0103rat un spa\u021biu des\u0103v\u00e2r\u0219it. Elemente precum sifoanele \u0219i ventilele, de\u0219i<\/p>","protected":false},"featured_media":18659,"template":"","meta":[],"product_brand":[],"product_cat":[3502,334,685,372],"product_tag":[],"class_list":{"0":"post-8046","1":"product","2":"type-product","3":"status-publish","4":"has-post-thumbnail","6":"product_cat-baterii-fdesign","7":"product_cat-sanitare","8":"product_cat-sifoane","9":"product_cat-accesorii-baie","10":"pa_culoare-auriu","11":"pa_fabrica-fdesign","12":"pa_garantie-7ani","13":"pa_material-alama","14":"pa_prealpin-cu","16":"first","17":"instock","18":"purchasable","19":"product-type-simple"},"yoast_head":"<!-- This site is optimized with the Yoast SEO Premium plugin v21.6 (Yoast SEO v22.1) - https:\/\/yoast.com\/wordpress\/plugins\/seo\/ -->\n<title>VENTIL LAVOAR CLICK-CLACK FD7-305-55 - Edyceramic - magazin online<\/title>\n<meta name=\"robots\" content=\"index, follow, max-snippet:-1, max-image-preview:large, max-video-preview:-1\" \/>\n<link rel=\"canonical\" href=\"https:\/\/edyceramic-shop.ro\/en\/product\/ventil-lavoar-click-clack-fd7-305-55\/\" \/>\n<meta property=\"og:locale\" content=\"en_US\" \/>\n<meta property=\"og:type\" content=\"article\" \/>\n<meta property=\"og:title\" content=\"VENTIL LAVOAR CLICK-CLACK FD7-305-55\" \/>\n<meta property=\"og:description\" content=\"Cu aten\u021bia noastr\u0103 orientat\u0103 spre detaliile minore, baia devine cu adev\u0103rat un spa\u021biu des\u0103v\u00e2r\u0219it. Elemente precum sifoanele \u0219i ventilele, de\u0219i\" \/>\n<meta property=\"og:url\" content=\"https:\/\/edyceramic-shop.ro\/en\/product\/ventil-lavoar-click-clack-fd7-305-55\/\" \/>\n<meta property=\"og:site_name\" content=\"Edyceramic - magazin online\" \/>\n<meta property=\"article:modified_time\" content=\"2025-08-01T11:32:51+00:00\" \/>\n<meta property=\"og:image\" content=\"https:\/\/edyceramic-shop.ro\/wp-content\/uploads\/2024\/09\/FD7-305-55.webp\" \/>\n\t<meta property=\"og:image:width\" content=\"603\" \/>\n\t<meta property=\"og:image:height\" content=\"603\" \/>\n\t<meta property=\"og:image:type\" content=\"image\/webp\" \/>\n<meta name=\"twitter:card\" content=\"summary_large_image\" \/>\n<meta name=\"twitter:label1\" content=\"Price\" \/>\n\t<meta name=\"twitter:data1\" content=\"145,00&nbsp;lei\" \/>\n\t<meta name=\"twitter:label2\" content=\"Availability\" \/>\n\t<meta name=\"twitter:data2\" content=\"In stock\" \/>\n<script type=\"application\/ld+json\" class=\"yoast-schema-graph\">{\"@context\":\"https:\/\/schema.org\",\"@graph\":[{\"@type\":\"WebPage\",\"@id\":\"https:\/\/edyceramic-shop.ro\/produs\/ventil-lavoar-click-clack-fd7-305-55\/\",\"url\":\"https:\/\/edyceramic-shop.ro\/produs\/ventil-lavoar-click-clack-fd7-305-55\/\",\"name\":\"VENTIL LAVOAR CLICK-CLACK FD7-305-55 - Edyceramic - magazin online\",\"isPartOf\":{\"@id\":\"https:\/\/edyceramic-shop.ro\/ro\/#website\"},\"datePublished\":\"2024-09-22T20:31:16+00:00\",\"dateModified\":\"2025-08-01T11:32:51+00:00\",\"breadcrumb\":{\"@id\":\"https:\/\/edyceramic-shop.ro\/produs\/ventil-lavoar-click-clack-fd7-305-55\/#breadcrumb\"},\"inLanguage\":\"en-US\",\"potentialAction\":[{\"@type\":\"ReadAction\",\"target\":[\"https:\/\/edyceramic-shop.ro\/produs\/ventil-lavoar-click-clack-fd7-305-55\/\"]}]},{\"@type\":\"BreadcrumbList\",\"@id\":\"https:\/\/edyceramic-shop.ro\/produs\/ventil-lavoar-click-clack-fd7-305-55\/#breadcrumb\",\"itemListElement\":[{\"@type\":\"ListItem\",\"position\":1,\"name\":\"Home\",\"item\":\"https:\/\/edyceramic-shop.ro\/\"},{\"@type\":\"ListItem\",\"position\":2,\"name\":\"Shop\",\"item\":\"https:\/\/edyceramic-shop.ro\/ro\/shop\/\"},{\"@type\":\"ListItem\",\"position\":3,\"name\":\"VENTIL LAVOAR CLICK-CLACK FD7-305-55\"}]},{\"@type\":\"WebSite\",\"@id\":\"https:\/\/edyceramic-shop.ro\/ro\/#website\",\"url\":\"https:\/\/edyceramic-shop.ro\/ro\/\",\"name\":\"edyceramic.ro\",\"description\":\"\",\"publisher\":{\"@id\":\"https:\/\/edyceramic-shop.ro\/ro\/#organization\"},\"potentialAction\":[{\"@type\":\"SearchAction\",\"target\":{\"@type\":\"EntryPoint\",\"urlTemplate\":\"https:\/\/edyceramic-shop.ro\/ro\/?s={search_term_string}\"},\"query-input\":\"required name=search_term_string\"}],\"inLanguage\":\"en-US\"},{\"@type\":\"Organization\",\"@id\":\"https:\/\/edyceramic-shop.ro\/ro\/#organization\",\"name\":\"Edyceramic\",\"url\":\"https:\/\/edyceramic-shop.ro\/ro\/\",\"logo\":{\"@type\":\"ImageObject\",\"inLanguage\":\"en-US\",\"@id\":\"https:\/\/edyceramic-shop.ro\/ro\/#\/schema\/logo\/image\/\",\"url\":\"https:\/\/edyceramic-shop.ro\/wp-content\/uploads\/2024\/02\/Logo-EdyCeramic_2021-lung.png\",\"contentUrl\":\"https:\/\/edyceramic-shop.ro\/wp-content\/uploads\/2024\/02\/Logo-EdyCeramic_2021-lung.png\",\"width\":4491,\"height\":769,\"caption\":\"Edyceramic\"},\"image\":{\"@id\":\"https:\/\/edyceramic-shop.ro\/ro\/#\/schema\/logo\/image\/\"}}]}<\/script>\n<meta property=\"product:price:amount\" content=\"145.00\" \/>\n<meta property=\"product:price:currency\" content=\"RON\" \/>\n<meta property=\"og:availability\" content=\"instock\" \/>\n<meta property=\"product:availability\" content=\"instock\" \/>\n<meta property=\"product:retailer_item_id\" content=\"65d85159c91c\" \/>\n<meta property=\"product:condition\" content=\"new\" \/>\n<!-- \/ Yoast SEO Premium plugin. -->","yoast_head_json":{"title":"VENTIL LAVOAR CLICK-CLACK FD7-305-55 - Edyceramic - magazin online","robots":{"index":"index","follow":"follow","max-snippet":"max-snippet:-1","max-image-preview":"max-image-preview:large","max-video-preview":"max-video-preview:-1"},"canonical":"https:\/\/edyceramic-shop.ro\/en\/product\/ventil-lavoar-click-clack-fd7-305-55\/","og_locale":"en_US","og_type":"article","og_title":"VENTIL LAVOAR CLICK-CLACK FD7-305-55","og_description":"Cu aten\u021bia noastr\u0103 orientat\u0103 spre detaliile minore, baia devine cu adev\u0103rat un spa\u021biu des\u0103v\u00e2r\u0219it. Elemente precum sifoanele \u0219i ventilele, de\u0219i","og_url":"https:\/\/edyceramic-shop.ro\/en\/product\/ventil-lavoar-click-clack-fd7-305-55\/","og_site_name":"Edyceramic - magazin online","article_modified_time":"2025-08-01T11:32:51+00:00","og_image":[{"width":603,"height":603,"url":"https:\/\/edyceramic-shop.ro\/wp-content\/uploads\/2024\/09\/FD7-305-55.webp","type":"image\/webp"}],"twitter_card":"summary_large_image","twitter_misc":{"Price":"145,00&nbsp;lei","Availability":"In stock"},"schema":{"@context":"https:\/\/schema.org","@graph":[{"@type":"WebPage","@id":"https:\/\/edyceramic-shop.ro\/produs\/ventil-lavoar-click-clack-fd7-305-55\/","url":"https:\/\/edyceramic-shop.ro\/produs\/ventil-lavoar-click-clack-fd7-305-55\/","name":"VENTIL LAVOAR CLICK-CLACK FD7-305-55 - Edyceramic - magazin online","isPartOf":{"@id":"https:\/\/edyceramic-shop.ro\/ro\/#website"},"datePublished":"2024-09-22T20:31:16+00:00","dateModified":"2025-08-01T11:32:51+00:00","breadcrumb":{"@id":"https:\/\/edyceramic-shop.ro\/produs\/ventil-lavoar-click-clack-fd7-305-55\/#breadcrumb"},"inLanguage":"en-US","potentialAction":[{"@type":"ReadAction","target":["https:\/\/edyceramic-shop.ro\/produs\/ventil-lavoar-click-clack-fd7-305-55\/"]}]},{"@type":"BreadcrumbList","@id":"https:\/\/edyceramic-shop.ro\/produs\/ventil-lavoar-click-clack-fd7-305-55\/#breadcrumb","itemListElement":[{"@type":"ListItem","position":1,"name":"Home","item":"https:\/\/edyceramic-shop.ro\/"},{"@type":"ListItem","position":2,"name":"Shop","item":"https:\/\/edyceramic-shop.ro\/ro\/shop\/"},{"@type":"ListItem","position":3,"name":"VENTIL LAVOAR CLICK-CLACK FD7-305-55"}]},{"@type":"WebSite","@id":"https:\/\/edyceramic-shop.ro\/ro\/#website","url":"https:\/\/edyceramic-shop.ro\/ro\/","name":"edyceramic.ro","description":"","publisher":{"@id":"https:\/\/edyceramic-shop.ro\/ro\/#organization"},"potentialAction":[{"@type":"SearchAction","target":{"@type":"EntryPoint","urlTemplate":"https:\/\/edyceramic-shop.ro\/ro\/?s={search_term_string}"},"query-input":"required name=search_term_string"}],"inLanguage":"en-US"},{"@type":"Organization","@id":"https:\/\/edyceramic-shop.ro\/ro\/#organization","name":"Edyceramic","url":"https:\/\/edyceramic-shop.ro\/ro\/","logo":{"@type":"ImageObject","inLanguage":"en-US","@id":"https:\/\/edyceramic-shop.ro\/ro\/#\/schema\/logo\/image\/","url":"https:\/\/edyceramic-shop.ro\/wp-content\/uploads\/2024\/02\/Logo-EdyCeramic_2021-lung.png","contentUrl":"https:\/\/edyceramic-shop.ro\/wp-content\/uploads\/2024\/02\/Logo-EdyCeramic_2021-lung.png","width":4491,"height":769,"caption":"Edyceramic"},"image":{"@id":"https:\/\/edyceramic-shop.ro\/ro\/#\/schema\/logo\/image\/"}}]},"product_price_amount":"145.00","product_price_currency":"RON","og_availability":"instock","product_availability":"instock","product_retailer_item_id":"65d85159c91c","product_condition":"new"},"jetpack_sharing_enabled":true,"_links":{"self":[{"href":"https:\/\/edyceramic-shop.ro\/en\/wp-json\/wp\/v2\/product\/8046","targetHints":{"allow":["GET"]}}],"collection":[{"href":"https:\/\/edyceramic-shop.ro\/en\/wp-json\/wp\/v2\/product"}],"about":[{"href":"https:\/\/edyceramic-shop.ro\/en\/wp-json\/wp\/v2\/types\/product"}],"version-history":[{"count":1,"href":"https:\/\/edyceramic-shop.ro\/en\/wp-json\/wp\/v2\/product\/8046\/revisions"}],"predecessor-version":[{"id":18658,"href":"https:\/\/edyceramic-shop.ro\/en\/wp-json\/wp\/v2\/product\/8046\/revisions\/18658"}],"wp:featuredmedia":[{"embeddable":true,"href":"https:\/\/edyceramic-shop.ro\/en\/wp-json\/wp\/v2\/media\/18659"}],"wp:attachment":[{"href":"https:\/\/edyceramic-shop.ro\/en\/wp-json\/wp\/v2\/media?parent=8046"}],"wp:term":[{"taxonomy":"product_brand","embeddable":true,"href":"https:\/\/edyceramic-shop.ro\/en\/wp-json\/wp\/v2\/product_brand?post=8046"},{"taxonomy":"product_cat","embeddable":true,"href":"https:\/\/edyceramic-shop.ro\/en\/wp-json\/wp\/v2\/product_cat?post=8046"},{"taxonomy":"product_tag","embeddable":true,"href":"https:\/\/edyceramic-shop.ro\/en\/wp-json\/wp\/v2\/product_tag?post=8046"}],"curies":[{"name":"wp","href":"https:\/\/api.w.org\/{rel}","templated":true}]}}