{"id":8010,"date":"2024-09-22T20:30:29","date_gmt":"2024-09-22T20:30:29","guid":{"rendered":"https:\/\/edyceramic-shop.ro\/produs\/sifon-lavoar-tubular-fd7-201-11\/"},"modified":"2025-08-01T13:32:49","modified_gmt":"2025-08-01T11:32:49","slug":"sifon-lavoar-tubular-fd7-201-11","status":"publish","type":"product","link":"https:\/\/edyceramic-shop.ro\/en\/product\/sifon-lavoar-tubular-fd7-201-11\/","title":{"rendered":"SIFON LAVOAR TUBULAR FD7-201-11"},"content":{"rendered":"<p>Robine\u021bii, sifoanele sau ventilele de scurgere nu se mai rezum\u0103 doar la a fi elemente func\u021bionale, ci \u0219i estetice. Tendin\u021bele moderne \u00een designul b\u0103ii, precum cel industrial sau cel soft loft, sugereaz\u0103 c\u0103 aceste elemente s\u0103 nu mai fie ascunse \u0219i s\u0103 devin\u0103 elemente de decor. Sifonul pentru chiuvet\u0103 de baie tip \u021beav\u0103 cu aspect aerodinamic, KLEOME, are o form\u0103 de U \u0219i dreneaz\u0103 apa foarte eficient, fiind un model care nu necesit\u0103 cur\u0103\u021bare frecvent\u0103. Acoperit cu un strat cromat lucios, reprezint\u0103 un adev\u0103rat element decorativ al unei b\u0103i \u00een stil modern sau industrial.<\/p>","protected":false},"excerpt":{"rendered":"<p>Robine\u021bii, sifoanele sau ventilele de scurgere nu se mai rezum\u0103 doar la a fi elemente func\u021bionale, ci \u0219i estetice. Tendin\u021bele<\/p>","protected":false},"featured_media":18607,"template":"","meta":[],"product_brand":[],"product_cat":[3502,334,685,372],"product_tag":[],"class_list":{"0":"post-8010","1":"product","2":"type-product","3":"status-publish","4":"has-post-thumbnail","6":"product_cat-baterii-fdesign","7":"product_cat-sanitare","8":"product_cat-sifoane","9":"product_cat-accesorii-baie","10":"pa_culoare-crom","11":"pa_dimensiune-265mm","12":"pa_fabrica-fdesign","13":"pa_garantie-7ani","14":"pa_material-alama","16":"first","17":"instock","18":"purchasable","19":"product-type-simple"},"yoast_head":"<!-- This site is optimized with the Yoast SEO Premium plugin v21.6 (Yoast SEO v22.1) - https:\/\/yoast.com\/wordpress\/plugins\/seo\/ -->\n<title>SIFON LAVOAR TUBULAR FD7-201-11 - Edyceramic - magazin online<\/title>\n<meta name=\"robots\" content=\"index, follow, max-snippet:-1, max-image-preview:large, max-video-preview:-1\" \/>\n<link rel=\"canonical\" href=\"https:\/\/edyceramic-shop.ro\/en\/product\/sifon-lavoar-tubular-fd7-201-11\/\" \/>\n<meta property=\"og:locale\" content=\"en_US\" \/>\n<meta property=\"og:type\" content=\"article\" \/>\n<meta property=\"og:title\" content=\"SIFON LAVOAR TUBULAR FD7-201-11\" \/>\n<meta property=\"og:description\" content=\"Robine\u021bii, sifoanele sau ventilele de scurgere nu se mai rezum\u0103 doar la a fi elemente func\u021bionale, ci \u0219i estetice. Tendin\u021bele\" \/>\n<meta property=\"og:url\" content=\"https:\/\/edyceramic-shop.ro\/en\/product\/sifon-lavoar-tubular-fd7-201-11\/\" \/>\n<meta property=\"og:site_name\" content=\"Edyceramic - magazin online\" \/>\n<meta property=\"article:modified_time\" content=\"2025-08-01T11:32:49+00:00\" \/>\n<meta property=\"og:image\" content=\"https:\/\/edyceramic-shop.ro\/wp-content\/uploads\/2024\/09\/FD7-201-11.webp\" \/>\n\t<meta property=\"og:image:width\" content=\"1200\" \/>\n\t<meta property=\"og:image:height\" content=\"800\" \/>\n\t<meta property=\"og:image:type\" content=\"image\/webp\" \/>\n<meta name=\"twitter:card\" content=\"summary_large_image\" \/>\n<meta name=\"twitter:label1\" content=\"Price\" \/>\n\t<meta name=\"twitter:data1\" content=\"119,00&nbsp;lei\" \/>\n\t<meta name=\"twitter:label2\" content=\"Availability\" \/>\n\t<meta name=\"twitter:data2\" content=\"In stock\" \/>\n<script type=\"application\/ld+json\" class=\"yoast-schema-graph\">{\"@context\":\"https:\/\/schema.org\",\"@graph\":[{\"@type\":\"WebPage\",\"@id\":\"https:\/\/edyceramic-shop.ro\/produs\/sifon-lavoar-tubular-fd7-201-11\/\",\"url\":\"https:\/\/edyceramic-shop.ro\/produs\/sifon-lavoar-tubular-fd7-201-11\/\",\"name\":\"SIFON LAVOAR TUBULAR FD7-201-11 - Edyceramic - magazin online\",\"isPartOf\":{\"@id\":\"https:\/\/edyceramic-shop.ro\/ro\/#website\"},\"datePublished\":\"2024-09-22T20:30:29+00:00\",\"dateModified\":\"2025-08-01T11:32:49+00:00\",\"breadcrumb\":{\"@id\":\"https:\/\/edyceramic-shop.ro\/produs\/sifon-lavoar-tubular-fd7-201-11\/#breadcrumb\"},\"inLanguage\":\"en-US\",\"potentialAction\":[{\"@type\":\"ReadAction\",\"target\":[\"https:\/\/edyceramic-shop.ro\/produs\/sifon-lavoar-tubular-fd7-201-11\/\"]}]},{\"@type\":\"BreadcrumbList\",\"@id\":\"https:\/\/edyceramic-shop.ro\/produs\/sifon-lavoar-tubular-fd7-201-11\/#breadcrumb\",\"itemListElement\":[{\"@type\":\"ListItem\",\"position\":1,\"name\":\"Home\",\"item\":\"https:\/\/edyceramic-shop.ro\/\"},{\"@type\":\"ListItem\",\"position\":2,\"name\":\"Shop\",\"item\":\"https:\/\/edyceramic-shop.ro\/ro\/shop\/\"},{\"@type\":\"ListItem\",\"position\":3,\"name\":\"SIFON LAVOAR TUBULAR FD7-201-11\"}]},{\"@type\":\"WebSite\",\"@id\":\"https:\/\/edyceramic-shop.ro\/ro\/#website\",\"url\":\"https:\/\/edyceramic-shop.ro\/ro\/\",\"name\":\"edyceramic.ro\",\"description\":\"\",\"publisher\":{\"@id\":\"https:\/\/edyceramic-shop.ro\/ro\/#organization\"},\"potentialAction\":[{\"@type\":\"SearchAction\",\"target\":{\"@type\":\"EntryPoint\",\"urlTemplate\":\"https:\/\/edyceramic-shop.ro\/ro\/?s={search_term_string}\"},\"query-input\":\"required name=search_term_string\"}],\"inLanguage\":\"en-US\"},{\"@type\":\"Organization\",\"@id\":\"https:\/\/edyceramic-shop.ro\/ro\/#organization\",\"name\":\"Edyceramic\",\"url\":\"https:\/\/edyceramic-shop.ro\/ro\/\",\"logo\":{\"@type\":\"ImageObject\",\"inLanguage\":\"en-US\",\"@id\":\"https:\/\/edyceramic-shop.ro\/ro\/#\/schema\/logo\/image\/\",\"url\":\"https:\/\/edyceramic-shop.ro\/wp-content\/uploads\/2024\/02\/Logo-EdyCeramic_2021-lung.png\",\"contentUrl\":\"https:\/\/edyceramic-shop.ro\/wp-content\/uploads\/2024\/02\/Logo-EdyCeramic_2021-lung.png\",\"width\":4491,\"height\":769,\"caption\":\"Edyceramic\"},\"image\":{\"@id\":\"https:\/\/edyceramic-shop.ro\/ro\/#\/schema\/logo\/image\/\"}}]}<\/script>\n<meta property=\"product:price:amount\" content=\"119.00\" \/>\n<meta property=\"product:price:currency\" content=\"RON\" \/>\n<meta property=\"og:availability\" content=\"instock\" \/>\n<meta property=\"product:availability\" content=\"instock\" \/>\n<meta property=\"product:retailer_item_id\" content=\"ccde4df6b52a\" \/>\n<meta property=\"product:condition\" content=\"new\" \/>\n<!-- \/ Yoast SEO Premium plugin. -->","yoast_head_json":{"title":"SIFON LAVOAR TUBULAR FD7-201-11 - Edyceramic - magazin online","robots":{"index":"index","follow":"follow","max-snippet":"max-snippet:-1","max-image-preview":"max-image-preview:large","max-video-preview":"max-video-preview:-1"},"canonical":"https:\/\/edyceramic-shop.ro\/en\/product\/sifon-lavoar-tubular-fd7-201-11\/","og_locale":"en_US","og_type":"article","og_title":"SIFON LAVOAR TUBULAR FD7-201-11","og_description":"Robine\u021bii, sifoanele sau ventilele de scurgere nu se mai rezum\u0103 doar la a fi elemente func\u021bionale, ci \u0219i estetice. Tendin\u021bele","og_url":"https:\/\/edyceramic-shop.ro\/en\/product\/sifon-lavoar-tubular-fd7-201-11\/","og_site_name":"Edyceramic - magazin online","article_modified_time":"2025-08-01T11:32:49+00:00","og_image":[{"width":1200,"height":800,"url":"https:\/\/edyceramic-shop.ro\/wp-content\/uploads\/2024\/09\/FD7-201-11.webp","type":"image\/webp"}],"twitter_card":"summary_large_image","twitter_misc":{"Price":"119,00&nbsp;lei","Availability":"In stock"},"schema":{"@context":"https:\/\/schema.org","@graph":[{"@type":"WebPage","@id":"https:\/\/edyceramic-shop.ro\/produs\/sifon-lavoar-tubular-fd7-201-11\/","url":"https:\/\/edyceramic-shop.ro\/produs\/sifon-lavoar-tubular-fd7-201-11\/","name":"SIFON LAVOAR TUBULAR FD7-201-11 - Edyceramic - magazin online","isPartOf":{"@id":"https:\/\/edyceramic-shop.ro\/ro\/#website"},"datePublished":"2024-09-22T20:30:29+00:00","dateModified":"2025-08-01T11:32:49+00:00","breadcrumb":{"@id":"https:\/\/edyceramic-shop.ro\/produs\/sifon-lavoar-tubular-fd7-201-11\/#breadcrumb"},"inLanguage":"en-US","potentialAction":[{"@type":"ReadAction","target":["https:\/\/edyceramic-shop.ro\/produs\/sifon-lavoar-tubular-fd7-201-11\/"]}]},{"@type":"BreadcrumbList","@id":"https:\/\/edyceramic-shop.ro\/produs\/sifon-lavoar-tubular-fd7-201-11\/#breadcrumb","itemListElement":[{"@type":"ListItem","position":1,"name":"Home","item":"https:\/\/edyceramic-shop.ro\/"},{"@type":"ListItem","position":2,"name":"Shop","item":"https:\/\/edyceramic-shop.ro\/ro\/shop\/"},{"@type":"ListItem","position":3,"name":"SIFON LAVOAR TUBULAR FD7-201-11"}]},{"@type":"WebSite","@id":"https:\/\/edyceramic-shop.ro\/ro\/#website","url":"https:\/\/edyceramic-shop.ro\/ro\/","name":"edyceramic.ro","description":"","publisher":{"@id":"https:\/\/edyceramic-shop.ro\/ro\/#organization"},"potentialAction":[{"@type":"SearchAction","target":{"@type":"EntryPoint","urlTemplate":"https:\/\/edyceramic-shop.ro\/ro\/?s={search_term_string}"},"query-input":"required name=search_term_string"}],"inLanguage":"en-US"},{"@type":"Organization","@id":"https:\/\/edyceramic-shop.ro\/ro\/#organization","name":"Edyceramic","url":"https:\/\/edyceramic-shop.ro\/ro\/","logo":{"@type":"ImageObject","inLanguage":"en-US","@id":"https:\/\/edyceramic-shop.ro\/ro\/#\/schema\/logo\/image\/","url":"https:\/\/edyceramic-shop.ro\/wp-content\/uploads\/2024\/02\/Logo-EdyCeramic_2021-lung.png","contentUrl":"https:\/\/edyceramic-shop.ro\/wp-content\/uploads\/2024\/02\/Logo-EdyCeramic_2021-lung.png","width":4491,"height":769,"caption":"Edyceramic"},"image":{"@id":"https:\/\/edyceramic-shop.ro\/ro\/#\/schema\/logo\/image\/"}}]},"product_price_amount":"119.00","product_price_currency":"RON","og_availability":"instock","product_availability":"instock","product_retailer_item_id":"ccde4df6b52a","product_condition":"new"},"jetpack_sharing_enabled":true,"_links":{"self":[{"href":"https:\/\/edyceramic-shop.ro\/en\/wp-json\/wp\/v2\/product\/8010","targetHints":{"allow":["GET"]}}],"collection":[{"href":"https:\/\/edyceramic-shop.ro\/en\/wp-json\/wp\/v2\/product"}],"about":[{"href":"https:\/\/edyceramic-shop.ro\/en\/wp-json\/wp\/v2\/types\/product"}],"version-history":[{"count":1,"href":"https:\/\/edyceramic-shop.ro\/en\/wp-json\/wp\/v2\/product\/8010\/revisions"}],"predecessor-version":[{"id":18606,"href":"https:\/\/edyceramic-shop.ro\/en\/wp-json\/wp\/v2\/product\/8010\/revisions\/18606"}],"wp:featuredmedia":[{"embeddable":true,"href":"https:\/\/edyceramic-shop.ro\/en\/wp-json\/wp\/v2\/media\/18607"}],"wp:attachment":[{"href":"https:\/\/edyceramic-shop.ro\/en\/wp-json\/wp\/v2\/media?parent=8010"}],"wp:term":[{"taxonomy":"product_brand","embeddable":true,"href":"https:\/\/edyceramic-shop.ro\/en\/wp-json\/wp\/v2\/product_brand?post=8010"},{"taxonomy":"product_cat","embeddable":true,"href":"https:\/\/edyceramic-shop.ro\/en\/wp-json\/wp\/v2\/product_cat?post=8010"},{"taxonomy":"product_tag","embeddable":true,"href":"https:\/\/edyceramic-shop.ro\/en\/wp-json\/wp\/v2\/product_tag?post=8010"}],"curies":[{"name":"wp","href":"https:\/\/api.w.org\/{rel}","templated":true}]}}