{"id":8008,"date":"2024-09-22T20:30:29","date_gmt":"2024-09-22T20:30:29","guid":{"rendered":"https:\/\/edyceramic-shop.ro\/produs\/robinet-coltar-ceramic-fd7-104-11\/"},"modified":"2025-08-01T13:32:49","modified_gmt":"2025-08-01T11:32:49","slug":"robinet-coltar-ceramic-fd7-104-11","status":"publish","type":"product","link":"https:\/\/edyceramic-shop.ro\/en\/product\/robinet-coltar-ceramic-fd7-104-11\/","title":{"rendered":"ROBINET COL\u021aAR CERAMIC FD7-104-11"},"content":{"rendered":"<p>Confortabil \u00een utilizare, fiabil \u0219i etan\u0219 &#8211; acestea sunt caracteristicile robinetului col\u021bar KLEOME cu cartu\u0219 ceramic \u0219i manet\u0103 metalic\u0103 rotund\u0103. Acest mic element al fitingurilor de instalare \u00eentrerupe \u00een mod eficient alimentarea cu ap\u0103 a bateriei sau a rezervorului. De asemenea, pe l\u00e2ng\u0103 performan\u021bele sale excelente, se distinge printr-o form\u0103 rotund\u0103 estetic\u0103 \u0219i un finisaj cromat elegant.<\/p>","protected":false},"excerpt":{"rendered":"<p>Confortabil \u00een utilizare, fiabil \u0219i etan\u0219 &#8211; acestea sunt caracteristicile robinetului col\u021bar KLEOME cu cartu\u0219 ceramic \u0219i manet\u0103 metalic\u0103 rotund\u0103.<\/p>","protected":false},"featured_media":18604,"template":"","meta":[],"product_brand":[],"product_cat":[3502,334,379,372],"product_tag":[],"class_list":{"0":"post-8008","1":"product","2":"type-product","3":"status-publish","4":"has-post-thumbnail","6":"product_cat-baterii-fdesign","7":"product_cat-sanitare","8":"product_cat-robinete-coltar","9":"product_cat-accesorii-baie","10":"pa_culoare-crom","11":"pa_fabrica-fdesign","12":"pa_garantie-7ani","13":"pa_material-alama","14":"pa_montaj-pe-lavoar","15":"pa_presiune-nominala-10bar","17":"first","18":"instock","19":"purchasable","20":"product-type-simple"},"yoast_head":"<!-- This site is optimized with the Yoast SEO Premium plugin v21.6 (Yoast SEO v22.1) - https:\/\/yoast.com\/wordpress\/plugins\/seo\/ -->\n<title>ROBINET COL\u021aAR CERAMIC FD7-104-11 - Edyceramic - magazin online<\/title>\n<meta name=\"robots\" content=\"index, follow, max-snippet:-1, max-image-preview:large, max-video-preview:-1\" \/>\n<link rel=\"canonical\" href=\"https:\/\/edyceramic-shop.ro\/en\/product\/robinet-coltar-ceramic-fd7-104-11\/\" \/>\n<meta property=\"og:locale\" content=\"en_US\" \/>\n<meta property=\"og:type\" content=\"article\" \/>\n<meta property=\"og:title\" content=\"ROBINET COL\u021aAR CERAMIC FD7-104-11\" \/>\n<meta property=\"og:description\" content=\"Confortabil \u00een utilizare, fiabil \u0219i etan\u0219 &#8211; acestea sunt caracteristicile robinetului col\u021bar KLEOME cu cartu\u0219 ceramic \u0219i manet\u0103 metalic\u0103 rotund\u0103.\" \/>\n<meta property=\"og:url\" content=\"https:\/\/edyceramic-shop.ro\/en\/product\/robinet-coltar-ceramic-fd7-104-11\/\" \/>\n<meta property=\"og:site_name\" content=\"Edyceramic - magazin online\" \/>\n<meta property=\"article:modified_time\" content=\"2025-08-01T11:32:49+00:00\" \/>\n<meta property=\"og:image\" content=\"https:\/\/edyceramic-shop.ro\/wp-content\/uploads\/2024\/09\/FD7-104-11.webp\" \/>\n\t<meta property=\"og:image:width\" content=\"1200\" \/>\n\t<meta property=\"og:image:height\" content=\"1104\" \/>\n\t<meta property=\"og:image:type\" content=\"image\/webp\" \/>\n<meta name=\"twitter:card\" content=\"summary_large_image\" \/>\n<meta name=\"twitter:label1\" content=\"Price\" \/>\n\t<meta name=\"twitter:data1\" content=\"58,00&nbsp;lei\" \/>\n\t<meta name=\"twitter:label2\" content=\"Availability\" \/>\n\t<meta name=\"twitter:data2\" content=\"In stock\" \/>\n<script type=\"application\/ld+json\" class=\"yoast-schema-graph\">{\"@context\":\"https:\/\/schema.org\",\"@graph\":[{\"@type\":\"WebPage\",\"@id\":\"https:\/\/edyceramic-shop.ro\/produs\/robinet-coltar-ceramic-fd7-104-11\/\",\"url\":\"https:\/\/edyceramic-shop.ro\/produs\/robinet-coltar-ceramic-fd7-104-11\/\",\"name\":\"ROBINET COL\u021aAR CERAMIC FD7-104-11 - Edyceramic - magazin online\",\"isPartOf\":{\"@id\":\"https:\/\/edyceramic-shop.ro\/ro\/#website\"},\"datePublished\":\"2024-09-22T20:30:29+00:00\",\"dateModified\":\"2025-08-01T11:32:49+00:00\",\"breadcrumb\":{\"@id\":\"https:\/\/edyceramic-shop.ro\/produs\/robinet-coltar-ceramic-fd7-104-11\/#breadcrumb\"},\"inLanguage\":\"en-US\",\"potentialAction\":[{\"@type\":\"ReadAction\",\"target\":[\"https:\/\/edyceramic-shop.ro\/produs\/robinet-coltar-ceramic-fd7-104-11\/\"]}]},{\"@type\":\"BreadcrumbList\",\"@id\":\"https:\/\/edyceramic-shop.ro\/produs\/robinet-coltar-ceramic-fd7-104-11\/#breadcrumb\",\"itemListElement\":[{\"@type\":\"ListItem\",\"position\":1,\"name\":\"Home\",\"item\":\"https:\/\/edyceramic-shop.ro\/\"},{\"@type\":\"ListItem\",\"position\":2,\"name\":\"Shop\",\"item\":\"https:\/\/edyceramic-shop.ro\/ro\/shop\/\"},{\"@type\":\"ListItem\",\"position\":3,\"name\":\"ROBINET COL\u021aAR CERAMIC FD7-104-11\"}]},{\"@type\":\"WebSite\",\"@id\":\"https:\/\/edyceramic-shop.ro\/ro\/#website\",\"url\":\"https:\/\/edyceramic-shop.ro\/ro\/\",\"name\":\"edyceramic.ro\",\"description\":\"\",\"publisher\":{\"@id\":\"https:\/\/edyceramic-shop.ro\/ro\/#organization\"},\"potentialAction\":[{\"@type\":\"SearchAction\",\"target\":{\"@type\":\"EntryPoint\",\"urlTemplate\":\"https:\/\/edyceramic-shop.ro\/ro\/?s={search_term_string}\"},\"query-input\":\"required name=search_term_string\"}],\"inLanguage\":\"en-US\"},{\"@type\":\"Organization\",\"@id\":\"https:\/\/edyceramic-shop.ro\/ro\/#organization\",\"name\":\"Edyceramic\",\"url\":\"https:\/\/edyceramic-shop.ro\/ro\/\",\"logo\":{\"@type\":\"ImageObject\",\"inLanguage\":\"en-US\",\"@id\":\"https:\/\/edyceramic-shop.ro\/ro\/#\/schema\/logo\/image\/\",\"url\":\"https:\/\/edyceramic-shop.ro\/wp-content\/uploads\/2024\/02\/Logo-EdyCeramic_2021-lung.png\",\"contentUrl\":\"https:\/\/edyceramic-shop.ro\/wp-content\/uploads\/2024\/02\/Logo-EdyCeramic_2021-lung.png\",\"width\":4491,\"height\":769,\"caption\":\"Edyceramic\"},\"image\":{\"@id\":\"https:\/\/edyceramic-shop.ro\/ro\/#\/schema\/logo\/image\/\"}}]}<\/script>\n<meta property=\"product:price:amount\" content=\"58.00\" \/>\n<meta property=\"product:price:currency\" content=\"RON\" \/>\n<meta property=\"og:availability\" content=\"instock\" \/>\n<meta property=\"product:availability\" content=\"instock\" \/>\n<meta property=\"product:retailer_item_id\" content=\"1ccc73d2c025\" \/>\n<meta property=\"product:condition\" content=\"new\" \/>\n<!-- \/ Yoast SEO Premium plugin. -->","yoast_head_json":{"title":"ROBINET COL\u021aAR CERAMIC FD7-104-11 - Edyceramic - magazin online","robots":{"index":"index","follow":"follow","max-snippet":"max-snippet:-1","max-image-preview":"max-image-preview:large","max-video-preview":"max-video-preview:-1"},"canonical":"https:\/\/edyceramic-shop.ro\/en\/product\/robinet-coltar-ceramic-fd7-104-11\/","og_locale":"en_US","og_type":"article","og_title":"ROBINET COL\u021aAR CERAMIC FD7-104-11","og_description":"Confortabil \u00een utilizare, fiabil \u0219i etan\u0219 &#8211; acestea sunt caracteristicile robinetului col\u021bar KLEOME cu cartu\u0219 ceramic \u0219i manet\u0103 metalic\u0103 rotund\u0103.","og_url":"https:\/\/edyceramic-shop.ro\/en\/product\/robinet-coltar-ceramic-fd7-104-11\/","og_site_name":"Edyceramic - magazin online","article_modified_time":"2025-08-01T11:32:49+00:00","og_image":[{"width":1200,"height":1104,"url":"https:\/\/edyceramic-shop.ro\/wp-content\/uploads\/2024\/09\/FD7-104-11.webp","type":"image\/webp"}],"twitter_card":"summary_large_image","twitter_misc":{"Price":"58,00&nbsp;lei","Availability":"In stock"},"schema":{"@context":"https:\/\/schema.org","@graph":[{"@type":"WebPage","@id":"https:\/\/edyceramic-shop.ro\/produs\/robinet-coltar-ceramic-fd7-104-11\/","url":"https:\/\/edyceramic-shop.ro\/produs\/robinet-coltar-ceramic-fd7-104-11\/","name":"ROBINET COL\u021aAR CERAMIC FD7-104-11 - Edyceramic - magazin online","isPartOf":{"@id":"https:\/\/edyceramic-shop.ro\/ro\/#website"},"datePublished":"2024-09-22T20:30:29+00:00","dateModified":"2025-08-01T11:32:49+00:00","breadcrumb":{"@id":"https:\/\/edyceramic-shop.ro\/produs\/robinet-coltar-ceramic-fd7-104-11\/#breadcrumb"},"inLanguage":"en-US","potentialAction":[{"@type":"ReadAction","target":["https:\/\/edyceramic-shop.ro\/produs\/robinet-coltar-ceramic-fd7-104-11\/"]}]},{"@type":"BreadcrumbList","@id":"https:\/\/edyceramic-shop.ro\/produs\/robinet-coltar-ceramic-fd7-104-11\/#breadcrumb","itemListElement":[{"@type":"ListItem","position":1,"name":"Home","item":"https:\/\/edyceramic-shop.ro\/"},{"@type":"ListItem","position":2,"name":"Shop","item":"https:\/\/edyceramic-shop.ro\/ro\/shop\/"},{"@type":"ListItem","position":3,"name":"ROBINET COL\u021aAR CERAMIC FD7-104-11"}]},{"@type":"WebSite","@id":"https:\/\/edyceramic-shop.ro\/ro\/#website","url":"https:\/\/edyceramic-shop.ro\/ro\/","name":"edyceramic.ro","description":"","publisher":{"@id":"https:\/\/edyceramic-shop.ro\/ro\/#organization"},"potentialAction":[{"@type":"SearchAction","target":{"@type":"EntryPoint","urlTemplate":"https:\/\/edyceramic-shop.ro\/ro\/?s={search_term_string}"},"query-input":"required name=search_term_string"}],"inLanguage":"en-US"},{"@type":"Organization","@id":"https:\/\/edyceramic-shop.ro\/ro\/#organization","name":"Edyceramic","url":"https:\/\/edyceramic-shop.ro\/ro\/","logo":{"@type":"ImageObject","inLanguage":"en-US","@id":"https:\/\/edyceramic-shop.ro\/ro\/#\/schema\/logo\/image\/","url":"https:\/\/edyceramic-shop.ro\/wp-content\/uploads\/2024\/02\/Logo-EdyCeramic_2021-lung.png","contentUrl":"https:\/\/edyceramic-shop.ro\/wp-content\/uploads\/2024\/02\/Logo-EdyCeramic_2021-lung.png","width":4491,"height":769,"caption":"Edyceramic"},"image":{"@id":"https:\/\/edyceramic-shop.ro\/ro\/#\/schema\/logo\/image\/"}}]},"product_price_amount":"58.00","product_price_currency":"RON","og_availability":"instock","product_availability":"instock","product_retailer_item_id":"1ccc73d2c025","product_condition":"new"},"jetpack_sharing_enabled":true,"_links":{"self":[{"href":"https:\/\/edyceramic-shop.ro\/en\/wp-json\/wp\/v2\/product\/8008","targetHints":{"allow":["GET"]}}],"collection":[{"href":"https:\/\/edyceramic-shop.ro\/en\/wp-json\/wp\/v2\/product"}],"about":[{"href":"https:\/\/edyceramic-shop.ro\/en\/wp-json\/wp\/v2\/types\/product"}],"version-history":[{"count":1,"href":"https:\/\/edyceramic-shop.ro\/en\/wp-json\/wp\/v2\/product\/8008\/revisions"}],"predecessor-version":[{"id":18603,"href":"https:\/\/edyceramic-shop.ro\/en\/wp-json\/wp\/v2\/product\/8008\/revisions\/18603"}],"wp:featuredmedia":[{"embeddable":true,"href":"https:\/\/edyceramic-shop.ro\/en\/wp-json\/wp\/v2\/media\/18604"}],"wp:attachment":[{"href":"https:\/\/edyceramic-shop.ro\/en\/wp-json\/wp\/v2\/media?parent=8008"}],"wp:term":[{"taxonomy":"product_brand","embeddable":true,"href":"https:\/\/edyceramic-shop.ro\/en\/wp-json\/wp\/v2\/product_brand?post=8008"},{"taxonomy":"product_cat","embeddable":true,"href":"https:\/\/edyceramic-shop.ro\/en\/wp-json\/wp\/v2\/product_cat?post=8008"},{"taxonomy":"product_tag","embeddable":true,"href":"https:\/\/edyceramic-shop.ro\/en\/wp-json\/wp\/v2\/product_tag?post=8008"}],"curies":[{"name":"wp","href":"https:\/\/api.w.org\/{rel}","templated":true}]}}