{"id":7956,"date":"2024-09-22T20:29:45","date_gmt":"2024-09-22T20:29:45","guid":{"rendered":"https:\/\/edyceramic-shop.ro\/produs\/cap-de-dus-slim-patrat-inula-fd8-501-22\/"},"modified":"2025-08-01T13:32:46","modified_gmt":"2025-08-01T11:32:46","slug":"cap-de-dus-slim-patrat-inula-fd8-501-22","status":"publish","type":"product","link":"https:\/\/edyceramic-shop.ro\/en\/product\/cap-de-dus-slim-patrat-inula-fd8-501-22\/","title":{"rendered":"CAP DE DU\u0218 SLIM P\u0102TRAT INULA FD8-501-22"},"content":{"rendered":"<p>Finisajul negru reprezint\u0103 o propunere atemporal\u0103 de design pentru b\u0103ile noastre. Dac\u0103 \u00ee\u021bi dore\u0219ti o experien\u021b\u0103 excep\u021bional\u0103 &#8211; at\u00e2t pentru trup c\u00e2t \u0219i pentru suflet, nu ezita s\u0103 alegi din multiplele noastre variante din aceast\u0103 colec\u021bie. Un cap de du\u0219 INULA fix cu o form\u0103 geometric\u0103 \u00ee\u021bi va \u00eendeplini sau chiar dep\u0103\u0219i a\u0219tept\u0103rile. \u00cen plus, p\u0103l\u0103ria de du\u0219 vine \u00eentr-un finisaj negru mat, pentru a crea un spa\u021biu de baie amenajat \u00eentr-un stil modern.<\/p>","protected":false},"excerpt":{"rendered":"<p>Finisajul negru reprezint\u0103 o propunere atemporal\u0103 de design pentru b\u0103ile noastre. Dac\u0103 \u00ee\u021bi dore\u0219ti o experien\u021b\u0103 excep\u021bional\u0103 &#8211; at\u00e2t pentru<\/p>","protected":false},"featured_media":18529,"template":"","meta":[],"product_brand":[],"product_cat":[3502,359,364,334],"product_tag":[],"class_list":{"0":"post-7956","1":"product","2":"type-product","3":"status-publish","4":"has-post-thumbnail","6":"product_cat-baterii-fdesign","7":"product_cat-sisteme-de-dus","8":"product_cat-brate-si-palarii-de-dus","9":"product_cat-sanitare","10":"pa_colectie-inula","11":"pa_culoare-negru","12":"pa_dimensiune-300x300mm","13":"pa_fabrica-fdesign","14":"pa_garantie-7ani","15":"pa_material-otel-inoxidabil","17":"first","18":"instock","19":"purchasable","20":"product-type-simple"},"yoast_head":"<!-- This site is optimized with the Yoast SEO Premium plugin v21.6 (Yoast SEO v22.1) - https:\/\/yoast.com\/wordpress\/plugins\/seo\/ -->\n<title>CAP DE DU\u0218 SLIM P\u0102TRAT INULA FD8-501-22 - Edyceramic - magazin online<\/title>\n<meta name=\"robots\" content=\"index, follow, max-snippet:-1, max-image-preview:large, max-video-preview:-1\" \/>\n<link rel=\"canonical\" href=\"https:\/\/edyceramic-shop.ro\/en\/product\/cap-de-dus-slim-patrat-inula-fd8-501-22\/\" \/>\n<meta property=\"og:locale\" content=\"en_US\" \/>\n<meta property=\"og:type\" content=\"article\" \/>\n<meta property=\"og:title\" content=\"CAP DE DU\u0218 SLIM P\u0102TRAT INULA FD8-501-22\" \/>\n<meta property=\"og:description\" content=\"Finisajul negru reprezint\u0103 o propunere atemporal\u0103 de design pentru b\u0103ile noastre. Dac\u0103 \u00ee\u021bi dore\u0219ti o experien\u021b\u0103 excep\u021bional\u0103 &#8211; at\u00e2t pentru\" \/>\n<meta property=\"og:url\" content=\"https:\/\/edyceramic-shop.ro\/en\/product\/cap-de-dus-slim-patrat-inula-fd8-501-22\/\" \/>\n<meta property=\"og:site_name\" content=\"Edyceramic - magazin online\" \/>\n<meta property=\"article:modified_time\" content=\"2025-08-01T11:32:46+00:00\" \/>\n<meta property=\"og:image\" content=\"https:\/\/edyceramic-shop.ro\/wp-content\/uploads\/2024\/09\/FD8-501-22.webp\" \/>\n\t<meta property=\"og:image:width\" content=\"1200\" \/>\n\t<meta property=\"og:image:height\" content=\"799\" \/>\n\t<meta property=\"og:image:type\" content=\"image\/webp\" \/>\n<meta name=\"twitter:card\" content=\"summary_large_image\" \/>\n<meta name=\"twitter:label1\" content=\"Price\" \/>\n\t<meta name=\"twitter:data1\" content=\"495,00&nbsp;lei\" \/>\n\t<meta name=\"twitter:label2\" content=\"Availability\" \/>\n\t<meta name=\"twitter:data2\" content=\"In stock\" \/>\n<script type=\"application\/ld+json\" class=\"yoast-schema-graph\">{\"@context\":\"https:\/\/schema.org\",\"@graph\":[{\"@type\":\"WebPage\",\"@id\":\"https:\/\/edyceramic-shop.ro\/produs\/cap-de-dus-slim-patrat-inula-fd8-501-22\/\",\"url\":\"https:\/\/edyceramic-shop.ro\/produs\/cap-de-dus-slim-patrat-inula-fd8-501-22\/\",\"name\":\"CAP DE DU\u0218 SLIM P\u0102TRAT INULA FD8-501-22 - Edyceramic - magazin online\",\"isPartOf\":{\"@id\":\"https:\/\/edyceramic-shop.ro\/ro\/#website\"},\"datePublished\":\"2024-09-22T20:29:45+00:00\",\"dateModified\":\"2025-08-01T11:32:46+00:00\",\"breadcrumb\":{\"@id\":\"https:\/\/edyceramic-shop.ro\/produs\/cap-de-dus-slim-patrat-inula-fd8-501-22\/#breadcrumb\"},\"inLanguage\":\"en-US\",\"potentialAction\":[{\"@type\":\"ReadAction\",\"target\":[\"https:\/\/edyceramic-shop.ro\/produs\/cap-de-dus-slim-patrat-inula-fd8-501-22\/\"]}]},{\"@type\":\"BreadcrumbList\",\"@id\":\"https:\/\/edyceramic-shop.ro\/produs\/cap-de-dus-slim-patrat-inula-fd8-501-22\/#breadcrumb\",\"itemListElement\":[{\"@type\":\"ListItem\",\"position\":1,\"name\":\"Home\",\"item\":\"https:\/\/edyceramic-shop.ro\/\"},{\"@type\":\"ListItem\",\"position\":2,\"name\":\"Shop\",\"item\":\"https:\/\/edyceramic-shop.ro\/ro\/shop\/\"},{\"@type\":\"ListItem\",\"position\":3,\"name\":\"CAP DE DU\u0218 SLIM P\u0102TRAT INULA FD8-501-22\"}]},{\"@type\":\"WebSite\",\"@id\":\"https:\/\/edyceramic-shop.ro\/ro\/#website\",\"url\":\"https:\/\/edyceramic-shop.ro\/ro\/\",\"name\":\"edyceramic.ro\",\"description\":\"\",\"publisher\":{\"@id\":\"https:\/\/edyceramic-shop.ro\/ro\/#organization\"},\"potentialAction\":[{\"@type\":\"SearchAction\",\"target\":{\"@type\":\"EntryPoint\",\"urlTemplate\":\"https:\/\/edyceramic-shop.ro\/ro\/?s={search_term_string}\"},\"query-input\":\"required name=search_term_string\"}],\"inLanguage\":\"en-US\"},{\"@type\":\"Organization\",\"@id\":\"https:\/\/edyceramic-shop.ro\/ro\/#organization\",\"name\":\"Edyceramic\",\"url\":\"https:\/\/edyceramic-shop.ro\/ro\/\",\"logo\":{\"@type\":\"ImageObject\",\"inLanguage\":\"en-US\",\"@id\":\"https:\/\/edyceramic-shop.ro\/ro\/#\/schema\/logo\/image\/\",\"url\":\"https:\/\/edyceramic-shop.ro\/wp-content\/uploads\/2024\/02\/Logo-EdyCeramic_2021-lung.png\",\"contentUrl\":\"https:\/\/edyceramic-shop.ro\/wp-content\/uploads\/2024\/02\/Logo-EdyCeramic_2021-lung.png\",\"width\":4491,\"height\":769,\"caption\":\"Edyceramic\"},\"image\":{\"@id\":\"https:\/\/edyceramic-shop.ro\/ro\/#\/schema\/logo\/image\/\"}}]}<\/script>\n<meta property=\"product:price:amount\" content=\"495.00\" \/>\n<meta property=\"product:price:currency\" content=\"RON\" \/>\n<meta property=\"og:availability\" content=\"instock\" \/>\n<meta property=\"product:availability\" content=\"instock\" \/>\n<meta property=\"product:retailer_item_id\" content=\"7eb8ffe12e95\" \/>\n<meta property=\"product:condition\" content=\"new\" \/>\n<!-- \/ Yoast SEO Premium plugin. -->","yoast_head_json":{"title":"CAP DE DU\u0218 SLIM P\u0102TRAT INULA FD8-501-22 - Edyceramic - magazin online","robots":{"index":"index","follow":"follow","max-snippet":"max-snippet:-1","max-image-preview":"max-image-preview:large","max-video-preview":"max-video-preview:-1"},"canonical":"https:\/\/edyceramic-shop.ro\/en\/product\/cap-de-dus-slim-patrat-inula-fd8-501-22\/","og_locale":"en_US","og_type":"article","og_title":"CAP DE DU\u0218 SLIM P\u0102TRAT INULA FD8-501-22","og_description":"Finisajul negru reprezint\u0103 o propunere atemporal\u0103 de design pentru b\u0103ile noastre. Dac\u0103 \u00ee\u021bi dore\u0219ti o experien\u021b\u0103 excep\u021bional\u0103 &#8211; at\u00e2t pentru","og_url":"https:\/\/edyceramic-shop.ro\/en\/product\/cap-de-dus-slim-patrat-inula-fd8-501-22\/","og_site_name":"Edyceramic - magazin online","article_modified_time":"2025-08-01T11:32:46+00:00","og_image":[{"width":1200,"height":799,"url":"https:\/\/edyceramic-shop.ro\/wp-content\/uploads\/2024\/09\/FD8-501-22.webp","type":"image\/webp"}],"twitter_card":"summary_large_image","twitter_misc":{"Price":"495,00&nbsp;lei","Availability":"In stock"},"schema":{"@context":"https:\/\/schema.org","@graph":[{"@type":"WebPage","@id":"https:\/\/edyceramic-shop.ro\/produs\/cap-de-dus-slim-patrat-inula-fd8-501-22\/","url":"https:\/\/edyceramic-shop.ro\/produs\/cap-de-dus-slim-patrat-inula-fd8-501-22\/","name":"CAP DE DU\u0218 SLIM P\u0102TRAT INULA FD8-501-22 - Edyceramic - magazin online","isPartOf":{"@id":"https:\/\/edyceramic-shop.ro\/ro\/#website"},"datePublished":"2024-09-22T20:29:45+00:00","dateModified":"2025-08-01T11:32:46+00:00","breadcrumb":{"@id":"https:\/\/edyceramic-shop.ro\/produs\/cap-de-dus-slim-patrat-inula-fd8-501-22\/#breadcrumb"},"inLanguage":"en-US","potentialAction":[{"@type":"ReadAction","target":["https:\/\/edyceramic-shop.ro\/produs\/cap-de-dus-slim-patrat-inula-fd8-501-22\/"]}]},{"@type":"BreadcrumbList","@id":"https:\/\/edyceramic-shop.ro\/produs\/cap-de-dus-slim-patrat-inula-fd8-501-22\/#breadcrumb","itemListElement":[{"@type":"ListItem","position":1,"name":"Home","item":"https:\/\/edyceramic-shop.ro\/"},{"@type":"ListItem","position":2,"name":"Shop","item":"https:\/\/edyceramic-shop.ro\/ro\/shop\/"},{"@type":"ListItem","position":3,"name":"CAP DE DU\u0218 SLIM P\u0102TRAT INULA FD8-501-22"}]},{"@type":"WebSite","@id":"https:\/\/edyceramic-shop.ro\/ro\/#website","url":"https:\/\/edyceramic-shop.ro\/ro\/","name":"edyceramic.ro","description":"","publisher":{"@id":"https:\/\/edyceramic-shop.ro\/ro\/#organization"},"potentialAction":[{"@type":"SearchAction","target":{"@type":"EntryPoint","urlTemplate":"https:\/\/edyceramic-shop.ro\/ro\/?s={search_term_string}"},"query-input":"required name=search_term_string"}],"inLanguage":"en-US"},{"@type":"Organization","@id":"https:\/\/edyceramic-shop.ro\/ro\/#organization","name":"Edyceramic","url":"https:\/\/edyceramic-shop.ro\/ro\/","logo":{"@type":"ImageObject","inLanguage":"en-US","@id":"https:\/\/edyceramic-shop.ro\/ro\/#\/schema\/logo\/image\/","url":"https:\/\/edyceramic-shop.ro\/wp-content\/uploads\/2024\/02\/Logo-EdyCeramic_2021-lung.png","contentUrl":"https:\/\/edyceramic-shop.ro\/wp-content\/uploads\/2024\/02\/Logo-EdyCeramic_2021-lung.png","width":4491,"height":769,"caption":"Edyceramic"},"image":{"@id":"https:\/\/edyceramic-shop.ro\/ro\/#\/schema\/logo\/image\/"}}]},"product_price_amount":"495.00","product_price_currency":"RON","og_availability":"instock","product_availability":"instock","product_retailer_item_id":"7eb8ffe12e95","product_condition":"new"},"jetpack_sharing_enabled":true,"_links":{"self":[{"href":"https:\/\/edyceramic-shop.ro\/en\/wp-json\/wp\/v2\/product\/7956","targetHints":{"allow":["GET"]}}],"collection":[{"href":"https:\/\/edyceramic-shop.ro\/en\/wp-json\/wp\/v2\/product"}],"about":[{"href":"https:\/\/edyceramic-shop.ro\/en\/wp-json\/wp\/v2\/types\/product"}],"version-history":[{"count":1,"href":"https:\/\/edyceramic-shop.ro\/en\/wp-json\/wp\/v2\/product\/7956\/revisions"}],"predecessor-version":[{"id":18528,"href":"https:\/\/edyceramic-shop.ro\/en\/wp-json\/wp\/v2\/product\/7956\/revisions\/18528"}],"wp:featuredmedia":[{"embeddable":true,"href":"https:\/\/edyceramic-shop.ro\/en\/wp-json\/wp\/v2\/media\/18529"}],"wp:attachment":[{"href":"https:\/\/edyceramic-shop.ro\/en\/wp-json\/wp\/v2\/media?parent=7956"}],"wp:term":[{"taxonomy":"product_brand","embeddable":true,"href":"https:\/\/edyceramic-shop.ro\/en\/wp-json\/wp\/v2\/product_brand?post=7956"},{"taxonomy":"product_cat","embeddable":true,"href":"https:\/\/edyceramic-shop.ro\/en\/wp-json\/wp\/v2\/product_cat?post=7956"},{"taxonomy":"product_tag","embeddable":true,"href":"https:\/\/edyceramic-shop.ro\/en\/wp-json\/wp\/v2\/product_tag?post=7956"}],"curies":[{"name":"wp","href":"https:\/\/api.w.org\/{rel}","templated":true}]}}