{"id":7922,"date":"2024-09-22T20:28:55","date_gmt":"2024-09-22T20:28:55","guid":{"rendered":"https:\/\/edyceramic-shop.ro\/produs\/set-dus-cu-bara-dus-inula-fd3-103-55\/"},"modified":"2025-08-01T13:32:43","modified_gmt":"2025-08-01T11:32:43","slug":"set-dus-cu-bara-dus-inula-fd3-103-55","status":"publish","type":"product","link":"https:\/\/edyceramic-shop.ro\/en\/product\/set-dus-cu-bara-dus-inula-fd3-103-55\/","title":{"rendered":"SET DU\u0218 CU BAR\u0102 DU\u0218 INULA FD3-103-55"},"content":{"rendered":"<p>Acest set de du\u0219 din colectia INULA av\u00e2nd o bar\u0103 cu lungimea de 73 cm, \u00eentr-un finisaj auriu lucios, va aduce o not\u0103 unic\u0103 de elegan\u021b\u0103 \u00een zona modern\u0103 de du\u0219. Cu un design versatil, se va potrivi perfect \u00een b\u0103ile de dimensiuni mici, care sunt decorate cu gust \u0219i care adopt\u0103 diverse stiluri. Finisajul u\u0219or str\u0103lucitor \u00eentr-o nuan\u021b\u0103 fermec\u0103toare de auriu deschis, \u00eempreun\u0103 cu para du\u0219 subtil rotunjit\u0103, accentueaz\u0103 formele du\u0219ului, conferindu-i un caracter extrem de elegant \u0219i atr\u0103g\u0103tor. Para du\u0219 gold cu o func\u021bie, av\u00e2nd un diametru de 120 mm \u0219i un jet de tip ploaie, ofer\u0103 o experien\u021b\u0103 de sp\u0103lare confortabil\u0103 \u0219i pl\u0103cut\u0103. Flexibilitatea \u00een montarea setului de du\u0219 prin posibilitatea de reglare a barei fixe, permite adaptabilitate \u0219i personalizare \u00een func\u021bie de preferin\u021bele utilizatorului. Cu ajutorul sistemului Easy Clean, \u00eendep\u0103rtarea depunerilor de calcar devine o sarcin\u0103 simpl\u0103 \u0219i rapid\u0103, asigur\u00e2nd men\u021binerea setului de dus \u00eentr-o stare impecabil\u0103 \u0219i func\u021bional\u0103 pe termen lung.<\/p>","protected":false},"excerpt":{"rendered":"<p>Acest set de du\u0219 din colectia INULA av\u00e2nd o bar\u0103 cu lungimea de 73 cm, \u00eentr-un finisaj auriu lucios, va<\/p>","protected":false},"featured_media":18482,"template":"","meta":[],"product_brand":[],"product_cat":[3502,359,362,334],"product_tag":[],"class_list":{"0":"post-7922","1":"product","2":"type-product","3":"status-publish","4":"has-post-thumbnail","6":"product_cat-baterii-fdesign","7":"product_cat-sisteme-de-dus","8":"product_cat-seturi-de-dus","9":"product_cat-sanitare","10":"pa_colectie-inula","11":"pa_culoare-auriu","12":"pa_fabrica-fdesign","13":"pa_garantie-7ani","14":"pa_lungime-furtun-dus-1500mm","15":"pa_material-abs","16":"pa_montaj-pe-perete","18":"first","19":"instock","20":"purchasable","21":"product-type-simple"},"yoast_head":"<!-- This site is optimized with the Yoast SEO Premium plugin v21.6 (Yoast SEO v22.1) - https:\/\/yoast.com\/wordpress\/plugins\/seo\/ -->\n<title>SET DU\u0218 CU BAR\u0102 DU\u0218 INULA FD3-103-55 - Edyceramic - magazin online<\/title>\n<meta name=\"robots\" content=\"index, follow, max-snippet:-1, max-image-preview:large, max-video-preview:-1\" \/>\n<link rel=\"canonical\" href=\"https:\/\/edyceramic-shop.ro\/en\/product\/set-dus-cu-bara-dus-inula-fd3-103-55\/\" \/>\n<meta property=\"og:locale\" content=\"en_US\" \/>\n<meta property=\"og:type\" content=\"article\" \/>\n<meta property=\"og:title\" content=\"SET DU\u0218 CU BAR\u0102 DU\u0218 INULA FD3-103-55\" \/>\n<meta property=\"og:description\" content=\"Acest set de du\u0219 din colectia INULA av\u00e2nd o bar\u0103 cu lungimea de 73 cm, \u00eentr-un finisaj auriu lucios, va\" \/>\n<meta property=\"og:url\" content=\"https:\/\/edyceramic-shop.ro\/en\/product\/set-dus-cu-bara-dus-inula-fd3-103-55\/\" \/>\n<meta property=\"og:site_name\" content=\"Edyceramic - magazin online\" \/>\n<meta property=\"article:modified_time\" content=\"2025-08-01T11:32:43+00:00\" \/>\n<meta property=\"og:image\" content=\"https:\/\/edyceramic-shop.ro\/wp-content\/uploads\/2024\/09\/FD3-103-55-scaled.webp\" \/>\n\t<meta property=\"og:image:width\" content=\"447\" \/>\n\t<meta property=\"og:image:height\" content=\"2560\" \/>\n\t<meta property=\"og:image:type\" content=\"image\/webp\" \/>\n<meta name=\"twitter:card\" content=\"summary_large_image\" \/>\n<meta name=\"twitter:label1\" content=\"Price\" \/>\n\t<meta name=\"twitter:data1\" content=\"412,00&nbsp;lei\" \/>\n\t<meta name=\"twitter:label2\" content=\"Availability\" \/>\n\t<meta name=\"twitter:data2\" content=\"In stock\" \/>\n<script type=\"application\/ld+json\" class=\"yoast-schema-graph\">{\"@context\":\"https:\/\/schema.org\",\"@graph\":[{\"@type\":\"WebPage\",\"@id\":\"https:\/\/edyceramic-shop.ro\/produs\/set-dus-cu-bara-dus-inula-fd3-103-55\/\",\"url\":\"https:\/\/edyceramic-shop.ro\/produs\/set-dus-cu-bara-dus-inula-fd3-103-55\/\",\"name\":\"SET DU\u0218 CU BAR\u0102 DU\u0218 INULA FD3-103-55 - Edyceramic - magazin online\",\"isPartOf\":{\"@id\":\"https:\/\/edyceramic-shop.ro\/ro\/#website\"},\"datePublished\":\"2024-09-22T20:28:55+00:00\",\"dateModified\":\"2025-08-01T11:32:43+00:00\",\"breadcrumb\":{\"@id\":\"https:\/\/edyceramic-shop.ro\/produs\/set-dus-cu-bara-dus-inula-fd3-103-55\/#breadcrumb\"},\"inLanguage\":\"en-US\",\"potentialAction\":[{\"@type\":\"ReadAction\",\"target\":[\"https:\/\/edyceramic-shop.ro\/produs\/set-dus-cu-bara-dus-inula-fd3-103-55\/\"]}]},{\"@type\":\"BreadcrumbList\",\"@id\":\"https:\/\/edyceramic-shop.ro\/produs\/set-dus-cu-bara-dus-inula-fd3-103-55\/#breadcrumb\",\"itemListElement\":[{\"@type\":\"ListItem\",\"position\":1,\"name\":\"Home\",\"item\":\"https:\/\/edyceramic-shop.ro\/\"},{\"@type\":\"ListItem\",\"position\":2,\"name\":\"Shop\",\"item\":\"https:\/\/edyceramic-shop.ro\/ro\/shop\/\"},{\"@type\":\"ListItem\",\"position\":3,\"name\":\"SET DU\u0218 CU BAR\u0102 DU\u0218 INULA FD3-103-55\"}]},{\"@type\":\"WebSite\",\"@id\":\"https:\/\/edyceramic-shop.ro\/ro\/#website\",\"url\":\"https:\/\/edyceramic-shop.ro\/ro\/\",\"name\":\"edyceramic.ro\",\"description\":\"\",\"publisher\":{\"@id\":\"https:\/\/edyceramic-shop.ro\/ro\/#organization\"},\"potentialAction\":[{\"@type\":\"SearchAction\",\"target\":{\"@type\":\"EntryPoint\",\"urlTemplate\":\"https:\/\/edyceramic-shop.ro\/ro\/?s={search_term_string}\"},\"query-input\":\"required name=search_term_string\"}],\"inLanguage\":\"en-US\"},{\"@type\":\"Organization\",\"@id\":\"https:\/\/edyceramic-shop.ro\/ro\/#organization\",\"name\":\"Edyceramic\",\"url\":\"https:\/\/edyceramic-shop.ro\/ro\/\",\"logo\":{\"@type\":\"ImageObject\",\"inLanguage\":\"en-US\",\"@id\":\"https:\/\/edyceramic-shop.ro\/ro\/#\/schema\/logo\/image\/\",\"url\":\"https:\/\/edyceramic-shop.ro\/wp-content\/uploads\/2024\/02\/Logo-EdyCeramic_2021-lung.png\",\"contentUrl\":\"https:\/\/edyceramic-shop.ro\/wp-content\/uploads\/2024\/02\/Logo-EdyCeramic_2021-lung.png\",\"width\":4491,\"height\":769,\"caption\":\"Edyceramic\"},\"image\":{\"@id\":\"https:\/\/edyceramic-shop.ro\/ro\/#\/schema\/logo\/image\/\"}}]}<\/script>\n<meta property=\"product:price:amount\" content=\"412.00\" \/>\n<meta property=\"product:price:currency\" content=\"RON\" \/>\n<meta property=\"og:availability\" content=\"instock\" \/>\n<meta property=\"product:availability\" content=\"instock\" \/>\n<meta property=\"product:retailer_item_id\" content=\"d4b21ed08f70\" \/>\n<meta property=\"product:condition\" content=\"new\" \/>\n<!-- \/ Yoast SEO Premium plugin. -->","yoast_head_json":{"title":"SET DU\u0218 CU BAR\u0102 DU\u0218 INULA FD3-103-55 - Edyceramic - magazin online","robots":{"index":"index","follow":"follow","max-snippet":"max-snippet:-1","max-image-preview":"max-image-preview:large","max-video-preview":"max-video-preview:-1"},"canonical":"https:\/\/edyceramic-shop.ro\/en\/product\/set-dus-cu-bara-dus-inula-fd3-103-55\/","og_locale":"en_US","og_type":"article","og_title":"SET DU\u0218 CU BAR\u0102 DU\u0218 INULA FD3-103-55","og_description":"Acest set de du\u0219 din colectia INULA av\u00e2nd o bar\u0103 cu lungimea de 73 cm, \u00eentr-un finisaj auriu lucios, va","og_url":"https:\/\/edyceramic-shop.ro\/en\/product\/set-dus-cu-bara-dus-inula-fd3-103-55\/","og_site_name":"Edyceramic - magazin online","article_modified_time":"2025-08-01T11:32:43+00:00","og_image":[{"width":447,"height":2560,"url":"https:\/\/edyceramic-shop.ro\/wp-content\/uploads\/2024\/09\/FD3-103-55-scaled.webp","type":"image\/webp"}],"twitter_card":"summary_large_image","twitter_misc":{"Price":"412,00&nbsp;lei","Availability":"In stock"},"schema":{"@context":"https:\/\/schema.org","@graph":[{"@type":"WebPage","@id":"https:\/\/edyceramic-shop.ro\/produs\/set-dus-cu-bara-dus-inula-fd3-103-55\/","url":"https:\/\/edyceramic-shop.ro\/produs\/set-dus-cu-bara-dus-inula-fd3-103-55\/","name":"SET DU\u0218 CU BAR\u0102 DU\u0218 INULA FD3-103-55 - Edyceramic - magazin online","isPartOf":{"@id":"https:\/\/edyceramic-shop.ro\/ro\/#website"},"datePublished":"2024-09-22T20:28:55+00:00","dateModified":"2025-08-01T11:32:43+00:00","breadcrumb":{"@id":"https:\/\/edyceramic-shop.ro\/produs\/set-dus-cu-bara-dus-inula-fd3-103-55\/#breadcrumb"},"inLanguage":"en-US","potentialAction":[{"@type":"ReadAction","target":["https:\/\/edyceramic-shop.ro\/produs\/set-dus-cu-bara-dus-inula-fd3-103-55\/"]}]},{"@type":"BreadcrumbList","@id":"https:\/\/edyceramic-shop.ro\/produs\/set-dus-cu-bara-dus-inula-fd3-103-55\/#breadcrumb","itemListElement":[{"@type":"ListItem","position":1,"name":"Home","item":"https:\/\/edyceramic-shop.ro\/"},{"@type":"ListItem","position":2,"name":"Shop","item":"https:\/\/edyceramic-shop.ro\/ro\/shop\/"},{"@type":"ListItem","position":3,"name":"SET DU\u0218 CU BAR\u0102 DU\u0218 INULA FD3-103-55"}]},{"@type":"WebSite","@id":"https:\/\/edyceramic-shop.ro\/ro\/#website","url":"https:\/\/edyceramic-shop.ro\/ro\/","name":"edyceramic.ro","description":"","publisher":{"@id":"https:\/\/edyceramic-shop.ro\/ro\/#organization"},"potentialAction":[{"@type":"SearchAction","target":{"@type":"EntryPoint","urlTemplate":"https:\/\/edyceramic-shop.ro\/ro\/?s={search_term_string}"},"query-input":"required name=search_term_string"}],"inLanguage":"en-US"},{"@type":"Organization","@id":"https:\/\/edyceramic-shop.ro\/ro\/#organization","name":"Edyceramic","url":"https:\/\/edyceramic-shop.ro\/ro\/","logo":{"@type":"ImageObject","inLanguage":"en-US","@id":"https:\/\/edyceramic-shop.ro\/ro\/#\/schema\/logo\/image\/","url":"https:\/\/edyceramic-shop.ro\/wp-content\/uploads\/2024\/02\/Logo-EdyCeramic_2021-lung.png","contentUrl":"https:\/\/edyceramic-shop.ro\/wp-content\/uploads\/2024\/02\/Logo-EdyCeramic_2021-lung.png","width":4491,"height":769,"caption":"Edyceramic"},"image":{"@id":"https:\/\/edyceramic-shop.ro\/ro\/#\/schema\/logo\/image\/"}}]},"product_price_amount":"412.00","product_price_currency":"RON","og_availability":"instock","product_availability":"instock","product_retailer_item_id":"d4b21ed08f70","product_condition":"new"},"jetpack_sharing_enabled":true,"_links":{"self":[{"href":"https:\/\/edyceramic-shop.ro\/en\/wp-json\/wp\/v2\/product\/7922","targetHints":{"allow":["GET"]}}],"collection":[{"href":"https:\/\/edyceramic-shop.ro\/en\/wp-json\/wp\/v2\/product"}],"about":[{"href":"https:\/\/edyceramic-shop.ro\/en\/wp-json\/wp\/v2\/types\/product"}],"version-history":[{"count":1,"href":"https:\/\/edyceramic-shop.ro\/en\/wp-json\/wp\/v2\/product\/7922\/revisions"}],"predecessor-version":[{"id":18481,"href":"https:\/\/edyceramic-shop.ro\/en\/wp-json\/wp\/v2\/product\/7922\/revisions\/18481"}],"wp:featuredmedia":[{"embeddable":true,"href":"https:\/\/edyceramic-shop.ro\/en\/wp-json\/wp\/v2\/media\/18482"}],"wp:attachment":[{"href":"https:\/\/edyceramic-shop.ro\/en\/wp-json\/wp\/v2\/media?parent=7922"}],"wp:term":[{"taxonomy":"product_brand","embeddable":true,"href":"https:\/\/edyceramic-shop.ro\/en\/wp-json\/wp\/v2\/product_brand?post=7922"},{"taxonomy":"product_cat","embeddable":true,"href":"https:\/\/edyceramic-shop.ro\/en\/wp-json\/wp\/v2\/product_cat?post=7922"},{"taxonomy":"product_tag","embeddable":true,"href":"https:\/\/edyceramic-shop.ro\/en\/wp-json\/wp\/v2\/product_tag?post=7922"}],"curies":[{"name":"wp","href":"https:\/\/api.w.org\/{rel}","templated":true}]}}