{"id":7893,"date":"2024-09-22T20:28:07","date_gmt":"2024-09-22T20:28:07","guid":{"rendered":"https:\/\/edyceramic-shop.ro\/produs\/sistem-dus-6-in-1-flusso-gold-fd1-fls-7pset1-55\/"},"modified":"2025-08-01T13:32:41","modified_gmt":"2025-08-01T11:32:41","slug":"sistem-dus-6-in-1-flusso-gold-fd1-fls-7pset1-55","status":"publish","type":"product","link":"https:\/\/edyceramic-shop.ro\/en\/product\/sistem-dus-6-in-1-flusso-gold-fd1-fls-7pset1-55\/","title":{"rendered":"SISTEM DU\u0218 6 \u00een 1 FLUSSO GOLD FD1-FLS-7PSET1-55"},"content":{"rendered":"<p>FLUSSO este o combina\u021bie perfect\u0103 de elegan\u021b\u0103 clasic\u0103 \u0219i solu\u021bii moderne. Culoarea cald\u0103 aurie eviden\u021biaz\u0103 perfect formele rotunde ale fiec\u0103rui element. Un cap de du\u0219 plat SLIM, o par\u0103 du\u0219 sub\u021bire pentru a controla jetul de ap\u0103 \u0219i un m\u00e2ner alungit cu o form\u0103 delicat\u0103 adaug\u0103 lejeritate \u0219i indic\u0103 stilul unic al setului. Solu\u021bia func\u021bional\u0103 \u00eencastrat\u0103 adaug\u0103 un accent la mod\u0103 unei b\u0103i decorate clasic. Acest set de du\u0219 frumos va c\u00e2\u0219tiga cu siguran\u021b\u0103 recunoa\u0219tere \u00een r\u00e2ndul celor care se a\u0219teapt\u0103 at\u00e2t la o estetic\u0103 unic\u0103, c\u00e2t \u0219i la confortul \u00een utilizare.<\/p>","protected":false},"excerpt":{"rendered":"<p>FLUSSO este o combina\u021bie perfect\u0103 de elegan\u021b\u0103 clasic\u0103 \u0219i solu\u021bii moderne. Culoarea cald\u0103 aurie eviden\u021biaz\u0103 perfect formele rotunde ale fiec\u0103rui<\/p>","protected":false},"featured_media":18441,"template":"","meta":[],"product_brand":[],"product_cat":[3502,359,334],"product_tag":[],"class_list":{"0":"post-7893","1":"product","2":"type-product","3":"status-publish","4":"has-post-thumbnail","6":"product_cat-baterii-fdesign","7":"product_cat-sisteme-de-dus","8":"product_cat-sanitare","9":"pa_colectie-flusso-gold","10":"pa_culoare-auriu","11":"pa_fabrica-fdesign","12":"pa_garantie-7ani","13":"pa_material-alama","14":"pa_montaj-pe-perete","16":"first","17":"instock","18":"purchasable","19":"product-type-simple"},"yoast_head":"<!-- This site is optimized with the Yoast SEO Premium plugin v21.6 (Yoast SEO v22.1) - https:\/\/yoast.com\/wordpress\/plugins\/seo\/ -->\n<title>SISTEM DU\u0218 6 \u00een 1 FLUSSO GOLD FD1-FLS-7PSET1-55 - Edyceramic - magazin online<\/title>\n<meta name=\"robots\" content=\"index, follow, max-snippet:-1, max-image-preview:large, max-video-preview:-1\" \/>\n<link rel=\"canonical\" href=\"https:\/\/edyceramic-shop.ro\/en\/product\/sistem-dus-6-in-1-flusso-gold-fd1-fls-7pset1-55\/\" \/>\n<meta property=\"og:locale\" content=\"en_US\" \/>\n<meta property=\"og:type\" content=\"article\" \/>\n<meta property=\"og:title\" content=\"SISTEM DU\u0218 6 \u00een 1 FLUSSO GOLD FD1-FLS-7PSET1-55\" \/>\n<meta property=\"og:description\" content=\"FLUSSO este o combina\u021bie perfect\u0103 de elegan\u021b\u0103 clasic\u0103 \u0219i solu\u021bii moderne. Culoarea cald\u0103 aurie eviden\u021biaz\u0103 perfect formele rotunde ale fiec\u0103rui\" \/>\n<meta property=\"og:url\" content=\"https:\/\/edyceramic-shop.ro\/en\/product\/sistem-dus-6-in-1-flusso-gold-fd1-fls-7pset1-55\/\" \/>\n<meta property=\"og:site_name\" content=\"Edyceramic - magazin online\" \/>\n<meta property=\"article:modified_time\" content=\"2025-08-01T11:32:41+00:00\" \/>\n<meta property=\"og:image\" content=\"https:\/\/edyceramic-shop.ro\/wp-content\/uploads\/2024\/09\/FD1-FLS-7PSET1-55.webp\" \/>\n\t<meta property=\"og:image:width\" content=\"1200\" \/>\n\t<meta property=\"og:image:height\" content=\"1209\" \/>\n\t<meta property=\"og:image:type\" content=\"image\/webp\" \/>\n<meta name=\"twitter:card\" content=\"summary_large_image\" \/>\n<meta name=\"twitter:label1\" content=\"Price\" \/>\n\t<meta name=\"twitter:data1\" content=\"2.266,00&nbsp;lei\" \/>\n\t<meta name=\"twitter:label2\" content=\"Availability\" \/>\n\t<meta name=\"twitter:data2\" content=\"In stock\" \/>\n<script type=\"application\/ld+json\" class=\"yoast-schema-graph\">{\"@context\":\"https:\/\/schema.org\",\"@graph\":[{\"@type\":\"WebPage\",\"@id\":\"https:\/\/edyceramic-shop.ro\/produs\/sistem-dus-6-in-1-flusso-gold-fd1-fls-7pset1-55\/\",\"url\":\"https:\/\/edyceramic-shop.ro\/produs\/sistem-dus-6-in-1-flusso-gold-fd1-fls-7pset1-55\/\",\"name\":\"SISTEM DU\u0218 6 \u00een 1 FLUSSO GOLD FD1-FLS-7PSET1-55 - Edyceramic - magazin online\",\"isPartOf\":{\"@id\":\"https:\/\/edyceramic-shop.ro\/ro\/#website\"},\"datePublished\":\"2024-09-22T20:28:07+00:00\",\"dateModified\":\"2025-08-01T11:32:41+00:00\",\"breadcrumb\":{\"@id\":\"https:\/\/edyceramic-shop.ro\/produs\/sistem-dus-6-in-1-flusso-gold-fd1-fls-7pset1-55\/#breadcrumb\"},\"inLanguage\":\"en-US\",\"potentialAction\":[{\"@type\":\"ReadAction\",\"target\":[\"https:\/\/edyceramic-shop.ro\/produs\/sistem-dus-6-in-1-flusso-gold-fd1-fls-7pset1-55\/\"]}]},{\"@type\":\"BreadcrumbList\",\"@id\":\"https:\/\/edyceramic-shop.ro\/produs\/sistem-dus-6-in-1-flusso-gold-fd1-fls-7pset1-55\/#breadcrumb\",\"itemListElement\":[{\"@type\":\"ListItem\",\"position\":1,\"name\":\"Home\",\"item\":\"https:\/\/edyceramic-shop.ro\/\"},{\"@type\":\"ListItem\",\"position\":2,\"name\":\"Shop\",\"item\":\"https:\/\/edyceramic-shop.ro\/ro\/shop\/\"},{\"@type\":\"ListItem\",\"position\":3,\"name\":\"SISTEM DU\u0218 6 \u00een 1 FLUSSO GOLD FD1-FLS-7PSET1-55\"}]},{\"@type\":\"WebSite\",\"@id\":\"https:\/\/edyceramic-shop.ro\/ro\/#website\",\"url\":\"https:\/\/edyceramic-shop.ro\/ro\/\",\"name\":\"edyceramic.ro\",\"description\":\"\",\"publisher\":{\"@id\":\"https:\/\/edyceramic-shop.ro\/ro\/#organization\"},\"potentialAction\":[{\"@type\":\"SearchAction\",\"target\":{\"@type\":\"EntryPoint\",\"urlTemplate\":\"https:\/\/edyceramic-shop.ro\/ro\/?s={search_term_string}\"},\"query-input\":\"required name=search_term_string\"}],\"inLanguage\":\"en-US\"},{\"@type\":\"Organization\",\"@id\":\"https:\/\/edyceramic-shop.ro\/ro\/#organization\",\"name\":\"Edyceramic\",\"url\":\"https:\/\/edyceramic-shop.ro\/ro\/\",\"logo\":{\"@type\":\"ImageObject\",\"inLanguage\":\"en-US\",\"@id\":\"https:\/\/edyceramic-shop.ro\/ro\/#\/schema\/logo\/image\/\",\"url\":\"https:\/\/edyceramic-shop.ro\/wp-content\/uploads\/2024\/02\/Logo-EdyCeramic_2021-lung.png\",\"contentUrl\":\"https:\/\/edyceramic-shop.ro\/wp-content\/uploads\/2024\/02\/Logo-EdyCeramic_2021-lung.png\",\"width\":4491,\"height\":769,\"caption\":\"Edyceramic\"},\"image\":{\"@id\":\"https:\/\/edyceramic-shop.ro\/ro\/#\/schema\/logo\/image\/\"}}]}<\/script>\n<meta property=\"product:price:amount\" content=\"2266.00\" \/>\n<meta property=\"product:price:currency\" content=\"RON\" \/>\n<meta property=\"og:availability\" content=\"instock\" \/>\n<meta property=\"product:availability\" content=\"instock\" \/>\n<meta property=\"product:retailer_item_id\" content=\"dee4fc591d58\" \/>\n<meta property=\"product:condition\" content=\"new\" \/>\n<!-- \/ Yoast SEO Premium plugin. -->","yoast_head_json":{"title":"SISTEM DU\u0218 6 \u00een 1 FLUSSO GOLD FD1-FLS-7PSET1-55 - Edyceramic - magazin online","robots":{"index":"index","follow":"follow","max-snippet":"max-snippet:-1","max-image-preview":"max-image-preview:large","max-video-preview":"max-video-preview:-1"},"canonical":"https:\/\/edyceramic-shop.ro\/en\/product\/sistem-dus-6-in-1-flusso-gold-fd1-fls-7pset1-55\/","og_locale":"en_US","og_type":"article","og_title":"SISTEM DU\u0218 6 \u00een 1 FLUSSO GOLD FD1-FLS-7PSET1-55","og_description":"FLUSSO este o combina\u021bie perfect\u0103 de elegan\u021b\u0103 clasic\u0103 \u0219i solu\u021bii moderne. Culoarea cald\u0103 aurie eviden\u021biaz\u0103 perfect formele rotunde ale fiec\u0103rui","og_url":"https:\/\/edyceramic-shop.ro\/en\/product\/sistem-dus-6-in-1-flusso-gold-fd1-fls-7pset1-55\/","og_site_name":"Edyceramic - magazin online","article_modified_time":"2025-08-01T11:32:41+00:00","og_image":[{"width":1200,"height":1209,"url":"https:\/\/edyceramic-shop.ro\/wp-content\/uploads\/2024\/09\/FD1-FLS-7PSET1-55.webp","type":"image\/webp"}],"twitter_card":"summary_large_image","twitter_misc":{"Price":"2.266,00&nbsp;lei","Availability":"In stock"},"schema":{"@context":"https:\/\/schema.org","@graph":[{"@type":"WebPage","@id":"https:\/\/edyceramic-shop.ro\/produs\/sistem-dus-6-in-1-flusso-gold-fd1-fls-7pset1-55\/","url":"https:\/\/edyceramic-shop.ro\/produs\/sistem-dus-6-in-1-flusso-gold-fd1-fls-7pset1-55\/","name":"SISTEM DU\u0218 6 \u00een 1 FLUSSO GOLD FD1-FLS-7PSET1-55 - Edyceramic - magazin online","isPartOf":{"@id":"https:\/\/edyceramic-shop.ro\/ro\/#website"},"datePublished":"2024-09-22T20:28:07+00:00","dateModified":"2025-08-01T11:32:41+00:00","breadcrumb":{"@id":"https:\/\/edyceramic-shop.ro\/produs\/sistem-dus-6-in-1-flusso-gold-fd1-fls-7pset1-55\/#breadcrumb"},"inLanguage":"en-US","potentialAction":[{"@type":"ReadAction","target":["https:\/\/edyceramic-shop.ro\/produs\/sistem-dus-6-in-1-flusso-gold-fd1-fls-7pset1-55\/"]}]},{"@type":"BreadcrumbList","@id":"https:\/\/edyceramic-shop.ro\/produs\/sistem-dus-6-in-1-flusso-gold-fd1-fls-7pset1-55\/#breadcrumb","itemListElement":[{"@type":"ListItem","position":1,"name":"Home","item":"https:\/\/edyceramic-shop.ro\/"},{"@type":"ListItem","position":2,"name":"Shop","item":"https:\/\/edyceramic-shop.ro\/ro\/shop\/"},{"@type":"ListItem","position":3,"name":"SISTEM DU\u0218 6 \u00een 1 FLUSSO GOLD FD1-FLS-7PSET1-55"}]},{"@type":"WebSite","@id":"https:\/\/edyceramic-shop.ro\/ro\/#website","url":"https:\/\/edyceramic-shop.ro\/ro\/","name":"edyceramic.ro","description":"","publisher":{"@id":"https:\/\/edyceramic-shop.ro\/ro\/#organization"},"potentialAction":[{"@type":"SearchAction","target":{"@type":"EntryPoint","urlTemplate":"https:\/\/edyceramic-shop.ro\/ro\/?s={search_term_string}"},"query-input":"required name=search_term_string"}],"inLanguage":"en-US"},{"@type":"Organization","@id":"https:\/\/edyceramic-shop.ro\/ro\/#organization","name":"Edyceramic","url":"https:\/\/edyceramic-shop.ro\/ro\/","logo":{"@type":"ImageObject","inLanguage":"en-US","@id":"https:\/\/edyceramic-shop.ro\/ro\/#\/schema\/logo\/image\/","url":"https:\/\/edyceramic-shop.ro\/wp-content\/uploads\/2024\/02\/Logo-EdyCeramic_2021-lung.png","contentUrl":"https:\/\/edyceramic-shop.ro\/wp-content\/uploads\/2024\/02\/Logo-EdyCeramic_2021-lung.png","width":4491,"height":769,"caption":"Edyceramic"},"image":{"@id":"https:\/\/edyceramic-shop.ro\/ro\/#\/schema\/logo\/image\/"}}]},"product_price_amount":"2266.00","product_price_currency":"RON","og_availability":"instock","product_availability":"instock","product_retailer_item_id":"dee4fc591d58","product_condition":"new"},"jetpack_sharing_enabled":true,"_links":{"self":[{"href":"https:\/\/edyceramic-shop.ro\/en\/wp-json\/wp\/v2\/product\/7893","targetHints":{"allow":["GET"]}}],"collection":[{"href":"https:\/\/edyceramic-shop.ro\/en\/wp-json\/wp\/v2\/product"}],"about":[{"href":"https:\/\/edyceramic-shop.ro\/en\/wp-json\/wp\/v2\/types\/product"}],"version-history":[{"count":1,"href":"https:\/\/edyceramic-shop.ro\/en\/wp-json\/wp\/v2\/product\/7893\/revisions"}],"predecessor-version":[{"id":18440,"href":"https:\/\/edyceramic-shop.ro\/en\/wp-json\/wp\/v2\/product\/7893\/revisions\/18440"}],"wp:featuredmedia":[{"embeddable":true,"href":"https:\/\/edyceramic-shop.ro\/en\/wp-json\/wp\/v2\/media\/18441"}],"wp:attachment":[{"href":"https:\/\/edyceramic-shop.ro\/en\/wp-json\/wp\/v2\/media?parent=7893"}],"wp:term":[{"taxonomy":"product_brand","embeddable":true,"href":"https:\/\/edyceramic-shop.ro\/en\/wp-json\/wp\/v2\/product_brand?post=7893"},{"taxonomy":"product_cat","embeddable":true,"href":"https:\/\/edyceramic-shop.ro\/en\/wp-json\/wp\/v2\/product_cat?post=7893"},{"taxonomy":"product_tag","embeddable":true,"href":"https:\/\/edyceramic-shop.ro\/en\/wp-json\/wp\/v2\/product_tag?post=7893"}],"curies":[{"name":"wp","href":"https:\/\/api.w.org\/{rel}","templated":true}]}}