{"id":7877,"date":"2024-09-22T20:28:07","date_gmt":"2024-09-22T20:28:07","guid":{"rendered":"https:\/\/edyceramic-shop.ro\/produs\/baterie-stativa-lavoar-flusso-gold-fd1-fls-2-55\/"},"modified":"2025-08-01T13:32:40","modified_gmt":"2025-08-01T11:32:40","slug":"baterie-stativa-lavoar-flusso-gold-fd1-fls-2-55","status":"publish","type":"product","link":"https:\/\/edyceramic-shop.ro\/en\/product\/baterie-stativa-lavoar-flusso-gold-fd1-fls-2-55\/","title":{"rendered":"BATERIE STATIV\u0102 LAVOAR FLUSSO GOLD FD1-FLS-2-55"},"content":{"rendered":"<p>Forma pl\u0103cut rotunjit\u0103 a corpului, \u00eenclinarea u\u0219oar\u0103 a pipei c\u0103tre vas, m\u00e2nerul confortabil \u0219i sub\u021bire \u0219i, \u00een mod remarcabil, nuan\u021ba aurie subtil\u0103 care \u00eei \u00eembr\u0103\u021bi\u0219eaz\u0103 delicat silueta sunt caracteristici definitorii ale bateriei de lavoar stativ\u0103 din seria FLUSSO. Cu toate acestea, frumuse\u021bea nu este singurul avantaj al acestei baterii. Dotat\u0103 cu sistemul Easy Clean, \u00eendep\u0103rtarea depunerilor de calcar devine o sarcin\u0103 u\u0219oar\u0103, \u00een timp ce durabilitatea \u0219i func\u021bionalitatea \u00eendelungat\u0103 sunt garantate de cartu\u0219ul ceramic. \u00cen plus, bateria este completat\u0103 de un ventil de tip click-clack din metal, \u00een aceea\u0219i nuan\u021b\u0103 aurie elegant\u0103.<\/p>","protected":false},"excerpt":{"rendered":"<p>Forma pl\u0103cut rotunjit\u0103 a corpului, \u00eenclinarea u\u0219oar\u0103 a pipei c\u0103tre vas, m\u00e2nerul confortabil \u0219i sub\u021bire \u0219i, \u00een mod remarcabil, nuan\u021ba<\/p>","protected":false},"featured_media":18416,"template":"","meta":[],"product_brand":[],"product_cat":[3502,367,366,334],"product_tag":[],"class_list":{"0":"post-7877","1":"product","2":"type-product","3":"status-publish","4":"has-post-thumbnail","6":"product_cat-baterii-fdesign","7":"product_cat-baterii-lavoar","8":"product_cat-baterii-de-baie","9":"product_cat-sanitare","10":"pa_colectie-flusso-gold","11":"pa_culoare-auriu","12":"pa_dimensiune-167mm","13":"pa_fabrica-fdesign","14":"pa_garantie-7ani","15":"pa_material-alama","16":"pa_montaj-pe-lavoar","18":"first","19":"instock","20":"purchasable","21":"product-type-simple"},"yoast_head":"<!-- This site is optimized with the Yoast SEO Premium plugin v21.6 (Yoast SEO v22.1) - https:\/\/yoast.com\/wordpress\/plugins\/seo\/ -->\n<title>BATERIE STATIV\u0102 LAVOAR FLUSSO GOLD FD1-FLS-2-55 - Edyceramic - magazin online<\/title>\n<meta name=\"robots\" content=\"index, follow, max-snippet:-1, max-image-preview:large, max-video-preview:-1\" \/>\n<link rel=\"canonical\" href=\"https:\/\/edyceramic-shop.ro\/en\/product\/baterie-stativa-lavoar-flusso-gold-fd1-fls-2-55\/\" \/>\n<meta property=\"og:locale\" content=\"en_US\" \/>\n<meta property=\"og:type\" content=\"article\" \/>\n<meta property=\"og:title\" content=\"BATERIE STATIV\u0102 LAVOAR FLUSSO GOLD FD1-FLS-2-55\" \/>\n<meta property=\"og:description\" content=\"Forma pl\u0103cut rotunjit\u0103 a corpului, \u00eenclinarea u\u0219oar\u0103 a pipei c\u0103tre vas, m\u00e2nerul confortabil \u0219i sub\u021bire \u0219i, \u00een mod remarcabil, nuan\u021ba\" \/>\n<meta property=\"og:url\" content=\"https:\/\/edyceramic-shop.ro\/en\/product\/baterie-stativa-lavoar-flusso-gold-fd1-fls-2-55\/\" \/>\n<meta property=\"og:site_name\" content=\"Edyceramic - magazin online\" \/>\n<meta property=\"article:modified_time\" content=\"2025-08-01T11:32:40+00:00\" \/>\n<meta property=\"og:image\" content=\"https:\/\/edyceramic-shop.ro\/wp-content\/uploads\/2024\/09\/FD1-FLS-2-55.webp\" \/>\n\t<meta property=\"og:image:width\" content=\"1200\" \/>\n\t<meta property=\"og:image:height\" content=\"1200\" \/>\n\t<meta property=\"og:image:type\" content=\"image\/webp\" \/>\n<meta name=\"twitter:card\" content=\"summary_large_image\" \/>\n<meta name=\"twitter:label1\" content=\"Price\" \/>\n\t<meta name=\"twitter:data1\" content=\"526,00&nbsp;lei\" \/>\n\t<meta name=\"twitter:label2\" content=\"Availability\" \/>\n\t<meta name=\"twitter:data2\" content=\"In stock\" \/>\n<script type=\"application\/ld+json\" class=\"yoast-schema-graph\">{\"@context\":\"https:\/\/schema.org\",\"@graph\":[{\"@type\":\"WebPage\",\"@id\":\"https:\/\/edyceramic-shop.ro\/produs\/baterie-stativa-lavoar-flusso-gold-fd1-fls-2-55\/\",\"url\":\"https:\/\/edyceramic-shop.ro\/produs\/baterie-stativa-lavoar-flusso-gold-fd1-fls-2-55\/\",\"name\":\"BATERIE STATIV\u0102 LAVOAR FLUSSO GOLD FD1-FLS-2-55 - Edyceramic - magazin online\",\"isPartOf\":{\"@id\":\"https:\/\/edyceramic-shop.ro\/ro\/#website\"},\"datePublished\":\"2024-09-22T20:28:07+00:00\",\"dateModified\":\"2025-08-01T11:32:40+00:00\",\"breadcrumb\":{\"@id\":\"https:\/\/edyceramic-shop.ro\/produs\/baterie-stativa-lavoar-flusso-gold-fd1-fls-2-55\/#breadcrumb\"},\"inLanguage\":\"en-US\",\"potentialAction\":[{\"@type\":\"ReadAction\",\"target\":[\"https:\/\/edyceramic-shop.ro\/produs\/baterie-stativa-lavoar-flusso-gold-fd1-fls-2-55\/\"]}]},{\"@type\":\"BreadcrumbList\",\"@id\":\"https:\/\/edyceramic-shop.ro\/produs\/baterie-stativa-lavoar-flusso-gold-fd1-fls-2-55\/#breadcrumb\",\"itemListElement\":[{\"@type\":\"ListItem\",\"position\":1,\"name\":\"Home\",\"item\":\"https:\/\/edyceramic-shop.ro\/\"},{\"@type\":\"ListItem\",\"position\":2,\"name\":\"Shop\",\"item\":\"https:\/\/edyceramic-shop.ro\/ro\/shop\/\"},{\"@type\":\"ListItem\",\"position\":3,\"name\":\"BATERIE STATIV\u0102 LAVOAR FLUSSO GOLD FD1-FLS-2-55\"}]},{\"@type\":\"WebSite\",\"@id\":\"https:\/\/edyceramic-shop.ro\/ro\/#website\",\"url\":\"https:\/\/edyceramic-shop.ro\/ro\/\",\"name\":\"edyceramic.ro\",\"description\":\"\",\"publisher\":{\"@id\":\"https:\/\/edyceramic-shop.ro\/ro\/#organization\"},\"potentialAction\":[{\"@type\":\"SearchAction\",\"target\":{\"@type\":\"EntryPoint\",\"urlTemplate\":\"https:\/\/edyceramic-shop.ro\/ro\/?s={search_term_string}\"},\"query-input\":\"required name=search_term_string\"}],\"inLanguage\":\"en-US\"},{\"@type\":\"Organization\",\"@id\":\"https:\/\/edyceramic-shop.ro\/ro\/#organization\",\"name\":\"Edyceramic\",\"url\":\"https:\/\/edyceramic-shop.ro\/ro\/\",\"logo\":{\"@type\":\"ImageObject\",\"inLanguage\":\"en-US\",\"@id\":\"https:\/\/edyceramic-shop.ro\/ro\/#\/schema\/logo\/image\/\",\"url\":\"https:\/\/edyceramic-shop.ro\/wp-content\/uploads\/2024\/02\/Logo-EdyCeramic_2021-lung.png\",\"contentUrl\":\"https:\/\/edyceramic-shop.ro\/wp-content\/uploads\/2024\/02\/Logo-EdyCeramic_2021-lung.png\",\"width\":4491,\"height\":769,\"caption\":\"Edyceramic\"},\"image\":{\"@id\":\"https:\/\/edyceramic-shop.ro\/ro\/#\/schema\/logo\/image\/\"}}]}<\/script>\n<meta property=\"product:price:amount\" content=\"526.00\" \/>\n<meta property=\"product:price:currency\" content=\"RON\" \/>\n<meta property=\"og:availability\" content=\"instock\" \/>\n<meta property=\"product:availability\" content=\"instock\" \/>\n<meta property=\"product:retailer_item_id\" content=\"6636f062b5bd\" \/>\n<meta property=\"product:condition\" content=\"new\" \/>\n<!-- \/ Yoast SEO Premium plugin. -->","yoast_head_json":{"title":"BATERIE STATIV\u0102 LAVOAR FLUSSO GOLD FD1-FLS-2-55 - Edyceramic - magazin online","robots":{"index":"index","follow":"follow","max-snippet":"max-snippet:-1","max-image-preview":"max-image-preview:large","max-video-preview":"max-video-preview:-1"},"canonical":"https:\/\/edyceramic-shop.ro\/en\/product\/baterie-stativa-lavoar-flusso-gold-fd1-fls-2-55\/","og_locale":"en_US","og_type":"article","og_title":"BATERIE STATIV\u0102 LAVOAR FLUSSO GOLD FD1-FLS-2-55","og_description":"Forma pl\u0103cut rotunjit\u0103 a corpului, \u00eenclinarea u\u0219oar\u0103 a pipei c\u0103tre vas, m\u00e2nerul confortabil \u0219i sub\u021bire \u0219i, \u00een mod remarcabil, nuan\u021ba","og_url":"https:\/\/edyceramic-shop.ro\/en\/product\/baterie-stativa-lavoar-flusso-gold-fd1-fls-2-55\/","og_site_name":"Edyceramic - magazin online","article_modified_time":"2025-08-01T11:32:40+00:00","og_image":[{"width":1200,"height":1200,"url":"https:\/\/edyceramic-shop.ro\/wp-content\/uploads\/2024\/09\/FD1-FLS-2-55.webp","type":"image\/webp"}],"twitter_card":"summary_large_image","twitter_misc":{"Price":"526,00&nbsp;lei","Availability":"In stock"},"schema":{"@context":"https:\/\/schema.org","@graph":[{"@type":"WebPage","@id":"https:\/\/edyceramic-shop.ro\/produs\/baterie-stativa-lavoar-flusso-gold-fd1-fls-2-55\/","url":"https:\/\/edyceramic-shop.ro\/produs\/baterie-stativa-lavoar-flusso-gold-fd1-fls-2-55\/","name":"BATERIE STATIV\u0102 LAVOAR FLUSSO GOLD FD1-FLS-2-55 - Edyceramic - magazin online","isPartOf":{"@id":"https:\/\/edyceramic-shop.ro\/ro\/#website"},"datePublished":"2024-09-22T20:28:07+00:00","dateModified":"2025-08-01T11:32:40+00:00","breadcrumb":{"@id":"https:\/\/edyceramic-shop.ro\/produs\/baterie-stativa-lavoar-flusso-gold-fd1-fls-2-55\/#breadcrumb"},"inLanguage":"en-US","potentialAction":[{"@type":"ReadAction","target":["https:\/\/edyceramic-shop.ro\/produs\/baterie-stativa-lavoar-flusso-gold-fd1-fls-2-55\/"]}]},{"@type":"BreadcrumbList","@id":"https:\/\/edyceramic-shop.ro\/produs\/baterie-stativa-lavoar-flusso-gold-fd1-fls-2-55\/#breadcrumb","itemListElement":[{"@type":"ListItem","position":1,"name":"Home","item":"https:\/\/edyceramic-shop.ro\/"},{"@type":"ListItem","position":2,"name":"Shop","item":"https:\/\/edyceramic-shop.ro\/ro\/shop\/"},{"@type":"ListItem","position":3,"name":"BATERIE STATIV\u0102 LAVOAR FLUSSO GOLD FD1-FLS-2-55"}]},{"@type":"WebSite","@id":"https:\/\/edyceramic-shop.ro\/ro\/#website","url":"https:\/\/edyceramic-shop.ro\/ro\/","name":"edyceramic.ro","description":"","publisher":{"@id":"https:\/\/edyceramic-shop.ro\/ro\/#organization"},"potentialAction":[{"@type":"SearchAction","target":{"@type":"EntryPoint","urlTemplate":"https:\/\/edyceramic-shop.ro\/ro\/?s={search_term_string}"},"query-input":"required name=search_term_string"}],"inLanguage":"en-US"},{"@type":"Organization","@id":"https:\/\/edyceramic-shop.ro\/ro\/#organization","name":"Edyceramic","url":"https:\/\/edyceramic-shop.ro\/ro\/","logo":{"@type":"ImageObject","inLanguage":"en-US","@id":"https:\/\/edyceramic-shop.ro\/ro\/#\/schema\/logo\/image\/","url":"https:\/\/edyceramic-shop.ro\/wp-content\/uploads\/2024\/02\/Logo-EdyCeramic_2021-lung.png","contentUrl":"https:\/\/edyceramic-shop.ro\/wp-content\/uploads\/2024\/02\/Logo-EdyCeramic_2021-lung.png","width":4491,"height":769,"caption":"Edyceramic"},"image":{"@id":"https:\/\/edyceramic-shop.ro\/ro\/#\/schema\/logo\/image\/"}}]},"product_price_amount":"526.00","product_price_currency":"RON","og_availability":"instock","product_availability":"instock","product_retailer_item_id":"6636f062b5bd","product_condition":"new"},"jetpack_sharing_enabled":true,"_links":{"self":[{"href":"https:\/\/edyceramic-shop.ro\/en\/wp-json\/wp\/v2\/product\/7877","targetHints":{"allow":["GET"]}}],"collection":[{"href":"https:\/\/edyceramic-shop.ro\/en\/wp-json\/wp\/v2\/product"}],"about":[{"href":"https:\/\/edyceramic-shop.ro\/en\/wp-json\/wp\/v2\/types\/product"}],"version-history":[{"count":1,"href":"https:\/\/edyceramic-shop.ro\/en\/wp-json\/wp\/v2\/product\/7877\/revisions"}],"predecessor-version":[{"id":18415,"href":"https:\/\/edyceramic-shop.ro\/en\/wp-json\/wp\/v2\/product\/7877\/revisions\/18415"}],"wp:featuredmedia":[{"embeddable":true,"href":"https:\/\/edyceramic-shop.ro\/en\/wp-json\/wp\/v2\/media\/18416"}],"wp:attachment":[{"href":"https:\/\/edyceramic-shop.ro\/en\/wp-json\/wp\/v2\/media?parent=7877"}],"wp:term":[{"taxonomy":"product_brand","embeddable":true,"href":"https:\/\/edyceramic-shop.ro\/en\/wp-json\/wp\/v2\/product_brand?post=7877"},{"taxonomy":"product_cat","embeddable":true,"href":"https:\/\/edyceramic-shop.ro\/en\/wp-json\/wp\/v2\/product_cat?post=7877"},{"taxonomy":"product_tag","embeddable":true,"href":"https:\/\/edyceramic-shop.ro\/en\/wp-json\/wp\/v2\/product_tag?post=7877"}],"curies":[{"name":"wp","href":"https:\/\/api.w.org\/{rel}","templated":true}]}}