{"id":7802,"date":"2024-09-22T20:26:26","date_gmt":"2024-09-22T20:26:26","guid":{"rendered":"https:\/\/edyceramic-shop.ro\/produs\/coloana-de-dus-cu-baterie-dus-lacrima-fd1-lra-7set-11\/"},"modified":"2025-08-01T13:32:34","modified_gmt":"2025-08-01T11:32:34","slug":"coloana-de-dus-cu-baterie-dus-lacrima-fd1-lra-7set-11","status":"publish","type":"product","link":"https:\/\/edyceramic-shop.ro\/en\/product\/coloana-de-dus-cu-baterie-dus-lacrima-fd1-lra-7set-11\/","title":{"rendered":"COLOAN\u0102 DE DU\u0218 CU BATERIE DU\u0218 LACRIMA FD1-LRA-7SET-11"},"content":{"rendered":"<p>Dac\u0103 nu e\u0219ti adeptul stilului minimalist, ci preferi mai degrab\u0103 o \u00eembinare \u00eentre tradi\u021bie \u0219i modernitate, stilul retro poate fi solu\u021bia perfect\u0103 pentru tine. Acesta nu este asociat doar cu interioarele palatelor vechi, ci \u0219i cu designul anilor 1950 \u0219i 1960, precum \u0219i cu Art Deco. Un sistem de du\u0219 deosebit, cu un cap de du\u0219 cu efect de ploaie, set de du\u0219 mobil \u0219i baterie de du\u0219 cu montare pe perete vor contura un interior autentic, decorat \u00een \u201espiritul trecutului\u201d. Coloana de du\u0219 LACRIMA \u00eembin\u0103 confortul cu designul elegant. Vei descoperi solu\u021bii func\u021bionale, detalii rafinate \u0219i elemente decorative din portelan, \u00eembinate cu rafinament. Setul du\u0219 cu baterie inclus\u0103 este disponibil \u00een finisaj crom sau bronz anticat.<\/p>","protected":false},"excerpt":{"rendered":"<p>Dac\u0103 nu e\u0219ti adeptul stilului minimalist, ci preferi mai degrab\u0103 o \u00eembinare \u00eentre tradi\u021bie \u0219i modernitate, stilul retro poate fi<\/p>","protected":false},"featured_media":18305,"template":"","meta":[],"product_brand":[],"product_cat":[3502,359,360,334],"product_tag":[],"class_list":{"0":"post-7802","1":"product","2":"type-product","3":"status-publish","4":"has-post-thumbnail","6":"product_cat-baterii-fdesign","7":"product_cat-sisteme-de-dus","8":"product_cat-coloane-de-dus","9":"product_cat-sanitare","10":"pa_colectie-lacrima","11":"pa_culoare-crom","12":"pa_fabrica-fdesign","13":"pa_garantie-7ani","14":"pa_lungime-furtun-dus-1500mm","15":"pa_material-alama","16":"pa_montaj-pe-perete","18":"first","19":"instock","20":"purchasable","21":"product-type-simple"},"yoast_head":"<!-- This site is optimized with the Yoast SEO Premium plugin v21.6 (Yoast SEO v22.1) - https:\/\/yoast.com\/wordpress\/plugins\/seo\/ -->\n<title>COLOAN\u0102 DE DU\u0218 CU BATERIE DU\u0218 LACRIMA FD1-LRA-7SET-11 - Edyceramic - magazin online<\/title>\n<meta name=\"robots\" content=\"index, follow, max-snippet:-1, max-image-preview:large, max-video-preview:-1\" \/>\n<link rel=\"canonical\" href=\"https:\/\/edyceramic-shop.ro\/en\/product\/coloana-de-dus-cu-baterie-dus-lacrima-fd1-lra-7set-11\/\" \/>\n<meta property=\"og:locale\" content=\"en_US\" \/>\n<meta property=\"og:type\" content=\"article\" \/>\n<meta property=\"og:title\" content=\"COLOAN\u0102 DE DU\u0218 CU BATERIE DU\u0218 LACRIMA FD1-LRA-7SET-11\" \/>\n<meta property=\"og:description\" content=\"Dac\u0103 nu e\u0219ti adeptul stilului minimalist, ci preferi mai degrab\u0103 o \u00eembinare \u00eentre tradi\u021bie \u0219i modernitate, stilul retro poate fi\" \/>\n<meta property=\"og:url\" content=\"https:\/\/edyceramic-shop.ro\/en\/product\/coloana-de-dus-cu-baterie-dus-lacrima-fd1-lra-7set-11\/\" \/>\n<meta property=\"og:site_name\" content=\"Edyceramic - magazin online\" \/>\n<meta property=\"article:modified_time\" content=\"2025-08-01T11:32:34+00:00\" \/>\n<meta property=\"og:image\" content=\"https:\/\/edyceramic-shop.ro\/wp-content\/uploads\/2024\/09\/FD1-LRA-7SET1-11.webp\" \/>\n\t<meta property=\"og:image:width\" content=\"1200\" \/>\n\t<meta property=\"og:image:height\" content=\"2178\" \/>\n\t<meta property=\"og:image:type\" content=\"image\/webp\" \/>\n<meta name=\"twitter:card\" content=\"summary_large_image\" \/>\n<meta name=\"twitter:label1\" content=\"Price\" \/>\n\t<meta name=\"twitter:data1\" content=\"2.369,00&nbsp;lei\" \/>\n\t<meta name=\"twitter:label2\" content=\"Availability\" \/>\n\t<meta name=\"twitter:data2\" content=\"In stock\" \/>\n<script type=\"application\/ld+json\" class=\"yoast-schema-graph\">{\"@context\":\"https:\/\/schema.org\",\"@graph\":[{\"@type\":\"WebPage\",\"@id\":\"https:\/\/edyceramic-shop.ro\/produs\/coloana-de-dus-cu-baterie-dus-lacrima-fd1-lra-7set-11\/\",\"url\":\"https:\/\/edyceramic-shop.ro\/produs\/coloana-de-dus-cu-baterie-dus-lacrima-fd1-lra-7set-11\/\",\"name\":\"COLOAN\u0102 DE DU\u0218 CU BATERIE DU\u0218 LACRIMA FD1-LRA-7SET-11 - Edyceramic - magazin online\",\"isPartOf\":{\"@id\":\"https:\/\/edyceramic-shop.ro\/ro\/#website\"},\"datePublished\":\"2024-09-22T20:26:26+00:00\",\"dateModified\":\"2025-08-01T11:32:34+00:00\",\"breadcrumb\":{\"@id\":\"https:\/\/edyceramic-shop.ro\/produs\/coloana-de-dus-cu-baterie-dus-lacrima-fd1-lra-7set-11\/#breadcrumb\"},\"inLanguage\":\"en-US\",\"potentialAction\":[{\"@type\":\"ReadAction\",\"target\":[\"https:\/\/edyceramic-shop.ro\/produs\/coloana-de-dus-cu-baterie-dus-lacrima-fd1-lra-7set-11\/\"]}]},{\"@type\":\"BreadcrumbList\",\"@id\":\"https:\/\/edyceramic-shop.ro\/produs\/coloana-de-dus-cu-baterie-dus-lacrima-fd1-lra-7set-11\/#breadcrumb\",\"itemListElement\":[{\"@type\":\"ListItem\",\"position\":1,\"name\":\"Home\",\"item\":\"https:\/\/edyceramic-shop.ro\/\"},{\"@type\":\"ListItem\",\"position\":2,\"name\":\"Shop\",\"item\":\"https:\/\/edyceramic-shop.ro\/ro\/shop\/\"},{\"@type\":\"ListItem\",\"position\":3,\"name\":\"COLOAN\u0102 DE DU\u0218 CU BATERIE DU\u0218 LACRIMA FD1-LRA-7SET-11\"}]},{\"@type\":\"WebSite\",\"@id\":\"https:\/\/edyceramic-shop.ro\/ro\/#website\",\"url\":\"https:\/\/edyceramic-shop.ro\/ro\/\",\"name\":\"edyceramic.ro\",\"description\":\"\",\"publisher\":{\"@id\":\"https:\/\/edyceramic-shop.ro\/ro\/#organization\"},\"potentialAction\":[{\"@type\":\"SearchAction\",\"target\":{\"@type\":\"EntryPoint\",\"urlTemplate\":\"https:\/\/edyceramic-shop.ro\/ro\/?s={search_term_string}\"},\"query-input\":\"required name=search_term_string\"}],\"inLanguage\":\"en-US\"},{\"@type\":\"Organization\",\"@id\":\"https:\/\/edyceramic-shop.ro\/ro\/#organization\",\"name\":\"Edyceramic\",\"url\":\"https:\/\/edyceramic-shop.ro\/ro\/\",\"logo\":{\"@type\":\"ImageObject\",\"inLanguage\":\"en-US\",\"@id\":\"https:\/\/edyceramic-shop.ro\/ro\/#\/schema\/logo\/image\/\",\"url\":\"https:\/\/edyceramic-shop.ro\/wp-content\/uploads\/2024\/02\/Logo-EdyCeramic_2021-lung.png\",\"contentUrl\":\"https:\/\/edyceramic-shop.ro\/wp-content\/uploads\/2024\/02\/Logo-EdyCeramic_2021-lung.png\",\"width\":4491,\"height\":769,\"caption\":\"Edyceramic\"},\"image\":{\"@id\":\"https:\/\/edyceramic-shop.ro\/ro\/#\/schema\/logo\/image\/\"}}]}<\/script>\n<meta property=\"product:price:amount\" content=\"2369.00\" \/>\n<meta property=\"product:price:currency\" content=\"RON\" \/>\n<meta property=\"og:availability\" content=\"instock\" \/>\n<meta property=\"product:availability\" content=\"instock\" \/>\n<meta property=\"product:retailer_item_id\" content=\"ac373d6b44fe\" \/>\n<meta property=\"product:condition\" content=\"new\" \/>\n<!-- \/ Yoast SEO Premium plugin. -->","yoast_head_json":{"title":"COLOAN\u0102 DE DU\u0218 CU BATERIE DU\u0218 LACRIMA FD1-LRA-7SET-11 - Edyceramic - magazin online","robots":{"index":"index","follow":"follow","max-snippet":"max-snippet:-1","max-image-preview":"max-image-preview:large","max-video-preview":"max-video-preview:-1"},"canonical":"https:\/\/edyceramic-shop.ro\/en\/product\/coloana-de-dus-cu-baterie-dus-lacrima-fd1-lra-7set-11\/","og_locale":"en_US","og_type":"article","og_title":"COLOAN\u0102 DE DU\u0218 CU BATERIE DU\u0218 LACRIMA FD1-LRA-7SET-11","og_description":"Dac\u0103 nu e\u0219ti adeptul stilului minimalist, ci preferi mai degrab\u0103 o \u00eembinare \u00eentre tradi\u021bie \u0219i modernitate, stilul retro poate fi","og_url":"https:\/\/edyceramic-shop.ro\/en\/product\/coloana-de-dus-cu-baterie-dus-lacrima-fd1-lra-7set-11\/","og_site_name":"Edyceramic - magazin online","article_modified_time":"2025-08-01T11:32:34+00:00","og_image":[{"width":1200,"height":2178,"url":"https:\/\/edyceramic-shop.ro\/wp-content\/uploads\/2024\/09\/FD1-LRA-7SET1-11.webp","type":"image\/webp"}],"twitter_card":"summary_large_image","twitter_misc":{"Price":"2.369,00&nbsp;lei","Availability":"In stock"},"schema":{"@context":"https:\/\/schema.org","@graph":[{"@type":"WebPage","@id":"https:\/\/edyceramic-shop.ro\/produs\/coloana-de-dus-cu-baterie-dus-lacrima-fd1-lra-7set-11\/","url":"https:\/\/edyceramic-shop.ro\/produs\/coloana-de-dus-cu-baterie-dus-lacrima-fd1-lra-7set-11\/","name":"COLOAN\u0102 DE DU\u0218 CU BATERIE DU\u0218 LACRIMA FD1-LRA-7SET-11 - Edyceramic - magazin online","isPartOf":{"@id":"https:\/\/edyceramic-shop.ro\/ro\/#website"},"datePublished":"2024-09-22T20:26:26+00:00","dateModified":"2025-08-01T11:32:34+00:00","breadcrumb":{"@id":"https:\/\/edyceramic-shop.ro\/produs\/coloana-de-dus-cu-baterie-dus-lacrima-fd1-lra-7set-11\/#breadcrumb"},"inLanguage":"en-US","potentialAction":[{"@type":"ReadAction","target":["https:\/\/edyceramic-shop.ro\/produs\/coloana-de-dus-cu-baterie-dus-lacrima-fd1-lra-7set-11\/"]}]},{"@type":"BreadcrumbList","@id":"https:\/\/edyceramic-shop.ro\/produs\/coloana-de-dus-cu-baterie-dus-lacrima-fd1-lra-7set-11\/#breadcrumb","itemListElement":[{"@type":"ListItem","position":1,"name":"Home","item":"https:\/\/edyceramic-shop.ro\/"},{"@type":"ListItem","position":2,"name":"Shop","item":"https:\/\/edyceramic-shop.ro\/ro\/shop\/"},{"@type":"ListItem","position":3,"name":"COLOAN\u0102 DE DU\u0218 CU BATERIE DU\u0218 LACRIMA FD1-LRA-7SET-11"}]},{"@type":"WebSite","@id":"https:\/\/edyceramic-shop.ro\/ro\/#website","url":"https:\/\/edyceramic-shop.ro\/ro\/","name":"edyceramic.ro","description":"","publisher":{"@id":"https:\/\/edyceramic-shop.ro\/ro\/#organization"},"potentialAction":[{"@type":"SearchAction","target":{"@type":"EntryPoint","urlTemplate":"https:\/\/edyceramic-shop.ro\/ro\/?s={search_term_string}"},"query-input":"required name=search_term_string"}],"inLanguage":"en-US"},{"@type":"Organization","@id":"https:\/\/edyceramic-shop.ro\/ro\/#organization","name":"Edyceramic","url":"https:\/\/edyceramic-shop.ro\/ro\/","logo":{"@type":"ImageObject","inLanguage":"en-US","@id":"https:\/\/edyceramic-shop.ro\/ro\/#\/schema\/logo\/image\/","url":"https:\/\/edyceramic-shop.ro\/wp-content\/uploads\/2024\/02\/Logo-EdyCeramic_2021-lung.png","contentUrl":"https:\/\/edyceramic-shop.ro\/wp-content\/uploads\/2024\/02\/Logo-EdyCeramic_2021-lung.png","width":4491,"height":769,"caption":"Edyceramic"},"image":{"@id":"https:\/\/edyceramic-shop.ro\/ro\/#\/schema\/logo\/image\/"}}]},"product_price_amount":"2369.00","product_price_currency":"RON","og_availability":"instock","product_availability":"instock","product_retailer_item_id":"ac373d6b44fe","product_condition":"new"},"jetpack_sharing_enabled":true,"_links":{"self":[{"href":"https:\/\/edyceramic-shop.ro\/en\/wp-json\/wp\/v2\/product\/7802","targetHints":{"allow":["GET"]}}],"collection":[{"href":"https:\/\/edyceramic-shop.ro\/en\/wp-json\/wp\/v2\/product"}],"about":[{"href":"https:\/\/edyceramic-shop.ro\/en\/wp-json\/wp\/v2\/types\/product"}],"version-history":[{"count":1,"href":"https:\/\/edyceramic-shop.ro\/en\/wp-json\/wp\/v2\/product\/7802\/revisions"}],"predecessor-version":[{"id":18304,"href":"https:\/\/edyceramic-shop.ro\/en\/wp-json\/wp\/v2\/product\/7802\/revisions\/18304"}],"wp:featuredmedia":[{"embeddable":true,"href":"https:\/\/edyceramic-shop.ro\/en\/wp-json\/wp\/v2\/media\/18305"}],"wp:attachment":[{"href":"https:\/\/edyceramic-shop.ro\/en\/wp-json\/wp\/v2\/media?parent=7802"}],"wp:term":[{"taxonomy":"product_brand","embeddable":true,"href":"https:\/\/edyceramic-shop.ro\/en\/wp-json\/wp\/v2\/product_brand?post=7802"},{"taxonomy":"product_cat","embeddable":true,"href":"https:\/\/edyceramic-shop.ro\/en\/wp-json\/wp\/v2\/product_cat?post=7802"},{"taxonomy":"product_tag","embeddable":true,"href":"https:\/\/edyceramic-shop.ro\/en\/wp-json\/wp\/v2\/product_tag?post=7802"}],"curies":[{"name":"wp","href":"https:\/\/api.w.org\/{rel}","templated":true}]}}