{"id":7794,"date":"2024-09-22T20:26:26","date_gmt":"2024-09-22T20:26:26","guid":{"rendered":"https:\/\/edyceramic-shop.ro\/produs\/sistem-dus-5-in-1-meandro-fd1-mdr-7pset1-11\/"},"modified":"2025-08-01T13:32:34","modified_gmt":"2025-08-01T11:32:34","slug":"sistem-dus-5-in-1-meandro-fd1-mdr-7pset1-11","status":"publish","type":"product","link":"https:\/\/edyceramic-shop.ro\/en\/product\/sistem-dus-5-in-1-meandro-fd1-mdr-7pset1-11\/","title":{"rendered":"SISTEM DU\u0218 5 \u00een 1 MEANDRO FD1-MDR-7PSET1-11"},"content":{"rendered":"<p>O linie minimalist\u0103 cu forme frumos conturate &#8211; a\u0219a putem descrie acest sistem de du\u0219 elegant care se potrive\u0219te perfect at\u00e2t \u00een interiorul b\u0103ilor clasice, c\u00e2t \u0219i \u00een cele moderne. MEANDRO va ar\u0103ta grozav \u00eempreun\u0103 cu o cad\u0103, cre\u00e2nd un spa\u021biu sigur \u0219i confortabil, g\u00e2ndit special pentru relaxare. Setul de du\u0219 este echipat cu o baterie \u00eenc\u0103strat\u0103, astfel c\u0103 doar c\u00e2teva elemente exterioare vor fi vizibile: un m\u00e2ner confortabil care datorit\u0103 designului permite reglarea u\u0219oar\u0103 a jetului \u0219i a temperaturii apei, un comutator pentru func\u021bia de cad\u0103\/du\u0219 \u0219i o pip\u0103 delicat rotunjit\u0103 ce se armonizeaz\u0103 cu restul componentelor. Finisajul cromat str\u0103lucitor subliniaz\u0103 subtil designul atractiv al elementelor individuale ale setului de du\u0219. MEANDRO va oferi nu numai confort \u00een timpul du\u0219ului \u0219i al b\u0103ii, ci va oferi utilizatorului o experien\u021b\u0103 estetic\u0103 de neuitat.<\/p>","protected":false},"excerpt":{"rendered":"<p>O linie minimalist\u0103 cu forme frumos conturate &#8211; a\u0219a putem descrie acest sistem de du\u0219 elegant care se potrive\u0219te perfect<\/p>","protected":false},"featured_media":18290,"template":"","meta":[],"product_brand":[],"product_cat":[3502,359,334],"product_tag":[],"class_list":{"0":"post-7794","1":"product","2":"type-product","3":"status-publish","4":"has-post-thumbnail","6":"product_cat-baterii-fdesign","7":"product_cat-sisteme-de-dus","8":"product_cat-sanitare","9":"pa_colectie-meandro","10":"pa_culoare-crom","11":"pa_fabrica-fdesign","12":"pa_garantie-7ani","13":"pa_material-alama","14":"pa_montaj-pe-perete","16":"first","17":"instock","18":"purchasable","19":"product-type-simple"},"yoast_head":"<!-- This site is optimized with the Yoast SEO Premium plugin v21.6 (Yoast SEO v22.1) - https:\/\/yoast.com\/wordpress\/plugins\/seo\/ -->\n<title>SISTEM DU\u0218 5 \u00een 1 MEANDRO FD1-MDR-7PSET1-11 - Edyceramic - magazin online<\/title>\n<meta name=\"robots\" content=\"index, follow, max-snippet:-1, max-image-preview:large, max-video-preview:-1\" \/>\n<link rel=\"canonical\" href=\"https:\/\/edyceramic-shop.ro\/en\/product\/sistem-dus-5-in-1-meandro-fd1-mdr-7pset1-11\/\" \/>\n<meta property=\"og:locale\" content=\"en_US\" \/>\n<meta property=\"og:type\" content=\"article\" \/>\n<meta property=\"og:title\" content=\"SISTEM DU\u0218 5 \u00een 1 MEANDRO FD1-MDR-7PSET1-11\" \/>\n<meta property=\"og:description\" content=\"O linie minimalist\u0103 cu forme frumos conturate &#8211; a\u0219a putem descrie acest sistem de du\u0219 elegant care se potrive\u0219te perfect\" \/>\n<meta property=\"og:url\" content=\"https:\/\/edyceramic-shop.ro\/en\/product\/sistem-dus-5-in-1-meandro-fd1-mdr-7pset1-11\/\" \/>\n<meta property=\"og:site_name\" content=\"Edyceramic - magazin online\" \/>\n<meta property=\"article:modified_time\" content=\"2025-08-01T11:32:34+00:00\" \/>\n<meta property=\"og:image\" content=\"https:\/\/edyceramic-shop.ro\/wp-content\/uploads\/2024\/09\/FD1-MDR-7PSET1-111.webp\" \/>\n\t<meta property=\"og:image:width\" content=\"1200\" \/>\n\t<meta property=\"og:image:height\" content=\"1985\" \/>\n\t<meta property=\"og:image:type\" content=\"image\/webp\" \/>\n<meta name=\"twitter:card\" content=\"summary_large_image\" \/>\n<meta name=\"twitter:label1\" content=\"Price\" \/>\n\t<meta name=\"twitter:data1\" content=\"1.442,00&nbsp;lei\" \/>\n\t<meta name=\"twitter:label2\" content=\"Availability\" \/>\n\t<meta name=\"twitter:data2\" content=\"In stock\" \/>\n<script type=\"application\/ld+json\" class=\"yoast-schema-graph\">{\"@context\":\"https:\/\/schema.org\",\"@graph\":[{\"@type\":\"WebPage\",\"@id\":\"https:\/\/edyceramic-shop.ro\/produs\/sistem-dus-5-in-1-meandro-fd1-mdr-7pset1-11\/\",\"url\":\"https:\/\/edyceramic-shop.ro\/produs\/sistem-dus-5-in-1-meandro-fd1-mdr-7pset1-11\/\",\"name\":\"SISTEM DU\u0218 5 \u00een 1 MEANDRO FD1-MDR-7PSET1-11 - Edyceramic - magazin online\",\"isPartOf\":{\"@id\":\"https:\/\/edyceramic-shop.ro\/ro\/#website\"},\"datePublished\":\"2024-09-22T20:26:26+00:00\",\"dateModified\":\"2025-08-01T11:32:34+00:00\",\"breadcrumb\":{\"@id\":\"https:\/\/edyceramic-shop.ro\/produs\/sistem-dus-5-in-1-meandro-fd1-mdr-7pset1-11\/#breadcrumb\"},\"inLanguage\":\"en-US\",\"potentialAction\":[{\"@type\":\"ReadAction\",\"target\":[\"https:\/\/edyceramic-shop.ro\/produs\/sistem-dus-5-in-1-meandro-fd1-mdr-7pset1-11\/\"]}]},{\"@type\":\"BreadcrumbList\",\"@id\":\"https:\/\/edyceramic-shop.ro\/produs\/sistem-dus-5-in-1-meandro-fd1-mdr-7pset1-11\/#breadcrumb\",\"itemListElement\":[{\"@type\":\"ListItem\",\"position\":1,\"name\":\"Home\",\"item\":\"https:\/\/edyceramic-shop.ro\/\"},{\"@type\":\"ListItem\",\"position\":2,\"name\":\"Shop\",\"item\":\"https:\/\/edyceramic-shop.ro\/ro\/shop\/\"},{\"@type\":\"ListItem\",\"position\":3,\"name\":\"SISTEM DU\u0218 5 \u00een 1 MEANDRO FD1-MDR-7PSET1-11\"}]},{\"@type\":\"WebSite\",\"@id\":\"https:\/\/edyceramic-shop.ro\/ro\/#website\",\"url\":\"https:\/\/edyceramic-shop.ro\/ro\/\",\"name\":\"edyceramic.ro\",\"description\":\"\",\"publisher\":{\"@id\":\"https:\/\/edyceramic-shop.ro\/ro\/#organization\"},\"potentialAction\":[{\"@type\":\"SearchAction\",\"target\":{\"@type\":\"EntryPoint\",\"urlTemplate\":\"https:\/\/edyceramic-shop.ro\/ro\/?s={search_term_string}\"},\"query-input\":\"required name=search_term_string\"}],\"inLanguage\":\"en-US\"},{\"@type\":\"Organization\",\"@id\":\"https:\/\/edyceramic-shop.ro\/ro\/#organization\",\"name\":\"Edyceramic\",\"url\":\"https:\/\/edyceramic-shop.ro\/ro\/\",\"logo\":{\"@type\":\"ImageObject\",\"inLanguage\":\"en-US\",\"@id\":\"https:\/\/edyceramic-shop.ro\/ro\/#\/schema\/logo\/image\/\",\"url\":\"https:\/\/edyceramic-shop.ro\/wp-content\/uploads\/2024\/02\/Logo-EdyCeramic_2021-lung.png\",\"contentUrl\":\"https:\/\/edyceramic-shop.ro\/wp-content\/uploads\/2024\/02\/Logo-EdyCeramic_2021-lung.png\",\"width\":4491,\"height\":769,\"caption\":\"Edyceramic\"},\"image\":{\"@id\":\"https:\/\/edyceramic-shop.ro\/ro\/#\/schema\/logo\/image\/\"}}]}<\/script>\n<meta property=\"product:price:amount\" content=\"1442.00\" \/>\n<meta property=\"product:price:currency\" content=\"RON\" \/>\n<meta property=\"og:availability\" content=\"instock\" \/>\n<meta property=\"product:availability\" content=\"instock\" \/>\n<meta property=\"product:retailer_item_id\" content=\"a497e1d736e1\" \/>\n<meta property=\"product:condition\" content=\"new\" \/>\n<!-- \/ Yoast SEO Premium plugin. -->","yoast_head_json":{"title":"SISTEM DU\u0218 5 \u00een 1 MEANDRO FD1-MDR-7PSET1-11 - Edyceramic - magazin online","robots":{"index":"index","follow":"follow","max-snippet":"max-snippet:-1","max-image-preview":"max-image-preview:large","max-video-preview":"max-video-preview:-1"},"canonical":"https:\/\/edyceramic-shop.ro\/en\/product\/sistem-dus-5-in-1-meandro-fd1-mdr-7pset1-11\/","og_locale":"en_US","og_type":"article","og_title":"SISTEM DU\u0218 5 \u00een 1 MEANDRO FD1-MDR-7PSET1-11","og_description":"O linie minimalist\u0103 cu forme frumos conturate &#8211; a\u0219a putem descrie acest sistem de du\u0219 elegant care se potrive\u0219te perfect","og_url":"https:\/\/edyceramic-shop.ro\/en\/product\/sistem-dus-5-in-1-meandro-fd1-mdr-7pset1-11\/","og_site_name":"Edyceramic - magazin online","article_modified_time":"2025-08-01T11:32:34+00:00","og_image":[{"width":1200,"height":1985,"url":"https:\/\/edyceramic-shop.ro\/wp-content\/uploads\/2024\/09\/FD1-MDR-7PSET1-111.webp","type":"image\/webp"}],"twitter_card":"summary_large_image","twitter_misc":{"Price":"1.442,00&nbsp;lei","Availability":"In stock"},"schema":{"@context":"https:\/\/schema.org","@graph":[{"@type":"WebPage","@id":"https:\/\/edyceramic-shop.ro\/produs\/sistem-dus-5-in-1-meandro-fd1-mdr-7pset1-11\/","url":"https:\/\/edyceramic-shop.ro\/produs\/sistem-dus-5-in-1-meandro-fd1-mdr-7pset1-11\/","name":"SISTEM DU\u0218 5 \u00een 1 MEANDRO FD1-MDR-7PSET1-11 - Edyceramic - magazin online","isPartOf":{"@id":"https:\/\/edyceramic-shop.ro\/ro\/#website"},"datePublished":"2024-09-22T20:26:26+00:00","dateModified":"2025-08-01T11:32:34+00:00","breadcrumb":{"@id":"https:\/\/edyceramic-shop.ro\/produs\/sistem-dus-5-in-1-meandro-fd1-mdr-7pset1-11\/#breadcrumb"},"inLanguage":"en-US","potentialAction":[{"@type":"ReadAction","target":["https:\/\/edyceramic-shop.ro\/produs\/sistem-dus-5-in-1-meandro-fd1-mdr-7pset1-11\/"]}]},{"@type":"BreadcrumbList","@id":"https:\/\/edyceramic-shop.ro\/produs\/sistem-dus-5-in-1-meandro-fd1-mdr-7pset1-11\/#breadcrumb","itemListElement":[{"@type":"ListItem","position":1,"name":"Home","item":"https:\/\/edyceramic-shop.ro\/"},{"@type":"ListItem","position":2,"name":"Shop","item":"https:\/\/edyceramic-shop.ro\/ro\/shop\/"},{"@type":"ListItem","position":3,"name":"SISTEM DU\u0218 5 \u00een 1 MEANDRO FD1-MDR-7PSET1-11"}]},{"@type":"WebSite","@id":"https:\/\/edyceramic-shop.ro\/ro\/#website","url":"https:\/\/edyceramic-shop.ro\/ro\/","name":"edyceramic.ro","description":"","publisher":{"@id":"https:\/\/edyceramic-shop.ro\/ro\/#organization"},"potentialAction":[{"@type":"SearchAction","target":{"@type":"EntryPoint","urlTemplate":"https:\/\/edyceramic-shop.ro\/ro\/?s={search_term_string}"},"query-input":"required name=search_term_string"}],"inLanguage":"en-US"},{"@type":"Organization","@id":"https:\/\/edyceramic-shop.ro\/ro\/#organization","name":"Edyceramic","url":"https:\/\/edyceramic-shop.ro\/ro\/","logo":{"@type":"ImageObject","inLanguage":"en-US","@id":"https:\/\/edyceramic-shop.ro\/ro\/#\/schema\/logo\/image\/","url":"https:\/\/edyceramic-shop.ro\/wp-content\/uploads\/2024\/02\/Logo-EdyCeramic_2021-lung.png","contentUrl":"https:\/\/edyceramic-shop.ro\/wp-content\/uploads\/2024\/02\/Logo-EdyCeramic_2021-lung.png","width":4491,"height":769,"caption":"Edyceramic"},"image":{"@id":"https:\/\/edyceramic-shop.ro\/ro\/#\/schema\/logo\/image\/"}}]},"product_price_amount":"1442.00","product_price_currency":"RON","og_availability":"instock","product_availability":"instock","product_retailer_item_id":"a497e1d736e1","product_condition":"new"},"jetpack_sharing_enabled":true,"_links":{"self":[{"href":"https:\/\/edyceramic-shop.ro\/en\/wp-json\/wp\/v2\/product\/7794","targetHints":{"allow":["GET"]}}],"collection":[{"href":"https:\/\/edyceramic-shop.ro\/en\/wp-json\/wp\/v2\/product"}],"about":[{"href":"https:\/\/edyceramic-shop.ro\/en\/wp-json\/wp\/v2\/types\/product"}],"version-history":[{"count":1,"href":"https:\/\/edyceramic-shop.ro\/en\/wp-json\/wp\/v2\/product\/7794\/revisions"}],"predecessor-version":[{"id":18289,"href":"https:\/\/edyceramic-shop.ro\/en\/wp-json\/wp\/v2\/product\/7794\/revisions\/18289"}],"wp:featuredmedia":[{"embeddable":true,"href":"https:\/\/edyceramic-shop.ro\/en\/wp-json\/wp\/v2\/media\/18290"}],"wp:attachment":[{"href":"https:\/\/edyceramic-shop.ro\/en\/wp-json\/wp\/v2\/media?parent=7794"}],"wp:term":[{"taxonomy":"product_brand","embeddable":true,"href":"https:\/\/edyceramic-shop.ro\/en\/wp-json\/wp\/v2\/product_brand?post=7794"},{"taxonomy":"product_cat","embeddable":true,"href":"https:\/\/edyceramic-shop.ro\/en\/wp-json\/wp\/v2\/product_cat?post=7794"},{"taxonomy":"product_tag","embeddable":true,"href":"https:\/\/edyceramic-shop.ro\/en\/wp-json\/wp\/v2\/product_tag?post=7794"}],"curies":[{"name":"wp","href":"https:\/\/api.w.org\/{rel}","templated":true}]}}