{"id":7778,"date":"2024-09-22T20:26:26","date_gmt":"2024-09-22T20:26:26","guid":{"rendered":"https:\/\/edyceramic-shop.ro\/produs\/baterie-stativa-lavoar-inalta-meandro-fd1-mdr-2l-11\/"},"modified":"2025-08-01T13:32:33","modified_gmt":"2025-08-01T11:32:33","slug":"baterie-stativa-lavoar-inalta-meandro-fd1-mdr-2l-11","status":"publish","type":"product","link":"https:\/\/edyceramic-shop.ro\/en\/product\/baterie-stativa-lavoar-inalta-meandro-fd1-mdr-2l-11\/","title":{"rendered":"BATERIE STATIV\u0102 LAVOAR \u00ceNALT\u0102 MEANDRO FD1-MDR-2L-11"},"content":{"rendered":"<p>Descoper\u0103 armonia perfect\u0103 dintre func\u021bionalitate \u0219i elegan\u021b\u0103 \u00een colec\u021bia MEANDRO, unde un lavoar montat pe blat \u0219i o baterie \u00eenalt\u0103 pentru baie se unesc pentru a crea un duo impresionant, ce poate deveni punctul focal al b\u0103ii tale. Chiar \u0219i \u00eentr-o epoc\u0103 \u00een care acest model este tot mai \u00eent\u00e2lnit \u00een b\u0103i, el continu\u0103 s\u0103 fie simbolul prestigiului \u0219i al elegan\u021bei supreme. Este momentul s\u0103 redefine\u0219ti personalitatea b\u0103ii tale \u0219i s\u0103 aduci un plus de rafinament cu ajutorul colec\u021biei MEANDRO. Linia sa zvelt\u0103 \u0219i aerodinamic\u0103, propor\u021biile impecabile \u0219i manerul de tip joystick integrat \u00een corpul bateriei atrag privirile prin elegan\u021ba \u0219i aten\u021bia la detalii. Montat\u0103 cu u\u0219urin\u021b\u0103 pe blat, cu o u\u0219oar\u0103 \u00eenclinare c\u0103tre vasul lavoarului, bateria pentru baie dirijeaz\u0103 cu precizie fluxul de ap\u0103 \u0219i previne orice stropire nedorit\u0103. Cu un finisaj str\u0103lucitor de crom, aceast\u0103 baterie este disponibil\u0103 \u00eentr-un set ce include \u0219i un ventil de tip click-clack, aduc\u00e2nd un plus de func\u021bionalitate \u0219i estetic\u0103 \u00een spa\u021biul t\u0103u de baie.<\/p>","protected":false},"excerpt":{"rendered":"<p>Descoper\u0103 armonia perfect\u0103 dintre func\u021bionalitate \u0219i elegan\u021b\u0103 \u00een colec\u021bia MEANDRO, unde un lavoar montat pe blat \u0219i o baterie \u00eenalt\u0103<\/p>","protected":false},"featured_media":18264,"template":"","meta":[],"product_brand":[],"product_cat":[3502,367,366,334],"product_tag":[],"class_list":{"0":"post-7778","1":"product","2":"type-product","3":"status-publish","4":"has-post-thumbnail","6":"product_cat-baterii-fdesign","7":"product_cat-baterii-lavoar","8":"product_cat-baterii-de-baie","9":"product_cat-sanitare","10":"pa_colectie-meandro","11":"pa_culoare-crom","12":"pa_dimensiune-328mm","13":"pa_fabrica-fdesign","14":"pa_garantie-7ani","15":"pa_material-alama","16":"pa_montaj-pe-lavoar","18":"first","19":"instock","20":"purchasable","21":"product-type-simple"},"yoast_head":"<!-- This site is optimized with the Yoast SEO Premium plugin v21.6 (Yoast SEO v22.1) - https:\/\/yoast.com\/wordpress\/plugins\/seo\/ -->\n<title>BATERIE STATIV\u0102 LAVOAR \u00ceNALT\u0102 MEANDRO FD1-MDR-2L-11 - Edyceramic - magazin online<\/title>\n<meta name=\"robots\" content=\"index, follow, max-snippet:-1, max-image-preview:large, max-video-preview:-1\" \/>\n<link rel=\"canonical\" href=\"https:\/\/edyceramic-shop.ro\/en\/product\/baterie-stativa-lavoar-inalta-meandro-fd1-mdr-2l-11\/\" \/>\n<meta property=\"og:locale\" content=\"en_US\" \/>\n<meta property=\"og:type\" content=\"article\" \/>\n<meta property=\"og:title\" content=\"BATERIE STATIV\u0102 LAVOAR \u00ceNALT\u0102 MEANDRO FD1-MDR-2L-11\" \/>\n<meta property=\"og:description\" content=\"Descoper\u0103 armonia perfect\u0103 dintre func\u021bionalitate \u0219i elegan\u021b\u0103 \u00een colec\u021bia MEANDRO, unde un lavoar montat pe blat \u0219i o baterie \u00eenalt\u0103\" \/>\n<meta property=\"og:url\" content=\"https:\/\/edyceramic-shop.ro\/en\/product\/baterie-stativa-lavoar-inalta-meandro-fd1-mdr-2l-11\/\" \/>\n<meta property=\"og:site_name\" content=\"Edyceramic - magazin online\" \/>\n<meta property=\"article:modified_time\" content=\"2025-08-01T11:32:33+00:00\" \/>\n<meta property=\"og:image\" content=\"https:\/\/edyceramic-shop.ro\/wp-content\/uploads\/2024\/09\/FD1-MDR-2L-11.webp\" \/>\n\t<meta property=\"og:image:width\" content=\"665\" \/>\n\t<meta property=\"og:image:height\" content=\"1000\" \/>\n\t<meta property=\"og:image:type\" content=\"image\/webp\" \/>\n<meta name=\"twitter:card\" content=\"summary_large_image\" \/>\n<meta name=\"twitter:label1\" content=\"Price\" \/>\n\t<meta name=\"twitter:data1\" content=\"804,00&nbsp;lei\" \/>\n\t<meta name=\"twitter:label2\" content=\"Availability\" \/>\n\t<meta name=\"twitter:data2\" content=\"In stock\" \/>\n<script type=\"application\/ld+json\" class=\"yoast-schema-graph\">{\"@context\":\"https:\/\/schema.org\",\"@graph\":[{\"@type\":\"WebPage\",\"@id\":\"https:\/\/edyceramic-shop.ro\/produs\/baterie-stativa-lavoar-inalta-meandro-fd1-mdr-2l-11\/\",\"url\":\"https:\/\/edyceramic-shop.ro\/produs\/baterie-stativa-lavoar-inalta-meandro-fd1-mdr-2l-11\/\",\"name\":\"BATERIE STATIV\u0102 LAVOAR \u00ceNALT\u0102 MEANDRO FD1-MDR-2L-11 - Edyceramic - magazin online\",\"isPartOf\":{\"@id\":\"https:\/\/edyceramic-shop.ro\/ro\/#website\"},\"datePublished\":\"2024-09-22T20:26:26+00:00\",\"dateModified\":\"2025-08-01T11:32:33+00:00\",\"breadcrumb\":{\"@id\":\"https:\/\/edyceramic-shop.ro\/produs\/baterie-stativa-lavoar-inalta-meandro-fd1-mdr-2l-11\/#breadcrumb\"},\"inLanguage\":\"en-US\",\"potentialAction\":[{\"@type\":\"ReadAction\",\"target\":[\"https:\/\/edyceramic-shop.ro\/produs\/baterie-stativa-lavoar-inalta-meandro-fd1-mdr-2l-11\/\"]}]},{\"@type\":\"BreadcrumbList\",\"@id\":\"https:\/\/edyceramic-shop.ro\/produs\/baterie-stativa-lavoar-inalta-meandro-fd1-mdr-2l-11\/#breadcrumb\",\"itemListElement\":[{\"@type\":\"ListItem\",\"position\":1,\"name\":\"Home\",\"item\":\"https:\/\/edyceramic-shop.ro\/\"},{\"@type\":\"ListItem\",\"position\":2,\"name\":\"Shop\",\"item\":\"https:\/\/edyceramic-shop.ro\/ro\/shop\/\"},{\"@type\":\"ListItem\",\"position\":3,\"name\":\"BATERIE STATIV\u0102 LAVOAR \u00ceNALT\u0102 MEANDRO FD1-MDR-2L-11\"}]},{\"@type\":\"WebSite\",\"@id\":\"https:\/\/edyceramic-shop.ro\/ro\/#website\",\"url\":\"https:\/\/edyceramic-shop.ro\/ro\/\",\"name\":\"edyceramic.ro\",\"description\":\"\",\"publisher\":{\"@id\":\"https:\/\/edyceramic-shop.ro\/ro\/#organization\"},\"potentialAction\":[{\"@type\":\"SearchAction\",\"target\":{\"@type\":\"EntryPoint\",\"urlTemplate\":\"https:\/\/edyceramic-shop.ro\/ro\/?s={search_term_string}\"},\"query-input\":\"required name=search_term_string\"}],\"inLanguage\":\"en-US\"},{\"@type\":\"Organization\",\"@id\":\"https:\/\/edyceramic-shop.ro\/ro\/#organization\",\"name\":\"Edyceramic\",\"url\":\"https:\/\/edyceramic-shop.ro\/ro\/\",\"logo\":{\"@type\":\"ImageObject\",\"inLanguage\":\"en-US\",\"@id\":\"https:\/\/edyceramic-shop.ro\/ro\/#\/schema\/logo\/image\/\",\"url\":\"https:\/\/edyceramic-shop.ro\/wp-content\/uploads\/2024\/02\/Logo-EdyCeramic_2021-lung.png\",\"contentUrl\":\"https:\/\/edyceramic-shop.ro\/wp-content\/uploads\/2024\/02\/Logo-EdyCeramic_2021-lung.png\",\"width\":4491,\"height\":769,\"caption\":\"Edyceramic\"},\"image\":{\"@id\":\"https:\/\/edyceramic-shop.ro\/ro\/#\/schema\/logo\/image\/\"}}]}<\/script>\n<meta property=\"product:price:amount\" content=\"804.00\" \/>\n<meta property=\"product:price:currency\" content=\"RON\" \/>\n<meta property=\"og:availability\" content=\"instock\" \/>\n<meta property=\"product:availability\" content=\"instock\" \/>\n<meta property=\"product:retailer_item_id\" content=\"547a63a2d60a\" \/>\n<meta property=\"product:condition\" content=\"new\" \/>\n<!-- \/ Yoast SEO Premium plugin. -->","yoast_head_json":{"title":"BATERIE STATIV\u0102 LAVOAR \u00ceNALT\u0102 MEANDRO FD1-MDR-2L-11 - Edyceramic - magazin online","robots":{"index":"index","follow":"follow","max-snippet":"max-snippet:-1","max-image-preview":"max-image-preview:large","max-video-preview":"max-video-preview:-1"},"canonical":"https:\/\/edyceramic-shop.ro\/en\/product\/baterie-stativa-lavoar-inalta-meandro-fd1-mdr-2l-11\/","og_locale":"en_US","og_type":"article","og_title":"BATERIE STATIV\u0102 LAVOAR \u00ceNALT\u0102 MEANDRO FD1-MDR-2L-11","og_description":"Descoper\u0103 armonia perfect\u0103 dintre func\u021bionalitate \u0219i elegan\u021b\u0103 \u00een colec\u021bia MEANDRO, unde un lavoar montat pe blat \u0219i o baterie \u00eenalt\u0103","og_url":"https:\/\/edyceramic-shop.ro\/en\/product\/baterie-stativa-lavoar-inalta-meandro-fd1-mdr-2l-11\/","og_site_name":"Edyceramic - magazin online","article_modified_time":"2025-08-01T11:32:33+00:00","og_image":[{"width":665,"height":1000,"url":"https:\/\/edyceramic-shop.ro\/wp-content\/uploads\/2024\/09\/FD1-MDR-2L-11.webp","type":"image\/webp"}],"twitter_card":"summary_large_image","twitter_misc":{"Price":"804,00&nbsp;lei","Availability":"In stock"},"schema":{"@context":"https:\/\/schema.org","@graph":[{"@type":"WebPage","@id":"https:\/\/edyceramic-shop.ro\/produs\/baterie-stativa-lavoar-inalta-meandro-fd1-mdr-2l-11\/","url":"https:\/\/edyceramic-shop.ro\/produs\/baterie-stativa-lavoar-inalta-meandro-fd1-mdr-2l-11\/","name":"BATERIE STATIV\u0102 LAVOAR \u00ceNALT\u0102 MEANDRO FD1-MDR-2L-11 - Edyceramic - magazin online","isPartOf":{"@id":"https:\/\/edyceramic-shop.ro\/ro\/#website"},"datePublished":"2024-09-22T20:26:26+00:00","dateModified":"2025-08-01T11:32:33+00:00","breadcrumb":{"@id":"https:\/\/edyceramic-shop.ro\/produs\/baterie-stativa-lavoar-inalta-meandro-fd1-mdr-2l-11\/#breadcrumb"},"inLanguage":"en-US","potentialAction":[{"@type":"ReadAction","target":["https:\/\/edyceramic-shop.ro\/produs\/baterie-stativa-lavoar-inalta-meandro-fd1-mdr-2l-11\/"]}]},{"@type":"BreadcrumbList","@id":"https:\/\/edyceramic-shop.ro\/produs\/baterie-stativa-lavoar-inalta-meandro-fd1-mdr-2l-11\/#breadcrumb","itemListElement":[{"@type":"ListItem","position":1,"name":"Home","item":"https:\/\/edyceramic-shop.ro\/"},{"@type":"ListItem","position":2,"name":"Shop","item":"https:\/\/edyceramic-shop.ro\/ro\/shop\/"},{"@type":"ListItem","position":3,"name":"BATERIE STATIV\u0102 LAVOAR \u00ceNALT\u0102 MEANDRO FD1-MDR-2L-11"}]},{"@type":"WebSite","@id":"https:\/\/edyceramic-shop.ro\/ro\/#website","url":"https:\/\/edyceramic-shop.ro\/ro\/","name":"edyceramic.ro","description":"","publisher":{"@id":"https:\/\/edyceramic-shop.ro\/ro\/#organization"},"potentialAction":[{"@type":"SearchAction","target":{"@type":"EntryPoint","urlTemplate":"https:\/\/edyceramic-shop.ro\/ro\/?s={search_term_string}"},"query-input":"required name=search_term_string"}],"inLanguage":"en-US"},{"@type":"Organization","@id":"https:\/\/edyceramic-shop.ro\/ro\/#organization","name":"Edyceramic","url":"https:\/\/edyceramic-shop.ro\/ro\/","logo":{"@type":"ImageObject","inLanguage":"en-US","@id":"https:\/\/edyceramic-shop.ro\/ro\/#\/schema\/logo\/image\/","url":"https:\/\/edyceramic-shop.ro\/wp-content\/uploads\/2024\/02\/Logo-EdyCeramic_2021-lung.png","contentUrl":"https:\/\/edyceramic-shop.ro\/wp-content\/uploads\/2024\/02\/Logo-EdyCeramic_2021-lung.png","width":4491,"height":769,"caption":"Edyceramic"},"image":{"@id":"https:\/\/edyceramic-shop.ro\/ro\/#\/schema\/logo\/image\/"}}]},"product_price_amount":"804.00","product_price_currency":"RON","og_availability":"instock","product_availability":"instock","product_retailer_item_id":"547a63a2d60a","product_condition":"new"},"jetpack_sharing_enabled":true,"_links":{"self":[{"href":"https:\/\/edyceramic-shop.ro\/en\/wp-json\/wp\/v2\/product\/7778","targetHints":{"allow":["GET"]}}],"collection":[{"href":"https:\/\/edyceramic-shop.ro\/en\/wp-json\/wp\/v2\/product"}],"about":[{"href":"https:\/\/edyceramic-shop.ro\/en\/wp-json\/wp\/v2\/types\/product"}],"version-history":[{"count":1,"href":"https:\/\/edyceramic-shop.ro\/en\/wp-json\/wp\/v2\/product\/7778\/revisions"}],"predecessor-version":[{"id":18263,"href":"https:\/\/edyceramic-shop.ro\/en\/wp-json\/wp\/v2\/product\/7778\/revisions\/18263"}],"wp:featuredmedia":[{"embeddable":true,"href":"https:\/\/edyceramic-shop.ro\/en\/wp-json\/wp\/v2\/media\/18264"}],"wp:attachment":[{"href":"https:\/\/edyceramic-shop.ro\/en\/wp-json\/wp\/v2\/media?parent=7778"}],"wp:term":[{"taxonomy":"product_brand","embeddable":true,"href":"https:\/\/edyceramic-shop.ro\/en\/wp-json\/wp\/v2\/product_brand?post=7778"},{"taxonomy":"product_cat","embeddable":true,"href":"https:\/\/edyceramic-shop.ro\/en\/wp-json\/wp\/v2\/product_cat?post=7778"},{"taxonomy":"product_tag","embeddable":true,"href":"https:\/\/edyceramic-shop.ro\/en\/wp-json\/wp\/v2\/product_tag?post=7778"}],"curies":[{"name":"wp","href":"https:\/\/api.w.org\/{rel}","templated":true}]}}