{"id":7762,"date":"2024-09-22T20:25:37","date_gmt":"2024-09-22T20:25:37","guid":{"rendered":"https:\/\/edyceramic-shop.ro\/produs\/baterie-incastrata-lavoar-seppia-chrome-fd1-spa-3pa-11\/"},"modified":"2025-08-01T13:32:32","modified_gmt":"2025-08-01T11:32:32","slug":"baterie-incastrata-lavoar-seppia-chrome-fd1-spa-3pa-11","status":"publish","type":"product","link":"https:\/\/edyceramic-shop.ro\/en\/product\/baterie-incastrata-lavoar-seppia-chrome-fd1-spa-3pa-11\/","title":{"rendered":"BATERIE \u00ceNCASTRAT\u0102 LAVOAR SEPPIA CHROME FD1-SPA-3PA-11"},"content":{"rendered":"<p>Datorit\u0103 confortului pe care \u00eel ofer\u0103, interesul fa\u021b\u0103 de bateriile \u00eengropate a crescut continuu \u00een ultimii ani. Aceast\u0103 tendin\u021b\u0103 se aplic\u0103 \u0219i bateriilor pentru lavoar, reprezent\u00e2nd o solu\u021bie practic\u0103 \u0219i estetic\u0103. Bateriile \u00eengropate de lavoar din colec\u021bia SEPPIA au mecanismul de control ascuns sub o masc\u0103 elegant\u0103, astfel \u00eenc\u00e2t doar pipa de curgere \u0219i m\u00e2nerul sunt vizibile la exterior. Liniile netede \u0219i m\u00e2nerul orientat u\u0219or \u00een sus, caracteristice \u00eentregii colec\u021bii, sunt tr\u0103s\u0103turile care fac bateriile de lavoar SEPPIA at\u00e2t de versatile \u0219i universale. Bateriile de lavoar SEPPIA sunt disponibile \u00een versiunea acoperit\u0103 cu crom sau \u00een varianta de finisaj negru \u0219i negru\/rose gold.<\/p>","protected":false},"excerpt":{"rendered":"<p>Datorit\u0103 confortului pe care \u00eel ofer\u0103, interesul fa\u021b\u0103 de bateriile \u00eengropate a crescut continuu \u00een ultimii ani. Aceast\u0103 tendin\u021b\u0103 se<\/p>","protected":false},"featured_media":18238,"template":"","meta":[],"product_brand":[],"product_cat":[3502,367,366,334],"product_tag":[],"class_list":{"0":"post-7762","1":"product","2":"type-product","3":"status-publish","4":"has-post-thumbnail","6":"product_cat-baterii-fdesign","7":"product_cat-baterii-lavoar","8":"product_cat-baterii-de-baie","9":"product_cat-sanitare","10":"pa_colectie-seppia-chrome","11":"pa_culoare-crom","12":"pa_fabrica-fdesign","13":"pa_garantie-7ani","14":"pa_material-alama","15":"pa_montaj-incastrat","17":"first","18":"instock","19":"purchasable","20":"product-type-simple"},"yoast_head":"<!-- This site is optimized with the Yoast SEO Premium plugin v21.6 (Yoast SEO v22.1) - https:\/\/yoast.com\/wordpress\/plugins\/seo\/ -->\n<title>BATERIE \u00ceNCASTRAT\u0102 LAVOAR SEPPIA CHROME FD1-SPA-3PA-11 - Edyceramic - magazin online<\/title>\n<meta name=\"robots\" content=\"index, follow, max-snippet:-1, max-image-preview:large, max-video-preview:-1\" \/>\n<link rel=\"canonical\" href=\"https:\/\/edyceramic-shop.ro\/en\/product\/baterie-incastrata-lavoar-seppia-chrome-fd1-spa-3pa-11\/\" \/>\n<meta property=\"og:locale\" content=\"en_US\" \/>\n<meta property=\"og:type\" content=\"article\" \/>\n<meta property=\"og:title\" content=\"BATERIE \u00ceNCASTRAT\u0102 LAVOAR SEPPIA CHROME FD1-SPA-3PA-11\" \/>\n<meta property=\"og:description\" content=\"Datorit\u0103 confortului pe care \u00eel ofer\u0103, interesul fa\u021b\u0103 de bateriile \u00eengropate a crescut continuu \u00een ultimii ani. Aceast\u0103 tendin\u021b\u0103 se\" \/>\n<meta property=\"og:url\" content=\"https:\/\/edyceramic-shop.ro\/en\/product\/baterie-incastrata-lavoar-seppia-chrome-fd1-spa-3pa-11\/\" \/>\n<meta property=\"og:site_name\" content=\"Edyceramic - magazin online\" \/>\n<meta property=\"article:modified_time\" content=\"2025-08-01T11:32:32+00:00\" \/>\n<meta property=\"og:image\" content=\"https:\/\/edyceramic-shop.ro\/wp-content\/uploads\/2024\/09\/FD1-SPA-3PA-11.webp\" \/>\n\t<meta property=\"og:image:width\" content=\"1064\" \/>\n\t<meta property=\"og:image:height\" content=\"708\" \/>\n\t<meta property=\"og:image:type\" content=\"image\/webp\" \/>\n<meta name=\"twitter:card\" content=\"summary_large_image\" \/>\n<meta name=\"twitter:label1\" content=\"Price\" \/>\n\t<meta name=\"twitter:data1\" content=\"855,00&nbsp;lei\" \/>\n\t<meta name=\"twitter:label2\" content=\"Availability\" \/>\n\t<meta name=\"twitter:data2\" content=\"In stock\" \/>\n<script type=\"application\/ld+json\" class=\"yoast-schema-graph\">{\"@context\":\"https:\/\/schema.org\",\"@graph\":[{\"@type\":\"WebPage\",\"@id\":\"https:\/\/edyceramic-shop.ro\/produs\/baterie-incastrata-lavoar-seppia-chrome-fd1-spa-3pa-11\/\",\"url\":\"https:\/\/edyceramic-shop.ro\/produs\/baterie-incastrata-lavoar-seppia-chrome-fd1-spa-3pa-11\/\",\"name\":\"BATERIE \u00ceNCASTRAT\u0102 LAVOAR SEPPIA CHROME FD1-SPA-3PA-11 - Edyceramic - magazin online\",\"isPartOf\":{\"@id\":\"https:\/\/edyceramic-shop.ro\/ro\/#website\"},\"datePublished\":\"2024-09-22T20:25:37+00:00\",\"dateModified\":\"2025-08-01T11:32:32+00:00\",\"breadcrumb\":{\"@id\":\"https:\/\/edyceramic-shop.ro\/produs\/baterie-incastrata-lavoar-seppia-chrome-fd1-spa-3pa-11\/#breadcrumb\"},\"inLanguage\":\"en-US\",\"potentialAction\":[{\"@type\":\"ReadAction\",\"target\":[\"https:\/\/edyceramic-shop.ro\/produs\/baterie-incastrata-lavoar-seppia-chrome-fd1-spa-3pa-11\/\"]}]},{\"@type\":\"BreadcrumbList\",\"@id\":\"https:\/\/edyceramic-shop.ro\/produs\/baterie-incastrata-lavoar-seppia-chrome-fd1-spa-3pa-11\/#breadcrumb\",\"itemListElement\":[{\"@type\":\"ListItem\",\"position\":1,\"name\":\"Home\",\"item\":\"https:\/\/edyceramic-shop.ro\/\"},{\"@type\":\"ListItem\",\"position\":2,\"name\":\"Shop\",\"item\":\"https:\/\/edyceramic-shop.ro\/ro\/shop\/\"},{\"@type\":\"ListItem\",\"position\":3,\"name\":\"BATERIE \u00ceNCASTRAT\u0102 LAVOAR SEPPIA CHROME FD1-SPA-3PA-11\"}]},{\"@type\":\"WebSite\",\"@id\":\"https:\/\/edyceramic-shop.ro\/ro\/#website\",\"url\":\"https:\/\/edyceramic-shop.ro\/ro\/\",\"name\":\"edyceramic.ro\",\"description\":\"\",\"publisher\":{\"@id\":\"https:\/\/edyceramic-shop.ro\/ro\/#organization\"},\"potentialAction\":[{\"@type\":\"SearchAction\",\"target\":{\"@type\":\"EntryPoint\",\"urlTemplate\":\"https:\/\/edyceramic-shop.ro\/ro\/?s={search_term_string}\"},\"query-input\":\"required name=search_term_string\"}],\"inLanguage\":\"en-US\"},{\"@type\":\"Organization\",\"@id\":\"https:\/\/edyceramic-shop.ro\/ro\/#organization\",\"name\":\"Edyceramic\",\"url\":\"https:\/\/edyceramic-shop.ro\/ro\/\",\"logo\":{\"@type\":\"ImageObject\",\"inLanguage\":\"en-US\",\"@id\":\"https:\/\/edyceramic-shop.ro\/ro\/#\/schema\/logo\/image\/\",\"url\":\"https:\/\/edyceramic-shop.ro\/wp-content\/uploads\/2024\/02\/Logo-EdyCeramic_2021-lung.png\",\"contentUrl\":\"https:\/\/edyceramic-shop.ro\/wp-content\/uploads\/2024\/02\/Logo-EdyCeramic_2021-lung.png\",\"width\":4491,\"height\":769,\"caption\":\"Edyceramic\"},\"image\":{\"@id\":\"https:\/\/edyceramic-shop.ro\/ro\/#\/schema\/logo\/image\/\"}}]}<\/script>\n<meta property=\"product:price:amount\" content=\"855.00\" \/>\n<meta property=\"product:price:currency\" content=\"RON\" \/>\n<meta property=\"og:availability\" content=\"instock\" \/>\n<meta property=\"product:availability\" content=\"instock\" \/>\n<meta property=\"product:retailer_item_id\" content=\"5ccb83ccd5ba\" \/>\n<meta property=\"product:condition\" content=\"new\" \/>\n<!-- \/ Yoast SEO Premium plugin. -->","yoast_head_json":{"title":"BATERIE \u00ceNCASTRAT\u0102 LAVOAR SEPPIA CHROME FD1-SPA-3PA-11 - Edyceramic - magazin online","robots":{"index":"index","follow":"follow","max-snippet":"max-snippet:-1","max-image-preview":"max-image-preview:large","max-video-preview":"max-video-preview:-1"},"canonical":"https:\/\/edyceramic-shop.ro\/en\/product\/baterie-incastrata-lavoar-seppia-chrome-fd1-spa-3pa-11\/","og_locale":"en_US","og_type":"article","og_title":"BATERIE \u00ceNCASTRAT\u0102 LAVOAR SEPPIA CHROME FD1-SPA-3PA-11","og_description":"Datorit\u0103 confortului pe care \u00eel ofer\u0103, interesul fa\u021b\u0103 de bateriile \u00eengropate a crescut continuu \u00een ultimii ani. Aceast\u0103 tendin\u021b\u0103 se","og_url":"https:\/\/edyceramic-shop.ro\/en\/product\/baterie-incastrata-lavoar-seppia-chrome-fd1-spa-3pa-11\/","og_site_name":"Edyceramic - magazin online","article_modified_time":"2025-08-01T11:32:32+00:00","og_image":[{"width":1064,"height":708,"url":"https:\/\/edyceramic-shop.ro\/wp-content\/uploads\/2024\/09\/FD1-SPA-3PA-11.webp","type":"image\/webp"}],"twitter_card":"summary_large_image","twitter_misc":{"Price":"855,00&nbsp;lei","Availability":"In stock"},"schema":{"@context":"https:\/\/schema.org","@graph":[{"@type":"WebPage","@id":"https:\/\/edyceramic-shop.ro\/produs\/baterie-incastrata-lavoar-seppia-chrome-fd1-spa-3pa-11\/","url":"https:\/\/edyceramic-shop.ro\/produs\/baterie-incastrata-lavoar-seppia-chrome-fd1-spa-3pa-11\/","name":"BATERIE \u00ceNCASTRAT\u0102 LAVOAR SEPPIA CHROME FD1-SPA-3PA-11 - Edyceramic - magazin online","isPartOf":{"@id":"https:\/\/edyceramic-shop.ro\/ro\/#website"},"datePublished":"2024-09-22T20:25:37+00:00","dateModified":"2025-08-01T11:32:32+00:00","breadcrumb":{"@id":"https:\/\/edyceramic-shop.ro\/produs\/baterie-incastrata-lavoar-seppia-chrome-fd1-spa-3pa-11\/#breadcrumb"},"inLanguage":"en-US","potentialAction":[{"@type":"ReadAction","target":["https:\/\/edyceramic-shop.ro\/produs\/baterie-incastrata-lavoar-seppia-chrome-fd1-spa-3pa-11\/"]}]},{"@type":"BreadcrumbList","@id":"https:\/\/edyceramic-shop.ro\/produs\/baterie-incastrata-lavoar-seppia-chrome-fd1-spa-3pa-11\/#breadcrumb","itemListElement":[{"@type":"ListItem","position":1,"name":"Home","item":"https:\/\/edyceramic-shop.ro\/"},{"@type":"ListItem","position":2,"name":"Shop","item":"https:\/\/edyceramic-shop.ro\/ro\/shop\/"},{"@type":"ListItem","position":3,"name":"BATERIE \u00ceNCASTRAT\u0102 LAVOAR SEPPIA CHROME FD1-SPA-3PA-11"}]},{"@type":"WebSite","@id":"https:\/\/edyceramic-shop.ro\/ro\/#website","url":"https:\/\/edyceramic-shop.ro\/ro\/","name":"edyceramic.ro","description":"","publisher":{"@id":"https:\/\/edyceramic-shop.ro\/ro\/#organization"},"potentialAction":[{"@type":"SearchAction","target":{"@type":"EntryPoint","urlTemplate":"https:\/\/edyceramic-shop.ro\/ro\/?s={search_term_string}"},"query-input":"required name=search_term_string"}],"inLanguage":"en-US"},{"@type":"Organization","@id":"https:\/\/edyceramic-shop.ro\/ro\/#organization","name":"Edyceramic","url":"https:\/\/edyceramic-shop.ro\/ro\/","logo":{"@type":"ImageObject","inLanguage":"en-US","@id":"https:\/\/edyceramic-shop.ro\/ro\/#\/schema\/logo\/image\/","url":"https:\/\/edyceramic-shop.ro\/wp-content\/uploads\/2024\/02\/Logo-EdyCeramic_2021-lung.png","contentUrl":"https:\/\/edyceramic-shop.ro\/wp-content\/uploads\/2024\/02\/Logo-EdyCeramic_2021-lung.png","width":4491,"height":769,"caption":"Edyceramic"},"image":{"@id":"https:\/\/edyceramic-shop.ro\/ro\/#\/schema\/logo\/image\/"}}]},"product_price_amount":"855.00","product_price_currency":"RON","og_availability":"instock","product_availability":"instock","product_retailer_item_id":"5ccb83ccd5ba","product_condition":"new"},"jetpack_sharing_enabled":true,"_links":{"self":[{"href":"https:\/\/edyceramic-shop.ro\/en\/wp-json\/wp\/v2\/product\/7762","targetHints":{"allow":["GET"]}}],"collection":[{"href":"https:\/\/edyceramic-shop.ro\/en\/wp-json\/wp\/v2\/product"}],"about":[{"href":"https:\/\/edyceramic-shop.ro\/en\/wp-json\/wp\/v2\/types\/product"}],"version-history":[{"count":1,"href":"https:\/\/edyceramic-shop.ro\/en\/wp-json\/wp\/v2\/product\/7762\/revisions"}],"predecessor-version":[{"id":18237,"href":"https:\/\/edyceramic-shop.ro\/en\/wp-json\/wp\/v2\/product\/7762\/revisions\/18237"}],"wp:featuredmedia":[{"embeddable":true,"href":"https:\/\/edyceramic-shop.ro\/en\/wp-json\/wp\/v2\/media\/18238"}],"wp:attachment":[{"href":"https:\/\/edyceramic-shop.ro\/en\/wp-json\/wp\/v2\/media?parent=7762"}],"wp:term":[{"taxonomy":"product_brand","embeddable":true,"href":"https:\/\/edyceramic-shop.ro\/en\/wp-json\/wp\/v2\/product_brand?post=7762"},{"taxonomy":"product_cat","embeddable":true,"href":"https:\/\/edyceramic-shop.ro\/en\/wp-json\/wp\/v2\/product_cat?post=7762"},{"taxonomy":"product_tag","embeddable":true,"href":"https:\/\/edyceramic-shop.ro\/en\/wp-json\/wp\/v2\/product_tag?post=7762"}],"curies":[{"name":"wp","href":"https:\/\/api.w.org\/{rel}","templated":true}]}}