{"id":7718,"date":"2024-09-22T20:24:49","date_gmt":"2024-09-22T20:24:49","guid":{"rendered":"https:\/\/edyceramic-shop.ro\/produs\/sistem-dus-6-in-1-brina-fd1-brn-7pset1-11\/"},"modified":"2025-08-01T13:32:27","modified_gmt":"2025-08-01T11:32:27","slug":"sistem-dus-6-in-1-brina-fd1-brn-7pset1-11","status":"publish","type":"product","link":"https:\/\/edyceramic-shop.ro\/en\/product\/sistem-dus-6-in-1-brina-fd1-brn-7pset1-11\/","title":{"rendered":"SISTEM DU\u0218 6 \u00een 1 BRINA FD1-BRN-7PSET1-11"},"content":{"rendered":"<p>Un sistem de du\u0219 \u00eencastrat, elegant, din crom lucios, cu un cap du\u0219 cu efect de ploaie \u0219i un du\u0219 mobil \u00eentr-o form\u0103 geometric\u0103 modern\u0103, va aduce o not\u0103 de rafinament \u00een orice baie cu design contemporan. P\u0103l\u0103ria de du\u0219 mare, p\u0103trat\u0103 \u0219i sub\u021bire, va oferi o experien\u021b\u0103 revigorant\u0103, \u00een timp ce m\u00e2nerul dreptunghiular, ergonomic, permite o experien\u021b\u0103 de du\u0219 relaxant\u0103. Elementele vizibile ale setului de du\u0219 includ o rozet\u0103 elegant\u0103, un comutator func\u021bional pentru du\u0219\/m\u00e2ner \u0219i un m\u00e2ner plat, ergonomic, care adaug\u0103 un aspect estetic deosebit. Cu designul s\u0103u minimalist \u0219i modern, acest set du\u0219 se va integra perfect \u00een b\u0103ile caracterizate de forme simple \u0219i industriale. Alegerea unui sistem de du\u0219 cu baterie \u00eencastrat\u0103 ofer\u0103 mai multe avantaje, printre care economisirea spa\u021biului \u00een baie, aspectul curat \u0219i ordonat al \u00eenc\u0103perii, u\u0219urin\u021ba \u00een cur\u0103\u021bare \u0219i \u00eentre\u021binere, flexibilitatea \u00een amenajarea b\u0103ii, precum \u0219i cre\u0219terea valorii estetice a locuin\u021bei.<\/p>","protected":false},"excerpt":{"rendered":"<p>Un sistem de du\u0219 \u00eencastrat, elegant, din crom lucios, cu un cap du\u0219 cu efect de ploaie \u0219i un du\u0219<\/p>","protected":false},"featured_media":18168,"template":"","meta":[],"product_brand":[],"product_cat":[3502,359,334],"product_tag":[],"class_list":{"0":"post-7718","1":"product","2":"type-product","3":"status-publish","4":"has-post-thumbnail","6":"product_cat-baterii-fdesign","7":"product_cat-sisteme-de-dus","8":"product_cat-sanitare","9":"pa_colectie-brina","10":"pa_culoare-negru-mat","11":"pa_fabrica-fdesign","12":"pa_garantie-7ani","13":"pa_material-alama","14":"pa_montaj-pe-perete","16":"first","17":"instock","18":"purchasable","19":"product-type-simple"},"yoast_head":"<!-- This site is optimized with the Yoast SEO Premium plugin v21.6 (Yoast SEO v22.1) - https:\/\/yoast.com\/wordpress\/plugins\/seo\/ -->\n<title>SISTEM DU\u0218 6 \u00een 1 BRINA FD1-BRN-7PSET1-11 - Edyceramic - magazin online<\/title>\n<meta name=\"robots\" content=\"index, follow, max-snippet:-1, max-image-preview:large, max-video-preview:-1\" \/>\n<link rel=\"canonical\" href=\"https:\/\/edyceramic-shop.ro\/en\/product\/sistem-dus-6-in-1-brina-fd1-brn-7pset1-11\/\" \/>\n<meta property=\"og:locale\" content=\"en_US\" \/>\n<meta property=\"og:type\" content=\"article\" \/>\n<meta property=\"og:title\" content=\"SISTEM DU\u0218 6 \u00een 1 BRINA FD1-BRN-7PSET1-11\" \/>\n<meta property=\"og:description\" content=\"Un sistem de du\u0219 \u00eencastrat, elegant, din crom lucios, cu un cap du\u0219 cu efect de ploaie \u0219i un du\u0219\" \/>\n<meta property=\"og:url\" content=\"https:\/\/edyceramic-shop.ro\/en\/product\/sistem-dus-6-in-1-brina-fd1-brn-7pset1-11\/\" \/>\n<meta property=\"og:site_name\" content=\"Edyceramic - magazin online\" \/>\n<meta property=\"article:modified_time\" content=\"2025-08-01T11:32:27+00:00\" \/>\n<meta property=\"og:image\" content=\"https:\/\/edyceramic-shop.ro\/wp-content\/uploads\/2024\/09\/FD1-BRN-7PSET1-11.webp\" \/>\n\t<meta property=\"og:image:width\" content=\"1200\" \/>\n\t<meta property=\"og:image:height\" content=\"1209\" \/>\n\t<meta property=\"og:image:type\" content=\"image\/webp\" \/>\n<meta name=\"twitter:card\" content=\"summary_large_image\" \/>\n<meta name=\"twitter:label1\" content=\"Price\" \/>\n\t<meta name=\"twitter:data1\" content=\"2.009,00&nbsp;lei\" \/>\n\t<meta name=\"twitter:label2\" content=\"Availability\" \/>\n\t<meta name=\"twitter:data2\" content=\"In stock\" \/>\n<script type=\"application\/ld+json\" class=\"yoast-schema-graph\">{\"@context\":\"https:\/\/schema.org\",\"@graph\":[{\"@type\":\"WebPage\",\"@id\":\"https:\/\/edyceramic-shop.ro\/produs\/sistem-dus-6-in-1-brina-fd1-brn-7pset1-11\/\",\"url\":\"https:\/\/edyceramic-shop.ro\/produs\/sistem-dus-6-in-1-brina-fd1-brn-7pset1-11\/\",\"name\":\"SISTEM DU\u0218 6 \u00een 1 BRINA FD1-BRN-7PSET1-11 - Edyceramic - magazin online\",\"isPartOf\":{\"@id\":\"https:\/\/edyceramic-shop.ro\/ro\/#website\"},\"datePublished\":\"2024-09-22T20:24:49+00:00\",\"dateModified\":\"2025-08-01T11:32:27+00:00\",\"breadcrumb\":{\"@id\":\"https:\/\/edyceramic-shop.ro\/produs\/sistem-dus-6-in-1-brina-fd1-brn-7pset1-11\/#breadcrumb\"},\"inLanguage\":\"en-US\",\"potentialAction\":[{\"@type\":\"ReadAction\",\"target\":[\"https:\/\/edyceramic-shop.ro\/produs\/sistem-dus-6-in-1-brina-fd1-brn-7pset1-11\/\"]}]},{\"@type\":\"BreadcrumbList\",\"@id\":\"https:\/\/edyceramic-shop.ro\/produs\/sistem-dus-6-in-1-brina-fd1-brn-7pset1-11\/#breadcrumb\",\"itemListElement\":[{\"@type\":\"ListItem\",\"position\":1,\"name\":\"Home\",\"item\":\"https:\/\/edyceramic-shop.ro\/\"},{\"@type\":\"ListItem\",\"position\":2,\"name\":\"Shop\",\"item\":\"https:\/\/edyceramic-shop.ro\/ro\/shop\/\"},{\"@type\":\"ListItem\",\"position\":3,\"name\":\"SISTEM DU\u0218 6 \u00een 1 BRINA FD1-BRN-7PSET1-11\"}]},{\"@type\":\"WebSite\",\"@id\":\"https:\/\/edyceramic-shop.ro\/ro\/#website\",\"url\":\"https:\/\/edyceramic-shop.ro\/ro\/\",\"name\":\"edyceramic.ro\",\"description\":\"\",\"publisher\":{\"@id\":\"https:\/\/edyceramic-shop.ro\/ro\/#organization\"},\"potentialAction\":[{\"@type\":\"SearchAction\",\"target\":{\"@type\":\"EntryPoint\",\"urlTemplate\":\"https:\/\/edyceramic-shop.ro\/ro\/?s={search_term_string}\"},\"query-input\":\"required name=search_term_string\"}],\"inLanguage\":\"en-US\"},{\"@type\":\"Organization\",\"@id\":\"https:\/\/edyceramic-shop.ro\/ro\/#organization\",\"name\":\"Edyceramic\",\"url\":\"https:\/\/edyceramic-shop.ro\/ro\/\",\"logo\":{\"@type\":\"ImageObject\",\"inLanguage\":\"en-US\",\"@id\":\"https:\/\/edyceramic-shop.ro\/ro\/#\/schema\/logo\/image\/\",\"url\":\"https:\/\/edyceramic-shop.ro\/wp-content\/uploads\/2024\/02\/Logo-EdyCeramic_2021-lung.png\",\"contentUrl\":\"https:\/\/edyceramic-shop.ro\/wp-content\/uploads\/2024\/02\/Logo-EdyCeramic_2021-lung.png\",\"width\":4491,\"height\":769,\"caption\":\"Edyceramic\"},\"image\":{\"@id\":\"https:\/\/edyceramic-shop.ro\/ro\/#\/schema\/logo\/image\/\"}}]}<\/script>\n<meta property=\"product:price:amount\" content=\"2009.00\" \/>\n<meta property=\"product:price:currency\" content=\"RON\" \/>\n<meta property=\"og:availability\" content=\"instock\" \/>\n<meta property=\"product:availability\" content=\"instock\" \/>\n<meta property=\"product:retailer_item_id\" content=\"fe311eec36eb\" \/>\n<meta property=\"product:condition\" content=\"new\" \/>\n<!-- \/ Yoast SEO Premium plugin. -->","yoast_head_json":{"title":"SISTEM DU\u0218 6 \u00een 1 BRINA FD1-BRN-7PSET1-11 - Edyceramic - magazin online","robots":{"index":"index","follow":"follow","max-snippet":"max-snippet:-1","max-image-preview":"max-image-preview:large","max-video-preview":"max-video-preview:-1"},"canonical":"https:\/\/edyceramic-shop.ro\/en\/product\/sistem-dus-6-in-1-brina-fd1-brn-7pset1-11\/","og_locale":"en_US","og_type":"article","og_title":"SISTEM DU\u0218 6 \u00een 1 BRINA FD1-BRN-7PSET1-11","og_description":"Un sistem de du\u0219 \u00eencastrat, elegant, din crom lucios, cu un cap du\u0219 cu efect de ploaie \u0219i un du\u0219","og_url":"https:\/\/edyceramic-shop.ro\/en\/product\/sistem-dus-6-in-1-brina-fd1-brn-7pset1-11\/","og_site_name":"Edyceramic - magazin online","article_modified_time":"2025-08-01T11:32:27+00:00","og_image":[{"width":1200,"height":1209,"url":"https:\/\/edyceramic-shop.ro\/wp-content\/uploads\/2024\/09\/FD1-BRN-7PSET1-11.webp","type":"image\/webp"}],"twitter_card":"summary_large_image","twitter_misc":{"Price":"2.009,00&nbsp;lei","Availability":"In stock"},"schema":{"@context":"https:\/\/schema.org","@graph":[{"@type":"WebPage","@id":"https:\/\/edyceramic-shop.ro\/produs\/sistem-dus-6-in-1-brina-fd1-brn-7pset1-11\/","url":"https:\/\/edyceramic-shop.ro\/produs\/sistem-dus-6-in-1-brina-fd1-brn-7pset1-11\/","name":"SISTEM DU\u0218 6 \u00een 1 BRINA FD1-BRN-7PSET1-11 - Edyceramic - magazin online","isPartOf":{"@id":"https:\/\/edyceramic-shop.ro\/ro\/#website"},"datePublished":"2024-09-22T20:24:49+00:00","dateModified":"2025-08-01T11:32:27+00:00","breadcrumb":{"@id":"https:\/\/edyceramic-shop.ro\/produs\/sistem-dus-6-in-1-brina-fd1-brn-7pset1-11\/#breadcrumb"},"inLanguage":"en-US","potentialAction":[{"@type":"ReadAction","target":["https:\/\/edyceramic-shop.ro\/produs\/sistem-dus-6-in-1-brina-fd1-brn-7pset1-11\/"]}]},{"@type":"BreadcrumbList","@id":"https:\/\/edyceramic-shop.ro\/produs\/sistem-dus-6-in-1-brina-fd1-brn-7pset1-11\/#breadcrumb","itemListElement":[{"@type":"ListItem","position":1,"name":"Home","item":"https:\/\/edyceramic-shop.ro\/"},{"@type":"ListItem","position":2,"name":"Shop","item":"https:\/\/edyceramic-shop.ro\/ro\/shop\/"},{"@type":"ListItem","position":3,"name":"SISTEM DU\u0218 6 \u00een 1 BRINA FD1-BRN-7PSET1-11"}]},{"@type":"WebSite","@id":"https:\/\/edyceramic-shop.ro\/ro\/#website","url":"https:\/\/edyceramic-shop.ro\/ro\/","name":"edyceramic.ro","description":"","publisher":{"@id":"https:\/\/edyceramic-shop.ro\/ro\/#organization"},"potentialAction":[{"@type":"SearchAction","target":{"@type":"EntryPoint","urlTemplate":"https:\/\/edyceramic-shop.ro\/ro\/?s={search_term_string}"},"query-input":"required name=search_term_string"}],"inLanguage":"en-US"},{"@type":"Organization","@id":"https:\/\/edyceramic-shop.ro\/ro\/#organization","name":"Edyceramic","url":"https:\/\/edyceramic-shop.ro\/ro\/","logo":{"@type":"ImageObject","inLanguage":"en-US","@id":"https:\/\/edyceramic-shop.ro\/ro\/#\/schema\/logo\/image\/","url":"https:\/\/edyceramic-shop.ro\/wp-content\/uploads\/2024\/02\/Logo-EdyCeramic_2021-lung.png","contentUrl":"https:\/\/edyceramic-shop.ro\/wp-content\/uploads\/2024\/02\/Logo-EdyCeramic_2021-lung.png","width":4491,"height":769,"caption":"Edyceramic"},"image":{"@id":"https:\/\/edyceramic-shop.ro\/ro\/#\/schema\/logo\/image\/"}}]},"product_price_amount":"2009.00","product_price_currency":"RON","og_availability":"instock","product_availability":"instock","product_retailer_item_id":"fe311eec36eb","product_condition":"new"},"jetpack_sharing_enabled":true,"_links":{"self":[{"href":"https:\/\/edyceramic-shop.ro\/en\/wp-json\/wp\/v2\/product\/7718","targetHints":{"allow":["GET"]}}],"collection":[{"href":"https:\/\/edyceramic-shop.ro\/en\/wp-json\/wp\/v2\/product"}],"about":[{"href":"https:\/\/edyceramic-shop.ro\/en\/wp-json\/wp\/v2\/types\/product"}],"version-history":[{"count":1,"href":"https:\/\/edyceramic-shop.ro\/en\/wp-json\/wp\/v2\/product\/7718\/revisions"}],"predecessor-version":[{"id":18167,"href":"https:\/\/edyceramic-shop.ro\/en\/wp-json\/wp\/v2\/product\/7718\/revisions\/18167"}],"wp:featuredmedia":[{"embeddable":true,"href":"https:\/\/edyceramic-shop.ro\/en\/wp-json\/wp\/v2\/media\/18168"}],"wp:attachment":[{"href":"https:\/\/edyceramic-shop.ro\/en\/wp-json\/wp\/v2\/media?parent=7718"}],"wp:term":[{"taxonomy":"product_brand","embeddable":true,"href":"https:\/\/edyceramic-shop.ro\/en\/wp-json\/wp\/v2\/product_brand?post=7718"},{"taxonomy":"product_cat","embeddable":true,"href":"https:\/\/edyceramic-shop.ro\/en\/wp-json\/wp\/v2\/product_cat?post=7718"},{"taxonomy":"product_tag","embeddable":true,"href":"https:\/\/edyceramic-shop.ro\/en\/wp-json\/wp\/v2\/product_tag?post=7718"}],"curies":[{"name":"wp","href":"https:\/\/api.w.org\/{rel}","templated":true}]}}