{"id":7698,"date":"2024-09-22T20:24:49","date_gmt":"2024-09-22T20:24:49","guid":{"rendered":"https:\/\/edyceramic-shop.ro\/produs\/baterie-incastrata-cada-dus-zaffiro-black-fd1-zfr-7p-22\/"},"modified":"2025-08-01T13:32:26","modified_gmt":"2025-08-01T11:32:26","slug":"baterie-incastrata-cada-dus-zaffiro-black-fd1-zfr-7p-22","status":"publish","type":"product","link":"https:\/\/edyceramic-shop.ro\/en\/product\/baterie-incastrata-cada-dus-zaffiro-black-fd1-zfr-7p-22\/","title":{"rendered":"BATERIE \u00ceNCASTRAT\u0102 CAD\u0102\/DU\u0218 ZAFFIRO BLACK FD1-ZFR-7P-22"},"content":{"rendered":"<p>Bateria de cad\u0103-du\u0219 \u00eencastrat\u0103 ZAFFIRO \u00een finisaj black mat cu corp \u00eengropat reprezint\u0103 echilibrul perfect \u00eentre func\u021bionalitate, estetic\u0103 \u0219i inova\u021bie. Cu un design minimalist \u0219i elegant, aceast\u0103 baterie \u00eencastrat\u0103 este o adi\u021bie spectaculoas\u0103 la orice baie modern\u0103. Corpul s\u0103u ascuns \u00een perete cu diametru de 14 cm ofer\u0103 un aspect curat \u0219i ordonat, iar finisajul negru mat adaug\u0103 un accent de rafinament. Leva ergonomic\u0103 \u0219i comutatorul pentru cada-du\u0219 sunt g\u00e2ndite pentru o utilizare confortabil\u0103 \u0219i precis\u0103. Echipat\u0103 cu un regulator ceramic, aceast\u0103 baterie garanteaz\u0103 fiabilitatea \u0219i func\u021bionalitatea pe termen lung. Aceasta contribuie la reducerea consumului de ap\u0103, f\u0103r\u0103 a compromite performan\u021ba sau confortul utiliz\u0103rii.<\/p>","protected":false},"excerpt":{"rendered":"<p>Bateria de cad\u0103-du\u0219 \u00eencastrat\u0103 ZAFFIRO \u00een finisaj black mat cu corp \u00eengropat reprezint\u0103 echilibrul perfect \u00eentre func\u021bionalitate, estetic\u0103 \u0219i inova\u021bie.<\/p>","protected":false},"featured_media":18138,"template":"","meta":[],"product_brand":[],"product_cat":[3502,368,366,334,371],"product_tag":[],"class_list":{"0":"post-7698","1":"product","2":"type-product","3":"status-publish","4":"has-post-thumbnail","6":"product_cat-baterii-fdesign","7":"product_cat-baterii-cada","8":"product_cat-baterii-de-baie","9":"product_cat-sanitare","10":"product_cat-baterii-dus","11":"pa_colectie-zaffiro-black","12":"pa_culoare-negru-mat","13":"pa_fabrica-fdesign","14":"pa_garantie-7ani","15":"pa_material-alama","16":"pa_montaj-incastrat","18":"first","19":"instock","20":"purchasable","21":"product-type-simple"},"yoast_head":"<!-- This site is optimized with the Yoast SEO Premium plugin v21.6 (Yoast SEO v22.1) - https:\/\/yoast.com\/wordpress\/plugins\/seo\/ -->\n<title>BATERIE \u00ceNCASTRAT\u0102 CAD\u0102\/DU\u0218 ZAFFIRO BLACK FD1-ZFR-7P-22 - Edyceramic - magazin online<\/title>\n<meta name=\"robots\" content=\"index, follow, max-snippet:-1, max-image-preview:large, max-video-preview:-1\" \/>\n<link rel=\"canonical\" href=\"https:\/\/edyceramic-shop.ro\/en\/product\/baterie-incastrata-cada-dus-zaffiro-black-fd1-zfr-7p-22\/\" \/>\n<meta property=\"og:locale\" content=\"en_US\" \/>\n<meta property=\"og:type\" content=\"article\" \/>\n<meta property=\"og:title\" content=\"BATERIE \u00ceNCASTRAT\u0102 CAD\u0102\/DU\u0218 ZAFFIRO BLACK FD1-ZFR-7P-22\" \/>\n<meta property=\"og:description\" content=\"Bateria de cad\u0103-du\u0219 \u00eencastrat\u0103 ZAFFIRO \u00een finisaj black mat cu corp \u00eengropat reprezint\u0103 echilibrul perfect \u00eentre func\u021bionalitate, estetic\u0103 \u0219i inova\u021bie.\" \/>\n<meta property=\"og:url\" content=\"https:\/\/edyceramic-shop.ro\/en\/product\/baterie-incastrata-cada-dus-zaffiro-black-fd1-zfr-7p-22\/\" \/>\n<meta property=\"og:site_name\" content=\"Edyceramic - magazin online\" \/>\n<meta property=\"article:modified_time\" content=\"2025-08-01T11:32:26+00:00\" \/>\n<meta property=\"og:image\" content=\"https:\/\/edyceramic-shop.ro\/wp-content\/uploads\/2024\/09\/FD1-ZFR-7P-22.webp\" \/>\n\t<meta property=\"og:image:width\" content=\"1200\" \/>\n\t<meta property=\"og:image:height\" content=\"1799\" \/>\n\t<meta property=\"og:image:type\" content=\"image\/webp\" \/>\n<meta name=\"twitter:card\" content=\"summary_large_image\" \/>\n<meta name=\"twitter:label1\" content=\"Price\" \/>\n\t<meta name=\"twitter:data1\" content=\"721,00&nbsp;lei\" \/>\n\t<meta name=\"twitter:label2\" content=\"Availability\" \/>\n\t<meta name=\"twitter:data2\" content=\"In stock\" \/>\n<script type=\"application\/ld+json\" class=\"yoast-schema-graph\">{\"@context\":\"https:\/\/schema.org\",\"@graph\":[{\"@type\":\"WebPage\",\"@id\":\"https:\/\/edyceramic-shop.ro\/produs\/baterie-incastrata-cada-dus-zaffiro-black-fd1-zfr-7p-22\/\",\"url\":\"https:\/\/edyceramic-shop.ro\/produs\/baterie-incastrata-cada-dus-zaffiro-black-fd1-zfr-7p-22\/\",\"name\":\"BATERIE \u00ceNCASTRAT\u0102 CAD\u0102\/DU\u0218 ZAFFIRO BLACK FD1-ZFR-7P-22 - Edyceramic - magazin online\",\"isPartOf\":{\"@id\":\"https:\/\/edyceramic-shop.ro\/ro\/#website\"},\"datePublished\":\"2024-09-22T20:24:49+00:00\",\"dateModified\":\"2025-08-01T11:32:26+00:00\",\"breadcrumb\":{\"@id\":\"https:\/\/edyceramic-shop.ro\/produs\/baterie-incastrata-cada-dus-zaffiro-black-fd1-zfr-7p-22\/#breadcrumb\"},\"inLanguage\":\"en-US\",\"potentialAction\":[{\"@type\":\"ReadAction\",\"target\":[\"https:\/\/edyceramic-shop.ro\/produs\/baterie-incastrata-cada-dus-zaffiro-black-fd1-zfr-7p-22\/\"]}]},{\"@type\":\"BreadcrumbList\",\"@id\":\"https:\/\/edyceramic-shop.ro\/produs\/baterie-incastrata-cada-dus-zaffiro-black-fd1-zfr-7p-22\/#breadcrumb\",\"itemListElement\":[{\"@type\":\"ListItem\",\"position\":1,\"name\":\"Home\",\"item\":\"https:\/\/edyceramic-shop.ro\/\"},{\"@type\":\"ListItem\",\"position\":2,\"name\":\"Shop\",\"item\":\"https:\/\/edyceramic-shop.ro\/ro\/shop\/\"},{\"@type\":\"ListItem\",\"position\":3,\"name\":\"BATERIE \u00ceNCASTRAT\u0102 CAD\u0102\/DU\u0218 ZAFFIRO BLACK FD1-ZFR-7P-22\"}]},{\"@type\":\"WebSite\",\"@id\":\"https:\/\/edyceramic-shop.ro\/ro\/#website\",\"url\":\"https:\/\/edyceramic-shop.ro\/ro\/\",\"name\":\"edyceramic.ro\",\"description\":\"\",\"publisher\":{\"@id\":\"https:\/\/edyceramic-shop.ro\/ro\/#organization\"},\"potentialAction\":[{\"@type\":\"SearchAction\",\"target\":{\"@type\":\"EntryPoint\",\"urlTemplate\":\"https:\/\/edyceramic-shop.ro\/ro\/?s={search_term_string}\"},\"query-input\":\"required name=search_term_string\"}],\"inLanguage\":\"en-US\"},{\"@type\":\"Organization\",\"@id\":\"https:\/\/edyceramic-shop.ro\/ro\/#organization\",\"name\":\"Edyceramic\",\"url\":\"https:\/\/edyceramic-shop.ro\/ro\/\",\"logo\":{\"@type\":\"ImageObject\",\"inLanguage\":\"en-US\",\"@id\":\"https:\/\/edyceramic-shop.ro\/ro\/#\/schema\/logo\/image\/\",\"url\":\"https:\/\/edyceramic-shop.ro\/wp-content\/uploads\/2024\/02\/Logo-EdyCeramic_2021-lung.png\",\"contentUrl\":\"https:\/\/edyceramic-shop.ro\/wp-content\/uploads\/2024\/02\/Logo-EdyCeramic_2021-lung.png\",\"width\":4491,\"height\":769,\"caption\":\"Edyceramic\"},\"image\":{\"@id\":\"https:\/\/edyceramic-shop.ro\/ro\/#\/schema\/logo\/image\/\"}}]}<\/script>\n<meta property=\"product:price:amount\" content=\"721.00\" \/>\n<meta property=\"product:price:currency\" content=\"RON\" \/>\n<meta property=\"og:availability\" content=\"instock\" \/>\n<meta property=\"product:availability\" content=\"instock\" \/>\n<meta property=\"product:retailer_item_id\" content=\"02dc4bf0dbc0\" \/>\n<meta property=\"product:condition\" content=\"new\" \/>\n<!-- \/ Yoast SEO Premium plugin. -->","yoast_head_json":{"title":"BATERIE \u00ceNCASTRAT\u0102 CAD\u0102\/DU\u0218 ZAFFIRO BLACK FD1-ZFR-7P-22 - Edyceramic - magazin online","robots":{"index":"index","follow":"follow","max-snippet":"max-snippet:-1","max-image-preview":"max-image-preview:large","max-video-preview":"max-video-preview:-1"},"canonical":"https:\/\/edyceramic-shop.ro\/en\/product\/baterie-incastrata-cada-dus-zaffiro-black-fd1-zfr-7p-22\/","og_locale":"en_US","og_type":"article","og_title":"BATERIE \u00ceNCASTRAT\u0102 CAD\u0102\/DU\u0218 ZAFFIRO BLACK FD1-ZFR-7P-22","og_description":"Bateria de cad\u0103-du\u0219 \u00eencastrat\u0103 ZAFFIRO \u00een finisaj black mat cu corp \u00eengropat reprezint\u0103 echilibrul perfect \u00eentre func\u021bionalitate, estetic\u0103 \u0219i inova\u021bie.","og_url":"https:\/\/edyceramic-shop.ro\/en\/product\/baterie-incastrata-cada-dus-zaffiro-black-fd1-zfr-7p-22\/","og_site_name":"Edyceramic - magazin online","article_modified_time":"2025-08-01T11:32:26+00:00","og_image":[{"width":1200,"height":1799,"url":"https:\/\/edyceramic-shop.ro\/wp-content\/uploads\/2024\/09\/FD1-ZFR-7P-22.webp","type":"image\/webp"}],"twitter_card":"summary_large_image","twitter_misc":{"Price":"721,00&nbsp;lei","Availability":"In stock"},"schema":{"@context":"https:\/\/schema.org","@graph":[{"@type":"WebPage","@id":"https:\/\/edyceramic-shop.ro\/produs\/baterie-incastrata-cada-dus-zaffiro-black-fd1-zfr-7p-22\/","url":"https:\/\/edyceramic-shop.ro\/produs\/baterie-incastrata-cada-dus-zaffiro-black-fd1-zfr-7p-22\/","name":"BATERIE \u00ceNCASTRAT\u0102 CAD\u0102\/DU\u0218 ZAFFIRO BLACK FD1-ZFR-7P-22 - Edyceramic - magazin online","isPartOf":{"@id":"https:\/\/edyceramic-shop.ro\/ro\/#website"},"datePublished":"2024-09-22T20:24:49+00:00","dateModified":"2025-08-01T11:32:26+00:00","breadcrumb":{"@id":"https:\/\/edyceramic-shop.ro\/produs\/baterie-incastrata-cada-dus-zaffiro-black-fd1-zfr-7p-22\/#breadcrumb"},"inLanguage":"en-US","potentialAction":[{"@type":"ReadAction","target":["https:\/\/edyceramic-shop.ro\/produs\/baterie-incastrata-cada-dus-zaffiro-black-fd1-zfr-7p-22\/"]}]},{"@type":"BreadcrumbList","@id":"https:\/\/edyceramic-shop.ro\/produs\/baterie-incastrata-cada-dus-zaffiro-black-fd1-zfr-7p-22\/#breadcrumb","itemListElement":[{"@type":"ListItem","position":1,"name":"Home","item":"https:\/\/edyceramic-shop.ro\/"},{"@type":"ListItem","position":2,"name":"Shop","item":"https:\/\/edyceramic-shop.ro\/ro\/shop\/"},{"@type":"ListItem","position":3,"name":"BATERIE \u00ceNCASTRAT\u0102 CAD\u0102\/DU\u0218 ZAFFIRO BLACK FD1-ZFR-7P-22"}]},{"@type":"WebSite","@id":"https:\/\/edyceramic-shop.ro\/ro\/#website","url":"https:\/\/edyceramic-shop.ro\/ro\/","name":"edyceramic.ro","description":"","publisher":{"@id":"https:\/\/edyceramic-shop.ro\/ro\/#organization"},"potentialAction":[{"@type":"SearchAction","target":{"@type":"EntryPoint","urlTemplate":"https:\/\/edyceramic-shop.ro\/ro\/?s={search_term_string}"},"query-input":"required name=search_term_string"}],"inLanguage":"en-US"},{"@type":"Organization","@id":"https:\/\/edyceramic-shop.ro\/ro\/#organization","name":"Edyceramic","url":"https:\/\/edyceramic-shop.ro\/ro\/","logo":{"@type":"ImageObject","inLanguage":"en-US","@id":"https:\/\/edyceramic-shop.ro\/ro\/#\/schema\/logo\/image\/","url":"https:\/\/edyceramic-shop.ro\/wp-content\/uploads\/2024\/02\/Logo-EdyCeramic_2021-lung.png","contentUrl":"https:\/\/edyceramic-shop.ro\/wp-content\/uploads\/2024\/02\/Logo-EdyCeramic_2021-lung.png","width":4491,"height":769,"caption":"Edyceramic"},"image":{"@id":"https:\/\/edyceramic-shop.ro\/ro\/#\/schema\/logo\/image\/"}}]},"product_price_amount":"721.00","product_price_currency":"RON","og_availability":"instock","product_availability":"instock","product_retailer_item_id":"02dc4bf0dbc0","product_condition":"new"},"jetpack_sharing_enabled":true,"_links":{"self":[{"href":"https:\/\/edyceramic-shop.ro\/en\/wp-json\/wp\/v2\/product\/7698","targetHints":{"allow":["GET"]}}],"collection":[{"href":"https:\/\/edyceramic-shop.ro\/en\/wp-json\/wp\/v2\/product"}],"about":[{"href":"https:\/\/edyceramic-shop.ro\/en\/wp-json\/wp\/v2\/types\/product"}],"version-history":[{"count":1,"href":"https:\/\/edyceramic-shop.ro\/en\/wp-json\/wp\/v2\/product\/7698\/revisions"}],"predecessor-version":[{"id":18137,"href":"https:\/\/edyceramic-shop.ro\/en\/wp-json\/wp\/v2\/product\/7698\/revisions\/18137"}],"wp:featuredmedia":[{"embeddable":true,"href":"https:\/\/edyceramic-shop.ro\/en\/wp-json\/wp\/v2\/media\/18138"}],"wp:attachment":[{"href":"https:\/\/edyceramic-shop.ro\/en\/wp-json\/wp\/v2\/media?parent=7698"}],"wp:term":[{"taxonomy":"product_brand","embeddable":true,"href":"https:\/\/edyceramic-shop.ro\/en\/wp-json\/wp\/v2\/product_brand?post=7698"},{"taxonomy":"product_cat","embeddable":true,"href":"https:\/\/edyceramic-shop.ro\/en\/wp-json\/wp\/v2\/product_cat?post=7698"},{"taxonomy":"product_tag","embeddable":true,"href":"https:\/\/edyceramic-shop.ro\/en\/wp-json\/wp\/v2\/product_tag?post=7698"}],"curies":[{"name":"wp","href":"https:\/\/api.w.org\/{rel}","templated":true}]}}